{"id":1223,"date":"2022-06-17T09:49:55","date_gmt":"2022-06-17T09:49:55","guid":{"rendered":"https:\/\/the7.io\/g-business\/?page_id=1223"},"modified":"2023-05-21T20:03:46","modified_gmt":"2023-05-21T20:03:46","slug":"prensa","status":"publish","type":"page","link":"https:\/\/ayudasparatodos.com\/index.php\/ayudasparatodos\/prensa\/","title":{"rendered":"Prensa"},"content":{"rendered":"<section class=\"wpb-content-wrapper\"><p>[vc_row][vc_column css=\u00bb.vc_custom_1560777659697{padding-bottom: 50px !important;}\u00bb]<div id=\"ultimate-heading-526169e0db11f3956\" class=\"uvc-heading ult-adjust-bottom-margin ultimate-heading-526169e0db11f3956 uvc-9423 accent-subtitle-color\" data-hspacer=\"no_spacer\"  data-halign=\"left\" style=\"text-align:left\"><div class=\"uvc-heading-spacer no_spacer\" style=\"top\"><\/div><div class=\"uvc-main-heading ult-responsive\"  data-ultimate-target='.uvc-heading.ultimate-heading-526169e0db11f3956 h3'  data-responsive-json-new='{\"font-size\":\"desktop:30px;\",\"line-height\":\"desktop:40px;\"}' ><h3 style=\"font-weight:bold;margin-bottom:5px;\">Prensa<\/h3><\/div><div class=\"uvc-sub-heading ult-responsive\"  data-ultimate-target='.uvc-heading.ultimate-heading-526169e0db11f3956 .uvc-sub-heading '  data-responsive-json-new='{\"font-size\":\"desktop:20px;\",\"line-height\":\"desktop:30px;\"}'  style=\"font-weight:normal;margin-bottom:20px;\">Algunos art\u00edculos en revistas, peri\u00f3dicos y otras publicaciones que ayudan a demostrar nuestra experiencia<\/div><\/div>[vc_column_text]Te damos la bienvenida a este\u00a0<strong>espacio dirigido a presentar nuestra presencia en los medios de comunicaci\u00f3n<\/strong>. Aqu\u00ed podr\u00e1s encontrar las\u00a0<strong>noticias de actualidad<\/strong>\u00a0m\u00e1s relevantes de Ayudas para Todos y de la Fundaci\u00f3n Todos Podemos Ayudar. Queremos que sepas lo que hacemos y c\u00f3mo y cu\u00e1ndo lo llevamos a cabo.<\/p>\n<p>En esta secci\u00f3n ponemos tambi\u00e9n a tu disposici\u00f3n nuestros recursos gr\u00e1ficos. Y si necesitas ampliar informaci\u00f3n o hacer una consulta sobre alguna de las noticias, puedes ponerte en contacto con nuestros responsables de Sala de Prensa. Ellos te ayudar\u00e1n.<\/p>\n<p><strong>Mantente informado de nuestras actividades. Con\u00f3cenos.<\/strong>[\/vc_column_text][\/vc_column][\/vc_row][vc_row][vc_column css=\u00bb.vc_custom_1560778479070{padding-bottom: 50px !important;}\u00bb]<style type=\"text\/css\" data-type=\"the7_shortcodes-inline-css\">.shortcode-single-image-wrap.shortcode-single-image-43bf8aa7da1d3a89bbc8848ee332a0b3.enable-bg-rollover .rollover i,\n.shortcode-single-image-wrap.shortcode-single-image-43bf8aa7da1d3a89bbc8848ee332a0b3.enable-bg-rollover .rollover-video i {\n  background: -webkit-linear-gradient();\n  background: linear-gradient();\n}\n.shortcode-single-image-wrap.shortcode-single-image-43bf8aa7da1d3a89bbc8848ee332a0b3 .rollover-icon {\n  font-size: 32px;\n  color: #ffffff;\n  min-width: 44px;\n  min-height: 44px;\n  line-height: 44px;\n  border-radius: 100px;\n  border-style: solid;\n  border-width: 0px;\n}\n.dt-icon-bg-on.shortcode-single-image-wrap.shortcode-single-image-43bf8aa7da1d3a89bbc8848ee332a0b3 .rollover-icon {\n  background: rgba(255,255,255,0.3);\n  box-shadow: none;\n}\n<\/style><div class=\"shortcode-single-image-wrap shortcode-single-image-43bf8aa7da1d3a89bbc8848ee332a0b3 alignnone  enable-bg-rollover dt-icon-bg-off\" style=\"margin-top:0px; margin-bottom:0px; margin-left:0px; margin-right:0px; width:1600px;\"><div class=\"shortcode-single-image\"><div class=\"fancy-media-wrap  layzr-bg\" style=\"\"><img decoding=\"async\" class=\"preload-me lazy-load\" src=\"data:image\/svg+xml,%3Csvg%20xmlns%3D&#39;http%3A%2F%2Fwww.w3.org%2F2000%2Fsvg&#39;%20viewBox%3D&#39;0%200%201325%20662&#39;%2F%3E\" data-src=\"https:\/\/ayudasparatodos.com\/wp-content\/uploads\/2023\/05\/youtuber-discapacidad-1325x662.png\" data-srcset=\"https:\/\/ayudasparatodos.com\/wp-content\/uploads\/2023\/05\/youtuber-discapacidad-1325x662.png 1325w\" width=\"1325\" height=\"662\"  data-dt-location=\"https:\/\/ayudasparatodos.com\/index.php\/ayudasparatodos\/prensa\/youtuber-discapacidad\/\" style=\"\" alt=\"articulo peri\u00f3dico el tiempo felipe betancur conoce al youtuber colombiano que ayuda a las personas con discapacidad\" \/><\/div><\/div><\/div>[\/vc_column][\/vc_row][vc_row][vc_column css=\u00bb.vc_custom_1560778504731{padding-bottom: 30px !important;}\u00bb][vc_column_text css=\u00bb.vc_custom_1684699424473{padding-bottom: 30px !important;}\u00bb]Titanes Caracol <a href=\"https:\/\/www.youtube.com\/watch?v=GTFz18vIiJ4&amp;t=28s%20\">https:\/\/www.youtube.com\/watch?v=GTFz18vIiJ4&amp;t=28s<\/a><\/p>\n<p>Noticias caracol: <a href=\"https:\/\/www.youtube.com\/watch?v=jmpReTHCvFM\">https:\/\/www.youtube.com\/watch?v=jmpReTHCvFM<\/a><\/p>\n<p>Felipe Betancur Fundaci\u00f3n Todos Podemos Ayudar <a href=\"https:\/\/www.youtube.com\/watch?v=FOX3eqG_JsQ%20\">https:\/\/www.youtube.com\/watch?v=FOX3eqG_JsQ<\/a><\/p>\n<p>Cualidades de Nuestros Emprendedores, Todos Podemos Ayudar &#8211; Investigaci\u00f3n <a href=\"https:\/\/www.youtube.com\/watch?v=7p_8B8CnmeQ&amp;t=24s%20\">https:\/\/www.youtube.com\/watch?v=7p_8B8CnmeQ&amp;t=24s<\/a><\/p>\n<p>Compartimos este v\u00eddeo: <a href=\"https:\/\/www.youtube.com\/watch?v=ETy_N7XpJdk&amp;feature=youtu.be\">https:\/\/www.youtube.com\/watch?v=ETy_N7XpJdk&amp;feature=youtu.be<\/a> el cual resume el trabajo que realizamos desde la Fundaci\u00f3n Todos Podemos Ayudar<\/p>\n<p><iframe loading=\"lazy\" title=\"Felipe Betancur\" width=\"1200\" height=\"675\" src=\"https:\/\/www.youtube.com\/embed\/GTFz18vIiJ4?start=28&#038;feature=oembed\" frameborder=\"0\" allow=\"accelerometer; autoplay; clipboard-write; encrypted-media; gyroscope; picture-in-picture; web-share\" allowfullscreen><\/iframe><\/p>\n<p>Listado de tutoriales para elaborar ayudas t\u00e9cnicas de bajo costo <a href=\"https:\/\/youtube.com\/playlist?list=PLI7rDimYXOdhFH55NBBUUT4_nFKL4C-9T\">https:\/\/youtube.com\/playlist?list=PLI7rDimYXOdhFH55NBBUUT4_nFKL4C-9T<\/a><\/p>\n<p>Ganador MIT technology review <a href=\"https:\/\/www.innovatorsunder35.com\/the-list\/felipe-betancur-posada\/\">https:\/\/www.innovatorsunder35.com\/the-list\/felipe-betancur-posada\/<\/a><\/p>\n<p>Ceremonia premiaci\u00f3n Fundaci\u00f3n Saldarriaga Concha a l\u00edderes que aportan a la inclusi\u00f3n <a href=\"https:\/\/youtu.be\/CLxNhHKXlV8\">https:\/\/youtu.be\/CLxNhHKXlV8<\/a><\/p>\n<p>Noticias caracol Fundaci\u00f3n Todos Podemos Ayudar convierte los desechos electr\u00f3nicos en una soluci\u00f3n \u00fatil <a href=\"https:\/\/www.youtube.com\/watch?v=w_e_ictBJLg\">https:\/\/www.youtube.com\/watch?v=w_e_ictBJLg<\/a><\/p>\n<p>TEDxUdelRosario |\u00a0 Ayudas reales para necesidades reales | Felipe Betancur <a href=\"https:\/\/www.youtube.com\/watch?v=FkfLTqilQK4\">https:\/\/www.youtube.com\/watch?v=FkfLTqilQK4<\/a><\/p>\n<p>TEDxIUEsumer |Adem\u00e1s de la discapacidad | Felipe Betancur <a href=\"https:\/\/www.youtube.com\/watch?v=W7UqGBj0kWQ\">https:\/\/www.youtube.com\/watch?v=W7UqGBj0kWQ<\/a><\/p>\n<p>Felipe Betancur Posada, el j\u00e1quer de la accesibilidad digital <a href=\"https:\/\/www.anesma.com\/el-hacker-de-la-accesibilidad-digital\/\">https:\/\/www.anesma.com\/el-hacker-de-la-accesibilidad-digital\/<\/a><\/p>\n<p>Titanes Caracol &#8211; Felipe Betancur <a href=\"https:\/\/www.youtube.com\/watch?v=GTFz18vIiJ4&amp;t=28s\">https:\/\/www.youtube.com\/watch?v=GTFz18vIiJ4&amp;t=28s<\/a><\/p>\n<p>Ruta de la Ciencia: Felipe Betancur <a href=\"https:\/\/divulgacion.minciencias.gov.co\/felipe-bentacur\">https:\/\/divulgacion.minciencias.gov.co\/felipe-bentacur<\/a><\/p>\n<p>&nbsp;<\/p>\n<p>Periodico Vivir en el Poblado &#8211; Ingenio que incluye, imparable en Todos podemos ayudar <a href=\"https:\/\/vivirenelpoblado.com\/fundacion-todos-podemos-ayudar-nacida-en-el-poblado\/\">https:\/\/vivirenelpoblado.com\/fundacion-todos-podemos-ayudar-nacida-en-el-poblado\/<\/a><\/p>\n<p>Este proyecto de Medell\u00edn crea juguetes para visibilizar las discapacidades <a href=\"https:\/\/www.vice.com\/es\/article\/xwj3p4\/este-proyecto-de-medellin-crea-juguetes-para-visibilizar-las-discapacidades-fisicas\">https:\/\/www.vice.com\/es\/article\/xwj3p4\/este-proyecto-de-medellin-crea-juguetes-para-visibilizar-las-discapacidades-fisicas<\/a><\/p>\n<p>Con poco dinero y mucho ingenio este paisa rompe barreras <a href=\"https:\/\/www.elcolombiano.com\/tecnologia\/ciencia\/con-poco-dinero-y-mucho-ingenio-este-paisa-rompe-barreras-HM6835988\">https:\/\/www.elcolombiano.com\/tecnologia\/ciencia\/con-poco-dinero-y-mucho-ingenio-este-paisa-rompe-barreras-HM6835988<\/a><\/p>\n<p>Presentaci\u00f3n Ayudas para TODOS: Inclusi\u00f3n, formaci\u00f3n e Innovaci\u00f3n Fundaci\u00f3n Todos Podemos Ayudar <a href=\"https:\/\/youtu.be\/EgYkh1eb014\">https:\/\/youtu.be\/EgYkh1eb014<\/a><\/p>\n<p>Felipe Betancur, Emprendedor e Innovador Social <a href=\"https:\/\/www.youtube.com\/watch?v=O4WyEaUaRy8\">https:\/\/www.youtube.com\/watch?v=O4WyEaUaRy8<\/a><\/p>\n<p>Conozca al &#8216;youtuber&#8217; colombiano que ayuda a personas con discapacidad <a href=\"https:\/\/www.eltiempo.com\/archivo\/documento\/CMS-16801686\">https:\/\/www.eltiempo.com\/archivo\/documento\/CMS-16801686<\/a><\/p>\n<p>Presentaci\u00f3n App \u00abAyudas para TODOS\u00bb Miles de recursos, accesibilidad,inclusi\u00f3n y apoyo discapacidad\u00a0 <a href=\"https:\/\/youtu.be\/Yu8DvnGGX5I\">https:\/\/youtu.be\/Yu8DvnGGX5I<\/a><\/p>\n<p>Noticias RCN Innovaci\u00f3n inventos ayudas bajo costo discapacidad <a href=\"https:\/\/youtu.be\/3uJUcuQX9Nc\">https:\/\/youtu.be\/3uJUcuQX9Nc<\/a><\/p>\n<p>Importancia de la tecnolog\u00eda asistiva discapacidad visual, gran invitado Manolo.net <a href=\"https:\/\/youtu.be\/ebamqC6ULww\">https:\/\/youtu.be\/ebamqC6ULww<\/a><\/p>\n<p>Inclusi\u00f3n de personas con discapacidad utilizando Arduino + Impresi\u00f3n 3D\u00bb\ud83e\uddbe\ud83e\udd16\ud83c\udf89 <a href=\"https:\/\/youtube.com\/shorts\/f6W8kS7n2nU\">https:\/\/youtube.com\/shorts\/f6W8kS7n2nU<\/a><\/p>\n<p>Felipe Betancur, un inventor colombiano con visi\u00f3n inclusiva <a href=\"https:\/\/bogota.gov.co\/mi-ciudad\/personas-con-discapacidad-ayudas-para-accesibilidad\">https:\/\/bogota.gov.co\/mi-ciudad\/personas-con-discapacidad-ayudas-para-accesibilidad<\/a><\/p>\n<p>Felipe Betancur, el inventor que ayuda a personas con discapacidad <a href=\"https:\/\/www.radionacional.co\/cultura\/felipe-betancur-el-inventor-que-ayuda-personas-con-discapacidad\">https:\/\/www.radionacional.co\/cultura\/felipe-betancur-el-inventor-que-ayuda-personas-con-discapacidad<\/a><\/p>\n<p>Curso de Accesibilidad Digital <a href=\"https:\/\/www.youtube.com\/playlist?list=PLI7rDimYXOdiBYfeOJjH0toSftxf8pO77\">https:\/\/www.youtube.com\/playlist?list=PLI7rDimYXOdiBYfeOJjH0toSftxf8pO77<\/a><\/p>\n<p>Revista Semana -Soluciones econ\u00f3micas para discapacitados <a href=\"https:\/\/especiales.semana.com\/especiales\/hecho-en-colombia\/soluciones-economicas-para-discapacitados.html\">https:\/\/especiales.semana.com\/especiales\/hecho-en-colombia\/soluciones-economicas-para-discapacitados.html<\/a><\/p>\n<p>GU\u00cdAS GERENTE 100 L\u00cdDERES DE LA SOCIEDAD 2017 <a href=\"https:\/\/gerente.com\/co\/guias\/felipe-betancur\/\">https:\/\/gerente.com\/co\/guias\/felipe-betancur\/<\/a><\/p>\n<p>EL INVENTOR DE LAS COSAS SENCILLAS <a href=\"https:\/\/www.reconcolombia.org\/el-inventor-de-las-cosas-sencillas\/\">https:\/\/www.reconcolombia.org\/el-inventor-de-las-cosas-sencillas\/<\/a><\/p>\n<p>Aqu\u00ed te comparto un v\u00eddeo que presenta lo que trabajamos en la Fundaci\u00f3n Todos Podemos Ayudar desde el proyecto Ayuda para TODOS <a href=\"https:\/\/youtu.be\/EgYkh1eb014\">https:\/\/youtu.be\/EgYkh1eb014<\/a><\/p>\n<p>Mujer con mano amputada vuelve a escribir usando Ayuda T\u00e9cnica de Bajo Costo <a href=\"https:\/\/www.youtube.com\/watch?v=epA6Of9lZCE\">https:\/\/www.youtube.com\/watch?v=epA6Of9lZCE<\/a><\/p>\n<p>Cursos lengua de se\u00f1as <a href=\"https:\/\/www.youtube.com\/watch?v=EOcVvy1mcYI&amp;t=181s\">https:\/\/www.youtube.com\/watch?v=EOcVvy1mcYI&amp;t=181s<\/a><\/p>\n<p>Fundaci\u00f3n Todos Podemos Ayudar convierte los desechos electr\u00f3nicos en una soluci\u00f3n \u00fatil <a href=\"https:\/\/www.youtube.com\/watch?v=w_e_ictBJLg\">https:\/\/www.youtube.com\/watch?v=w_e_ictBJLg<\/a><\/p>\n<p>Innovando para la inclusi\u00f3n \u2013 Fundaci\u00f3n Todos Podemos Ayudar #TOP Colciencias <a href=\"https:\/\/www.youtube.com\/watch?v=w_e_ictBJLg\">https:\/\/www.youtube.com\/watch?v=w_e_ictBJLg<\/a><\/p>\n<p><iframe loading=\"lazy\" title=\"Fundaci\u00f3n Todos Podemos Ayudar convierte los desechos electr\u00f3nicos en una soluci\u00f3n \u00fatil\" width=\"1200\" height=\"675\" src=\"https:\/\/www.youtube.com\/embed\/w_e_ictBJLg?feature=oembed\" frameborder=\"0\" allow=\"accelerometer; autoplay; clipboard-write; encrypted-media; gyroscope; picture-in-picture; web-share\" allowfullscreen><\/iframe><\/p>\n<p>Felipe Betancur, Emprendedor e Innovador Social <a href=\"https:\/\/www.youtube.com\/watch?v=O4WyEaUaRy8\">https:\/\/www.youtube.com\/watch?v=O4WyEaUaRy8<\/a><\/p>\n<p>Adem\u00e1s de la discapacidad | Felipe Betancur | TEDxIUEsumer <a href=\"https:\/\/www.youtube.com\/watch?v=W7UqGBj0kWQ\">https:\/\/www.youtube.com\/watch?v=W7UqGBj0kWQ<\/a><\/p>\n<p>Developing low cost devices made with household utensils and based on open source software for the disabled <a href=\"https:\/\/www.innovatorsunder35.com\/the-list\/felipe-betancur-posada\/\">https:\/\/www.innovatorsunder35.com\/the-list\/felipe-betancur-posada\/<\/a><\/p>\n<p>Felipe Betancur, el youtuber colombiano que ayuda a los discapacitados <a href=\"https:\/\/www.bluradio.com\/tecnologia\/felipe-betancur-el-youtuber-colombiano-que-ayuda-a-los-discapacitados\">https:\/\/www.bluradio.com\/tecnologia\/felipe-betancur-el-youtuber-colombiano-que-ayuda-a-los-discapacitados<\/a><\/p>\n<p>Felipe Betancur Posada, el j\u00e1quer de la accesibilidad digital<\/p>\n<p><a href=\"https:\/\/www.anesma.com\/el-hacker-de-la-accesibilidad-digital\/\">https:\/\/www.anesma.com\/el-hacker-de-la-accesibilidad-digital\/<\/a><\/p>\n<p>Felipe Betancur Conferencista y\u00a0 Tallerista Internacional <a href=\"https:\/\/www.smartspeakersweb.com\/emprendimiento-y-pymes\/felipe-betancur-posada\">https:\/\/www.smartspeakersweb.com\/emprendimiento-y-pymes\/felipe-betancur-posada<\/a><\/p>\n<p><a href=\"https:\/\/www.semana.com\/sostenible\/impacto\/articulo\/premio-innovacion-2021-quienes-son-los-finalistas-en-la-categoria-entidades-sin-animo-de-lucro\/202218\/\">https:\/\/www.semana.com\/sostenible\/impacto\/articulo\/premio-innovacion-2021-quienes-son-los-finalistas-en-la-categoria-entidades-sin-animo-de-lucro\/202218\/<\/a><\/p>\n<p><a href=\"https:\/\/www.semana.com\/sostenible\/impacto\/articulo\/premio-innovacion-2021-quienes-son-los-finalistas-en-la-categoria-entidades-sin-animo-de-lucro\/202218\/\">https:\/\/www.semana.com\/sostenible\/impacto\/articulo\/premio-innovacion-2021-quienes-son-los-finalistas-en-la-categoria-entidades-sin-animo-de-lucro\/202218\/<\/a><\/p>\n<p><a href=\"https:\/\/portal.educoas.org\/es\/redes\/educasteam\/mapas\/1879\/accesibilidad-digital-tecnolog-para-todos\">https:\/\/portal.educoas.org\/es\/redes\/educasteam\/mapas\/1879\/accesibilidad-digital-tecnolog-para-todos<\/a><\/p>\n<p><img decoding=\"async\" class=\"alignnone wp-image-51402 size-full\" src=\"https:\/\/ayudasparatodos.com\/wp-content\/uploads\/2023\/05\/Screenshot_63.png\" alt=\"\" width=\"828\" height=\"468\" srcset=\"https:\/\/ayudasparatodos.com\/wp-content\/uploads\/2023\/05\/Screenshot_63.png 828w, https:\/\/ayudasparatodos.com\/wp-content\/uploads\/2023\/05\/Screenshot_63-600x339.png 600w, https:\/\/ayudasparatodos.com\/wp-content\/uploads\/2023\/05\/Screenshot_63-300x170.png 300w, https:\/\/ayudasparatodos.com\/wp-content\/uploads\/2023\/05\/Screenshot_63-768x434.png 768w\" sizes=\"(max-width: 828px) 100vw, 828px\" \/><\/p>\n<p><a href=\"https:\/\/www.uao.edu.co\/sinapsis-uao\/experiencias-de-educacion-con-enfoque-steammaker-de-colombia-fueron-compartidas-en-la-uao\/\">https:\/\/www.uao.edu.co\/sinapsis-uao\/experiencias-de-educacion-con-enfoque-steammaker-de-colombia-fueron-compartidas-en-la-uao\/<\/a><\/p>\n<p><a href=\"https:\/\/especiales.semana.com\/especiales\/hecho-en-colombia\/soluciones-economicas-para-discapacitados.html\">https:\/\/especiales.semana.com\/especiales\/hecho-en-colombia\/soluciones-economicas-para-discapacitados.html<\/a><\/p>\n<p><a href=\"https:\/\/www.saldarriagaconcha.org\/reconocimiento-a-la-inclusion-saldarriaga-concha\/\">https:\/\/www.saldarriagaconcha.org\/reconocimiento-a-la-inclusion-saldarriaga-concha\/<\/a><\/p>\n<p><a href=\"https:\/\/canaltrece.com.co\/noticias\/soluciones-personas-discapacidad-colombia-propuestas\/\">https:\/\/canaltrece.com.co\/noticias\/soluciones-personas-discapacidad-colombia-propuestas\/<\/a><\/p>\n<p><a href=\"https:\/\/fundacionvirtualeduca.org\/colombia\/accesibilidad-digital-para-todos\">https:\/\/fundacionvirtualeduca.org\/colombia\/accesibilidad-digital-para-todos<\/a><\/p>\n<p><img decoding=\"async\" class=\"alignnone wp-image-51401 size-full\" src=\"https:\/\/ayudasparatodos.com\/wp-content\/uploads\/2023\/05\/Screenshot_69.png\" alt=\"\" width=\"822\" height=\"607\" srcset=\"https:\/\/ayudasparatodos.com\/wp-content\/uploads\/2023\/05\/Screenshot_69.png 822w, https:\/\/ayudasparatodos.com\/wp-content\/uploads\/2023\/05\/Screenshot_69-600x443.png 600w, https:\/\/ayudasparatodos.com\/wp-content\/uploads\/2023\/05\/Screenshot_69-300x222.png 300w, https:\/\/ayudasparatodos.com\/wp-content\/uploads\/2023\/05\/Screenshot_69-768x567.png 768w\" sizes=\"(max-width: 822px) 100vw, 822px\" \/><\/p>\n<p><a href=\"https:\/\/virtualeduca.org\/mediacenter\/mision-de-innovacion-educativa-colombia-2019-la-educacion-nos-une\/\">https:\/\/virtualeduca.org\/mediacenter\/mision-de-innovacion-educativa-colombia-2019-la-educacion-nos-une\/<\/a><\/p>\n<p><a href=\"https:\/\/www.rcnradio.com\/recomendado-del-editor\/inventos-domesticos-para-afrontar-la-discapacidad\">https:\/\/www.rcnradio.com\/recomendado-del-editor\/inventos-domesticos-para-afrontar-la-discapacidad<\/a><\/p>\n<p><a href=\"https:\/\/www.vice.com\/es\/article\/xwj3p4\/este-proyecto-de-medellin-crea-juguetes-para-visibilizar-las-discapacidades-fisicas\">https:\/\/www.vice.com\/es\/article\/xwj3p4\/este-proyecto-de-medellin-crea-juguetes-para-visibilizar-las-discapacidades-fisicas<\/a><\/p>\n<p><a href=\"https:\/\/www.montessori.edu.co\/medellin\/index.php\/es\/egresados\/egresados-destacados\">https:\/\/www.montessori.edu.co\/medellin\/index.php\/es\/egresados\/egresados-destacados<\/a><\/p>\n<p><a href=\"https:\/\/co.pinterest.com\/ayudasparatodos\/diy-low-cost-ict-ayudas-tecnicas-bajo-costo\/\">https:\/\/co.pinterest.com\/ayudasparatodos\/diy-low-cost-ict-ayudas-tecnicas-bajo-costo\/<\/a><\/p>\n<p><a href=\"https:\/\/www.bluradio.com\/tecnologia\/felipe-betancur-el-youtuber-colombiano-que-ayuda-a-los-discapacitados\">https:\/\/www.bluradio.com\/tecnologia\/felipe-betancur-el-youtuber-colombiano-que-ayuda-a-los-discapacitados<\/a><\/p>\n<p><a href=\"https:\/\/www.innovaspain.com\/felipe-betancur-fundacion-todos-podemos-ayudar-under35-colombia\/\">https:\/\/www.innovaspain.com\/felipe-betancur-fundacion-todos-podemos-ayudar-under35-colombia\/<\/a><\/p>\n<p><a href=\"https:\/\/www.ucp.edu.co\/grupo-de-investigacion-gad-se-reune-con-la-fundacion-todos-podemos-ayudar\/\">https:\/\/www.ucp.edu.co\/grupo-de-investigacion-gad-se-reune-con-la-fundacion-todos-podemos-ayudar\/<\/a><\/p>\n<p><a href=\"https:\/\/vivirenelpoblado.com\/fundacion-todos-podemos-ayudar-nacida-en-el-poblado\/\">https:\/\/vivirenelpoblado.com\/fundacion-todos-podemos-ayudar-nacida-en-el-poblado\/<\/a><\/p>\n<p><a href=\"https:\/\/www.tecnoaccesible.net\/directorio\/fundaci%C3%B3n-todos-podemos-ayudar\">https:\/\/www.tecnoaccesible.net\/directorio\/fundaci%C3%B3n-todos-podemos-ayudar<\/a><\/p>\n<p><a href=\"https:\/\/www.reconcolombia.org\/el-hombre-que-inventa-juguetes-con-discapacidad\/\">https:\/\/www.reconcolombia.org\/el-hombre-que-inventa-juguetes-con-discapacidad\/<\/a><\/p>\n<p><a href=\"https:\/\/encuentromundialbigdata.com\/2019\/en\/speakers\/\">https:\/\/encuentromundialbigdata.com\/2019\/en\/speakers\/<\/a><\/p>\n<p><a href=\"https:\/\/www.aidua.net\/miembros-aidua\">https:\/\/www.aidua.net\/miembros-aidua<\/a><\/p>\n<p><a href=\"https:\/\/www.congresootromundo.com\/red-genesis\/\">https:\/\/www.congresootromundo.com\/red-genesis\/<\/a><\/p>\n<p><a href=\"https:\/\/www.montessori.edu.co\/medellin\/index.php\/es\/ver-mas-noticias\/item\/157-galardon-egresado-destacado\">https:\/\/www.montessori.edu.co\/medellin\/index.php\/es\/ver-mas-noticias\/item\/157-galardon-egresado-destacado<\/a><\/p>\n<p><img decoding=\"async\" class=\"alignnone wp-image-51400 size-full\" src=\"https:\/\/ayudasparatodos.com\/wp-content\/uploads\/2023\/05\/Screenshot_71.png\" alt=\"\" width=\"763\" height=\"627\" srcset=\"https:\/\/ayudasparatodos.com\/wp-content\/uploads\/2023\/05\/Screenshot_71.png 763w, https:\/\/ayudasparatodos.com\/wp-content\/uploads\/2023\/05\/Screenshot_71-600x493.png 600w, https:\/\/ayudasparatodos.com\/wp-content\/uploads\/2023\/05\/Screenshot_71-300x247.png 300w\" sizes=\"(max-width: 763px) 100vw, 763px\" \/>[\/vc_column_text][\/vc_column][\/vc_row][vc_row][vc_column][vc_column_text]<strong><a href=\"https:\/\/ayudasparatodos.com\/index.php\/contact\/\">Contactanos<\/a>\u00a0 Si te interesa cotizar nuestros servicios, o tienes alguna duda<\/strong>[\/vc_column_text][\/vc_column][\/vc_row]<\/p>\n<\/section>","protected":false},"excerpt":{"rendered":"<p>[vc_row][vc_column css=\u00bb.vc_custom_1560777659697{padding-bottom: 50px !important;}\u00bb][vc_column_text]Te damos la bienvenida a este\u00a0espacio dirigido a presentar nuestra presencia en los medios de comunicaci\u00f3n. Aqu\u00ed podr\u00e1s encontrar las\u00a0noticias de actualidad\u00a0m\u00e1s relevantes de Ayudas para Todos y de la Fundaci\u00f3n Todos Podemos Ayudar. Queremos que sepas lo que hacemos y c\u00f3mo y cu\u00e1ndo lo llevamos a cabo. En esta secci\u00f3n ponemos&hellip;<\/p>\n","protected":false},"author":1,"featured_media":0,"parent":2145,"menu_order":6,"comment_status":"closed","ping_status":"closed","template":"","meta":{"footnotes":""},"class_list":["post-1223","page","type-page","status-publish","hentry","description-off"],"_links":{"self":[{"href":"https:\/\/ayudasparatodos.com\/index.php\/wp-json\/wp\/v2\/pages\/1223"}],"collection":[{"href":"https:\/\/ayudasparatodos.com\/index.php\/wp-json\/wp\/v2\/pages"}],"about":[{"href":"https:\/\/ayudasparatodos.com\/index.php\/wp-json\/wp\/v2\/types\/page"}],"author":[{"embeddable":true,"href":"https:\/\/ayudasparatodos.com\/index.php\/wp-json\/wp\/v2\/users\/1"}],"replies":[{"embeddable":true,"href":"https:\/\/ayudasparatodos.com\/index.php\/wp-json\/wp\/v2\/comments?post=1223"}],"version-history":[{"count":8,"href":"https:\/\/ayudasparatodos.com\/index.php\/wp-json\/wp\/v2\/pages\/1223\/revisions"}],"predecessor-version":[{"id":51408,"href":"https:\/\/ayudasparatodos.com\/index.php\/wp-json\/wp\/v2\/pages\/1223\/revisions\/51408"}],"up":[{"embeddable":true,"href":"https:\/\/ayudasparatodos.com\/index.php\/wp-json\/wp\/v2\/pages\/2145"}],"wp:attachment":[{"href":"https:\/\/ayudasparatodos.com\/index.php\/wp-json\/wp\/v2\/media?parent=1223"}],"curies":[{"name":"wp","href":"https:\/\/api.w.org\/{rel}","templated":true}]}}