{"id":1233,"date":"2022-06-17T11:33:46","date_gmt":"2022-06-17T11:33:46","guid":{"rendered":"https:\/\/the7.io\/g-business\/?page_id=1233"},"modified":"2023-05-22T01:41:50","modified_gmt":"2023-05-22T01:41:50","slug":"clientesyaliados","status":"publish","type":"page","link":"https:\/\/ayudasparatodos.com\/index.php\/ayudasparatodos\/clientesyaliados\/","title":{"rendered":"Clientes &#8211; Aliados"},"content":{"rendered":"<section class=\"wpb-content-wrapper\"><p>[vc_row][vc_column css=\u00bb.vc_custom_1560777659697{padding-bottom: 50px !important;}\u00bb]<div id=\"ultimate-heading-651969db971e608e5\" class=\"uvc-heading ult-adjust-bottom-margin ultimate-heading-651969db971e608e5 uvc-3333 accent-subtitle-color\" data-hspacer=\"no_spacer\"  data-halign=\"left\" style=\"text-align:left\"><div class=\"uvc-heading-spacer no_spacer\" style=\"top\"><\/div><div class=\"uvc-main-heading ult-responsive\"  data-ultimate-target='.uvc-heading.ultimate-heading-651969db971e608e5 h3'  data-responsive-json-new='{\"font-size\":\"desktop:30px;\",\"line-height\":\"desktop:40px;\"}' ><h3 style=\"font-weight:bold;margin-bottom:5px;\">Clientes \u2013 Aliados<\/h3><\/div><div class=\"uvc-sub-heading ult-responsive\"  data-ultimate-target='.uvc-heading.ultimate-heading-651969db971e608e5 .uvc-sub-heading '  data-responsive-json-new='{\"font-size\":\"desktop:20px;\",\"line-height\":\"desktop:30px;\"}'  style=\"font-weight:normal;margin-bottom:20px;\">Espacio para agradecer a todas esas empresas e instituciones que han apoyado nuestro trabajo, ya sea desde un principio, tambi\u00e9n a los nuevos que han llegado, muy bienvenidos, al igual que los nuevos que quieran llegar.<\/div><\/div>[vc_column_text]Muy agradecidos con todas esas instituciones y personas que han cre\u00eddo en nuestro trabajo contrat\u00e1ndonos, que han confiado en tenernos como aliados al contratar nuestros servicios y productos para lograr sus objetivos en temas de accesibilidad, innovaci\u00f3n y emprendimiento.<\/p>\n<p>Ya son m\u00e1s de 15 a\u00f1os de trabajo, por lo cual aqu\u00ed resaltamos algunas de esas empresas y personas que han apoyado la labor de la fundaci\u00f3n todos Podemos Ayudar y del proyecto Ayudas para TODOS como empresa. \u00a1Gracias![\/vc_column_text][\/vc_column][\/vc_row][vc_row][vc_column css=\u00bb.vc_custom_1560778479070{padding-bottom: 50px !important;}\u00bb]<style type=\"text\/css\" data-type=\"the7_shortcodes-inline-css\">.shortcode-single-image-wrap.shortcode-single-image-ff6217ba49515b48dbb2060be2309a22.enable-bg-rollover .rollover i,\n.shortcode-single-image-wrap.shortcode-single-image-ff6217ba49515b48dbb2060be2309a22.enable-bg-rollover .rollover-video i {\n  background: -webkit-linear-gradient();\n  background: linear-gradient();\n}\n.shortcode-single-image-wrap.shortcode-single-image-ff6217ba49515b48dbb2060be2309a22 .rollover-icon {\n  font-size: 32px;\n  color: #ffffff;\n  min-width: 44px;\n  min-height: 44px;\n  line-height: 44px;\n  border-radius: 100px;\n  border-style: solid;\n  border-width: 0px;\n}\n.dt-icon-bg-on.shortcode-single-image-wrap.shortcode-single-image-ff6217ba49515b48dbb2060be2309a22 .rollover-icon {\n  background: rgba(255,255,255,0.3);\n  box-shadow: none;\n}\n<\/style><div class=\"shortcode-single-image-wrap shortcode-single-image-ff6217ba49515b48dbb2060be2309a22 alignnone  enable-bg-rollover dt-icon-bg-off\" style=\"margin-top:0px; margin-bottom:0px; margin-left:0px; margin-right:0px; width:1600px;\"><div class=\"shortcode-single-image\"><div class=\"fancy-media-wrap  layzr-bg\" style=\"\"><img decoding=\"async\" class=\"preload-me lazy-load\" src=\"data:image\/svg+xml,%3Csvg%20xmlns%3D&#39;http%3A%2F%2Fwww.w3.org%2F2000%2Fsvg&#39;%20viewBox%3D&#39;0%200%201600%20699&#39;%2F%3E\" data-src=\"https:\/\/ayudasparatodos.com\/wp-content\/uploads\/2023\/05\/clientesaliados.jpeg\" data-srcset=\"https:\/\/ayudasparatodos.com\/wp-content\/uploads\/2023\/05\/clientesaliados.jpeg 1600w\" width=\"1600\" height=\"699\"  data-dt-location=\"https:\/\/ayudasparatodos.com\/index.php\/ayudasparatodos\/clientesyaliados\/clientesaliados\/\" style=\"\" alt=\"lsita de personas y empresas que han apoyado el trabajo de todos podemos ayudar y de ayudas para todos\" \/><\/div><\/div><\/div><div id=\"ultimate-heading-227369db971e6171c\" class=\"uvc-heading ult-adjust-bottom-margin ultimate-heading-227369db971e6171c uvc-6681  uvc-heading-default-font-sizes\" data-hspacer=\"no_spacer\"  data-halign=\"center\" style=\"text-align:center\"><div class=\"uvc-heading-spacer no_spacer\" style=\"top\"><\/div><div class=\"uvc-main-heading ult-responsive\"  data-ultimate-target='.uvc-heading.ultimate-heading-227369db971e6171c h2'  data-responsive-json-new='{\"font-size\":\"\",\"line-height\":\"\"}' ><h2 style=\"--font-weight:theme;\">Testimonios<\/h2><\/div><\/div>[vc_column_text css=\u00bb.vc_custom_1684719539256{margin-bottom: 60px !important;border-left-width: 5px !important;padding-left: 20px !important;border-left-color: #93c248 !important;border-left-style: solid !important;}\u00bb]<\/p>\n<h5>Ayudas para todos contribuye enormemente en el pa\u00eds en transformar el concepto de discapacidad, reconociendo sus idiomas, su cultura, su identidad, diferentes sistemas de comunicaci\u00f3n de los diferentes tipos de discapacidad, e intentar comprender sus realidades y sus luchas, creando unas mejores realidades para el camino lleno de barreras que trata de romper el CEO Felipe con su empresa que fortalece la participaci\u00f3n de las personas con discapacidad en todos los contextos<\/h5>\n<p>Sof\u00eda Esxidero &#8211; Gerente Discapacidad Gobernaci\u00f3n de Antioquia[\/vc_column_text][vc_column_text css=\u00bb.vc_custom_1684719557869{margin-bottom: 60px !important;border-left-width: 5px !important;padding-left: 20px !important;border-left-color: #93c248 !important;border-left-style: solid !important;}\u00bb]<\/p>\n<h5>El trabajo que realiza Felipe Betancur a trav\u00e9s del proyecto \u201cAyudas para Todos\u201d cuenta con un alto componente de emprendimiento, innovaci\u00f3n y creatividad, es digno de aplaudir porque su objetivo principal es el bienestar de las personas que viven en situaci\u00f3n de discapacidad, tiene un valor social y cultural, nos demuestra que las ideas no tienen limites y que con esfuerzo y dedicaci\u00f3n podemos encontrar soluciones que impactan de manera positiva en la vida de las personas con discapacidad.<\/h5>\n<p>Jorge Morales Venutolo &#8211; Director de Equiparaci\u00f3n de Oportunidades &#8211; Ministerio de Cultura de Panam\u00e1[\/vc_column_text][vc_column_text css=\u00bb.vc_custom_1684719588230{margin-bottom: 60px !important;border-left-width: 5px !important;padding-left: 20px !important;border-left-color: #93c248 !important;border-left-style: solid !important;}\u00bb]<\/p>\n<h5>Desde Makers Colombia, hemos podido evidenciar la labor humanitaria de Ayudas para TODOS. Es una organizaci\u00f3n comprometida con mejorar la calidad de vida de miles de personas con situaci\u00f3n de discapacidad, a trav\u00e9s del dise\u00f1o soluciones de bajo costo. Felipe y su equipo, son verdaderos Makers que exploran, crean y democratizan las soluciones para ponerlas al servicio de la humanidad.<\/h5>\n<p>Ana Mu\u00f1oz &#8211; L\u00edder Makers Colombia[\/vc_column_text][vc_column_text css=\u00bb.vc_custom_1684719626453{margin-bottom: 60px !important;border-left-width: 5px !important;padding-left: 20px !important;border-left-color: #93c248 !important;border-left-style: solid !important;}\u00bb]<\/p>\n<h5>Es admirable el trabajo que ha realizado Felipe y la Fundaci\u00f3n, conozco su trayectoria hace mucho a\u00f1os y soy testigo del gran impacto que han tenido posibilitando accesibilidad en diferentes espacios, adem\u00e1s de la gran labor de visibilizar la importancia de la inclusi\u00f3n en los diferentes contextos de nuestro pa\u00eds. Iniciativas como estas son las que transforman el mundo con sus acciones.<\/h5>\n<p>Sandra Chica &#8211; CEO \u2013 Aulas Amigas[\/vc_column_text][\/vc_column][\/vc_row][vc_row][vc_column][vc_column_text][\/vc_column_text][\/vc_column][\/vc_row][vc_row][vc_column][vc_column_text]<strong><a href=\"https:\/\/ayudasparatodos.com\/index.php\/contact\/\">Contactanos<\/a>\u00a0 Si te interesa cotizar nuestros servicios, o tienes alguna duda<\/strong>[\/vc_column_text][\/vc_column][\/vc_row]<\/p>\n<\/section>","protected":false},"excerpt":{"rendered":"<p>[vc_row][vc_column css=\u00bb.vc_custom_1560777659697{padding-bottom: 50px !important;}\u00bb][vc_column_text]Muy agradecidos con todas esas instituciones y personas que han cre\u00eddo en nuestro trabajo contrat\u00e1ndonos, que han confiado en tenernos como aliados al contratar nuestros servicios y productos para lograr sus objetivos en temas de accesibilidad, innovaci\u00f3n y emprendimiento. Ya son m\u00e1s de 15 a\u00f1os de trabajo, por lo cual aqu\u00ed resaltamos&hellip;<\/p>\n","protected":false},"author":1,"featured_media":0,"parent":2145,"menu_order":5,"comment_status":"closed","ping_status":"closed","template":"","meta":{"footnotes":""},"class_list":["post-1233","page","type-page","status-publish","hentry","description-off"],"_links":{"self":[{"href":"https:\/\/ayudasparatodos.com\/index.php\/wp-json\/wp\/v2\/pages\/1233"}],"collection":[{"href":"https:\/\/ayudasparatodos.com\/index.php\/wp-json\/wp\/v2\/pages"}],"about":[{"href":"https:\/\/ayudasparatodos.com\/index.php\/wp-json\/wp\/v2\/types\/page"}],"author":[{"embeddable":true,"href":"https:\/\/ayudasparatodos.com\/index.php\/wp-json\/wp\/v2\/users\/1"}],"replies":[{"embeddable":true,"href":"https:\/\/ayudasparatodos.com\/index.php\/wp-json\/wp\/v2\/comments?post=1233"}],"version-history":[{"count":7,"href":"https:\/\/ayudasparatodos.com\/index.php\/wp-json\/wp\/v2\/pages\/1233\/revisions"}],"predecessor-version":[{"id":51480,"href":"https:\/\/ayudasparatodos.com\/index.php\/wp-json\/wp\/v2\/pages\/1233\/revisions\/51480"}],"up":[{"embeddable":true,"href":"https:\/\/ayudasparatodos.com\/index.php\/wp-json\/wp\/v2\/pages\/2145"}],"wp:attachment":[{"href":"https:\/\/ayudasparatodos.com\/index.php\/wp-json\/wp\/v2\/media?parent=1233"}],"curies":[{"name":"wp","href":"https:\/\/api.w.org\/{rel}","templated":true}]}}