{"id":2145,"date":"2022-06-17T20:45:33","date_gmt":"2022-06-17T20:45:33","guid":{"rendered":"https:\/\/ayudasparatodos.com\/?page_id=2145"},"modified":"2024-09-12T20:04:00","modified_gmt":"2024-09-12T20:04:00","slug":"ayudasparatodos","status":"publish","type":"page","link":"https:\/\/ayudasparatodos.com\/index.php\/ayudasparatodos\/","title":{"rendered":"Qui\u00e9nes somos"},"content":{"rendered":"<section class=\"wpb-content-wrapper\"><p>[vc_row][vc_column css=\u00bb.vc_custom_1560777659697{padding-bottom: 50px !important;}\u00bb]<div id=\"ultimate-heading-782069db971f85f1e\" class=\"uvc-heading ult-adjust-bottom-margin ultimate-heading-782069db971f85f1e uvc-2566 accent-subtitle-color\" data-hspacer=\"no_spacer\"  data-halign=\"left\" style=\"text-align:left\"><div class=\"uvc-heading-spacer no_spacer\" style=\"top\"><\/div><div class=\"uvc-main-heading ult-responsive\"  data-ultimate-target='.uvc-heading.ultimate-heading-782069db971f85f1e h3'  data-responsive-json-new='{\"font-size\":\"desktop:30px;\",\"line-height\":\"desktop:40px;\"}' ><h3 style=\"font-weight:bold;margin-bottom:5px;\">Qui\u00e9nes somos \u2013 Ayudas para TODOS<\/h3><\/div><div class=\"uvc-sub-heading ult-responsive\"  data-ultimate-target='.uvc-heading.ultimate-heading-782069db971f85f1e .uvc-sub-heading '  data-responsive-json-new='{\"font-size\":\"desktop:20px;\",\"line-height\":\"desktop:30px;\"}'  style=\"font-weight:normal;margin-bottom:20px;\">Apasionados por la Accesibilidad, la Innovaci\u00f3n y la Tecnolog\u00eda.<\/div><\/div>[vc_column_text]<strong>Misi\u00f3n:<\/strong> Desarrollar estrategias y productos para apoyar de la forma m\u00e1s simple, econ\u00f3mica y \u00a0efectiva, procesos de inclusi\u00f3n de personas con discapacidad en la sociedad y adultos mayores.<\/p>\n<p><strong>\u00bfQu\u00e9 nos motiva?<\/strong> Aproximadamente un 15% de la poblaci\u00f3n mundial sufre de alg\u00fan tipo de discapacidad. En todo el mundo, las personas viven m\u00e1s tiempo que antes. En 2030, una de cada seis personas en el mundo tendr\u00e1 60 a\u00f1os o m\u00e1s (17%de la poblaci\u00f3n). Existen muchos productos especializados para ayudar a las personas con discapacidad y adultos mayores, pero el limitante es que en su mayor\u00eda son muy costosos y dif\u00edciles de conseguir. Por este motivo desde la Fundaci\u00f3n Todos Podemos Ayudar llevamos ya m\u00e1s de 15 a\u00f1os desarrollando procesos y productos como soluciones efectivas y de bajo costo para apoyar los procesos de inclusi\u00f3n de adultos mayores y de personas con discapacidad en la vida diaria.<\/p>\n<p><strong><img decoding=\"async\" class=\"wp-image-51189 alignleft\" src=\"https:\/\/ayudasparatodos.com\/wp-content\/uploads\/2019\/06\/Luz-Marina-Mediano-300x225.jpg\" alt=\"foto mujer amputada escribiendo\" width=\"500\" height=\"375\" srcset=\"https:\/\/ayudasparatodos.com\/wp-content\/uploads\/2019\/06\/Luz-Marina-Mediano-300x225.jpg 300w, https:\/\/ayudasparatodos.com\/wp-content\/uploads\/2019\/06\/Luz-Marina-Mediano-600x450.jpg 600w, https:\/\/ayudasparatodos.com\/wp-content\/uploads\/2019\/06\/Luz-Marina-Mediano-768x576.jpg 768w, https:\/\/ayudasparatodos.com\/wp-content\/uploads\/2019\/06\/Luz-Marina-Mediano.jpg 1024w\" sizes=\"(max-width: 500px) 100vw, 500px\" \/><\/strong><\/p>\n<p><strong>Ayudas gratuitas<\/strong>: En la secci\u00f3n de recursos gratuitos vas a poder encontrar cientos de tutoriales ense\u00f1ando a hacer ayudas de bajo costo, acceso a manuales y gu\u00edas especializadas gratuitas, listados de aplicaciones gratuitas recomendadas para personas con diferentes tipos de discapacidad, podr\u00e1s descargar de forma gratuita cientos de dise\u00f1os de productos de apoyo para imprimir en 3D, y muchos recursos m\u00e1s. \u00bfNecesitas asesor\u00eda? Si es para familias o personas con discapacidad y adultos mayores de forma directa, cont\u00e1ctanos y te asesoramos gratis.<\/p>\n<p><strong>Productos y servicios de pago:<\/strong> Desarrollar los inventos y el trabajo de investigaci\u00f3n constante tiene costos, de ah\u00ed es que nace \u201cAyudas para TODOS \u201ccomo proyecto de empresarismo social, vendemos nuestros servicios de conferencias, talleres consultor\u00eda y venta de productos especializados a empresas, instituciones educativas gobiernos y otras instituciones que necesiten apoyo con sus procesos de inclusi\u00f3n. A los clientes se les informa que, con su compra estar\u00e1n apoyando el sostenimiento de la labor social gratuita que realizamos mediante la Fundaci\u00f3n Todos Podemos Ayudar, mediante un porcentaje de las ganancias que se destina para eso.<\/p>\n<p>Somos una empresa en la cual nos gustan los retos, escuchas y comprender las necesidades reales de nuestros clientes, y con nuestro equipo generamos soluciones innovadoras, simples, efectivas, y f\u00e1ciles de implementar.<\/p>\n<ul>\n<li>15 a\u00f1os de experiencia. La gente nos conoce y valora nuestro trabajo que inicio desde la Fundaci\u00f3n Todos Podemos Ayudar y ahora se proyecta con visi\u00f3n empresarial desde Ayudas para TODOS.<\/li>\n<li>Somos el aliado ideal para acompa\u00f1arlos en proceso de inclusi\u00f3n e innovaci\u00f3n.<\/li>\n<li>Nada para nosotros sin nosotros (Incluimos a personas con discapacidad en nuestros procesos)<\/li>\n<li>Trabajamos soluciones a la medida seg\u00fan las necesidades y los requisitos puntuales de nuestros clientes.<\/li>\n<\/ul>\n<p>[\/vc_column_text][\/vc_column][\/vc_row][vc_row][vc_column css=\u00bb.vc_custom_1560778479070{padding-bottom: 50px !important;}\u00bb]<style type=\"text\/css\" data-type=\"the7_shortcodes-inline-css\">.shortcode-single-image-wrap.shortcode-single-image-8c6978acccabb323dd0e8c1081275822.enable-bg-rollover .rollover i,\n.shortcode-single-image-wrap.shortcode-single-image-8c6978acccabb323dd0e8c1081275822.enable-bg-rollover .rollover-video i {\n  background: -webkit-linear-gradient();\n  background: linear-gradient();\n}\n.shortcode-single-image-wrap.shortcode-single-image-8c6978acccabb323dd0e8c1081275822 .rollover-icon {\n  font-size: 32px;\n  color: #ffffff;\n  min-width: 44px;\n  min-height: 44px;\n  line-height: 44px;\n  border-radius: 100px;\n  border-style: solid;\n  border-width: 0px;\n}\n.dt-icon-bg-on.shortcode-single-image-wrap.shortcode-single-image-8c6978acccabb323dd0e8c1081275822 .rollover-icon {\n  background: rgba(255,255,255,0.3);\n  box-shadow: none;\n}\n<\/style><div class=\"shortcode-single-image-wrap shortcode-single-image-8c6978acccabb323dd0e8c1081275822 alignnone  enable-bg-rollover dt-icon-bg-off\" style=\"margin-top:0px; margin-bottom:0px; margin-left:0px; margin-right:0px; width:1600px;\"><div class=\"shortcode-single-image\"><div class=\"fancy-media-wrap  layzr-bg\" style=\"\"><img decoding=\"async\" class=\"preload-me lazy-load\" src=\"data:image\/svg+xml,%3Csvg%20xmlns%3D&#39;http%3A%2F%2Fwww.w3.org%2F2000%2Fsvg&#39;%20viewBox%3D&#39;0%200%201365%20682&#39;%2F%3E\" data-src=\"https:\/\/ayudasparatodos.com\/wp-content\/uploads\/2019\/06\/photo_4960750483614575396_y-Pequeno-Mediano-1365x682.jpg\" data-srcset=\"https:\/\/ayudasparatodos.com\/wp-content\/uploads\/2019\/06\/photo_4960750483614575396_y-Pequeno-Mediano-1365x682.jpg 1365w\" width=\"1365\" height=\"682\"  data-dt-location=\"https:\/\/ayudasparatodos.com\/index.php\/dt_gallery\/gallery\/photo_4960750483614575396_y-pequeno-mediano\/\" style=\"\" alt=\"ayudas para todos fundacion todos podemos ayudar\" \/><\/div><\/div><\/div>[\/vc_column][\/vc_row][vc_row][vc_column css=\u00bb.vc_custom_1560778504731{padding-bottom: 30px !important;}\u00bb][vc_row_inner equal_height=\u00bbyes\u00bb][vc_column_inner width=\u00bb1\/2&#8243;]<div class=\"aio-icon-component  vc_custom_1684357084004  accent-icon-color style_1\"><div id=\"Info-box-wrap-4774\" class=\"aio-icon-box default-icon\" style=\"\"  ><div class=\"aio-icon-default\"><div class=\"ult-just-icon-wrapper  \"><div class=\"align-icon\" style=\"text-align:center;\">\n<div class=\"aio-icon none \"  style=\"font-size:32px;display:inline-block;\">\n\t<i class=\"Defaults-trophy\"><\/i>\n<\/div><\/div><\/div><\/div><div class=\"aio-icon-header\" ><h3 class=\"aio-icon-title ult-responsive\"  data-ultimate-target='#Info-box-wrap-4774 .aio-icon-title'  data-responsive-json-new='{\"font-size\":\"desktop:20px;\",\"line-height\":\"desktop:30px;\"}'  style=\"font-family:&#039;Open Sans&#039;;font-weight:700;\">Innovaci\u00f3n<\/h3><\/div> <!-- header --><div class=\"aio-icon-description ult-responsive\"  data-ultimate-target='#Info-box-wrap-4774 .aio-icon-description'  data-responsive-json-new='{\"font-size\":\"\",\"line-height\":\"\"}'  style=\"\">Constantemente estamos desarrollando productos y proceso de formaci\u00f3n para inclusi\u00f3n de personas con discapacidad, innovaci\u00f3n educativa y motivaci\u00f3n de equipos en empresas.<\/div> <!-- description --><\/div> <!-- aio-icon-box --><\/div> <!-- aio-icon-component -->[\/vc_column_inner][vc_column_inner width=\u00bb1\/2&#8243;]<div class=\"aio-icon-component  vc_custom_1684357179526  accent-icon-color style_1\"><div id=\"Info-box-wrap-4268\" class=\"aio-icon-box default-icon\" style=\"\"  ><div class=\"aio-icon-default\"><div class=\"ult-just-icon-wrapper  \"><div class=\"align-icon\" style=\"text-align:center;\">\n<div class=\"aio-icon none \"  style=\"font-size:32px;display:inline-block;\">\n\t<i class=\"Defaults-group\"><\/i>\n<\/div><\/div><\/div><\/div><div class=\"aio-icon-header\" ><h3 class=\"aio-icon-title ult-responsive\"  data-ultimate-target='#Info-box-wrap-4268 .aio-icon-title'  data-responsive-json-new='{\"font-size\":\"desktop:20px;\",\"line-height\":\"desktop:30px;\"}'  style=\"font-family:&#039;Open Sans&#039;;font-weight:700;\">Inclusi\u00f3n<\/h3><\/div> <!-- header --><div class=\"aio-icon-description ult-responsive\"  data-ultimate-target='#Info-box-wrap-4268 .aio-icon-description'  data-responsive-json-new='{\"font-size\":\"\",\"line-height\":\"\"}'  style=\"\">Nos apasiona la inclusi\u00f3n verdadera, trabajar juntos en equipo para eliminar barreras y lograr un mundo m\u00e1s inclusivo.<\/div> <!-- description --><\/div> <!-- aio-icon-box --><\/div> <!-- aio-icon-component -->[\/vc_column_inner][vc_column_inner width=\u00bb1\/2&#8243;]<div class=\"aio-icon-component  vc_custom_1684357224463  accent-icon-color style_1\"><div id=\"Info-box-wrap-7646\" class=\"aio-icon-box default-icon\" style=\"\"  ><div class=\"aio-icon-default\"><div class=\"ult-just-icon-wrapper  \"><div class=\"align-icon\" style=\"text-align:center;\">\n<div class=\"aio-icon none \"  style=\"font-size:32px;display:inline-block;\">\n\t<i class=\"Defaults-clipboard\"><\/i>\n<\/div><\/div><\/div><\/div><div class=\"aio-icon-header\" ><h3 class=\"aio-icon-title ult-responsive\"  data-ultimate-target='#Info-box-wrap-7646 .aio-icon-title'  data-responsive-json-new='{\"font-size\":\"desktop:20px;\",\"line-height\":\"desktop:30px;\"}'  style=\"font-family:&#039;Open Sans&#039;;font-weight:700;\">Alianzas<\/h3><\/div> <!-- header --><div class=\"aio-icon-description ult-responsive\"  data-ultimate-target='#Info-box-wrap-7646 .aio-icon-description'  data-responsive-json-new='{\"font-size\":\"\",\"line-height\":\"\"}'  style=\"\">Pol\u00edtica de conocimiento abierto, cero ego\u00edsmos, compartir, trabajamos en red con otras instituciones y personas para lograr los objetivos.<\/div> <!-- description --><\/div> <!-- aio-icon-box --><\/div> <!-- aio-icon-component -->[\/vc_column_inner][vc_column_inner width=\u00bb1\/2&#8243;]<div class=\"aio-icon-component  vc_custom_1684357245960  accent-icon-color style_1\"><div id=\"Info-box-wrap-5217\" class=\"aio-icon-box default-icon\" style=\"\"  ><div class=\"aio-icon-default\"><div class=\"ult-just-icon-wrapper  \"><div class=\"align-icon\" style=\"text-align:center;\">\n<div class=\"aio-icon none \"  style=\"font-size:32px;display:inline-block;\">\n\t<i class=\"Defaults-cogs\"><\/i>\n<\/div><\/div><\/div><\/div><div class=\"aio-icon-header\" ><h3 class=\"aio-icon-title ult-responsive\"  data-ultimate-target='#Info-box-wrap-5217 .aio-icon-title'  data-responsive-json-new='{\"font-size\":\"desktop:20px;\",\"line-height\":\"desktop:30px;\"}'  style=\"font-family:&#039;Open Sans&#039;;font-weight:700;\">Resultados reales<\/h3><\/div> <!-- header --><div class=\"aio-icon-description ult-responsive\"  data-ultimate-target='#Info-box-wrap-5217 .aio-icon-description'  data-responsive-json-new='{\"font-size\":\"\",\"line-height\":\"\"}'  style=\"\">Nos apasiona ver resultados, no enfocarnos tanto en teor\u00eda, sino aplicarla y ser muy pr\u00e1cticos, trabajamos con un enfoque de lograr resultados de la forma m\u00e1s simple y efectiva.<\/div> <!-- description --><\/div> <!-- aio-icon-box --><\/div> <!-- aio-icon-component -->[\/vc_column_inner][\/vc_row_inner][\/vc_column][\/vc_row][vc_row][vc_column css=\u00bb.vc_custom_1560778512548{padding-bottom: 50px !important;}\u00bb]<style type=\"text\/css\" data-type=\"the7_shortcodes-inline-css\">.shortcode-single-image-wrap.shortcode-single-image-226e3b9248cbd142113446368c0c4d97.enable-bg-rollover .rollover i,\n.shortcode-single-image-wrap.shortcode-single-image-226e3b9248cbd142113446368c0c4d97.enable-bg-rollover .rollover-video i {\n  background: -webkit-linear-gradient();\n  background: linear-gradient();\n}\n.shortcode-single-image-wrap.shortcode-single-image-226e3b9248cbd142113446368c0c4d97 .rollover-icon {\n  font-size: 32px;\n  color: #ffffff;\n  min-width: 44px;\n  min-height: 44px;\n  line-height: 44px;\n  border-radius: 100px;\n  border-style: solid;\n  border-width: 0px;\n}\n.dt-icon-bg-on.shortcode-single-image-wrap.shortcode-single-image-226e3b9248cbd142113446368c0c4d97 .rollover-icon {\n  background: rgba(255,255,255,0.3);\n  box-shadow: none;\n}\n<\/style><div class=\"shortcode-single-image-wrap shortcode-single-image-226e3b9248cbd142113446368c0c4d97 alignnone  enable-bg-rollover dt-icon-bg-off\" style=\"margin-top:0px; margin-bottom:0px; margin-left:0px; margin-right:0px; width:1600px;\"><div class=\"shortcode-single-image\"><div class=\"fancy-media-wrap  layzr-bg\" style=\"\"><img decoding=\"async\" class=\"preload-me lazy-load\" src=\"data:image\/svg+xml,%3Csvg%20xmlns%3D&#39;http%3A%2F%2Fwww.w3.org%2F2000%2Fsvg&#39;%20viewBox%3D&#39;0%200%201365%20682&#39;%2F%3E\" data-src=\"https:\/\/ayudasparatodos.com\/wp-content\/uploads\/2019\/06\/Vigia-del-Fuerte5-Large-Mediano-1365x682.jpg\" data-srcset=\"https:\/\/ayudasparatodos.com\/wp-content\/uploads\/2019\/06\/Vigia-del-Fuerte5-Large-Mediano-1365x682.jpg 1365w\" width=\"1365\" height=\"682\"  data-dt-location=\"https:\/\/ayudasparatodos.com\/index.php\/dt_gallery\/gallery\/vigia-del-fuerte5-large-mediano\/\" style=\"\" alt=\"foto taller de formacion en vigia del fuerte con 120 personas\" \/><\/div><\/div><\/div>[\/vc_column][\/vc_row][vc_row css=\u00bb.vc_custom_1560778311219{margin-bottom: -20px !important;}\u00bb][vc_column]<div id=\"ultimate-heading-338069db971f931a6\" class=\"uvc-heading ult-adjust-bottom-margin ultimate-heading-338069db971f931a6 uvc-3842 accent-subtitle-color\" data-hspacer=\"no_spacer\"  data-halign=\"left\" style=\"text-align:left\"><div class=\"uvc-heading-spacer no_spacer\" style=\"top\"><\/div><div class=\"uvc-main-heading ult-responsive\"  data-ultimate-target='.uvc-heading.ultimate-heading-338069db971f931a6 h3'  data-responsive-json-new='{\"font-size\":\"desktop:30px;\",\"line-height\":\"desktop:40px;\"}' ><h3 style=\"font-weight:bold;margin-bottom:5px;\">Por qu\u00e9 trabajar con nosotros<\/h3><\/div><div class=\"uvc-sub-heading ult-responsive\"  data-ultimate-target='.uvc-heading.ultimate-heading-338069db971f931a6 .uvc-sub-heading '  data-responsive-json-new='{\"font-size\":\"desktop:20px;\",\"line-height\":\"desktop:30px;\"}'  style=\"font-weight:normal;margin-bottom:20px;\">Nos apasiona lo que hacemos! La gente nos conoce y valora nuestro trabajo<\/div><\/div>[vc_row_inner equal_height=\u00bbyes\u00bb][vc_column_inner width=\u00bb1\/2&#8243;]<div class=\"standard-arrow bullet-top\"><div id=\"ultimate-heading-465164653f9595db3\" class=\"uvc-heading ult-adjust-bottom-margin ultimate-heading-465164653f9595db3 uvc-8842 accent-subtitle-color\" data-hspacer=\"no_spacer\" data-halign=\"left\">\n<div class=\"uvc-main-heading ult-responsive\" data-ultimate-target=\".uvc-heading.ultimate-heading-465164653f9595db3 h4\" data-responsive-json-new=\"{&quot;font-size&quot;:&quot;desktop:30px;&quot;,&quot;line-height&quot;:&quot;desktop:40px;&quot;}\">\n<h4>15 a\u00f1os de experiencia. Nos apasiona lo que hacemos! La gente nos conoce y valora nuestro trabajo<\/h4>\n<\/div>\n<\/div>\n<div class=\"wpb_text_column wpb_content_element \">\n<div class=\"wpb_wrapper\">\n<p>A nivel nacional en Colombia y a nivel internacional, hemos dictado m\u00e1s de 800 talleres y conferencias, asesorado gran variedad de empresas, instituciones educativas, bibliotecas, y a muchas familias y centros de salud, que conf\u00edan en nosotros como sus aliados para la inclusi\u00f3n, con actividades, servicios y productos m\u00e1s inclusivos para TODOS.<\/p>\n<h4>Nuestro enfoque es practico. Escuchar y comprender los retos y necesidades que nos plantean<\/h4>\n<p>Sabemos lo intimidante que puede ser iniciar procesos inclusivos en cualquier \u00e1rea, miedos de que implementar los cambios necesarios sea muy costoso y complicado. Nosotros nos encargamos de facilitar el proceso de implementar \u00e9sos ajustes de forma pr\u00e1ctica, efectiva y lo m\u00e1s econ\u00f3mico posible.<\/p>\n<\/div>\n<\/div>\n<\/div>[\/vc_column_inner][vc_column_inner width=\u00bb1\/2&#8243;]<div class=\"standard-arrow bullet-top\"><h4>Nada para nosotros sin nosotros. Incluimos a personas con discapacidad en nuestros procesos<\/h4>\n<p>Cada proceso de desarrollo de nuevos productos o servicios, esta basado en la relaci\u00f3n directa con personas con discapacidad, cuidadores, docentes y otros expertos. Esto nos permite realmente comprender el reto, la dificultad que puede existir para ser inclusivos con una actividad y como podemos implementar soluciones efectivas a ese reto, que sean probadas por personas con discapacidad que validan el funcionamiento correcto de la soluci\u00f3n planteada, para poder replicarla despu\u00e9s con otras personas que tengan la misma dificultad.<\/p>\n<\/div>[\/vc_column_inner][\/vc_row_inner][\/vc_column][\/vc_row]<\/p>\n<\/section>","protected":false},"excerpt":{"rendered":"<p>[vc_row][vc_column css=\u00bb.vc_custom_1560777659697{padding-bottom: 50px !important;}\u00bb][vc_column_text]Misi\u00f3n: Desarrollar estrategias y productos para apoyar de la forma m\u00e1s simple, econ\u00f3mica y \u00a0efectiva, procesos de inclusi\u00f3n de personas con discapacidad en la sociedad y adultos mayores. \u00bfQu\u00e9 nos motiva? Aproximadamente un 15% de la poblaci\u00f3n mundial sufre de alg\u00fan tipo de discapacidad. En todo el mundo, las personas viven m\u00e1s&hellip;<\/p>\n","protected":false},"author":1,"featured_media":0,"parent":0,"menu_order":2,"comment_status":"closed","ping_status":"closed","template":"","meta":{"footnotes":""},"class_list":["post-2145","page","type-page","status-publish","hentry","description-off"],"_links":{"self":[{"href":"https:\/\/ayudasparatodos.com\/index.php\/wp-json\/wp\/v2\/pages\/2145"}],"collection":[{"href":"https:\/\/ayudasparatodos.com\/index.php\/wp-json\/wp\/v2\/pages"}],"about":[{"href":"https:\/\/ayudasparatodos.com\/index.php\/wp-json\/wp\/v2\/types\/page"}],"author":[{"embeddable":true,"href":"https:\/\/ayudasparatodos.com\/index.php\/wp-json\/wp\/v2\/users\/1"}],"replies":[{"embeddable":true,"href":"https:\/\/ayudasparatodos.com\/index.php\/wp-json\/wp\/v2\/comments?post=2145"}],"version-history":[{"count":8,"href":"https:\/\/ayudasparatodos.com\/index.php\/wp-json\/wp\/v2\/pages\/2145\/revisions"}],"predecessor-version":[{"id":53372,"href":"https:\/\/ayudasparatodos.com\/index.php\/wp-json\/wp\/v2\/pages\/2145\/revisions\/53372"}],"wp:attachment":[{"href":"https:\/\/ayudasparatodos.com\/index.php\/wp-json\/wp\/v2\/media?parent=2145"}],"curies":[{"name":"wp","href":"https:\/\/api.w.org\/{rel}","templated":true}]}}