{"id":256,"date":"2018-10-30T18:19:36","date_gmt":"2018-10-30T18:19:36","guid":{"rendered":"https:\/\/the7.io\/g-business\/?page_id=256"},"modified":"2018-10-30T18:19:36","modified_gmt":"2018-10-30T18:19:36","slug":"team","status":"publish","type":"page","link":"https:\/\/ayudasparatodos.com\/index.php\/about-us\/team\/","title":{"rendered":"Team"},"content":{"rendered":"<section class=\"wpb-content-wrapper\"><p>[vc_row css=\u00bb.vc_custom_1560794933055{padding-bottom: 60px !important;}\u00bb][vc_column]<div id=\"ultimate-heading-243369e1ddc358504\" class=\"uvc-heading ult-adjust-bottom-margin ultimate-heading-243369e1ddc358504 uvc-4867 accent-border-color uvc-heading-default-font-sizes\" data-hspacer=\"no_spacer\"  data-halign=\"center\" style=\"text-align:center\"><div class=\"uvc-heading-spacer no_spacer\" style=\"top\"><\/div><div class=\"uvc-main-heading ult-responsive\"  data-ultimate-target='.uvc-heading.ultimate-heading-243369e1ddc358504 h2'  data-responsive-json-new='{\"font-size\":\"\",\"line-height\":\"\"}' ><h2 style=\"--font-weight:theme;margin-bottom:50px;\">Founders<\/h2><\/div><\/div><style type=\"text\/css\" data-type=\"the7_shortcodes-inline-css\">.dt-team-shortcode.team-masonry-shortcode-id-e9f42cabe3ee19f68825571c51ab370b .team-desc {\n  padding: 0px 0px 0px 0px;\n}\n.dt-team-shortcode.team-masonry-shortcode-id-e9f42cabe3ee19f68825571c51ab370b .team-author-name,\n.dt-team-shortcode.team-masonry-shortcode-id-e9f42cabe3ee19f68825571c51ab370b .team-author-name a {\n  margin-bottom: 5px;\n  font-size: 34px;\n  line-height: 44px;\n  font-weight: bold;\n  text-transform: uppercase;\n}\n.dt-team-shortcode.team-masonry-shortcode-id-e9f42cabe3ee19f68825571c51ab370b .team-author p {\n  margin-bottom: 20px;\n  font-size: 20px;\n  line-height: 30px;\n  font-weight: bold;\n}\n.dt-team-shortcode.team-masonry-shortcode-id-e9f42cabe3ee19f68825571c51ab370b  .team-media {\n  padding: 0px 0px 25px 0px;\n}\n.dt-team-shortcode.team-masonry-shortcode-id-e9f42cabe3ee19f68825571c51ab370b  .team-media a,\n.dt-team-shortcode.team-masonry-shortcode-id-e9f42cabe3ee19f68825571c51ab370b  .team-media > span,\n.dt-team-shortcode.team-masonry-shortcode-id-e9f42cabe3ee19f68825571c51ab370b  .team-media img {\n  max-width: 300px;\n}\n.dt-team-shortcode.team-masonry-shortcode-id-e9f42cabe3ee19f68825571c51ab370b .dt-css-grid .team-media img {\n  width: 300px;\n  max-width: 100%;\n}\n.dt-team-shortcode.team-masonry-shortcode-id-e9f42cabe3ee19f68825571c51ab370b .team-content {\n  margin-bottom: 0px;\n}\n.dt-team-shortcode.team-masonry-shortcode-id-e9f42cabe3ee19f68825571c51ab370b  .team-media,\n.dt-team-shortcode.team-masonry-shortcode-id-e9f42cabe3ee19f68825571c51ab370b  .team-media a.rollover,\n.dt-team-shortcode.team-masonry-shortcode-id-e9f42cabe3ee19f68825571c51ab370b  .team-media a.rollover *,\n.dt-team-shortcode.team-masonry-shortcode-id-e9f42cabe3ee19f68825571c51ab370b  .team-media img {\n  border-radius: 0px;\n}\n.dt-team-shortcode.team-masonry-shortcode-id-e9f42cabe3ee19f68825571c51ab370b .soc-ico {\n  margin-bottom: 15px;\n}\n.dt-team-shortcode.team-masonry-shortcode-id-e9f42cabe3ee19f68825571c51ab370b .soc-ico a {\n  min-width: 26px;\n  min-height: 26px;\n  font-size: 16px;\n  border-radius: 100px;\n}\n.dt-team-shortcode.team-masonry-shortcode-id-e9f42cabe3ee19f68825571c51ab370b .soc-ico a:not(:last-child) {\n  margin-right: 4px;\n}\n.dt-team-shortcode.team-masonry-shortcode-id-e9f42cabe3ee19f68825571c51ab370b .soc-ico a:before,\n.dt-team-shortcode.team-masonry-shortcode-id-e9f42cabe3ee19f68825571c51ab370b .soc-ico a:after {\n  min-width: 26px;\n  min-height: 26px;\n  padding: inherit;\n}\n.dt-icon-border-on.dt-team-shortcode.team-masonry-shortcode-id-e9f42cabe3ee19f68825571c51ab370b .soc-ico a:before {\n  border: 0px solid transparent;\n}\n.dt-team-shortcode.team-masonry-shortcode-id-e9f42cabe3ee19f68825571c51ab370b .soc-ico a:hover {\n  font-size: 16px;\n}\n#page .dt-team-shortcode.team-masonry-shortcode-id-e9f42cabe3ee19f68825571c51ab370b .soc-ico a:hover .soc-font-icon {\n  color: rgba(255,255,255,0.75);\n  background: none;\n}\n.dt-icon-border-hover-on.dt-team-shortcode.team-masonry-shortcode-id-e9f42cabe3ee19f68825571c51ab370b .soc-ico a:after {\n  border: 0px solid transparent;\n}\n#page .dt-team-shortcode.team-masonry-shortcode-id-e9f42cabe3ee19f68825571c51ab370b .soc-ico a:not(:hover) .soc-font-icon {\n  color: #ffffff;\n  background: none;\n}\n.dt-team-shortcode.team-masonry-shortcode-id-e9f42cabe3ee19f68825571c51ab370b .soc-ico a .soc-font-icon {\n  font-size: 16px;\n}\n.dt-team-shortcode.team-masonry-shortcode-id-e9f42cabe3ee19f68825571c51ab370b .filter-bg-decoration .filter-categories a.act {\n  color: #fff;\n}\n.dt-team-shortcode.team-masonry-shortcode-id-e9f42cabe3ee19f68825571c51ab370b:not(.resize-by-browser-width) .dt-css-grid {\n  grid-row-gap: 50px;\n  grid-column-gap: 50px;\n  grid-template-columns: repeat(auto-fill,minmax(,1fr));\n}\n.cssgridlegacy.no-cssgrid .dt-team-shortcode.team-masonry-shortcode-id-e9f42cabe3ee19f68825571c51ab370b:not(.resize-by-browser-width) .dt-css-grid,\n.no-cssgridlegacy.no-cssgrid .dt-team-shortcode.team-masonry-shortcode-id-e9f42cabe3ee19f68825571c51ab370b:not(.resize-by-browser-width) .dt-css-grid {\n  display: flex;\n  flex-flow: row wrap;\n  margin: -25px;\n}\n.cssgridlegacy.no-cssgrid .dt-team-shortcode.team-masonry-shortcode-id-e9f42cabe3ee19f68825571c51ab370b:not(.resize-by-browser-width) .dt-css-grid .wf-cell,\n.no-cssgridlegacy.no-cssgrid .dt-team-shortcode.team-masonry-shortcode-id-e9f42cabe3ee19f68825571c51ab370b:not(.resize-by-browser-width) .dt-css-grid .wf-cell {\n  flex: 1 0 ;\n  max-width: 100%;\n  padding: 25px;\n  box-sizing: border-box;\n}\n.dt-team-shortcode.team-masonry-shortcode-id-e9f42cabe3ee19f68825571c51ab370b.resize-by-browser-width .dt-css-grid {\n  grid-template-columns: repeat(2,1fr);\n  grid-template-rows: auto;\n  grid-column-gap: 50px;\n  grid-row-gap: 50px;\n}\n.cssgridlegacy.no-cssgrid .dt-team-shortcode.team-masonry-shortcode-id-e9f42cabe3ee19f68825571c51ab370b.resize-by-browser-width .dt-css-grid,\n.no-cssgridlegacy.no-cssgrid .dt-team-shortcode.team-masonry-shortcode-id-e9f42cabe3ee19f68825571c51ab370b.resize-by-browser-width .dt-css-grid {\n  margin: -25px;\n}\n.cssgridlegacy.no-cssgrid .dt-team-shortcode.team-masonry-shortcode-id-e9f42cabe3ee19f68825571c51ab370b.resize-by-browser-width .dt-css-grid .wf-cell,\n.no-cssgridlegacy.no-cssgrid .dt-team-shortcode.team-masonry-shortcode-id-e9f42cabe3ee19f68825571c51ab370b.resize-by-browser-width .dt-css-grid .wf-cell {\n  width: 50%;\n  padding: 25px;\n}\n@media screen and (max-width: 1199px) {\n  .dt-team-shortcode.team-masonry-shortcode-id-e9f42cabe3ee19f68825571c51ab370b.resize-by-browser-width .dt-css-grid {\n    grid-template-columns: repeat(2,1fr);\n  }\n  .cssgridlegacy.no-cssgrid .dt-team-shortcode.team-masonry-shortcode-id-e9f42cabe3ee19f68825571c51ab370b.resize-by-browser-width .dt-css-grid .wf-cell,\n  .no-cssgridlegacy.no-cssgrid .dt-team-shortcode.team-masonry-shortcode-id-e9f42cabe3ee19f68825571c51ab370b.resize-by-browser-width .dt-css-grid .wf-cell {\n    width: 50%;\n  }\n}\n@media screen and (max-width: 991px) {\n  .dt-team-shortcode.team-masonry-shortcode-id-e9f42cabe3ee19f68825571c51ab370b.resize-by-browser-width .dt-css-grid {\n    grid-template-columns: repeat(2,1fr);\n  }\n  .cssgridlegacy.no-cssgrid .dt-team-shortcode.team-masonry-shortcode-id-e9f42cabe3ee19f68825571c51ab370b.resize-by-browser-width .dt-css-grid .wf-cell,\n  .no-cssgridlegacy.no-cssgrid .dt-team-shortcode.team-masonry-shortcode-id-e9f42cabe3ee19f68825571c51ab370b.resize-by-browser-width .dt-css-grid .wf-cell {\n    width: 50%;\n  }\n}\n@media screen and (max-width: 767px) {\n  .dt-team-shortcode.team-masonry-shortcode-id-e9f42cabe3ee19f68825571c51ab370b.resize-by-browser-width .dt-css-grid {\n    grid-template-columns: repeat(1,1fr);\n  }\n  .cssgridlegacy.no-cssgrid .dt-team-shortcode.team-masonry-shortcode-id-e9f42cabe3ee19f68825571c51ab370b.resize-by-browser-width .dt-css-grid .wf-cell,\n  .no-cssgridlegacy.no-cssgrid .dt-team-shortcode.team-masonry-shortcode-id-e9f42cabe3ee19f68825571c51ab370b.resize-by-browser-width .dt-css-grid .wf-cell {\n    width: 100%;\n  }\n}\n<\/style><div class=\"dt-team-masonry-shortcode dt-team-shortcode team-masonry-shortcode-id-e9f42cabe3ee19f68825571c51ab370b loading-effect-none mode-grid jquery-filter content-align-center dt-css-grid-wrap dt-css-grid-wrap dt-icon-bg-on dt-icon-border-on dt-icon-hover-bg-on dt-icon-border-hover-on move-icons-under-position resize-by-browser-width  \" data-padding=\"25px\" data-cur-page=\"1\" data-post-limit=\"-1\" data-pagination-mode=\"none\" data-desktop-columns-num=\"2\" data-v-tablet-columns-num=\"2\" data-h-tablet-columns-num=\"2\" data-phone-columns-num=\"1\" data-width=\"0px\" data-columns=\"0\"><div class=\"dt-css-grid\" ><\/div><!-- iso-container|iso-grid --><\/div>[\/vc_column][\/vc_row][vc_row full_width=\u00bbstretch_row_content_no_spaces\u00bb][vc_column]<div class=\"hr-thin style-dashed\" style=\"width: 100%;border-color: rgba(147,194,72,0.3);border-top-width: 3px;\"><\/div>[\/vc_column][\/vc_row][vc_row css=\u00bb.vc_custom_1560795724688{padding-top: 50px !important;}\u00bb][vc_column]<div id=\"ultimate-heading-531569e1ddc358fbf\" class=\"uvc-heading ult-adjust-bottom-margin ultimate-heading-531569e1ddc358fbf uvc-5735 accent-border-color uvc-heading-default-font-sizes\" data-hspacer=\"no_spacer\"  data-halign=\"center\" style=\"text-align:center\"><div class=\"uvc-heading-spacer no_spacer\" style=\"top\"><\/div><div class=\"uvc-main-heading ult-responsive\"  data-ultimate-target='.uvc-heading.ultimate-heading-531569e1ddc358fbf h2'  data-responsive-json-new='{\"font-size\":\"\",\"line-height\":\"\"}' ><h2 style=\"--font-weight:theme;margin-bottom:50px;\">Core Team<\/h2><\/div><\/div><style type=\"text\/css\" data-type=\"the7_shortcodes-inline-css\">.dt-team-shortcode.team-masonry-shortcode-id-0268470c673e7e7f53e9714226dc88ff .team-desc {\n  padding: 0px 0px 0px 0px;\n}\n.dt-team-shortcode.team-masonry-shortcode-id-0268470c673e7e7f53e9714226dc88ff .team-author-name,\n.dt-team-shortcode.team-masonry-shortcode-id-0268470c673e7e7f53e9714226dc88ff .team-author-name a {\n  margin-bottom: 0px;\n  font-weight: bold;\n  text-transform: uppercase;\n}\n.dt-team-shortcode.team-masonry-shortcode-id-0268470c673e7e7f53e9714226dc88ff .team-author p {\n  margin-bottom: 10px;\n  font-weight: bold;\n}\n.dt-team-shortcode.team-masonry-shortcode-id-0268470c673e7e7f53e9714226dc88ff  .team-media {\n  padding: 0px 0px 20px 0px;\n}\n.dt-team-shortcode.team-masonry-shortcode-id-0268470c673e7e7f53e9714226dc88ff  .team-media a,\n.dt-team-shortcode.team-masonry-shortcode-id-0268470c673e7e7f53e9714226dc88ff  .team-media > span,\n.dt-team-shortcode.team-masonry-shortcode-id-0268470c673e7e7f53e9714226dc88ff  .team-media img {\n  max-width: 200px;\n}\n.dt-team-shortcode.team-masonry-shortcode-id-0268470c673e7e7f53e9714226dc88ff .dt-css-grid .team-media img {\n  width: 200px;\n  max-width: 100%;\n}\n.dt-team-shortcode.team-masonry-shortcode-id-0268470c673e7e7f53e9714226dc88ff .team-content {\n  margin-bottom: 0px;\n}\n.dt-team-shortcode.team-masonry-shortcode-id-0268470c673e7e7f53e9714226dc88ff  .team-media,\n.dt-team-shortcode.team-masonry-shortcode-id-0268470c673e7e7f53e9714226dc88ff  .team-media a.rollover,\n.dt-team-shortcode.team-masonry-shortcode-id-0268470c673e7e7f53e9714226dc88ff  .team-media a.rollover *,\n.dt-team-shortcode.team-masonry-shortcode-id-0268470c673e7e7f53e9714226dc88ff  .team-media img {\n  border-radius: 0px;\n}\n.dt-team-shortcode.team-masonry-shortcode-id-0268470c673e7e7f53e9714226dc88ff .soc-ico {\n  margin-bottom: 15px;\n}\n.dt-team-shortcode.team-masonry-shortcode-id-0268470c673e7e7f53e9714226dc88ff .soc-ico a {\n  min-width: 26px;\n  min-height: 26px;\n  font-size: 16px;\n  border-radius: 100px;\n}\n.dt-team-shortcode.team-masonry-shortcode-id-0268470c673e7e7f53e9714226dc88ff .soc-ico a:not(:last-child) {\n  margin-right: 4px;\n}\n.dt-team-shortcode.team-masonry-shortcode-id-0268470c673e7e7f53e9714226dc88ff .soc-ico a:before,\n.dt-team-shortcode.team-masonry-shortcode-id-0268470c673e7e7f53e9714226dc88ff .soc-ico a:after {\n  min-width: 26px;\n  min-height: 26px;\n  padding: inherit;\n}\n.dt-icon-border-on.dt-team-shortcode.team-masonry-shortcode-id-0268470c673e7e7f53e9714226dc88ff .soc-ico a:before {\n  border: 0px solid transparent;\n}\n.dt-team-shortcode.team-masonry-shortcode-id-0268470c673e7e7f53e9714226dc88ff .soc-ico a:hover {\n  font-size: 16px;\n}\n#page .dt-team-shortcode.team-masonry-shortcode-id-0268470c673e7e7f53e9714226dc88ff .soc-ico a:hover .soc-font-icon {\n  color: rgba(255,255,255,0.75);\n  background: none;\n}\n.dt-icon-border-hover-on.dt-team-shortcode.team-masonry-shortcode-id-0268470c673e7e7f53e9714226dc88ff .soc-ico a:after {\n  border: 0px solid transparent;\n}\n#page .dt-team-shortcode.team-masonry-shortcode-id-0268470c673e7e7f53e9714226dc88ff .soc-ico a:not(:hover) .soc-font-icon {\n  color: #ffffff;\n  background: none;\n}\n.dt-team-shortcode.team-masonry-shortcode-id-0268470c673e7e7f53e9714226dc88ff .soc-ico a .soc-font-icon {\n  font-size: 16px;\n}\n.dt-team-shortcode.team-masonry-shortcode-id-0268470c673e7e7f53e9714226dc88ff .filter-bg-decoration .filter-categories a.act {\n  color: #fff;\n}\n.dt-team-shortcode.team-masonry-shortcode-id-0268470c673e7e7f53e9714226dc88ff:not(.resize-by-browser-width) .dt-css-grid {\n  grid-row-gap: 50px;\n  grid-column-gap: 50px;\n  grid-template-columns: repeat(auto-fill,minmax(,1fr));\n}\n.cssgridlegacy.no-cssgrid .dt-team-shortcode.team-masonry-shortcode-id-0268470c673e7e7f53e9714226dc88ff:not(.resize-by-browser-width) .dt-css-grid,\n.no-cssgridlegacy.no-cssgrid .dt-team-shortcode.team-masonry-shortcode-id-0268470c673e7e7f53e9714226dc88ff:not(.resize-by-browser-width) .dt-css-grid {\n  display: flex;\n  flex-flow: row wrap;\n  margin: -25px;\n}\n.cssgridlegacy.no-cssgrid .dt-team-shortcode.team-masonry-shortcode-id-0268470c673e7e7f53e9714226dc88ff:not(.resize-by-browser-width) .dt-css-grid .wf-cell,\n.no-cssgridlegacy.no-cssgrid .dt-team-shortcode.team-masonry-shortcode-id-0268470c673e7e7f53e9714226dc88ff:not(.resize-by-browser-width) .dt-css-grid .wf-cell {\n  flex: 1 0 ;\n  max-width: 100%;\n  padding: 25px;\n  box-sizing: border-box;\n}\n.dt-team-shortcode.team-masonry-shortcode-id-0268470c673e7e7f53e9714226dc88ff.resize-by-browser-width .dt-css-grid {\n  grid-template-columns: repeat(4,1fr);\n  grid-template-rows: auto;\n  grid-column-gap: 50px;\n  grid-row-gap: 50px;\n}\n.cssgridlegacy.no-cssgrid .dt-team-shortcode.team-masonry-shortcode-id-0268470c673e7e7f53e9714226dc88ff.resize-by-browser-width .dt-css-grid,\n.no-cssgridlegacy.no-cssgrid .dt-team-shortcode.team-masonry-shortcode-id-0268470c673e7e7f53e9714226dc88ff.resize-by-browser-width .dt-css-grid {\n  margin: -25px;\n}\n.cssgridlegacy.no-cssgrid .dt-team-shortcode.team-masonry-shortcode-id-0268470c673e7e7f53e9714226dc88ff.resize-by-browser-width .dt-css-grid .wf-cell,\n.no-cssgridlegacy.no-cssgrid .dt-team-shortcode.team-masonry-shortcode-id-0268470c673e7e7f53e9714226dc88ff.resize-by-browser-width .dt-css-grid .wf-cell {\n  width: 25%;\n  padding: 25px;\n}\n@media screen and (max-width: 1199px) {\n  .dt-team-shortcode.team-masonry-shortcode-id-0268470c673e7e7f53e9714226dc88ff.resize-by-browser-width .dt-css-grid {\n    grid-template-columns: repeat(4,1fr);\n  }\n  .cssgridlegacy.no-cssgrid .dt-team-shortcode.team-masonry-shortcode-id-0268470c673e7e7f53e9714226dc88ff.resize-by-browser-width .dt-css-grid .wf-cell,\n  .no-cssgridlegacy.no-cssgrid .dt-team-shortcode.team-masonry-shortcode-id-0268470c673e7e7f53e9714226dc88ff.resize-by-browser-width .dt-css-grid .wf-cell {\n    width: 25%;\n  }\n}\n@media screen and (max-width: 991px) {\n  .dt-team-shortcode.team-masonry-shortcode-id-0268470c673e7e7f53e9714226dc88ff.resize-by-browser-width .dt-css-grid {\n    grid-template-columns: repeat(2,1fr);\n  }\n  .cssgridlegacy.no-cssgrid .dt-team-shortcode.team-masonry-shortcode-id-0268470c673e7e7f53e9714226dc88ff.resize-by-browser-width .dt-css-grid .wf-cell,\n  .no-cssgridlegacy.no-cssgrid .dt-team-shortcode.team-masonry-shortcode-id-0268470c673e7e7f53e9714226dc88ff.resize-by-browser-width .dt-css-grid .wf-cell {\n    width: 50%;\n  }\n}\n@media screen and (max-width: 767px) {\n  .dt-team-shortcode.team-masonry-shortcode-id-0268470c673e7e7f53e9714226dc88ff.resize-by-browser-width .dt-css-grid {\n    grid-template-columns: repeat(1,1fr);\n  }\n  .cssgridlegacy.no-cssgrid .dt-team-shortcode.team-masonry-shortcode-id-0268470c673e7e7f53e9714226dc88ff.resize-by-browser-width .dt-css-grid .wf-cell,\n  .no-cssgridlegacy.no-cssgrid .dt-team-shortcode.team-masonry-shortcode-id-0268470c673e7e7f53e9714226dc88ff.resize-by-browser-width .dt-css-grid .wf-cell {\n    width: 100%;\n  }\n}\n<\/style><div class=\"dt-team-masonry-shortcode dt-team-shortcode team-masonry-shortcode-id-0268470c673e7e7f53e9714226dc88ff loading-effect-none mode-grid jquery-filter content-align-center dt-css-grid-wrap dt-css-grid-wrap dt-icon-bg-on dt-icon-border-on dt-icon-hover-bg-on dt-icon-border-hover-on move-icons-under-position resize-by-browser-width  vc_custom_1560795227777 \" data-padding=\"25px\" data-cur-page=\"1\" data-post-limit=\"-1\" data-pagination-mode=\"none\" data-desktop-columns-num=\"4\" data-v-tablet-columns-num=\"2\" data-h-tablet-columns-num=\"4\" data-phone-columns-num=\"1\" data-width=\"0px\" data-columns=\"0\"><div class=\"dt-css-grid\" ><div class=\"visible wf-cell\" data-post-id=\"51089\" data-date=\"2023-05-04T13:39:06+00:00\" data-name=\"Felipe Betancur Posada\"><div class=\"team-container visible post post-51089 dt_team type-dt_team status-publish has-post-thumbnail hentry dt_team_category-team dt_team_category-18\"><div class=\"team-media\"><span><img decoding=\"async\" class=\"preload-me iso-lazy-load\" src=\"data:image\/svg+xml,%3Csvg%20xmlns%3D&#39;http%3A%2F%2Fwww.w3.org%2F2000%2Fsvg&#39;%20viewBox%3D&#39;0%200%20320%20320&#39;%2F%3E\" data-src=\"https:\/\/ayudasparatodos.com\/wp-content\/uploads\/2019\/06\/Felipe-Betancur-2-1-1-1-Pequeno-Telefono-320x320.png\" data-srcset=\"https:\/\/ayudasparatodos.com\/wp-content\/uploads\/2019\/06\/Felipe-Betancur-2-1-1-1-Pequeno-Telefono-320x320.png 320w\" width=\"320\" height=\"320\"  title=\"foto felipe betancur posada director general fundacion todos podemos ayudar y ceo ayudas para todos\" alt=\"foto felipe betancur posada director general fundacion todos podemos ayudar y ceo ayudas para todos\" \/><\/span><\/div><div class=\"team-desc\"><div class=\"team-author\"><div class=\"team-author-name\">Felipe Betancur Posada<\/div><p>CEO - L\u00edder de Proyectos<\/p><\/div><div class=\"team-content\"><p>Director general de la Fundaci\u00f3n Todos Podemos Ayudar. Especialista en accesibilidad y dise\u00f1o para todos. UIC.  Inventor, innovador social, apasionado por la tecnolog\u00eda, innovaci\u00f3n, emprendimiento.<br \/>\nRebelde ante la desigualdad social. 15 a\u00f1os desarrollando de forma creativa \u201cSoluciones reales a problemas reales\u201d, trabajando muy de la mano con empresas, instituciones educativas, familias y personas con discapacidad, para conocer sus verdaderos retos en temas de inclusi\u00f3n, y desarrollar las soluciones m\u00e1s sencillas y efectivas, que permitan brindar servicios m\u00e1s inclusivos, as\u00ed como tambi\u00e9n brindar mayor independencia y mejora en calidad de vida, a personas con discapacidad y adultos mayores, y a todo aquel que se le dificulte acceder a un servicio o usar un producto de forma regular.<\/p>\n<\/div><\/div><\/div><\/div><div class=\"visible wf-cell\" data-post-id=\"51087\" data-date=\"2023-05-04T13:37:35+00:00\" data-name=\"Oscar Betancur Giraldo\"><div class=\"team-container visible post post-51087 dt_team type-dt_team status-publish has-post-thumbnail hentry dt_team_category-team dt_team_category-18\"><div class=\"team-media\"><span><img decoding=\"async\" class=\"preload-me iso-lazy-load\" src=\"data:image\/svg+xml,%3Csvg%20xmlns%3D&#39;http%3A%2F%2Fwww.w3.org%2F2000%2Fsvg&#39;%20viewBox%3D&#39;0%200%20320%20320&#39;%2F%3E\" data-src=\"https:\/\/ayudasparatodos.com\/wp-content\/uploads\/2019\/06\/WhatsApp-Image-2023-05-03-at-10.03.27-PM-Telefono-320x320.jpeg\" data-srcset=\"https:\/\/ayudasparatodos.com\/wp-content\/uploads\/2019\/06\/WhatsApp-Image-2023-05-03-at-10.03.27-PM-Telefono-320x320.jpeg 320w\" width=\"320\" height=\"320\"  title=\"OSCAR BETANCUR DIRECTOR ADMINSITRATIVO AYUDAS PARA TODOS  Y FUNDACION TODOS PODEMOS AYUDAR\" alt=\"OSCAR BETANCUR DIRECTOR ADMINSITRATIVO AYUDAS PARA TODOS Y FUNDACION TODOS PODEMOS AYUDAR\" \/><\/span><\/div><div class=\"team-desc\"><div class=\"team-author\"><div class=\"team-author-name\">Oscar Betancur Giraldo<\/div><p>Director Administrativo<\/p><\/div><div class=\"team-content\"><p>Lorem libero id molestie. Praesent rutrum arcu sit ameraesent faucibus orci risus from nulla amos. Proin molestie.<\/p>\n<\/div><\/div><\/div><\/div><div class=\"visible wf-cell\" data-post-id=\"51083\" data-date=\"2023-05-04T13:33:23+00:00\" data-name=\"Adriana Betancur Posada\"><div class=\"team-container visible post post-51083 dt_team type-dt_team status-publish has-post-thumbnail hentry dt_team_category-team dt_team_category-18\"><div class=\"team-media\"><span><img decoding=\"async\" class=\"preload-me iso-lazy-load\" src=\"data:image\/svg+xml,%3Csvg%20xmlns%3D&#39;http%3A%2F%2Fwww.w3.org%2F2000%2Fsvg&#39;%20viewBox%3D&#39;0%200%20320%20320&#39;%2F%3E\" data-src=\"https:\/\/ayudasparatodos.com\/wp-content\/uploads\/2019\/06\/WhatsApp-Image-2023-05-03-at-10.05.07-PM-Telefono-320x320.jpeg\" data-srcset=\"https:\/\/ayudasparatodos.com\/wp-content\/uploads\/2019\/06\/WhatsApp-Image-2023-05-03-at-10.05.07-PM-Telefono-320x320.jpeg 320w\" width=\"320\" height=\"320\"  title=\"Adriana Betancur posada directora comercial ayudas para todos y fundacion todos podemos ayudar\" alt=\"Adriana Betancur posada directora comercial ayudas para todos y fundacion todos podemos ayudar\" \/><\/span><\/div><div class=\"team-desc\"><div class=\"team-author\"><div class=\"team-author-name\">Adriana Betancur Posada<\/div><p>Directora Comercial<\/p><\/div><div class=\"team-content\"><p>Lorem ipsum \u2013 dolor from amet molestie vehicula glavrida malesuada. Donec consectetur lectus felis, vitae rutrum felis faucibus vel. <\/p>\n<\/div><\/div><\/div><\/div><div class=\"visible wf-cell\" data-post-id=\"51078\" data-date=\"2023-05-04T13:18:40+00:00\" data-name=\"Margarita Rosa Posada\"><div class=\"team-container visible post post-51078 dt_team type-dt_team status-publish has-post-thumbnail hentry dt_team_category-team dt_team_category-18\"><div class=\"team-media\"><span><img decoding=\"async\" class=\"preload-me iso-lazy-load\" src=\"data:image\/svg+xml,%3Csvg%20xmlns%3D&#39;http%3A%2F%2Fwww.w3.org%2F2000%2Fsvg&#39;%20viewBox%3D&#39;0%200%201079%201079&#39;%2F%3E\" data-src=\"https:\/\/ayudasparatodos.com\/wp-content\/uploads\/2023\/05\/WhatsApp-Image-2023-05-04-at-8.07.08-AM-1079x1079.jpeg\" data-srcset=\"https:\/\/ayudasparatodos.com\/wp-content\/uploads\/2023\/05\/WhatsApp-Image-2023-05-04-at-8.07.08-AM-1079x1079.jpeg 1079w\" width=\"1079\" height=\"1079\"  title=\"Margarita Rosa Posada  directora de log\u00edstica ayudas apra todos y fundacion todos podemos ayudar\" alt=\"Margarita Rosa Posada foto vestido rojo cargando a un perro\" \/><\/span><\/div><div class=\"team-desc\"><div class=\"team-author\"><div class=\"team-author-name\">Margarita Rosa Posada<\/div><p>Directora Log\u00edstica<\/p><\/div><div class=\"team-content\"><\/div><\/div><\/div><\/div><\/div><!-- iso-container|iso-grid --><\/div><style type=\"text\/css\" data-type=\"the7_shortcodes-inline-css\">#default-btn-8748773c88bb7c5b909387d80c5cac14.ico-right-side > i {\n  margin-right: 0px;\n  margin-left: 8px;\n}\n#default-btn-8748773c88bb7c5b909387d80c5cac14 > i {\n  margin-right: 8px;\n}\n<\/style><div class=\"btn-align-center\"><a href=\"\/modern-business\/about-us\/team\/\" class=\"default-btn-shortcode dt-btn dt-btn-m link-hover-off \" id=\"default-btn-8748773c88bb7c5b909387d80c5cac14\"><span>Want to be a part of our team? Contact us!<\/span><\/a><\/div>[\/vc_column][\/vc_row]<\/p>\n<\/section>","protected":false},"excerpt":{"rendered":"<p>[vc_row css=\u00bb.vc_custom_1560794933055{padding-bottom: 60px !important;}\u00bb][vc_column][\/vc_column][\/vc_row][vc_row full_width=\u00bbstretch_row_content_no_spaces\u00bb][vc_column][\/vc_column][\/vc_row][vc_row css=\u00bb.vc_custom_1560795724688{padding-top: 50px !important;}\u00bb][vc_column][\/vc_column][\/vc_row]<\/p>\n","protected":false},"author":1,"featured_media":0,"parent":247,"menu_order":20,"comment_status":"closed","ping_status":"closed","template":"","meta":{"footnotes":""},"class_list":["post-256","page","type-page","status-publish","hentry","description-off"],"_links":{"self":[{"href":"https:\/\/ayudasparatodos.com\/index.php\/wp-json\/wp\/v2\/pages\/256"}],"collection":[{"href":"https:\/\/ayudasparatodos.com\/index.php\/wp-json\/wp\/v2\/pages"}],"about":[{"href":"https:\/\/ayudasparatodos.com\/index.php\/wp-json\/wp\/v2\/types\/page"}],"author":[{"embeddable":true,"href":"https:\/\/ayudasparatodos.com\/index.php\/wp-json\/wp\/v2\/users\/1"}],"replies":[{"embeddable":true,"href":"https:\/\/ayudasparatodos.com\/index.php\/wp-json\/wp\/v2\/comments?post=256"}],"version-history":[{"count":0,"href":"https:\/\/ayudasparatodos.com\/index.php\/wp-json\/wp\/v2\/pages\/256\/revisions"}],"up":[{"embeddable":true,"href":"https:\/\/ayudasparatodos.com\/index.php\/wp-json\/wp\/v2\/pages\/247"}],"wp:attachment":[{"href":"https:\/\/ayudasparatodos.com\/index.php\/wp-json\/wp\/v2\/media?parent=256"}],"curies":[{"name":"wp","href":"https:\/\/api.w.org\/{rel}","templated":true}]}}