{"id":51251,"date":"2023-05-18T03:04:42","date_gmt":"2023-05-18T03:04:42","guid":{"rendered":"https:\/\/ayudasparatodos.com\/?page_id=51251"},"modified":"2023-05-20T01:39:34","modified_gmt":"2023-05-20T01:39:34","slug":"accesibilidaddigital","status":"publish","type":"page","link":"https:\/\/ayudasparatodos.com\/index.php\/servicios\/accesibilidaddigital\/","title":{"rendered":"Accesibilidad Digital"},"content":{"rendered":"<section class=\"wpb-content-wrapper\"><p>[vc_row][vc_column css=\u00bb.vc_custom_1560777659697{padding-bottom: 50px !important;}\u00bb]<div id=\"ultimate-heading-812169db97045c535\" class=\"uvc-heading ult-adjust-bottom-margin ultimate-heading-812169db97045c535 uvc-7369 accent-subtitle-color\" data-hspacer=\"no_spacer\"  data-halign=\"left\" style=\"text-align:left\"><div class=\"uvc-heading-spacer no_spacer\" style=\"top\"><\/div><div class=\"uvc-main-heading ult-responsive\"  data-ultimate-target='.uvc-heading.ultimate-heading-812169db97045c535 h3'  data-responsive-json-new='{\"font-size\":\"desktop:30px;\",\"line-height\":\"desktop:40px;\"}' ><h3 style=\"font-weight:bold;margin-bottom:5px;\">Accesibilidad Digital y Tecnolog\u00eda Asistiva<\/h3><\/div><div class=\"uvc-sub-heading ult-responsive\"  data-ultimate-target='.uvc-heading.ultimate-heading-812169db97045c535 .uvc-sub-heading '  data-responsive-json-new='{\"font-size\":\"desktop:20px;\",\"line-height\":\"desktop:30px;\"}'  style=\"font-weight:normal;margin-bottom:20px;\">Vivimos en un mundo donde la tecnolog\u00eda y el entorno digital cobran cada vez m\u00e1s protagonismo, y las barreras de accesibilidad en el entorno digital pueden ser hasta m\u00e1s graves y limitantes que las barreras en el entorno f\u00edsico.<\/div><\/div>[vc_column_text]Las escaleras son una de las principales barreras para una persona con movilidad reducida, \u00a0y hay leyes exigiendo la accesibilidad en todos los espacios f\u00edsicos, lo mismo est\u00e1 sucediendo con todo lo digital, pues los gobiernos y las personas est\u00e1n exigiendo que los espacios virtuales y tecnolog\u00edas tambi\u00e9n cumplan con los ajustes de accesibilidad necesarios para que cada vez m\u00e1s personas puedan disfrutar de sus beneficios sin barreras.<\/p>\n<p><img decoding=\"async\" class=\"alignnone wp-image-51058 size-medium\" src=\"https:\/\/ayudasparatodos.com\/wp-content\/uploads\/2023\/05\/Wavy_Tech-29_Single-12-Pequeno2-300x300.jpg\" alt=\"15 a\u00f1os de experiencia\" width=\"300\" height=\"300\" srcset=\"https:\/\/ayudasparatodos.com\/wp-content\/uploads\/2023\/05\/Wavy_Tech-29_Single-12-Pequeno2-300x300.jpg 300w, https:\/\/ayudasparatodos.com\/wp-content\/uploads\/2023\/05\/Wavy_Tech-29_Single-12-Pequeno2-200x200.jpg 200w, https:\/\/ayudasparatodos.com\/wp-content\/uploads\/2023\/05\/Wavy_Tech-29_Single-12-Pequeno2-150x150.jpg 150w, https:\/\/ayudasparatodos.com\/wp-content\/uploads\/2023\/05\/Wavy_Tech-29_Single-12-Pequeno2.jpg 363w\" sizes=\"(max-width: 300px) 100vw, 300px\" \/><\/p>\n<p>Trabajamos con empresas, instituciones educativas, bibliotecas, atractivos tur\u00edsticos, cuidadores, directamente con familias y con cualquier entidad o persona interesada en apoyo para ser m\u00e1s inclusivos y mejorar la calidad de vida de personas con discapacidad en las barreras que encuentren desde acceso a la tecnolog\u00eda. Un buen ejemplo es como un sitio web de un peri\u00f3dico que no sea accesible, le puede estar impidiendo a una persona ciega el acceso a la informaci\u00f3n. Una campa\u00f1a de marketing que est\u00e1 basada en videos con audio, puede ser muy excluyente para personas sordas. Una publicidad en redes sociales que use letra peque\u00f1a y textos de bajo contraste, puede ser excluyente para personas con baja visi\u00f3n. Querer viajar y no encontrar nada de informaci\u00f3n sobre un atractivo tur\u00edstico (As\u00ed realmente si sean accesibles), puede ser determinante para que la familia completa decida no visitar ese sitio. Textos complejos y muy extensos pueden ser incomprensibles para algunas personas con una discapacidad cognitiva. Y as\u00ed hay muchos ejemplos m\u00e1s de barreras en el acceso a las redes sociales, salas TIC de bibliotecas, cursos virtuales, plataformas de streaming, videojuegos, plataformas de teletrabajo, entre otros.<\/p>\n<p>Ok, ya sabemos cu\u00e1les son los problemas, \u00bfy las soluciones? Cada cliente tiene unas necesidades diferentes, por eso es tan importante el estudio previo que realizamos como parte de la consultor\u00eda, y teniendo claro lo que necesitan, les presentamos un paquete de estrategias y productos que faciliten ese proceso de la transformaci\u00f3n digital con criterios de accesibilidad para todos. Estas son las l\u00edneas principales de trabajos y se combinan seg\u00fan sea necesario para cada caso:[\/vc_column_text][\/vc_column][\/vc_row][vc_row][vc_column css=\u00bb.vc_custom_1560778479070{padding-bottom: 50px !important;}\u00bb]<style type=\"text\/css\" data-type=\"the7_shortcodes-inline-css\">.shortcode-single-image-wrap.shortcode-single-image-7f1d9e72a88148797fe2efcc929d53be.enable-bg-rollover .rollover i,\n.shortcode-single-image-wrap.shortcode-single-image-7f1d9e72a88148797fe2efcc929d53be.enable-bg-rollover .rollover-video i {\n  background: -webkit-linear-gradient();\n  background: linear-gradient();\n}\n.shortcode-single-image-wrap.shortcode-single-image-7f1d9e72a88148797fe2efcc929d53be .rollover-icon {\n  font-size: 32px;\n  color: #ffffff;\n  min-width: 44px;\n  min-height: 44px;\n  line-height: 44px;\n  border-radius: 100px;\n  border-style: solid;\n  border-width: 0px;\n}\n.dt-icon-bg-on.shortcode-single-image-wrap.shortcode-single-image-7f1d9e72a88148797fe2efcc929d53be .rollover-icon {\n  background: rgba(255,255,255,0.3);\n  box-shadow: none;\n}\n<\/style><div class=\"shortcode-single-image-wrap shortcode-single-image-7f1d9e72a88148797fe2efcc929d53be alignnone  enable-bg-rollover dt-icon-bg-off\" style=\"margin-top:0px; margin-bottom:0px; margin-left:0px; margin-right:0px; width:1600px;\"><div class=\"shortcode-single-image\"><div class=\"fancy-media-wrap  layzr-bg\" style=\"\"><img decoding=\"async\" class=\"preload-me lazy-load\" src=\"data:image\/svg+xml,%3Csvg%20xmlns%3D&#39;http%3A%2F%2Fwww.w3.org%2F2000%2Fsvg&#39;%20viewBox%3D&#39;0%200%20408%20204&#39;%2F%3E\" data-src=\"https:\/\/ayudasparatodos.com\/wp-content\/uploads\/2022\/06\/fotor_2023-3-13_23_30_6-removebg-preview-e1683129932576-408x204.png\" data-srcset=\"https:\/\/ayudasparatodos.com\/wp-content\/uploads\/2022\/06\/fotor_2023-3-13_23_30_6-removebg-preview-e1683129932576-408x204.png 408w\" width=\"408\" height=\"204\"  data-dt-location=\"https:\/\/ayudasparatodos.com\/fotor_2023-3-13_23_30_6-removebg-preview\/\" style=\"\" alt=\"AYUDAS PARA TODOS IAMGEN SILLA RUEDAS ASESORIAS\" \/><\/div><\/div><\/div>[\/vc_column][\/vc_row][vc_row][vc_column css=\u00bb.vc_custom_1560778504731{padding-bottom: 30px !important;}\u00bb]<div id=\"ultimate-heading-469969db97045d881\" class=\"uvc-heading ult-adjust-bottom-margin ultimate-heading-469969db97045d881 uvc-4921 accent-subtitle-color\" data-hspacer=\"no_spacer\"  data-halign=\"left\" style=\"text-align:left\"><div class=\"uvc-heading-spacer no_spacer\" style=\"top\"><\/div><div class=\"uvc-main-heading ult-responsive\"  data-ultimate-target='.uvc-heading.ultimate-heading-469969db97045d881 h3'  data-responsive-json-new='{\"font-size\":\"desktop:30px;\",\"line-height\":\"desktop:40px;\"}' ><h3 style=\"font-weight:bold;margin-bottom:5px;\">Accesibilidad Digital<\/h3><\/div><\/div>[vc_column_text css=\u00bb.vc_custom_1684545185464{padding-bottom: 30px !important;}\u00bb]An\u00e1lisis y diagn\u00f3stico sobre accesibilidad digital, esto incluye el an\u00e1lisis de la accesibilidad de su presencia en Internet desde la pagina web, mailing a usuarios, accesibilidad en redes sociales, accesibilidad en contenidos digitales. Se realiza el estudio, se presenta un informe muy ejecutivo y las recomendaciones pr\u00e1cticas de ajustes simples que pueden tener alto impacto para mejorar en t\u00e9rminos de accesibilidad digital. Se programa reuni\u00f3n con al \u00e1rea encargada para que no solo reciban el informe, sino que tambi\u00e9n con ellos se trabaje la formaci\u00f3n sobre la importancia de la accesibilidad y la responsabilidad que tienen, y como implementarla de forma adecuada y simple.[\/vc_column_text][\/vc_column][\/vc_row][vc_row][vc_column css=\u00bb.vc_custom_1560778479070{padding-bottom: 50px !important;}\u00bb]<style type=\"text\/css\" data-type=\"the7_shortcodes-inline-css\">.shortcode-single-image-wrap.shortcode-single-image-9ea34dd473a4d87aeac0b746e7c3fa03.enable-bg-rollover .rollover i,\n.shortcode-single-image-wrap.shortcode-single-image-9ea34dd473a4d87aeac0b746e7c3fa03.enable-bg-rollover .rollover-video i {\n  background: -webkit-linear-gradient();\n  background: linear-gradient();\n}\n.shortcode-single-image-wrap.shortcode-single-image-9ea34dd473a4d87aeac0b746e7c3fa03 .rollover-icon {\n  font-size: 32px;\n  color: #ffffff;\n  min-width: 44px;\n  min-height: 44px;\n  line-height: 44px;\n  border-radius: 100px;\n  border-style: solid;\n  border-width: 0px;\n}\n.dt-icon-bg-on.shortcode-single-image-wrap.shortcode-single-image-9ea34dd473a4d87aeac0b746e7c3fa03 .rollover-icon {\n  background: rgba(255,255,255,0.3);\n  box-shadow: none;\n}\n<\/style><div class=\"shortcode-single-image-wrap shortcode-single-image-9ea34dd473a4d87aeac0b746e7c3fa03 alignnone  enable-bg-rollover dt-icon-bg-off\" style=\"margin-top:0px; margin-bottom:0px; margin-left:0px; margin-right:0px; width:1600px;\"><div class=\"shortcode-single-image\"><div class=\"fancy-media-wrap  layzr-bg\" style=\"\"><img decoding=\"async\" class=\"preload-me lazy-load\" src=\"data:image\/svg+xml,%3Csvg%20xmlns%3D&#39;http%3A%2F%2Fwww.w3.org%2F2000%2Fsvg&#39;%20viewBox%3D&#39;0%200%201152%20576&#39;%2F%3E\" data-src=\"https:\/\/ayudasparatodos.com\/wp-content\/uploads\/2023\/05\/20944806-Mediano-1152x576.jpg\" data-srcset=\"https:\/\/ayudasparatodos.com\/wp-content\/uploads\/2023\/05\/20944806-Mediano-1152x576.jpg 1152w\" width=\"1152\" height=\"576\"  data-dt-location=\"https:\/\/ayudasparatodos.com\/index.php\/servicios\/accesibilidaddigital\/assistive-technology-concept-vector-illustration\/\" style=\"\" alt=\"dibujo person silla de ruedas computador marketing\" \/><\/div><\/div><\/div>[\/vc_column][\/vc_row][vc_row][vc_column css=\u00bb.vc_custom_1560778504731{padding-bottom: 30px !important;}\u00bb]<div id=\"ultimate-heading-435569db97045e5a3\" class=\"uvc-heading ult-adjust-bottom-margin ultimate-heading-435569db97045e5a3 uvc-5360 accent-subtitle-color\" data-hspacer=\"no_spacer\"  data-halign=\"left\" style=\"text-align:left\"><div class=\"uvc-heading-spacer no_spacer\" style=\"top\"><\/div><div class=\"uvc-main-heading ult-responsive\"  data-ultimate-target='.uvc-heading.ultimate-heading-435569db97045e5a3 h3'  data-responsive-json-new='{\"font-size\":\"desktop:30px;\",\"line-height\":\"desktop:40px;\"}' ><h3 style=\"font-weight:bold;margin-bottom:5px;\">Marketing Inclusivo<\/h3><\/div><\/div>[vc_column_text css=\u00bb.vc_custom_1684545499343{padding-bottom: 30px !important;}\u00bb]\u00bfSe tiene desarrollada e identificada una clara oferta de servicios con enfoque inclusivo? B\u00e1sicamente que personas con discapacidad con los ajustes razonables puedan disfrutar plenamente de los programas o servicios que se prestan en sus instalaciones. Les ayudamos identificar y adaptar esa informaci\u00f3n de los servicios, Luego lo m\u00e1s importante no es solo tener un servicio, sino dar a conocer al mundo que lo estamos haciendo, y eso tambi\u00e9n hay que darlo a conocer, promocionarlo de la forma adecuada con una buena estrategia de marketing digital desde las diferentes plataformas que manejemos, teniendo en cuenta conceptos de accesibilidad. Este estudio se presenta con sus recomendaciones al area de publicidad\/marketing\/comunicaciones acompa\u00f1ado de una formaci\u00f3n para que la totalidad de informaci\u00f3n y ofertas, sean presentadas en un formato accesible, ya sea un post en redes, o un video, o un email, que cumpla con accesibilidad.[\/vc_column_text][\/vc_column][\/vc_row][vc_row][vc_column css=\u00bb.vc_custom_1560778479070{padding-bottom: 50px !important;}\u00bb]<style type=\"text\/css\" data-type=\"the7_shortcodes-inline-css\">.shortcode-single-image-wrap.shortcode-single-image-46db40cafaf0e3f920592403fb6e3c65.enable-bg-rollover .rollover i,\n.shortcode-single-image-wrap.shortcode-single-image-46db40cafaf0e3f920592403fb6e3c65.enable-bg-rollover .rollover-video i {\n  background: -webkit-linear-gradient();\n  background: linear-gradient();\n}\n.shortcode-single-image-wrap.shortcode-single-image-46db40cafaf0e3f920592403fb6e3c65 .rollover-icon {\n  font-size: 32px;\n  color: #ffffff;\n  min-width: 44px;\n  min-height: 44px;\n  line-height: 44px;\n  border-radius: 100px;\n  border-style: solid;\n  border-width: 0px;\n}\n.dt-icon-bg-on.shortcode-single-image-wrap.shortcode-single-image-46db40cafaf0e3f920592403fb6e3c65 .rollover-icon {\n  background: rgba(255,255,255,0.3);\n  box-shadow: none;\n}\n<\/style><div class=\"shortcode-single-image-wrap shortcode-single-image-46db40cafaf0e3f920592403fb6e3c65 alignnone  enable-bg-rollover dt-icon-bg-off\" style=\"margin-top:0px; margin-bottom:0px; margin-left:0px; margin-right:0px; width:1600px;\"><div class=\"shortcode-single-image\"><div class=\"fancy-media-wrap  layzr-bg\" style=\"\"><img decoding=\"async\" class=\"preload-me lazy-load\" src=\"data:image\/svg+xml,%3Csvg%20xmlns%3D&#39;http%3A%2F%2Fwww.w3.org%2F2000%2Fsvg&#39;%20viewBox%3D&#39;0%200%201152%20576&#39;%2F%3E\" data-src=\"https:\/\/ayudasparatodos.com\/wp-content\/uploads\/2023\/05\/7802626-Mediano-1152x576.jpg\" data-srcset=\"https:\/\/ayudasparatodos.com\/wp-content\/uploads\/2023\/05\/7802626-Mediano-1152x576.jpg 1152w\" width=\"1152\" height=\"576\"  data-dt-location=\"https:\/\/ayudasparatodos.com\/index.php\/servicios\/accesibilidaddigital\/7802626-mediano\/\" style=\"\" alt=\"dibujo varias personas con diferentes tipos de discapacidad\" \/><\/div><\/div><\/div>[\/vc_column][\/vc_row][vc_row][vc_column css=\u00bb.vc_custom_1560778504731{padding-bottom: 30px !important;}\u00bb]<div id=\"ultimate-heading-278869db97045f1ff\" class=\"uvc-heading ult-adjust-bottom-margin ultimate-heading-278869db97045f1ff uvc-3710 accent-subtitle-color\" data-hspacer=\"no_spacer\"  data-halign=\"left\" style=\"text-align:left\"><div class=\"uvc-heading-spacer no_spacer\" style=\"top\"><\/div><div class=\"uvc-main-heading ult-responsive\"  data-ultimate-target='.uvc-heading.ultimate-heading-278869db97045f1ff h3'  data-responsive-json-new='{\"font-size\":\"desktop:30px;\",\"line-height\":\"desktop:40px;\"}' ><h3 style=\"font-weight:bold;margin-bottom:5px;\">Productos de apoyo y tecnolog\u00eda Asistiva<\/h3><\/div><\/div>[vc_column_text css=\u00bb.vc_custom_1684545541103{padding-bottom: 30px !important;}\u00bb]An\u00e1lisis y diagn\u00f3stico sobre el panorama actual en cuesti\u00f3n de tecnolog\u00eda, espacios, servicios, mobiliario, y se presenta un informe con las recomendaciones de equipos para comprar y elementos gratuitos como software especializado y aplicaciones libres que se pueden utilizar. Estamos en capacidad de ofrecer para la venta, kits de dispositivos especializados, ayudas t\u00e9cnicas y productos que puedan facilitar a las personas con discapacidad o adultos mayores, que con la mayor independencia puedan participar de las actividades programas que puedan ofrecer en sus instalaciones, y que posiblemente sin esos productos, necesitar\u00edan de ayuda de alguien m\u00e1s para poder usar un elemento o participar de las actividades.\u00a0 Por ejemplo: si cuentan con una sala de computadores para uso del p\u00fablico, les recomendaremos todo un paquete de programas de uso gratuito, que sirven desde para personas ciegas, baja visi\u00f3n, discapacidad f\u00edsica, cognitiva, auditiva. Y esto acompa\u00f1ado por algunos equipos de hardware para la venta como son uso de teclados especializados, Mouse accesibles, pulsadores tipo switch y otros elementos que permitan el uso de esos equipos de forma independiente a la mayor variedad de usuarios.<\/p>\n<p>Contamos tambi\u00e9n con elementos tan importantes como alarmas de emergencia por si hay una ca\u00edda en el ba\u00f1o accesible, ayudas para la alimentaci\u00f3n tan importantes como un elemento que ayuda a sostener un vaso de caf\u00e9. Y otros productos especializados, muchos son sencillos, otros m\u00e1s tecnol\u00f3gicos, pero todos ayudan a mejorar calidad de vida y facilitar procesos de inclusi\u00f3n.[\/vc_column_text][\/vc_column][\/vc_row][vc_row][vc_column css=\u00bb.vc_custom_1560778479070{padding-bottom: 50px !important;}\u00bb]<style type=\"text\/css\" data-type=\"the7_shortcodes-inline-css\">.shortcode-single-image-wrap.shortcode-single-image-08f74cead11d4539695aa83da4490576.enable-bg-rollover .rollover i,\n.shortcode-single-image-wrap.shortcode-single-image-08f74cead11d4539695aa83da4490576.enable-bg-rollover .rollover-video i {\n  background: -webkit-linear-gradient();\n  background: linear-gradient();\n}\n.shortcode-single-image-wrap.shortcode-single-image-08f74cead11d4539695aa83da4490576 .rollover-icon {\n  font-size: 32px;\n  color: #ffffff;\n  min-width: 44px;\n  min-height: 44px;\n  line-height: 44px;\n  border-radius: 100px;\n  border-style: solid;\n  border-width: 0px;\n}\n.dt-icon-bg-on.shortcode-single-image-wrap.shortcode-single-image-08f74cead11d4539695aa83da4490576 .rollover-icon {\n  background: rgba(255,255,255,0.3);\n  box-shadow: none;\n}\n<\/style><div class=\"shortcode-single-image-wrap shortcode-single-image-08f74cead11d4539695aa83da4490576 alignnone  enable-bg-rollover dt-icon-bg-off\" style=\"margin-top:0px; margin-bottom:0px; margin-left:0px; margin-right:0px; width:1600px;\"><div class=\"shortcode-single-image\"><div class=\"fancy-media-wrap  layzr-bg\" style=\"\"><img decoding=\"async\" class=\"preload-me lazy-load\" src=\"data:image\/svg+xml,%3Csvg%20xmlns%3D&#39;http%3A%2F%2Fwww.w3.org%2F2000%2Fsvg&#39;%20viewBox%3D&#39;0%200%20768%20384&#39;%2F%3E\" data-src=\"https:\/\/ayudasparatodos.com\/wp-content\/uploads\/2023\/05\/6491446-Mediano-768x384.jpg\" data-srcset=\"https:\/\/ayudasparatodos.com\/wp-content\/uploads\/2023\/05\/6491446-Mediano-768x384.jpg 768w\" width=\"768\" height=\"384\"  data-dt-location=\"https:\/\/ayudasparatodos.com\/index.php\/servicios\/accesibilidaddigital\/6491446-mediano\/\" style=\"\" alt=\"salon calse con persona con silla de ruedas\" \/><\/div><\/div><\/div>[\/vc_column][\/vc_row][vc_row][vc_column css=\u00bb.vc_custom_1560778504731{padding-bottom: 30px !important;}\u00bb]<div id=\"ultimate-heading-755169db97045feb6\" class=\"uvc-heading ult-adjust-bottom-margin ultimate-heading-755169db97045feb6 uvc-3523 accent-subtitle-color\" data-hspacer=\"no_spacer\"  data-halign=\"left\" style=\"text-align:left\"><div class=\"uvc-heading-spacer no_spacer\" style=\"top\"><\/div><div class=\"uvc-main-heading ult-responsive\"  data-ultimate-target='.uvc-heading.ultimate-heading-755169db97045feb6 h3'  data-responsive-json-new='{\"font-size\":\"desktop:30px;\",\"line-height\":\"desktop:40px;\"}' ><h3 style=\"font-weight:bold;margin-bottom:5px;\">Formaci\u00f3n - Atenci\u00f3n al cliente con discapacidad<\/h3><\/div><\/div>[vc_column_text css=\u00bb.vc_custom_1684545590389{padding-bottom: 30px !important;}\u00bb]De nada sirve tener toda la tecnolog\u00eda del mundo, si el personal es irrespetuoso y desconoce sobre trato adecuado personas con discapacidad y como brindar un buen servicio. Por eso todo proceso debe iniciar siempre por la formaci\u00f3n y as\u00ed vencer la principal barrera de inclusi\u00f3n que es actitudinal. Todo el personal que trabaje en una empresa que promueve la inclusi\u00f3n, debe estar capacitado como m\u00ednimo con los conocimientos b\u00e1sicos sobre buena atenci\u00f3n a clientes con discapacidad. Desde el vigilante que recibe a la entrada, hasta el gerente. Entendemos que el tiempo de los empleados es valioso, por lo cual la metodolog\u00eda de formaci\u00f3n es r\u00e1pida y con un enfoque muy pr\u00e1ctico. Comprender los cuales son los t\u00e9rminos que se deben usar, recomendaciones al interactuar dependiendo de la discapacidad, conocimiento b\u00e1sico en lengua de se\u00f1as, apoyo de sistemas de comunicaci\u00f3n alternativos y metodolog\u00edas de ense\u00f1anza y servicio para vena de productos o prestaci\u00f3n de servicios. Eso aplica en atenci\u00f3n presencial, y en todo lo virtual y estrategias, m\u00ednimo debe tenerse un poco de empat\u00eda y as\u00ed comprender necesidades y adaptar la oferta de servicios o productos.[\/vc_column_text][\/vc_column][\/vc_row][vc_row][vc_column css=\u00bb.vc_custom_1560778479070{padding-bottom: 50px !important;}\u00bb]<style type=\"text\/css\" data-type=\"the7_shortcodes-inline-css\">.shortcode-single-image-wrap.shortcode-single-image-df331b443b1bfc598ea531f37f9bb2de.enable-bg-rollover .rollover i,\n.shortcode-single-image-wrap.shortcode-single-image-df331b443b1bfc598ea531f37f9bb2de.enable-bg-rollover .rollover-video i {\n  background: -webkit-linear-gradient();\n  background: linear-gradient();\n}\n.shortcode-single-image-wrap.shortcode-single-image-df331b443b1bfc598ea531f37f9bb2de .rollover-icon {\n  font-size: 32px;\n  color: #ffffff;\n  min-width: 44px;\n  min-height: 44px;\n  line-height: 44px;\n  border-radius: 100px;\n  border-style: solid;\n  border-width: 0px;\n}\n.dt-icon-bg-on.shortcode-single-image-wrap.shortcode-single-image-df331b443b1bfc598ea531f37f9bb2de .rollover-icon {\n  background: rgba(255,255,255,0.3);\n  box-shadow: none;\n}\n<\/style><div class=\"shortcode-single-image-wrap shortcode-single-image-df331b443b1bfc598ea531f37f9bb2de alignnone  enable-bg-rollover dt-icon-bg-off\" style=\"margin-top:0px; margin-bottom:0px; margin-left:0px; margin-right:0px; width:1600px;\"><div class=\"shortcode-single-image\"><div class=\"fancy-media-wrap  layzr-bg\" style=\"\"><img decoding=\"async\" class=\"preload-me lazy-load\" src=\"data:image\/svg+xml,%3Csvg%20xmlns%3D&#39;http%3A%2F%2Fwww.w3.org%2F2000%2Fsvg&#39;%20viewBox%3D&#39;0%200%201152%20576&#39;%2F%3E\" data-src=\"https:\/\/ayudasparatodos.com\/wp-content\/uploads\/2023\/05\/20944194-Mediano-1152x576.jpg\" data-srcset=\"https:\/\/ayudasparatodos.com\/wp-content\/uploads\/2023\/05\/20944194-Mediano-1152x576.jpg 1152w\" width=\"1152\" height=\"576\"  data-dt-location=\"https:\/\/ayudasparatodos.com\/index.php\/servicios\/talleres-y-conferencias\/accessible-environment-designing-concept-vector-illustration\/\" style=\"\" alt=\"dibujo rampa silla de ruedas\" \/><\/div><\/div><\/div>[\/vc_column][\/vc_row]<\/p>\n<\/section>","protected":false},"excerpt":{"rendered":"<p>[vc_row][vc_column css=\u00bb.vc_custom_1560777659697{padding-bottom: 50px !important;}\u00bb][vc_column_text]Las escaleras son una de las principales barreras para una persona con movilidad reducida, \u00a0y hay leyes exigiendo la accesibilidad en todos los espacios f\u00edsicos, lo mismo est\u00e1 sucediendo con todo lo digital, pues los gobiernos y las personas est\u00e1n exigiendo que los espacios virtuales y tecnolog\u00edas tambi\u00e9n cumplan con los ajustes&hellip;<\/p>\n","protected":false},"author":1,"featured_media":658,"parent":249,"menu_order":4,"comment_status":"closed","ping_status":"closed","template":"","meta":{"footnotes":""},"class_list":["post-51251","page","type-page","status-publish","has-post-thumbnail","hentry","description-off"],"_links":{"self":[{"href":"https:\/\/ayudasparatodos.com\/index.php\/wp-json\/wp\/v2\/pages\/51251"}],"collection":[{"href":"https:\/\/ayudasparatodos.com\/index.php\/wp-json\/wp\/v2\/pages"}],"about":[{"href":"https:\/\/ayudasparatodos.com\/index.php\/wp-json\/wp\/v2\/types\/page"}],"author":[{"embeddable":true,"href":"https:\/\/ayudasparatodos.com\/index.php\/wp-json\/wp\/v2\/users\/1"}],"replies":[{"embeddable":true,"href":"https:\/\/ayudasparatodos.com\/index.php\/wp-json\/wp\/v2\/comments?post=51251"}],"version-history":[{"count":5,"href":"https:\/\/ayudasparatodos.com\/index.php\/wp-json\/wp\/v2\/pages\/51251\/revisions"}],"predecessor-version":[{"id":51353,"href":"https:\/\/ayudasparatodos.com\/index.php\/wp-json\/wp\/v2\/pages\/51251\/revisions\/51353"}],"up":[{"embeddable":true,"href":"https:\/\/ayudasparatodos.com\/index.php\/wp-json\/wp\/v2\/pages\/249"}],"wp:featuredmedia":[{"embeddable":true,"href":"https:\/\/ayudasparatodos.com\/index.php\/wp-json\/wp\/v2\/media\/658"}],"wp:attachment":[{"href":"https:\/\/ayudasparatodos.com\/index.php\/wp-json\/wp\/v2\/media?parent=51251"}],"curies":[{"name":"wp","href":"https:\/\/api.w.org\/{rel}","templated":true}]}}