{"id":51253,"date":"2023-05-18T03:07:02","date_gmt":"2023-05-18T03:07:02","guid":{"rendered":"https:\/\/ayudasparatodos.com\/?page_id=51253"},"modified":"2023-05-19T14:55:50","modified_gmt":"2023-05-19T14:55:50","slug":"innovacion","status":"publish","type":"page","link":"https:\/\/ayudasparatodos.com\/index.php\/servicios\/innovacion\/","title":{"rendered":"Innovaci\u00f3n"},"content":{"rendered":"<section class=\"wpb-content-wrapper\"><p>[vc_row][vc_column css=\u00bb.vc_custom_1560777659697{padding-bottom: 50px !important;}\u00bb]<div id=\"ultimate-heading-351569db971d667b9\" class=\"uvc-heading ult-adjust-bottom-margin ultimate-heading-351569db971d667b9 uvc-9007 accent-subtitle-color\" data-hspacer=\"no_spacer\"  data-halign=\"left\" style=\"text-align:left\"><div class=\"uvc-heading-spacer no_spacer\" style=\"top\"><\/div><div class=\"uvc-main-heading ult-responsive\"  data-ultimate-target='.uvc-heading.ultimate-heading-351569db971d667b9 h3'  data-responsive-json-new='{\"font-size\":\"desktop:30px;\",\"line-height\":\"desktop:40px;\"}' ><h3 style=\"font-weight:bold;margin-bottom:5px;\">Innovaci\u00f3n y Emprendimiento<\/h3><\/div><div class=\"uvc-sub-heading ult-responsive\"  data-ultimate-target='.uvc-heading.ultimate-heading-351569db971d667b9 .uvc-sub-heading '  data-responsive-json-new='{\"font-size\":\"desktop:20px;\",\"line-height\":\"desktop:30px;\"}'  style=\"font-weight:normal;margin-bottom:20px;\">Servicio de consultor\u00eda, talleres y conferencias. Soluciones reales a problemas reales<\/div><\/div>[vc_column_text]Lo primero es entender cu\u00e1l es su necesidad en temas de innovaci\u00f3n, y decidir si se trabaja un proceso de consultor\u00eda, un taller practico con los equipos, o simplemente una conferencia de motivaci\u00f3n. Puede ser tambi\u00e9n una mezcla de esos elementos y as\u00ed generar un plan de trabajo personalizado que ayude a tener la innovaci\u00f3n como un proceso transversal dentro de su empresa.<\/p>\n<p>&nbsp;<\/p>\n<ul>\n<li>Servicio de consultor\u00eda\/Talleres pr\u00e1cticos\/Conferencias con empresas para trabajar y fomentar la innovaci\u00f3n en productos, servicios y estrategias con equipos.<\/li>\n<li>Innovaci\u00f3n social con un enfoque de generar soluciones para la base de la pir\u00e1mide, que es donde hay la mayor parte de la poblaci\u00f3n y mayores necesidades.<\/li>\n<li>Innovaci\u00f3n educativa para implementar de forma sencilla proceso de Educaci\u00f3n STEAM + Maker y estar mejor preparados para las necesidades educativas actuales.<\/li>\n<li>Emprendimiento, creatividad y prototipado r\u00e1pido, para acompa\u00f1ar unidades de emprendimiento, y emprendedores con estrategias y ajustes de alto impacto, y as\u00ed potenciar sus ideas. Tenemos la consultor\u00eda en emprendimiento, talleres pr\u00e1cticos maker con prototipado r\u00e1pido, conferencias para motivar sobre el emprendimiento incluyendo innovaci\u00f3n para el dise\u00f1o de productos y servicios.<\/li>\n<\/ul>\n<p>[\/vc_column_text][\/vc_column][\/vc_row][vc_row][vc_column css=\u00bb.vc_custom_1560778479070{padding-bottom: 50px !important;}\u00bb]<style type=\"text\/css\" data-type=\"the7_shortcodes-inline-css\">.shortcode-single-image-wrap.shortcode-single-image-ff25c0c27cc3dfa3764076452a83fad8.enable-bg-rollover .rollover i,\n.shortcode-single-image-wrap.shortcode-single-image-ff25c0c27cc3dfa3764076452a83fad8.enable-bg-rollover .rollover-video i {\n  background: -webkit-linear-gradient();\n  background: linear-gradient();\n}\n.shortcode-single-image-wrap.shortcode-single-image-ff25c0c27cc3dfa3764076452a83fad8 .rollover-icon {\n  font-size: 32px;\n  color: #ffffff;\n  min-width: 44px;\n  min-height: 44px;\n  line-height: 44px;\n  border-radius: 100px;\n  border-style: solid;\n  border-width: 0px;\n}\n.dt-icon-bg-on.shortcode-single-image-wrap.shortcode-single-image-ff25c0c27cc3dfa3764076452a83fad8 .rollover-icon {\n  background: rgba(255,255,255,0.3);\n  box-shadow: none;\n}\n<\/style><div class=\"shortcode-single-image-wrap shortcode-single-image-ff25c0c27cc3dfa3764076452a83fad8 alignnone  enable-bg-rollover dt-icon-bg-off\" style=\"margin-top:0px; margin-bottom:0px; margin-left:0px; margin-right:0px; width:1600px;\"><div class=\"shortcode-single-image\"><div class=\"fancy-media-wrap  layzr-bg\" style=\"\"><img decoding=\"async\" class=\"preload-me lazy-load\" src=\"data:image\/svg+xml,%3Csvg%20xmlns%3D&#39;http%3A%2F%2Fwww.w3.org%2F2000%2Fsvg&#39;%20viewBox%3D&#39;0%200%20720%20360&#39;%2F%3E\" data-src=\"https:\/\/ayudasparatodos.com\/wp-content\/uploads\/2023\/05\/20943853-Pequeno-720x360.jpg\" data-srcset=\"https:\/\/ayudasparatodos.com\/wp-content\/uploads\/2023\/05\/20943853-Pequeno-720x360.jpg 720w\" width=\"720\" height=\"360\"  data-dt-location=\"https:\/\/ayudasparatodos.com\/index.php\/servicios\/innovacion\/idea-management-concept-vector-illustration\/\" style=\"\" alt=\"Varias personas inventando innovaci\u00f3n\" \/><\/div><\/div><\/div>[\/vc_column][\/vc_row]<\/p>\n<\/section>","protected":false},"excerpt":{"rendered":"<p>[vc_row][vc_column css=\u00bb.vc_custom_1560777659697{padding-bottom: 50px !important;}\u00bb][vc_column_text]Lo primero es entender cu\u00e1l es su necesidad en temas de innovaci\u00f3n, y decidir si se trabaja un proceso de consultor\u00eda, un taller practico con los equipos, o simplemente una conferencia de motivaci\u00f3n. Puede ser tambi\u00e9n una mezcla de esos elementos y as\u00ed generar un plan de trabajo personalizado que ayude a&hellip;<\/p>\n","protected":false},"author":1,"featured_media":0,"parent":249,"menu_order":5,"comment_status":"closed","ping_status":"closed","template":"","meta":{"footnotes":""},"class_list":["post-51253","page","type-page","status-publish","hentry","description-off"],"_links":{"self":[{"href":"https:\/\/ayudasparatodos.com\/index.php\/wp-json\/wp\/v2\/pages\/51253"}],"collection":[{"href":"https:\/\/ayudasparatodos.com\/index.php\/wp-json\/wp\/v2\/pages"}],"about":[{"href":"https:\/\/ayudasparatodos.com\/index.php\/wp-json\/wp\/v2\/types\/page"}],"author":[{"embeddable":true,"href":"https:\/\/ayudasparatodos.com\/index.php\/wp-json\/wp\/v2\/users\/1"}],"replies":[{"embeddable":true,"href":"https:\/\/ayudasparatodos.com\/index.php\/wp-json\/wp\/v2\/comments?post=51253"}],"version-history":[{"count":3,"href":"https:\/\/ayudasparatodos.com\/index.php\/wp-json\/wp\/v2\/pages\/51253\/revisions"}],"predecessor-version":[{"id":51315,"href":"https:\/\/ayudasparatodos.com\/index.php\/wp-json\/wp\/v2\/pages\/51253\/revisions\/51315"}],"up":[{"embeddable":true,"href":"https:\/\/ayudasparatodos.com\/index.php\/wp-json\/wp\/v2\/pages\/249"}],"wp:attachment":[{"href":"https:\/\/ayudasparatodos.com\/index.php\/wp-json\/wp\/v2\/media?parent=51253"}],"curies":[{"name":"wp","href":"https:\/\/api.w.org\/{rel}","templated":true}]}}