{"id":50214,"date":"2022-07-14T20:21:35","date_gmt":"2022-07-14T20:21:35","guid":{"rendered":"https:\/\/ayudasparatodos.com\/?post_type=product&#038;p=50214"},"modified":"2024-02-19T18:47:35","modified_gmt":"2024-02-19T18:47:35","slug":"audifonoauditiva1","status":"publish","type":"product","link":"https:\/\/ayudasparatodos.com\/index.php\/producto\/audifonoauditiva1\/","title":{"rendered":"Aud\u00edfonos de conducci\u00f3n \u00f3sea con micr\u00f3fono amplificaci\u00f3n de voz para adultos mayores y discapacidad auditiva AUD1"},"content":{"rendered":"<p>Dispositivo auditivo para personas mayores: dise\u00f1ado para personas mayores con p\u00e9rdida auditiva debido a t\u00edmpanos da\u00f1ados o envejecidos. Bueno para un nivel de milla a moderado de problema de discapacidad auditiva y ayuda con mejores conversaciones diarias y mejora la escucha<br \/>\nColector de sonido de micr\u00f3fono auditivo altamente sensible: adopta un micr\u00f3fono desmontable con un clip de metal y puede sujetarlo en el collar. El micr\u00f3fono capta sonidos a 360 grados en un radio de 5 metros. Tambi\u00e9n se pueden recopilar sonidos sutiles. Basado en la funci\u00f3n de captaci\u00f3n de sonido, puede usar este auricular para escuchar audiolibros, radio, TV y m\u00fasica, etc.<br \/>\nLos sonidos se transmiten a trav\u00e9s del hueso hacia el o\u00eddo interno: utilizando la tecnolog\u00eda de conducci\u00f3n \u00f3sea, los sonidos se transmiten directamente al sistema nervioso auditivo a trav\u00e9s de los p\u00f3mulos sin pasar por el orificio del o\u00eddo y la membrana timp\u00e1nica, lo que reduce el da\u00f1o al t\u00edmpano. Ideal para personas que tienen problemas de p\u00e9rdida auditiva conductiva.<br \/>\nAuriculares saludables: adopte un estilo de oreja abierta, reduzca el dolor de o\u00eddo; buena higiene, arregla bien las orejas sin que se caigan. Si te sientes apretado, puedes ajustarlo a una posici\u00f3n c\u00f3moda.<br \/>\nTrabajo prolongado: bater\u00eda de litio incorporada de 200 mAH. Tiempo de trabajo de aproximadamente 6 horas despu\u00e9s de una sola carga completa de 2 horas.<\/p>\n<p>&nbsp;<\/p>\n<p>Los auriculares de conducci\u00f3n tienen que tocar los huesos de la mand\u00edbula (y la piel) para transmitir las vibraciones del sonido hacia el o\u00eddo interno sin usar t\u00edmpanos.<\/p>\n<p>Las vibraciones van desde los auriculares hasta el o\u00eddo interno a trav\u00e9s del cr\u00e1neo, despu\u00e9s del o\u00eddo interno, el cerebro \u201cescucha\u201d el sonido.\u00a0 Permite usar tus aud\u00edfonos como amplificador de sonidos en casos de perdida auditiva, escuchar tu m\u00fasica favorita, o hacer llamadas. Todo esto sin introducirse en el canal auditivo, ya que como explicamos anteriormente, usa vibraci\u00f3n para transmitir el sonido mediante el hueso y asi mejorar tu capacidad de comunicaci\u00f3n y brindar mayor seguridad estando al aire libre y en espacios cerrados.<\/p>\n<p>&nbsp;<\/p>\n<p>Pueden evitar molestias causadas por auriculares intrauditivos o sobre la oreja, y mantener el interior del canal auditivo limpio e higi\u00e9nico, no sentir\u00e1s ning\u00fan dolor incluso despu\u00e9s de un uso prolongado. Adem\u00e1s\u00a0contribuye\u00a0al combate de la\u00a0p\u00e9rdida\u00a0auditiva,\u00a0al no recibir el sonido de forma directa en tus t\u00edmpanos.<\/p>\n<p>Tambi\u00e9n puedes usarlos con gafas de forma muy c\u00f3moda. S\u00faper ligero y flexible, no sentir\u00e1s ning\u00fan dolor incluso despu\u00e9s de un uso prolongado, aspecto peque\u00f1o y exquisito, es f\u00e1cil de transportar y almacenar y se puede poner en el bolsillo de tu ropa.<\/p>\n<p>\u00bfFuncionan en todos los casos de perdida auditiva? Los aud\u00edfonos de conducci\u00f3n \u00f3sea son una excelente alternativa para los oyentes con p\u00e9rdida auditiva conductiva,\u00a0sordera unilateral\u00a0y para personas con aud\u00edfonos internos.<\/p>\n<p>La conducci\u00f3n \u00f3sea evita con \u00e9xito los problemas en el o\u00eddo externo, el t\u00edmpano y el o\u00eddo medio (huesecillos).\u00a0As\u00ed, las personas con problemas de audici\u00f3n en estas \u00e1reas pueden escuchar m\u00fasica y videos. Pero, si tiene problemas con el o\u00eddo interno (c\u00f3clea) o el nervio auditivo, entonces la conducci\u00f3n \u00f3sea no funcionar\u00e1 para usted.<\/p>\n<p>Caracter\u00edsticas t\u00e9cnicas:<\/p>\n<p>&nbsp;<\/p>\n<ul>\n<li>Desde Ayudas para TODOS, estamos trabajando para ofrecerles el mayor Marketplace inclusivo a nivel mundial. Reuniendo en 1 solo sitio todos los productos que puedan necesitar, m\u00e1s de 5.000 referencias de art\u00edculos especializados que puedan necesitar instituciones y personas con o sin discapacidad, para apoyar procesos de inclusi\u00f3n, ayudando a superar las barreras que se pueden presentar al momento de estudiar, de trabajar, y en las dem\u00e1s actividades de la vida diaria.<\/li>\n<li>\u00bfNo est\u00e1 seguro sobre qu\u00e9 tipo de dispositivo o producto de apoyo debe comprar? Contamos con expertos para estudiar sus necesidades y asesorarlo recomend\u00e1ndole la ayuda o el conjunto de ayudas m\u00e1s adecuadas \u00bfNecesitas un producto y no lo encuentras en nuestro catalogo online? Cont\u00e1ctanos para ayudarte a conseguirlo. \u00bfEres emprendedor y tienes un gran producto inclusivo que quisieras promocionar en nuestra plataforma? <a href=\"https:\/\/ayudasparatodos.com\/index.php\/contact\/\">Cont\u00e1ctanos<\/a><\/li>\n<li>Visita la secci\u00f3n sobre <a href=\"https:\/\/ayudasparatodos.com\/index.php\/como-comprar-faq\/\">\u00bfC\u00f3mo Comprar? FAQ<\/a>, en la cual encontraras de forma m\u00e1s detallada las instrucciones de como comprar, servicio de asesor\u00eda y cotizaciones, formas de pago, env\u00edos a nivel nacional e internacional, garant\u00eda y otros temas relacionados.<\/li>\n<li>\n<p style=\"vertical-align: baseline; margin: 0cm 0cm 11.25pt 0cm;\"><span style=\"font-size: 11.5pt; font-family: Roboto; color: #626262;\">Asesor\u00eda, cotizaciones dudas y comentarios: Si tiene cualquier duda o comentario, nos puede escribir o llamar via WhatsApp agregando el numero +57 3006000144 o directamente desde este <a href=\"https:\/\/wa.me\/+573006000144\">enlace<\/a>\u00a0 <\/span><a href=\"https:\/\/wa.me\/+573006000144\"><span style=\"font-size: 11.5pt; font-family: Roboto; color: #626262;\">https:\/\/wa.me\/+573006000144<\/span><\/a><span style=\"font-size: 11.5pt; font-family: Roboto; color: #626262;\">\u00a0 \u00a0 Tambi\u00e9n puede enviarnos un correo electr\u00f3nico a la direcci\u00f3n <a href=\"mailto:ventas@ayudasparatodos.com\">ventas@ayudasparatodos.com<\/a><\/span><\/p>\n<\/li>\n<\/ul>\n","protected":false},"excerpt":{"rendered":"<h5>Precio en d\u00f3lares americanos USD. Favor contactarnos al correo ventas@ayudasparatodos.com para generarle un enlace de pago personalizado por el valor de los art\u00edculos + el valor del envi\u00f3 seg\u00fan su ubicaci\u00f3n y con su moneda local.\u00a0Despachos a nivel nacional e internacional desde Medellin &#8211; Colombia.<\/h5>\n<div class=\"tlid-input input\">\n<div class=\"source-wrap\">\n<div class=\"input-full-height-wrapper tlid-input-full-height-wrapper\">\n<div class=\"source-input\">\n<div class=\"source-footer-wrap source-or-target-footer\">\n<div class=\"character-count tlid-character-count\"><\/div>\n<div class=\"source-footer\">\n<div class=\"speech-wrap source-or-target-footer-button left-positioned\">\n<div id=\"gt-speech\" class=\"speech-button goog-toolbar-button\" tabindex=\"0\" role=\"button\" aria-label=\"Activar la entrada de voz\" data-tooltip-align=\"t,c\" aria-pressed=\"false\" aria-disabled=\"false\" data-tooltip=\"Activar la entrada de voz\">\n<p>La tecnolog\u00eda de conducci\u00f3n \u00f3sea es muy util en casos de personas que necesitan escuchar y a la vez tener el canal auditivo libre para otras tareas, en algunos casos de discapacidad permite escuchar pro el hueso, y este dise\u00f1o adem\u00e1s tiene amplificaci\u00f3n d\u00e9 sonido para casos de perdida auditiva. recuerde siempre que antes de comprar, es recomendable consultar con un especialista si esta tecnolog\u00eda es la adecuada para su caso.<\/p>\n<\/div>\n<\/div>\n<\/div>\n<\/div>\n<\/div>\n<\/div>\n<\/div>\n<\/div>\n","protected":false},"featured_media":0,"template":"","meta":[],"product_cat":[217,51],"product_tag":[75,77,76,78,79,81,80],"class_list":["post-50214","product","type-product","status-publish","hentry","product_cat-audifonos-amplificadores-conduccion-osea","product_cat-ayudas-audicion-y-discapacidad-auditiva","product_tag-audifono-adulto-mayor","product_tag-audifono-discapacidad","product_tag-audifono-discapacidad-auditiva","product_tag-audifono-sordo","product_tag-ayudas-auditivas","product_tag-ayudas-para-sordos","product_tag-producto-de-apoyo-baja-audicion","description-off"],"_links":{"self":[{"href":"https:\/\/ayudasparatodos.com\/index.php\/wp-json\/wp\/v3\/product\/50214"}],"collection":[{"href":"https:\/\/ayudasparatodos.com\/index.php\/wp-json\/wp\/v3\/product"}],"about":[{"href":"https:\/\/ayudasparatodos.com\/index.php\/wp-json\/wp\/v2\/types\/product"}],"wp:attachment":[{"href":"https:\/\/ayudasparatodos.com\/index.php\/wp-json\/wp\/v2\/media?parent=50214"}],"wp:term":[{"taxonomy":"product_cat","embeddable":true,"href":"https:\/\/ayudasparatodos.com\/index.php\/wp-json\/wp\/v2\/product_cat?post=50214"},{"taxonomy":"product_tag","embeddable":true,"href":"https:\/\/ayudasparatodos.com\/index.php\/wp-json\/wp\/v2\/product_tag?post=50214"}],"curies":[{"name":"wp","href":"https:\/\/api.w.org\/{rel}","templated":true}]}}