{"id":50487,"date":"2022-07-28T14:55:19","date_gmt":"2022-07-28T14:55:19","guid":{"rendered":"https:\/\/ayudasparatodos.com\/?post_type=product&#038;p=50487"},"modified":"2023-11-22T19:17:20","modified_gmt":"2023-11-22T19:17:20","slug":"behearmodeliiaud3-2","status":"publish","type":"product","link":"https:\/\/ayudasparatodos.com\/index.php\/producto\/behearmodeliiaud3-2\/","title":{"rendered":"BeHear Access Model II &#8211; Amplificador de sonido para auriculares inal\u00e1mbricos Bluetooth recargable, sistema de sonido personal ligero | Evaluaci\u00f3n de audici\u00f3n manual\/aplicaci\u00f3n para ajustes personalizados | Controles grandes"},"content":{"rendered":"<ul class=\"a-unordered-list a-vertical a-spacing-mini\">\n<li><span class=\"a-list-item\">Escucha la diferencia: los auriculares inal\u00e1mbricos recargables Bluetooth BeHear Access Model II, amplifican los sonidos mejorando la claridad y el volumen para entender y comunicarse m\u00e1s f\u00e1cilmente. Una evaluaci\u00f3n auditiva r\u00e1pida personaliza tus auriculares y actualiza la configuraci\u00f3n.<\/span><\/li>\n<li><span class=\"a-list-item\">Experimenta un sonido claro: Bluetooth te permite escuchar m\u00fasica, transmitir audio, realizar llamadas telef\u00f3nicas a pulgadas de tus o\u00eddos. Una funci\u00f3n EasyListen ralentiza el habla para ayudar a entender cada palabra y se conecta al audio de tu dispositivo para disfrutar de un sonido amplificado claro.<\/span><\/li>\n<li><span class=\"a-list-item\">F\u00e1cil de afinar, ajustar y manejar: utiliza los grandes botones accesibles en el auricular o aplicaci\u00f3n para ajustar y personalizar el volumen, graves\/agudos seg\u00fan sea necesario en tiempo real. \u00bfTienes tinnitus? Utiliza el exclusivo generador de ruido blanco relajante para reducir las molestias.<\/span><\/li>\n<li><span class=\"a-list-item\">Soluci\u00f3n auditiva avanzada: la evaluaci\u00f3n auditiva crea autom\u00e1ticamente un perfil personalizado que captura tus preferencias auditivas para TV, computadora, m\u00fasica, 1 a 1 y conversaciones telef\u00f3nicas. Una funci\u00f3n de reducci\u00f3n de ruido reduce el ruido de fondo para escuchar mejor a las personas.<\/span><\/li>\n<li><span class=\"a-list-item\">Mejora de la comunicaci\u00f3n de voz: Alango Technologies Ltd. est\u00e1 comprometida con la satisfacci\u00f3n del cliente y ofrece una garant\u00eda de 1 a\u00f1o. P\u00f3ngase en contacto con nuestro Centro de atenci\u00f3n al cliente para obtener ayuda paso a paso con la conectividad Bluetooth y la aplicaci\u00f3n telef\u00f3nica de evaluaci\u00f3n auditiva BeHear.<\/span><\/li>\n<\/ul>\n<p>&nbsp;<\/p>\n<ul>\n<li>\n<h5>Precio en d\u00f3lares americanos USD. Favor contactarnos al correo ventas@ayudasparatodos.com para generarle un enlace de pago personalizado por el valor de los art\u00edculos + el valor del envi\u00f3 seg\u00fan su ubicaci\u00f3n y con su moneda local.\u00a0Despachos a nivel nacional e internacional desde Medellin &#8211; Colombia.<\/h5>\n<\/li>\n<li>Desde Ayudas para TODOS, estamos trabajando para ofrecerles el mayor Marketplace inclusivo a nivel mundial. Reuniendo en 1 solo sitio todos los productos que puedan necesitar, m\u00e1s de 5.000 referencias de art\u00edculos especializados que puedan necesitar instituciones y personas con o sin discapacidad, para apoyar procesos de inclusi\u00f3n, ayudando a superar las barreras que se pueden presentar al momento de estudiar, de trabajar, y en las dem\u00e1s actividades de la vida diaria.<\/li>\n<li>\u00bfNo est\u00e1 seguro sobre qu\u00e9 tipo de dispositivo o producto de apoyo debe comprar? Contamos con expertos para estudiar sus necesidades y asesorarlo recomend\u00e1ndole la ayuda o el conjunto de ayudas m\u00e1s adecuadas \u00bfNecesitas un producto y no lo encuentras en nuestro catalogo online? Cont\u00e1ctanos para ayudarte a conseguirlo. \u00bfEres emprendedor y tienes un gran producto inclusivo que quisieras promocionar en nuestra plataforma? <a href=\"https:\/\/ayudasparatodos.com\/index.php\/contact\/\">Cont\u00e1ctanos<\/a><\/li>\n<li>Visita la secci\u00f3n sobre <a href=\"https:\/\/ayudasparatodos.com\/index.php\/como-comprar-faq\/\">\u00bfC\u00f3mo Comprar? FAQ<\/a>, en la cual encontraras de forma m\u00e1s detallada las instrucciones de como comprar, servicio de asesor\u00eda y cotizaciones, formas de pago, env\u00edos a nivel nacional e internacional, garant\u00eda y otros temas relacionados.<\/li>\n<li>\n<p style=\"vertical-align: baseline; margin: 0cm 0cm 11.25pt 0cm;\"><span style=\"font-size: 11.5pt; font-family: Roboto; color: #626262;\">Asesor\u00eda, cotizaciones dudas y comentarios: Si tiene cualquier duda o comentario, nos puede escribir o llamar via WhatsApp agregando el numero +57 3006000144 o directamente desde este <a href=\"https:\/\/wa.me\/+573006000144\">enlace<\/a>\u00a0 <\/span><a href=\"https:\/\/wa.me\/+573006000144\"><span style=\"font-size: 11.5pt; font-family: Roboto; color: #626262;\">https:\/\/wa.me\/+573006000144<\/span><\/a><span style=\"font-size: 11.5pt; font-family: Roboto; color: #626262;\">\u00a0 \u00a0 Tambi\u00e9n puede enviarnos un correo electr\u00f3nico a la direcci\u00f3n <a href=\"mailto:ventas@ayudasparatodos.com\">ventas@ayudasparatodos.com<\/a><\/span><\/p>\n<\/li>\n<\/ul>\n","protected":false},"excerpt":{"rendered":"<h5>Escucha la diferencia: los auriculares inal\u00e1mbricos recargables Bluetooth BeHear Access Model II, amplifican los sonidos mejorando la claridad y el volumen para entender y comunicarse m\u00e1s f\u00e1cilmente<\/h5>\n","protected":false},"featured_media":0,"template":"","meta":[],"product_cat":[218],"product_tag":[75,77,76,78,79,81,80],"class_list":["post-50487","product","type-product","status-publish","hentry","product_cat-otros-sistemas-amplificadores-de-sonido","product_tag-audifono-adulto-mayor","product_tag-audifono-discapacidad","product_tag-audifono-discapacidad-auditiva","product_tag-audifono-sordo","product_tag-ayudas-auditivas","product_tag-ayudas-para-sordos","product_tag-producto-de-apoyo-baja-audicion","description-off"],"_links":{"self":[{"href":"https:\/\/ayudasparatodos.com\/index.php\/wp-json\/wp\/v3\/product\/50487"}],"collection":[{"href":"https:\/\/ayudasparatodos.com\/index.php\/wp-json\/wp\/v3\/product"}],"about":[{"href":"https:\/\/ayudasparatodos.com\/index.php\/wp-json\/wp\/v2\/types\/product"}],"wp:attachment":[{"href":"https:\/\/ayudasparatodos.com\/index.php\/wp-json\/wp\/v2\/media?parent=50487"}],"wp:term":[{"taxonomy":"product_cat","embeddable":true,"href":"https:\/\/ayudasparatodos.com\/index.php\/wp-json\/wp\/v2\/product_cat?post=50487"},{"taxonomy":"product_tag","embeddable":true,"href":"https:\/\/ayudasparatodos.com\/index.php\/wp-json\/wp\/v2\/product_tag?post=50487"}],"curies":[{"name":"wp","href":"https:\/\/api.w.org\/{rel}","templated":true}]}}