{"id":50590,"date":"2022-08-03T04:09:51","date_gmt":"2022-08-03T04:09:51","guid":{"rendered":"https:\/\/ayudasparatodos.com\/?post_type=product&#038;p=50590"},"modified":"2023-11-22T19:19:55","modified_gmt":"2023-11-22T19:19:55","slug":"aud15obstonek18","status":"publish","type":"product","link":"https:\/\/ayudasparatodos.com\/index.php\/producto\/aud15obstonek18\/","title":{"rendered":"iBstone K18 &#8211; Amplificador auditivo recargable para ayudar a la audici\u00f3n, mini aud\u00edfonos completamente en el canal, c\u00f3modo de llevar con m\u00e1scaras y gafas, negro, par, K18"},"content":{"rendered":"<p id=\"title\" class=\"a-size-large a-spacing-none\"><span id=\"productTitle\" class=\"a-size-large product-title-word-break\">iBstone K18 &#8211; Amplificador auditivo recargable para ayudar a la audici\u00f3n, mini aud\u00edfonos completamente en el canal, c\u00f3modo de llevar con m\u00e1scaras y gafas, negro, par, K18<\/span><\/p>\n<ul class=\"a-unordered-list a-vertical a-spacing-mini\">\n<li><span class=\"a-list-item\">Asistencia auditiva s\u00faper eficaz: ideal para la mayor\u00eda de la p\u00e9rdida auditiva leve a moderada. Con reducci\u00f3n de ruido, estos peque\u00f1os dispositivos te traer\u00e1n de vuelta al mundo claro.<\/span><\/li>\n<li><span class=\"a-list-item\">Completamente en el canal: estos aud\u00edfonos son mucho m\u00e1s peque\u00f1os que otros amplificadores auditivos CIC. Se siente m\u00e1s c\u00f3modo en el canal auditivo, y no carga para las orejas durante mucho tiempo. Ideal para personas que usan gafas o m\u00e1scaras.<\/span><\/li>\n<li><span class=\"a-list-item\">Recargable r\u00e1pido: col\u00f3calo en la base de carga, obtendr\u00e1s una duraci\u00f3n de uso de 24 horas con aproximadamente 3 horas de carga. Tan f\u00e1cil como cargar un tel\u00e9fono m\u00f3vil, ya no es necesario lidiar con bater\u00edas.<\/span><\/li>\n<li><span class=\"a-list-item\">Dise\u00f1o de \u00faltima generaci\u00f3n: dise\u00f1o de color negro fresco para los dispositivos, superficie beige que se cierra al color de la piel para lucir natural. Aunque hay una letra \u00abL\u00bb y \u00abR\u00bb para decir la direcci\u00f3n izquierda y derecha, tambi\u00e9n puedes utilizarlas para cada lado de la oreja. Bot\u00f3n de encendido\/apagado obvio para un f\u00e1cil funcionamiento.<\/span><\/li>\n<li><span class=\"a-list-item\">Salida de protecci\u00f3n auditiva: estos aud\u00edfonos tienen salida autom\u00e1tica de control de ganancia de sonido para protecci\u00f3n auditiva, no sufrir\u00e1s de ruido repentino.<\/span><\/li>\n<\/ul>\n<p>&nbsp;<\/p>\n<ul class=\"a-unordered-list a-vertical a-spacing-mini\">\n<li>Desde Ayudas para TODOS, estamos trabajando para ofrecerles el mayor Marketplace inclusivo a nivel mundial. Reuniendo en 1 solo sitio todos los productos que puedan necesitar, m\u00e1s de 5.000 referencias de art\u00edculos especializados que puedan necesitar instituciones y personas con o sin discapacidad, para apoyar procesos de inclusi\u00f3n, ayudando a superar las barreras que se pueden presentar al momento de estudiar, de trabajar, y en las dem\u00e1s actividades de la vida diaria.<\/li>\n<li>\u00bfNo est\u00e1 seguro sobre qu\u00e9 tipo de dispositivo o producto de apoyo debe comprar? Contamos con expertos para estudiar sus necesidades y asesorarlo recomend\u00e1ndole la ayuda o el conjunto de ayudas m\u00e1s adecuadas \u00bfNecesitas un producto y no lo encuentras en nuestro catalogo online? Cont\u00e1ctanos para ayudarte a conseguirlo. \u00bfEres emprendedor y tienes un gran producto inclusivo que quisieras promocionar en nuestra plataforma? <a href=\"https:\/\/ayudasparatodos.com\/index.php\/contact\/\">Cont\u00e1ctanos<\/a><\/li>\n<li>Visita la secci\u00f3n sobre <a href=\"https:\/\/ayudasparatodos.com\/index.php\/como-comprar-faq\/\">\u00bfC\u00f3mo Comprar? FAQ<\/a>, en la cual encontraras de forma m\u00e1s detallada las instrucciones de como comprar, servicio de asesor\u00eda y cotizaciones, formas de pago, env\u00edos a nivel nacional e internacional, garant\u00eda y otros temas relacionados.<\/li>\n<li><span style=\"font-size: 11.5pt; font-family: Roboto; color: #626262;\">Asesor\u00eda, cotizaciones dudas y comentarios: Si tiene cualquier duda o comentario, nos puede escribir o llamar via WhatsApp agregando el numero +57 3006000144 o directamente desde este <a href=\"https:\/\/wa.me\/+573006000144\">enlace<\/a>\u00a0 <\/span><a href=\"https:\/\/wa.me\/+573006000144\"><span style=\"font-size: 11.5pt; font-family: Roboto; color: #626262;\">https:\/\/wa.me\/+573006000144<\/span><\/a><span style=\"font-size: 11.5pt; font-family: Roboto; color: #626262;\">\u00a0 \u00a0 Tambi\u00e9n puede enviarnos un correo electr\u00f3nico a la direcci\u00f3n <a href=\"mailto:ventas@ayudasparatodos.com\">ventas@ayudasparatodos.com<\/a><\/span><\/li>\n<\/ul>\n","protected":false},"excerpt":{"rendered":"<h5>Mini aud\u00edfonos recargables, muy c\u00f3modos, poco peso,\u00a0 apoyo en discapacidad auditiva, perdida de audici\u00f3n. amplificador auditivo potente de alta calidad,<\/h5>\n<p><b>Articulo en venta bajo pedido, tiempo de entrega de 15-30 d\u00edas h\u00e1biles. Precio en d\u00f3lares americanos USD. Favor contactarnos al correo ventas@ayudasparatodos.com para generarle un enlace de pago personalizado por el valor de los art\u00edculos + el valor del envi\u00f3 seg\u00fan su ubicaci\u00f3n y con su moneda local. Despachos a nivel nacional e internacional desde Medell\u00edn &#8211; Colombia.<\/b><\/p>\n","protected":false},"featured_media":50592,"template":"","meta":[],"product_cat":[219],"product_tag":[89,75,77,76,90,78,81,80],"class_list":["post-50590","product","type-product","status-publish","has-post-thumbnail","hentry","product_cat-audifonos-amplificadores-intrauriculares","product_tag-amplificador-auditivo","product_tag-audifono-adulto-mayor","product_tag-audifono-discapacidad","product_tag-audifono-discapacidad-auditiva","product_tag-audifono-recargable","product_tag-audifono-sordo","product_tag-ayudas-para-sordos","product_tag-producto-de-apoyo-baja-audicion","description-off"],"_links":{"self":[{"href":"https:\/\/ayudasparatodos.com\/index.php\/wp-json\/wp\/v3\/product\/50590"}],"collection":[{"href":"https:\/\/ayudasparatodos.com\/index.php\/wp-json\/wp\/v3\/product"}],"about":[{"href":"https:\/\/ayudasparatodos.com\/index.php\/wp-json\/wp\/v2\/types\/product"}],"wp:featuredmedia":[{"embeddable":true,"href":"https:\/\/ayudasparatodos.com\/index.php\/wp-json\/wp\/v2\/media\/50592"}],"wp:attachment":[{"href":"https:\/\/ayudasparatodos.com\/index.php\/wp-json\/wp\/v2\/media?parent=50590"}],"wp:term":[{"taxonomy":"product_cat","embeddable":true,"href":"https:\/\/ayudasparatodos.com\/index.php\/wp-json\/wp\/v2\/product_cat?post=50590"},{"taxonomy":"product_tag","embeddable":true,"href":"https:\/\/ayudasparatodos.com\/index.php\/wp-json\/wp\/v2\/product_tag?post=50590"}],"curies":[{"name":"wp","href":"https:\/\/api.w.org\/{rel}","templated":true}]}}