{"id":50598,"date":"2022-08-03T16:59:09","date_gmt":"2022-08-03T16:59:09","guid":{"rendered":"https:\/\/ayudasparatodos.com\/?post_type=product&#038;p=50598"},"modified":"2023-11-22T19:20:18","modified_gmt":"2023-11-22T19:20:18","slug":"aud16earup","status":"publish","type":"product","link":"https:\/\/ayudasparatodos.com\/index.php\/producto\/aud16earup\/","title":{"rendered":"Earup Aud\u00edfonos Bluetooth 2 en 1 y recargables con control de aplicaci\u00f3n para adultos mayores, amplificadores de sonido digitales personales con auriculares para reducci\u00f3n de comentarios, cancelaci\u00f3n de ruido, 1 par"},"content":{"rendered":"<p id=\"title\" class=\"a-size-large a-spacing-none\"><span id=\"productTitle\" class=\"a-size-large product-title-word-break\">Earup Aud\u00edfonos Bluetooth 2 en 1 y recargables con control de aplicaci\u00f3n para adultos mayores, amplificadores de sonido digitales personales con auriculares para reducci\u00f3n de comentarios, cancelaci\u00f3n de ruido, 1 par<\/span><\/p>\n<ul class=\"a-unordered-list a-vertical a-spacing-mini\">\n<li><span class=\"a-list-item\">\u3010Escucha mejor y m\u00e1s suave\u3011: si est\u00e1s experimentando p\u00e9rdida auditiva leve a moderada y necesitas sonidos para ser amplificados para escuchar c\u00f3modamente, entonces el amplificador auditivo podr\u00eda ser la soluci\u00f3n ideal. Consejo: Por lo general, tarda 1 semana en ajustarse al nuevo sonido obtenido a trav\u00e9s de estas ayudas.<\/span><\/li>\n<li><span class=\"a-list-item\">Reducci\u00f3n de ruido: ayuda equipada con detecci\u00f3n \u00f3ptica autom\u00e1tica intrauditiva. A trav\u00e9s de la inducci\u00f3n autom\u00e1tica de la diferencia de tiempo entre la emisi\u00f3n del l\u00e1ser infrarrojo (Vcsel) y el tiempo de recepci\u00f3n del PD, se encender\u00e1 autom\u00e1ticamente despu\u00e9s de usarlo, y se apagar\u00e1 autom\u00e1ticamente despu\u00e9s de sacarlo.<\/span><\/li>\n<li><span class=\"a-list-item\">Bluetooth y control de aplicaci\u00f3n: con la \u00faltima tecnolog\u00eda Bluetooth 5.0, te permite escuchar m\u00e1s claramente. La nueva aplicaci\u00f3n exclusiva cuenta con m\u00e1s opciones de personalizaci\u00f3n, puedes ajustar el volumen y los graves agudos a trav\u00e9s de la aplicaci\u00f3n. La aplicaci\u00f3n Soundwear est\u00e1 disponible tanto para iOS como para Android.<\/span><\/li>\n<li><span class=\"a-list-item\">Recargable: la funda para auriculares se puede cargar completamente en 1,5-2 horas y soporta 3 ciclos de carga. El dispositivo de sonido completo soporta m\u00e1s de 24 horas de mejora auditiva y m\u00e1s de 24 horas de transmisi\u00f3n de m\u00fasica.<\/span><\/li>\n<\/ul>\n<p>&nbsp;<\/p>\n<ul class=\"a-unordered-list a-vertical a-spacing-mini\">\n<li>Desde Ayudas para TODOS, estamos trabajando para ofrecerles el mayor Marketplace inclusivo a nivel mundial. Reuniendo en 1 solo sitio todos los productos que puedan necesitar, m\u00e1s de 5.000 referencias de art\u00edculos especializados que puedan necesitar instituciones y personas con o sin discapacidad, para apoyar procesos de inclusi\u00f3n, ayudando a superar las barreras que se pueden presentar al momento de estudiar, de trabajar, y en las dem\u00e1s actividades de la vida diaria.<\/li>\n<li>\u00bfNo est\u00e1 seguro sobre qu\u00e9 tipo de dispositivo o producto de apoyo debe comprar? Contamos con expertos para estudiar sus necesidades y asesorarlo recomend\u00e1ndole la ayuda o el conjunto de ayudas m\u00e1s adecuadas \u00bfNecesitas un producto y no lo encuentras en nuestro catalogo online? Cont\u00e1ctanos para ayudarte a conseguirlo. \u00bfEres emprendedor y tienes un gran producto inclusivo que quisieras promocionar en nuestra plataforma? <a href=\"https:\/\/ayudasparatodos.com\/index.php\/contact\/\">Cont\u00e1ctanos<\/a><\/li>\n<li>Visita la secci\u00f3n sobre <a href=\"https:\/\/ayudasparatodos.com\/index.php\/como-comprar-faq\/\">\u00bfC\u00f3mo Comprar? FAQ<\/a>, en la cual encontraras de forma m\u00e1s detallada las instrucciones de como comprar, servicio de asesor\u00eda y cotizaciones, formas de pago, env\u00edos a nivel nacional e internacional, garant\u00eda y otros temas relacionados.<\/li>\n<li><span style=\"font-size: 11.5pt; font-family: Roboto; color: #626262;\">Asesor\u00eda, cotizaciones dudas y comentarios: Si tiene cualquier duda o comentario, nos puede escribir o llamar via WhatsApp agregando el numero +57 3006000144 o directamente desde este <a href=\"https:\/\/wa.me\/+573006000144\">enlace<\/a>\u00a0 <\/span><a href=\"https:\/\/wa.me\/+573006000144\"><span style=\"font-size: 11.5pt; font-family: Roboto; color: #626262;\">https:\/\/wa.me\/+573006000144<\/span><\/a><span style=\"font-size: 11.5pt; font-family: Roboto; color: #626262;\">\u00a0 \u00a0 Tambi\u00e9n puede enviarnos un correo electr\u00f3nico a la direcci\u00f3n <a href=\"mailto:ventas@ayudasparatodos.com\">ventas@ayudasparatodos.com<\/a><\/span><\/li>\n<\/ul>\n","protected":false},"excerpt":{"rendered":"<h5>Mini aud\u00edfonos recargables, muy c\u00f3modos, poco peso,\u00a0 apoyo en discapacidad auditiva, perdida de audici\u00f3n. amplificador auditivo potente de alta calidad,<\/h5>\n<p><b>Articulo en venta bajo pedido, tiempo de entrega de 15-30 d\u00edas h\u00e1biles. Precio en d\u00f3lares americanos USD. Favor contactarnos al correo ventas@ayudasparatodos.com para generarle un enlace de pago personalizado por el valor de los art\u00edculos + el valor del envi\u00f3 seg\u00fan su ubicaci\u00f3n y con su moneda local. Despachos a nivel nacional e internacional desde Medell\u00edn &#8211; Colombia.<\/b><\/p>\n","protected":false},"featured_media":50599,"template":"","meta":[],"product_cat":[219],"product_tag":[89,75,77,76,90,78,81,80],"class_list":["post-50598","product","type-product","status-publish","has-post-thumbnail","hentry","product_cat-audifonos-amplificadores-intrauriculares","product_tag-amplificador-auditivo","product_tag-audifono-adulto-mayor","product_tag-audifono-discapacidad","product_tag-audifono-discapacidad-auditiva","product_tag-audifono-recargable","product_tag-audifono-sordo","product_tag-ayudas-para-sordos","product_tag-producto-de-apoyo-baja-audicion","description-off"],"_links":{"self":[{"href":"https:\/\/ayudasparatodos.com\/index.php\/wp-json\/wp\/v3\/product\/50598"}],"collection":[{"href":"https:\/\/ayudasparatodos.com\/index.php\/wp-json\/wp\/v3\/product"}],"about":[{"href":"https:\/\/ayudasparatodos.com\/index.php\/wp-json\/wp\/v2\/types\/product"}],"wp:featuredmedia":[{"embeddable":true,"href":"https:\/\/ayudasparatodos.com\/index.php\/wp-json\/wp\/v2\/media\/50599"}],"wp:attachment":[{"href":"https:\/\/ayudasparatodos.com\/index.php\/wp-json\/wp\/v2\/media?parent=50598"}],"wp:term":[{"taxonomy":"product_cat","embeddable":true,"href":"https:\/\/ayudasparatodos.com\/index.php\/wp-json\/wp\/v2\/product_cat?post=50598"},{"taxonomy":"product_tag","embeddable":true,"href":"https:\/\/ayudasparatodos.com\/index.php\/wp-json\/wp\/v2\/product_tag?post=50598"}],"curies":[{"name":"wp","href":"https:\/\/api.w.org\/{rel}","templated":true}]}}