{"id":50607,"date":"2022-08-03T17:16:42","date_gmt":"2022-08-03T17:16:42","guid":{"rendered":"https:\/\/ayudasparatodos.com\/?post_type=product&#038;p=50607"},"modified":"2023-11-22T19:22:05","modified_gmt":"2023-11-22T19:22:05","slug":"aud18amplificador","status":"publish","type":"product","link":"https:\/\/ayudasparatodos.com\/index.php\/producto\/aud18amplificador\/","title":{"rendered":"Aud\u00edfonos recargables para personas mayores, mini amplificadores de sonido personales, 20 horas de duraci\u00f3n de la bater\u00eda con estuche de carga port\u00e1til, modo de tel\u00e9fono"},"content":{"rendered":"<h1 id=\"title\" class=\"a-size-large a-spacing-none\"><span id=\"productTitle\" class=\"a-size-large product-title-word-break\">Aud\u00edfonos recargables para personas mayores, mini amplificadores de sonido personales, 20 horas de duraci\u00f3n de la bater\u00eda con estuche de carga port\u00e1til, modo de tel\u00e9fono<\/span><\/h1>\n<ul class=\"a-unordered-list a-vertical a-spacing-mini\">\n<li><span class=\"a-list-item\">Recargable: 20 horas de trabajo para amplificador de sonido. 2 horas de carga con funda port\u00e1til. Carga en cualquier momento y lugar. No hay necesidad de reemplazar esas bater\u00edas peque\u00f1as y caras.<\/span><\/li>\n<li><span class=\"a-list-item\">Funcionamiento sencillo: solo necesita un bot\u00f3n para cambiar entre 3 modos (normal\/ruido\/tel\u00e9fono). Tambi\u00e9n tiene la funci\u00f3n de recordar la configuraci\u00f3n. El modo y el volumen utilizados la \u00faltima vez seguir\u00e1n siendo utilizados la pr\u00f3xima vez que lo enciendas.<\/span><\/li>\n<li><span class=\"a-list-item\">F\u00e1cil de usar: solo control de 2 botones. Pulsa \u00abM\u00bb durante 3 segundos para encender\/apagar. Pulsa brevemente \u00abM\u00bb para ajustar el modo. Pulsa brevemente el bot\u00f3n de volumen para obtener volumen +\/-, sin necesidad de quitarlo.<\/span><\/li>\n<li><span class=\"a-list-item\">Dise\u00f1o invisible: los amplificadores de sonido personales son peque\u00f1os, discretos y lo suficientemente mini como para estar invisible detr\u00e1s de la oreja.<\/span><\/li>\n<\/ul>\n<p>&nbsp;<\/p>\n<ul class=\"a-unordered-list a-vertical a-spacing-mini\">\n<li>Desde Ayudas para TODOS, estamos trabajando para ofrecerles el mayor Marketplace inclusivo a nivel mundial. Reuniendo en 1 solo sitio todos los productos que puedan necesitar, m\u00e1s de 5.000 referencias de art\u00edculos especializados que puedan necesitar instituciones y personas con o sin discapacidad, para apoyar procesos de inclusi\u00f3n, ayudando a superar las barreras que se pueden presentar al momento de estudiar, de trabajar, y en las dem\u00e1s actividades de la vida diaria.<\/li>\n<li>\u00bfNo est\u00e1 seguro sobre qu\u00e9 tipo de dispositivo o producto de apoyo debe comprar? Contamos con expertos para estudiar sus necesidades y asesorarlo recomend\u00e1ndole la ayuda o el conjunto de ayudas m\u00e1s adecuadas \u00bfNecesitas un producto y no lo encuentras en nuestro catalogo online? Cont\u00e1ctanos para ayudarte a conseguirlo. \u00bfEres emprendedor y tienes un gran producto inclusivo que quisieras promocionar en nuestra plataforma? <a href=\"https:\/\/ayudasparatodos.com\/index.php\/contact\/\">Cont\u00e1ctanos<\/a><\/li>\n<li>Visita la secci\u00f3n sobre <a href=\"https:\/\/ayudasparatodos.com\/index.php\/como-comprar-faq\/\">\u00bfC\u00f3mo Comprar? FAQ<\/a>, en la cual encontraras de forma m\u00e1s detallada las instrucciones de como comprar, servicio de asesor\u00eda y cotizaciones, formas de pago, env\u00edos a nivel nacional e internacional, garant\u00eda y otros temas relacionados.<\/li>\n<li><span style=\"font-size: 11.5pt; font-family: Roboto; color: #626262;\">Asesor\u00eda, cotizaciones dudas y comentarios: Si tiene cualquier duda o comentario, nos puede escribir o llamar via WhatsApp agregando el numero +57 3006000144 o directamente desde este <a href=\"https:\/\/wa.me\/+573006000144\">enlace<\/a>\u00a0 <\/span><a href=\"https:\/\/wa.me\/+573006000144\"><span style=\"font-size: 11.5pt; font-family: Roboto; color: #626262;\">https:\/\/wa.me\/+573006000144<\/span><\/a><span style=\"font-size: 11.5pt; font-family: Roboto; color: #626262;\">\u00a0 \u00a0 Tambi\u00e9n puede enviarnos un correo electr\u00f3nico a la direcci\u00f3n <a href=\"mailto:ventas@ayudasparatodos.com\">ventas@ayudasparatodos.com<\/a><\/span><\/li>\n<\/ul>\n","protected":false},"excerpt":{"rendered":"<h5>Mini aud\u00edfonos recargables, muy c\u00f3modos, poco peso,\u00a0 apoyo en discapacidad auditiva, perdida de audici\u00f3n. amplificador auditivo potente de alta calidad,<\/h5>\n<p><b>Articulo en venta bajo pedido, tiempo de entrega de 15-30 d\u00edas h\u00e1biles. Precio en d\u00f3lares americanos USD. Favor contactarnos al correo ventas@ayudasparatodos.com para generarle un enlace de pago personalizado por el valor de los art\u00edculos + el valor del envi\u00f3 seg\u00fan su ubicaci\u00f3n y con su moneda local. Despachos a nivel nacional e internacional desde Medell\u00edn &#8211; Colombia.<\/b><\/p>\n","protected":false},"featured_media":0,"template":"","meta":[],"product_cat":[219],"product_tag":[89,75,77,76,90,78,81,80],"class_list":["post-50607","product","type-product","status-publish","hentry","product_cat-audifonos-amplificadores-intrauriculares","product_tag-amplificador-auditivo","product_tag-audifono-adulto-mayor","product_tag-audifono-discapacidad","product_tag-audifono-discapacidad-auditiva","product_tag-audifono-recargable","product_tag-audifono-sordo","product_tag-ayudas-para-sordos","product_tag-producto-de-apoyo-baja-audicion","description-off"],"_links":{"self":[{"href":"https:\/\/ayudasparatodos.com\/index.php\/wp-json\/wp\/v3\/product\/50607"}],"collection":[{"href":"https:\/\/ayudasparatodos.com\/index.php\/wp-json\/wp\/v3\/product"}],"about":[{"href":"https:\/\/ayudasparatodos.com\/index.php\/wp-json\/wp\/v2\/types\/product"}],"wp:attachment":[{"href":"https:\/\/ayudasparatodos.com\/index.php\/wp-json\/wp\/v2\/media?parent=50607"}],"wp:term":[{"taxonomy":"product_cat","embeddable":true,"href":"https:\/\/ayudasparatodos.com\/index.php\/wp-json\/wp\/v2\/product_cat?post=50607"},{"taxonomy":"product_tag","embeddable":true,"href":"https:\/\/ayudasparatodos.com\/index.php\/wp-json\/wp\/v2\/product_tag?post=50607"}],"curies":[{"name":"wp","href":"https:\/\/api.w.org\/{rel}","templated":true}]}}