{"id":50608,"date":"2022-08-03T17:25:55","date_gmt":"2022-08-03T17:25:55","guid":{"rendered":"https:\/\/ayudasparatodos.com\/?post_type=product&#038;p=50608"},"modified":"2023-11-22T19:22:27","modified_gmt":"2023-11-22T19:22:27","slug":"aud19audifonosauditiva","status":"publish","type":"product","link":"https:\/\/ayudasparatodos.com\/index.php\/producto\/aud19audifonosauditiva\/","title":{"rendered":"Aud\u00edfonos recargables binaurales amplificadores de sonido para personas con discapacidad auditiva, baja audici\u00f3n, perdida auditiva"},"content":{"rendered":"<p id=\"title\" class=\"a-size-large a-spacing-none\">Aud\u00edfonos recargables binaurales amplificadores de sonido para personas con discapacidad auditiva, baja audici\u00f3n, perdida auditiva<\/p>\n<ul class=\"a-unordered-list a-vertical a-spacing-mini\">\n<li><span class=\"a-list-item\"><span><span>\u3010Port\u00e1til\u3011 El aud\u00edfono est\u00e1 equipado con un compartimento de carga port\u00e1til con un tama\u00f1o de solo 6,5 cm x 8,5 cm, que se puede guardar en el bolsillo a voluntad.\u00a0<\/span><span>\u00a1Solo se tarda 1,5 h en cargar completamente el compartimento de carga para cargar 2 aud\u00edfonos 4-5 veces!<\/span><\/span><\/span><\/li>\n<li><span class=\"a-list-item\"><span><span>\u3010Modo de espera extralargo\u3011 Los aud\u00edfonos binaurales se pueden cargar completamente en 2-3 horas y pueden alcanzar un tiempo de espera ultralargo de 48 horas despu\u00e9s de cargarse por completo.<\/span><\/span><\/span><\/li>\n<li><span class=\"a-list-item\"><span><span>\u3010Modo simple\u3011 4 modos de volumen ajustables para garantizar que se escuche un sonido claro en cualquier entorno.\u00a0<\/span><span>Operaci\u00f3n simple con una sola mano, r\u00e1pida y conveniente, adecuada para todo tipo de personas, incluidas las personas mayores.<\/span><\/span><\/span><\/li>\n<li><span class=\"a-list-item\"><span><span>\u3010Dise\u00f1o ergon\u00f3mico\u3011 Un solo aud\u00edfono pesa solo 3 g, por lo que no es una carga para usarlo.\u00a0<\/span><span>El dise\u00f1o ergon\u00f3mico es conveniente y c\u00f3modo de llevar.\u00a0<\/span><span>Regala tapones para los o\u00eddos de diferentes tama\u00f1os, que se adaptan perfectamente a los o\u00eddos de todos.<\/span><\/span><\/span><\/li>\n<li><span class=\"a-list-item\"><span><span>\u3010Recibir\u00e1s\u3011 Tapones para los o\u00eddos y kit de limpieza para aud\u00edfonos*2;\u00a0<\/span><span>cable de datos;\u00a0<\/span><span>adaptador de corriente;\u00a0<\/span><span>manual;\u00a0<\/span><span>compartimento de carga;\u00a0<\/span><span>aud\u00edfono.<\/span><\/span><\/span><\/li>\n<\/ul>\n<p>&nbsp;<\/p>\n<ul class=\"a-unordered-list a-vertical a-spacing-mini\">\n<li>Desde Ayudas para TODOS, estamos trabajando para ofrecerles el mayor Marketplace inclusivo a nivel mundial. Reuniendo en 1 solo sitio todos los productos que puedan necesitar, m\u00e1s de 5.000 referencias de art\u00edculos especializados que puedan necesitar instituciones y personas con o sin discapacidad, para apoyar procesos de inclusi\u00f3n, ayudando a superar las barreras que se pueden presentar al momento de estudiar, de trabajar, y en las dem\u00e1s actividades de la vida diaria.<\/li>\n<li>\u00bfNo est\u00e1 seguro sobre qu\u00e9 tipo de dispositivo o producto de apoyo debe comprar? Contamos con expertos para estudiar sus necesidades y asesorarlo recomend\u00e1ndole la ayuda o el conjunto de ayudas m\u00e1s adecuadas \u00bfNecesitas un producto y no lo encuentras en nuestro catalogo online? Cont\u00e1ctanos para ayudarte a conseguirlo. \u00bfEres emprendedor y tienes un gran producto inclusivo que quisieras promocionar en nuestra plataforma? <a href=\"https:\/\/ayudasparatodos.com\/index.php\/contact\/\">Cont\u00e1ctanos<\/a><\/li>\n<li>Visita la secci\u00f3n sobre <a href=\"https:\/\/ayudasparatodos.com\/index.php\/como-comprar-faq\/\">\u00bfC\u00f3mo Comprar? FAQ<\/a>, en la cual encontraras de forma m\u00e1s detallada las instrucciones de como comprar, servicio de asesor\u00eda y cotizaciones, formas de pago, env\u00edos a nivel nacional e internacional, garant\u00eda y otros temas relacionados.<\/li>\n<li><span style=\"font-size: 11.5pt; font-family: Roboto; color: #626262;\">Asesor\u00eda, cotizaciones dudas y comentarios: Si tiene cualquier duda o comentario, nos puede escribir o llamar via WhatsApp agregando el numero +57 3006000144 o directamente desde este <a href=\"https:\/\/wa.me\/+573006000144\">enlace<\/a>\u00a0 <\/span><a href=\"https:\/\/wa.me\/+573006000144\"><span style=\"font-size: 11.5pt; font-family: Roboto; color: #626262;\">https:\/\/wa.me\/+573006000144<\/span><\/a><span style=\"font-size: 11.5pt; font-family: Roboto; color: #626262;\">\u00a0 \u00a0 Tambi\u00e9n puede enviarnos un correo electr\u00f3nico a la direcci\u00f3n <a href=\"mailto:ventas@ayudasparatodos.com\">ventas@ayudasparatodos.com<\/a><\/span><\/li>\n<\/ul>\n","protected":false},"excerpt":{"rendered":"<h5>Mini aud\u00edfonos recargables, muy c\u00f3modos, poco peso,\u00a0 apoyo en discapacidad auditiva, perdida de audici\u00f3n. amplificador auditivo potente de alta calidad,<\/h5>\n<p><b>Articulo en venta bajo pedido, tiempo de entrega de 15-30 d\u00edas h\u00e1biles. Precio en d\u00f3lares americanos USD. Favor contactarnos al correo ventas@ayudasparatodos.com para generarle un enlace de pago personalizado por el valor de los art\u00edculos + el valor del envi\u00f3 seg\u00fan su ubicaci\u00f3n y con su moneda local. Despachos a nivel nacional e internacional desde Medell\u00edn &#8211; Colombia.<\/b><\/p>\n","protected":false},"featured_media":0,"template":"","meta":[],"product_cat":[219],"product_tag":[89,75,77,76,90,78,81,80],"class_list":["post-50608","product","type-product","status-publish","hentry","product_cat-audifonos-amplificadores-intrauriculares","product_tag-amplificador-auditivo","product_tag-audifono-adulto-mayor","product_tag-audifono-discapacidad","product_tag-audifono-discapacidad-auditiva","product_tag-audifono-recargable","product_tag-audifono-sordo","product_tag-ayudas-para-sordos","product_tag-producto-de-apoyo-baja-audicion","description-off"],"_links":{"self":[{"href":"https:\/\/ayudasparatodos.com\/index.php\/wp-json\/wp\/v3\/product\/50608"}],"collection":[{"href":"https:\/\/ayudasparatodos.com\/index.php\/wp-json\/wp\/v3\/product"}],"about":[{"href":"https:\/\/ayudasparatodos.com\/index.php\/wp-json\/wp\/v2\/types\/product"}],"wp:attachment":[{"href":"https:\/\/ayudasparatodos.com\/index.php\/wp-json\/wp\/v2\/media?parent=50608"}],"wp:term":[{"taxonomy":"product_cat","embeddable":true,"href":"https:\/\/ayudasparatodos.com\/index.php\/wp-json\/wp\/v2\/product_cat?post=50608"},{"taxonomy":"product_tag","embeddable":true,"href":"https:\/\/ayudasparatodos.com\/index.php\/wp-json\/wp\/v2\/product_tag?post=50608"}],"curies":[{"name":"wp","href":"https:\/\/api.w.org\/{rel}","templated":true}]}}