{"id":50642,"date":"2022-08-04T16:02:39","date_gmt":"2022-08-04T16:02:39","guid":{"rendered":"https:\/\/ayudasparatodos.com\/?post_type=product&#038;p=50642"},"modified":"2023-11-22T19:13:42","modified_gmt":"2023-11-22T19:13:42","slug":"aud22parlantetvcoby","status":"publish","type":"product","link":"https:\/\/ayudasparatodos.com\/index.php\/producto\/aud22parlantetvcoby\/","title":{"rendered":"Parlante Portable amplificador de audici\u00f3n digital inal\u00e1mbrico, altavoz de audio para TV con problemas de audici\u00f3n, altavoz Bluetooth port\u00e1til para personas mayores, ancianos y discapacidad auditiva con resaltado de voz COBY"},"content":{"rendered":"<p id=\"title\" class=\"a-size-large a-spacing-none\">Parlante Portable amplificador de audici\u00f3n digital inal\u00e1mbrico, altavoz de audio para TV con problemas de audici\u00f3n, altavoz Bluetooth port\u00e1til para personas mayores, ancianos y discapacidad auditiva con resaltado de voz COBY<\/p>\n<ul class=\"a-unordered-list a-vertical a-spacing-mini\">\n<li><span class=\"a-list-item\">Gestiona el volumen del televisor con precisi\u00f3n, silencia en un segundo e incluso conecta tus auriculares con cable en el altavoz para un sonido realmente personal. recarga, simplemente vuelve a conectar el altavoz a la base o utiliza un pr\u00e1ctico puerto micro USB<\/span><\/li>\n<li><span class=\"a-list-item\">Ideal para personas mayores, parejas, familias o cualquier persona que quiera optimizar su volumen de TV c\u00f3modamente y convenientemente. Simplemente conecta la base a tu televisor a trav\u00e9s de la conexi\u00f3n de salida de audio digital o de l\u00ednea y disfruta del altavoz desde una distancia de hasta 100 pies<\/span><\/li>\n<li><span class=\"a-list-item\">Simplemente conecta la base a tu televisor a trav\u00e9s de la conexi\u00f3n de salida de audio digital o de l\u00ednea y disfruta del altavoz desde una distancia de hasta 100 pies<\/span><\/li>\n<li><span class=\"a-list-item\">Altavoz Bluetooth para reproducir tu m\u00fasica favorita y audio desde un smartphone u otro dispositivo<\/span><\/li>\n<li><span class=\"a-list-item\">Componentes incluidos: cable auxiliar<\/span><\/li>\n<li><span class=\"a-list-item\">Tecnolog\u00eda de conectividad: auxiliar<\/span><\/li>\n<li><span class=\"a-list-item\">Tipo de fuente de alimentaci\u00f3n: CA y bater\u00eda<\/span><\/li>\n<li><span class=\"a-list-item\">Nota: antes de insertar el cable \u00f3ptico, ten en cuenta la presencia de una tapa de pl\u00e1stico transl\u00facido que cubre la lente, retira suavemente las puntas antes de conectarlo a cualquier extremo. El altavoz COBY TV proporciona el nivel perfecto de sonido donde quieras, no m\u00e1s tensi\u00f3n para escuchar di\u00e1logo o complicaciones constantes con el mando a distancia<\/span><\/li>\n<\/ul>\n<p>&nbsp;<\/p>\n<ul class=\"a-unordered-list a-vertical a-spacing-mini\">\n<li>Desde Ayudas para TODOS, estamos trabajando para ofrecerles el mayor Marketplace inclusivo a nivel mundial. Reuniendo en 1 solo sitio todos los productos que puedan necesitar, m\u00e1s de 5.000 referencias de art\u00edculos especializados que puedan necesitar instituciones y personas con o sin discapacidad, para apoyar procesos de inclusi\u00f3n, ayudando a superar las barreras que se pueden presentar al momento de estudiar, de trabajar, y en las dem\u00e1s actividades de la vida diaria.<\/li>\n<li>\u00bfNo est\u00e1 seguro sobre qu\u00e9 tipo de dispositivo o producto de apoyo debe comprar? Contamos con expertos para estudiar sus necesidades y asesorarlo recomend\u00e1ndole la ayuda o el conjunto de ayudas m\u00e1s adecuadas \u00bfNecesitas un producto y no lo encuentras en nuestro catalogo online? Cont\u00e1ctanos para ayudarte a conseguirlo. \u00bfEres emprendedor y tienes un gran producto inclusivo que quisieras promocionar en nuestra plataforma? <a href=\"https:\/\/ayudasparatodos.com\/index.php\/contact\/\">Cont\u00e1ctanos<\/a><\/li>\n<li>Visita la secci\u00f3n sobre <a href=\"https:\/\/ayudasparatodos.com\/index.php\/como-comprar-faq\/\">\u00bfC\u00f3mo Comprar? FAQ<\/a>, en la cual encontraras de forma m\u00e1s detallada las instrucciones de como comprar, servicio de asesor\u00eda y cotizaciones, formas de pago, env\u00edos a nivel nacional e internacional, garant\u00eda y otros temas relacionados.<\/li>\n<li><span style=\"font-size: 11.5pt; font-family: Roboto; color: #626262;\">Asesor\u00eda, cotizaciones dudas y comentarios: Si tiene cualquier duda o comentario, nos puede escribir o llamar via WhatsApp agregando el numero +57 3006000144 o directamente desde este <a href=\"https:\/\/wa.me\/+573006000144\">enlace<\/a>\u00a0 <\/span><a href=\"https:\/\/wa.me\/+573006000144\"><span style=\"font-size: 11.5pt; font-family: Roboto; color: #626262;\">https:\/\/wa.me\/+573006000144<\/span><\/a><span style=\"font-size: 11.5pt; font-family: Roboto; color: #626262;\">\u00a0 \u00a0 Tambi\u00e9n puede enviarnos un correo electr\u00f3nico a la direcci\u00f3n <a href=\"mailto:ventas@ayudasparatodos.com\">ventas@ayudasparatodos.com<\/a><\/span><\/li>\n<\/ul>\n","protected":false},"excerpt":{"rendered":"<h5>Mini aud\u00edfonos recargables, muy c\u00f3modos, poco peso,\u00a0 apoyo en discapacidad auditiva, perdida de audici\u00f3n. amplificador auditivo potente de alta calidad,<\/h5>\n<p><b>Articulo en venta bajo pedido, tiempo de entrega de 15-30 d\u00edas h\u00e1biles. Precio en d\u00f3lares americanos USD. Favor contactarnos al correo ventas@ayudasparatodos.com para generarle un enlace de pago personalizado por el valor de los art\u00edculos + el valor del envi\u00f3 seg\u00fan su ubicaci\u00f3n y con su moneda local. Despachos a nivel nacional e internacional desde Medell\u00edn &#8211; Colombia.<\/b><\/p>\n","protected":false},"featured_media":0,"template":"","meta":[],"product_cat":[218],"product_tag":[89,75,77,76,90,78,81,95,80],"class_list":["post-50642","product","type-product","status-publish","hentry","product_cat-otros-sistemas-amplificadores-de-sonido","product_tag-amplificador-auditivo","product_tag-audifono-adulto-mayor","product_tag-audifono-discapacidad","product_tag-audifono-discapacidad-auditiva","product_tag-audifono-recargable","product_tag-audifono-sordo","product_tag-ayudas-para-sordos","product_tag-parlante-amplificador-television-tv","product_tag-producto-de-apoyo-baja-audicion","description-off"],"_links":{"self":[{"href":"https:\/\/ayudasparatodos.com\/index.php\/wp-json\/wp\/v3\/product\/50642"}],"collection":[{"href":"https:\/\/ayudasparatodos.com\/index.php\/wp-json\/wp\/v3\/product"}],"about":[{"href":"https:\/\/ayudasparatodos.com\/index.php\/wp-json\/wp\/v2\/types\/product"}],"wp:attachment":[{"href":"https:\/\/ayudasparatodos.com\/index.php\/wp-json\/wp\/v2\/media?parent=50642"}],"wp:term":[{"taxonomy":"product_cat","embeddable":true,"href":"https:\/\/ayudasparatodos.com\/index.php\/wp-json\/wp\/v2\/product_cat?post=50642"},{"taxonomy":"product_tag","embeddable":true,"href":"https:\/\/ayudasparatodos.com\/index.php\/wp-json\/wp\/v2\/product_tag?post=50642"}],"curies":[{"name":"wp","href":"https:\/\/api.w.org\/{rel}","templated":true}]}}