{"id":50649,"date":"2022-08-04T16:10:47","date_gmt":"2022-08-04T16:10:47","guid":{"rendered":"https:\/\/ayudasparatodos.com\/?post_type=product&#038;p=50649"},"modified":"2023-11-22T19:13:27","modified_gmt":"2023-11-22T19:13:27","slug":"aud23parlantetv","status":"publish","type":"product","link":"https:\/\/ayudasparatodos.com\/index.php\/producto\/aud23parlantetv\/","title":{"rendered":"SEREONIC Altavoces de TV inal\u00e1mbricos port\u00e1tiles \u2013 Ideal para ver la televisi\u00f3n sin el volumen intenso \u2013 Altavoces inal\u00e1mbricos de TV inteligente para personas con problemas de audici\u00f3n, ancianos y personas mayores, transmisor de radiofrecuencia, alcance de 100 pies"},"content":{"rendered":"<h1 id=\"title\" class=\"a-size-large a-spacing-none\"><span id=\"productTitle\" class=\"a-size-large product-title-word-break\">SEREONIC Altavoces de TV inal\u00e1mbricos port\u00e1tiles \u2013 Ideal para ver la televisi\u00f3n sin el volumen intenso \u2013 Altavoces inal\u00e1mbricos de TV inteligente para personas con problemas de audici\u00f3n, ancianos y personas mayores, transmisor de radiofrecuencia, alcance de 100 pies<\/span><\/h1>\n<ul class=\"a-unordered-list a-vertical a-spacing-mini\">\n<li><span class=\"a-list-item\">Claridad de voz: estos altavoces inal\u00e1mbricos para TV est\u00e1n dise\u00f1ados para mejorar el di\u00e1logo de voz para la televisi\u00f3n sin el volumen de soplado; nuestros altavoces de TV utilizan tecnolog\u00eda RF con cero retraso de audio; entiende claramente lo que la gente est\u00e1 diciendo en la televisi\u00f3n con nuestro audio de alta definici\u00f3n con controles de 3 tonos; altavoz remoto perfecto para televisi\u00f3n.<\/span><\/li>\n<li><span class=\"a-list-item\">Horas de funcionamiento largas: estos altavoces inal\u00e1mbricos recargables para Smart TV funcionan hasta ocho horas con una sola carga; mejor a\u00fan, nuestros altavoces inal\u00e1mbricos de TV para las personas mayores vienen con una base de carga para mantener tu altavoz inal\u00e1mbrico firmemente seguro y cargado durante la noche o cuando no est\u00e9 en uso; tambi\u00e9n puedes mantener el altavoz junto a ti conectado a un adaptador de alimentaci\u00f3n USB (el adaptador de alimentaci\u00f3n adicional se vende por separado).<\/span><\/li>\n<li><span class=\"a-list-item\">Volumen independiente: nuestros altavoces de TV inal\u00e1mbricos para personas mayores cuentan con su propio control de volumen, completamente independiente de tu televisor; no m\u00e1s complicaciones con el mando a distancia, simplemente ajusta el dial en los altavoces de TV para Smart TV para obtener el nivel de sonido deseado.<\/span><\/li>\n<li><span class=\"a-list-item\">Vers\u00e1til: estos altavoces inal\u00e1mbricos para TV cuentan con una gama de diferentes maneras de usar. Altavoces de noche ideales para TV; simplemente retira el altavoz inal\u00e1mbrico de TV del cargador y ac\u00e9rcate a tu mesita de noche para una mejor claridad de sonido. Nuestro altavoz TV SoundBox se conecta a tu Smart TV a trav\u00e9s de un cable RCA, de 0.138\u00a0in o \u00f3ptico. Compatible con audio digital PCM.<\/span><\/li>\n<li><span class=\"a-list-item\">Largo alcance: nuestros altavoces de televisi\u00f3n inal\u00e1mbricos son un gran regalo para padres mayores y est\u00e1n dise\u00f1ados para ser pr\u00e1cticos; por eso nuestro altavoz de voz para soluci\u00f3n de TV te permite estar hasta 100 pies de la estaci\u00f3n base y todav\u00eda tener una recepci\u00f3n clara; para la avanzada caja de sonido inal\u00e1mbrica que permite libertad de movimiento, SEREONIC es la respuesta.<\/span><\/li>\n<\/ul>\n<p>&nbsp;<\/p>\n<ul class=\"a-unordered-list a-vertical a-spacing-mini\">\n<li>Desde Ayudas para TODOS, estamos trabajando para ofrecerles el mayor Marketplace inclusivo a nivel mundial. Reuniendo en 1 solo sitio todos los productos que puedan necesitar, m\u00e1s de 5.000 referencias de art\u00edculos especializados que puedan necesitar instituciones y personas con o sin discapacidad, para apoyar procesos de inclusi\u00f3n, ayudando a superar las barreras que se pueden presentar al momento de estudiar, de trabajar, y en las dem\u00e1s actividades de la vida diaria.<\/li>\n<li>\u00bfNo est\u00e1 seguro sobre qu\u00e9 tipo de dispositivo o producto de apoyo debe comprar? Contamos con expertos para estudiar sus necesidades y asesorarlo recomend\u00e1ndole la ayuda o el conjunto de ayudas m\u00e1s adecuadas \u00bfNecesitas un producto y no lo encuentras en nuestro catalogo online? Cont\u00e1ctanos para ayudarte a conseguirlo. \u00bfEres emprendedor y tienes un gran producto inclusivo que quisieras promocionar en nuestra plataforma? <a href=\"https:\/\/ayudasparatodos.com\/index.php\/contact\/\">Cont\u00e1ctanos<\/a><\/li>\n<li>Visita la secci\u00f3n sobre <a href=\"https:\/\/ayudasparatodos.com\/index.php\/como-comprar-faq\/\">\u00bfC\u00f3mo Comprar? FAQ<\/a>, en la cual encontraras de forma m\u00e1s detallada las instrucciones de como comprar, servicio de asesor\u00eda y cotizaciones, formas de pago, env\u00edos a nivel nacional e internacional, garant\u00eda y otros temas relacionados.<\/li>\n<li><span style=\"font-size: 11.5pt; font-family: Roboto; color: #626262;\">Asesor\u00eda, cotizaciones dudas y comentarios: Si tiene cualquier duda o comentario, nos puede escribir o llamar via WhatsApp agregando el numero +57 3006000144 o directamente desde este <a href=\"https:\/\/wa.me\/+573006000144\">enlace<\/a>\u00a0 <\/span><a href=\"https:\/\/wa.me\/+573006000144\"><span style=\"font-size: 11.5pt; font-family: Roboto; color: #626262;\">https:\/\/wa.me\/+573006000144<\/span><\/a><span style=\"font-size: 11.5pt; font-family: Roboto; color: #626262;\">\u00a0 \u00a0 Tambi\u00e9n puede enviarnos un correo electr\u00f3nico a la direcci\u00f3n <a href=\"mailto:ventas@ayudasparatodos.com\">ventas@ayudasparatodos.com<\/a><\/span><\/li>\n<\/ul>\n","protected":false},"excerpt":{"rendered":"<h5>Mini aud\u00edfonos recargables, muy c\u00f3modos, poco peso,\u00a0 apoyo en discapacidad auditiva, perdida de audici\u00f3n. amplificador auditivo potente de alta calidad,<\/h5>\n<p><b>Articulo en venta bajo pedido, tiempo de entrega de 15-30 d\u00edas h\u00e1biles. Precio en d\u00f3lares americanos USD. Favor contactarnos al correo ventas@ayudasparatodos.com para generarle un enlace de pago personalizado por el valor de los art\u00edculos + el valor del envi\u00f3 seg\u00fan su ubicaci\u00f3n y con su moneda local. Despachos a nivel nacional e internacional desde Medell\u00edn &#8211; Colombia.<\/b><\/p>\n","protected":false},"featured_media":50650,"template":"","meta":[],"product_cat":[218],"product_tag":[89,75,77,76,90,78,81,95,80],"class_list":["post-50649","product","type-product","status-publish","has-post-thumbnail","hentry","product_cat-otros-sistemas-amplificadores-de-sonido","product_tag-amplificador-auditivo","product_tag-audifono-adulto-mayor","product_tag-audifono-discapacidad","product_tag-audifono-discapacidad-auditiva","product_tag-audifono-recargable","product_tag-audifono-sordo","product_tag-ayudas-para-sordos","product_tag-parlante-amplificador-television-tv","product_tag-producto-de-apoyo-baja-audicion","description-off"],"_links":{"self":[{"href":"https:\/\/ayudasparatodos.com\/index.php\/wp-json\/wp\/v3\/product\/50649"}],"collection":[{"href":"https:\/\/ayudasparatodos.com\/index.php\/wp-json\/wp\/v3\/product"}],"about":[{"href":"https:\/\/ayudasparatodos.com\/index.php\/wp-json\/wp\/v2\/types\/product"}],"wp:featuredmedia":[{"embeddable":true,"href":"https:\/\/ayudasparatodos.com\/index.php\/wp-json\/wp\/v2\/media\/50650"}],"wp:attachment":[{"href":"https:\/\/ayudasparatodos.com\/index.php\/wp-json\/wp\/v2\/media?parent=50649"}],"wp:term":[{"taxonomy":"product_cat","embeddable":true,"href":"https:\/\/ayudasparatodos.com\/index.php\/wp-json\/wp\/v2\/product_cat?post=50649"},{"taxonomy":"product_tag","embeddable":true,"href":"https:\/\/ayudasparatodos.com\/index.php\/wp-json\/wp\/v2\/product_tag?post=50649"}],"curies":[{"name":"wp","href":"https:\/\/api.w.org\/{rel}","templated":true}]}}