{"id":50662,"date":"2022-08-05T20:09:15","date_gmt":"2022-08-05T20:09:15","guid":{"rendered":"https:\/\/ayudasparatodos.com\/?post_type=product&#038;p=50662"},"modified":"2023-11-22T18:54:53","modified_gmt":"2023-11-22T18:54:53","slug":"aud25artone3","status":"publish","type":"product","link":"https:\/\/ayudasparatodos.com\/index.php\/producto\/aud25artone3\/","title":{"rendered":"Artone 3 MAX sistema para transmitir llamadas y audio bluetooth a audifonos con Modo T T-Coil desde el tel\u00e9fono y otros equipos"},"content":{"rendered":"<p>Artone 3 MAX sistema para transmitir llamadas y audio bluetooth a aud\u00edfonos con Modo T T-Coil desde el tel\u00e9fono y otros equipos<\/p>\n<p>*Tambi\u00e9n distribuimos otros dispositivos que pueden complementar las funciones del Artone 3Max en un gran kit accesible, serian el micr\u00f3fono Artone MIC inal\u00e1mbrico, el cual se coloca cerca al televisor, o en clase o en una conferencia cerca a al persona que esta hablando y este transmite el sonido directamente al receptor Artone 3MAX. El otro dispositivo recomendado seria el El Artone TVB que se conecta a su televisor o dispositivo de m\u00fasica favorito y transmite el sonido para ser recibido con el receptor Artone 3MAX ya si luego puedes escuchar el sonido de forma clara en tu aud\u00edfono.<\/p>\n<p>Introducci\u00f3n<br \/>\nArtone 3 MAX es un dispositivo de audici\u00f3n asistente port\u00e1til e inal\u00e1mbrico con tecnolog\u00eda inal\u00e1mbrica<br \/>\nincorporada.<br \/>\nPermite a los usuarios con discapacidad auditiva escuchar conversaciones celulares amplificadas y libres de<br \/>\nruidos y disfrutar m\u00fasica transmitida desde tel\u00e9fonos celulares que permitan Bluetooth, computadoras<br \/>\npersonales o Tablets.<br \/>\nCompatibilidad<br \/>\nArtone 3 MAX es compatible con todos los dispositivos para discapacidad auditiva e implantes cocleares<br \/>\nequipados con funci\u00f3n t-coil al igual que con tel\u00e9fonos celulares u otros dispositivos que permitan Bluetooth\u00ae<br \/>\nque soporten auriculares Bluetooth\u00ae, Manos libres, y perfiles A2DP y AVRCP.<br \/>\nRango de Funcionamiento<br \/>\nArtone 3 MAX tiene un rango de funcionamiento de 30 pies (10m) en un espacio abierto<br \/>\nNotas:<br \/>\n*1 M\u00fasica &#8211; La fuente de audio tiene que soportar Bluetooth A2DP (Perfil de Distribuci\u00f3n de Audio Avanzado).<br \/>\n*2 Control Remoto \u2013 La fuente de audio necesita soportar Bluetooth AVRCP (Perfil de Audio y Video a<br \/>\nControl Remoto).<br \/>\n*3 Uso con tel\u00e9fono &#8211; T El tel\u00e9fono m\u00f3vil necesita soportar Bluetooth HSP (Perfil de Auricular) o (Perfil<br \/>\nManos Libres)<br \/>\n&#8211; Algunos tel\u00e9fonos m\u00f3viles no soportar el cambio de conexi\u00f3n Bluetooth entre m\u00fasica y llamadas.<br \/>\n*5 Uso con la computadora &#8211; c La computadora necesita soportar el Bluetooth HSP (Perfil Auricular).<br \/>\n*6 TV \u2013 Para televisores que no permiten Bluetooth &#8211; Un enchufe adicional es necesitado en el dispositivo,<br \/>\nArtone TVB o TVB+<br \/>\nPara todas las fuentes de audio que no soporten Bluetooth\u00ae<\/p>\n<p>&nbsp;<\/p>\n<ul class=\"a-unordered-list a-vertical a-spacing-mini\">\n<li>Desde Ayudas para TODOS, estamos trabajando para ofrecerles el mayor Marketplace inclusivo a nivel mundial. Reuniendo en 1 solo sitio todos los productos que puedan necesitar, m\u00e1s de 5.000 referencias de art\u00edculos especializados que puedan necesitar instituciones y personas con o sin discapacidad, para apoyar procesos de inclusi\u00f3n, ayudando a superar las barreras que se pueden presentar al momento de estudiar, de trabajar, y en las dem\u00e1s actividades de la vida diaria.<\/li>\n<li>\u00bfNo est\u00e1 seguro sobre qu\u00e9 tipo de dispositivo o producto de apoyo debe comprar? Contamos con expertos para estudiar sus necesidades y asesorarlo recomend\u00e1ndole la ayuda o el conjunto de ayudas m\u00e1s adecuadas \u00bfNecesitas un producto y no lo encuentras en nuestro catalogo online? Cont\u00e1ctanos para ayudarte a conseguirlo. \u00bfEres emprendedor y tienes un gran producto inclusivo que quisieras promocionar en nuestra plataforma? <a href=\"https:\/\/ayudasparatodos.com\/index.php\/contact\/\">Cont\u00e1ctanos<\/a><\/li>\n<li>Visita la secci\u00f3n sobre <a href=\"https:\/\/ayudasparatodos.com\/index.php\/como-comprar-faq\/\">\u00bfC\u00f3mo Comprar? FAQ<\/a>, en la cual encontraras de forma m\u00e1s detallada las instrucciones de como comprar, servicio de asesor\u00eda y cotizaciones, formas de pago, env\u00edos a nivel nacional e internacional, garant\u00eda y otros temas relacionados.<\/li>\n<li><span style=\"font-size: 11.5pt; font-family: Roboto; color: #626262;\">Asesor\u00eda, cotizaciones dudas y comentarios: Si tiene cualquier duda o comentario, nos puede escribir o llamar via WhatsApp agregando el numero +57 3006000144 o directamente desde este <a href=\"https:\/\/wa.me\/+573006000144\">enlace<\/a>\u00a0 <\/span><a href=\"https:\/\/wa.me\/+573006000144\"><span style=\"font-size: 11.5pt; font-family: Roboto; color: #626262;\">https:\/\/wa.me\/+573006000144<\/span><\/a><span style=\"font-size: 11.5pt; font-family: Roboto; color: #626262;\">\u00a0 \u00a0 Tambi\u00e9n puede enviarnos un correo electr\u00f3nico a la direcci\u00f3n <a href=\"mailto:ventas@ayudasparatodos.com\">ventas@ayudasparatodos.com<\/a><\/span><\/li>\n<\/ul>\n","protected":false},"excerpt":{"rendered":"<h5 id=\"title\" class=\"a-size-large a-spacing-none\">Sistema de bucle magn\u00e9tico alrededor del cuello para transmitir sonidos y llamadas del celular y otros dispositivos con bluetooth directamente a aud\u00edfonos de personas con discapacidad auditiva que tengan el modo T t-coil<\/h5>\n<p><b>Articulo en venta bajo pedido, tiempo de entrega de 15-30 d\u00edas h\u00e1biles. Precio en d\u00f3lares americanos USD. Favor contactarnos al correo ventas@ayudasparatodos.com para generarle un enlace de pago personalizado por el valor de los art\u00edculos + el valor del envi\u00f3 seg\u00fan su ubicaci\u00f3n y con su moneda local. Despachos a nivel nacional e internacional desde Medell\u00edn &#8211; Colombia.<\/b><\/p>\n","protected":false},"featured_media":50663,"template":"","meta":[],"product_cat":[218],"product_tag":[89,75,99,77,81,97,80,96,98],"class_list":["post-50662","product","type-product","status-publish","has-post-thumbnail","hentry","product_cat-otros-sistemas-amplificadores-de-sonido","product_tag-amplificador-auditivo","product_tag-audifono-adulto-mayor","product_tag-audifono-amplificador","product_tag-audifono-discapacidad","product_tag-ayudas-para-sordos","product_tag-bucle-de-induccion","product_tag-producto-de-apoyo-baja-audicion","product_tag-sistema-de-bucle-magnetico-portable","product_tag-t-coil","description-off"],"_links":{"self":[{"href":"https:\/\/ayudasparatodos.com\/index.php\/wp-json\/wp\/v3\/product\/50662"}],"collection":[{"href":"https:\/\/ayudasparatodos.com\/index.php\/wp-json\/wp\/v3\/product"}],"about":[{"href":"https:\/\/ayudasparatodos.com\/index.php\/wp-json\/wp\/v2\/types\/product"}],"wp:featuredmedia":[{"embeddable":true,"href":"https:\/\/ayudasparatodos.com\/index.php\/wp-json\/wp\/v2\/media\/50663"}],"wp:attachment":[{"href":"https:\/\/ayudasparatodos.com\/index.php\/wp-json\/wp\/v2\/media?parent=50662"}],"wp:term":[{"taxonomy":"product_cat","embeddable":true,"href":"https:\/\/ayudasparatodos.com\/index.php\/wp-json\/wp\/v2\/product_cat?post=50662"},{"taxonomy":"product_tag","embeddable":true,"href":"https:\/\/ayudasparatodos.com\/index.php\/wp-json\/wp\/v2\/product_tag?post=50662"}],"curies":[{"name":"wp","href":"https:\/\/api.w.org\/{rel}","templated":true}]}}