{"id":50668,"date":"2022-08-11T17:39:39","date_gmt":"2022-08-11T17:39:39","guid":{"rendered":"https:\/\/ayudasparatodos.com\/?post_type=product&#038;p=50668"},"modified":"2023-11-23T01:27:12","modified_gmt":"2023-11-23T01:27:12","slug":"oowolflocalizadorllaves","status":"publish","type":"product","link":"https:\/\/ayudasparatodos.com\/index.php\/producto\/oowolflocalizadorllaves\/","title":{"rendered":"OOWOLF Localizador de llaves, inal\u00e1mbrico RF, localizador de art\u00edculos, alarma antip\u00e9rdida, localizador de art\u00edculos, sonido sonoro fuerte con 4 receptores recargables para llaves de coche, mando a distancia, cartera, tel\u00e9fono"},"content":{"rendered":"<h1 id=\"title\" class=\"a-size-large a-spacing-none\"><span id=\"productTitle\" class=\"a-size-large product-title-word-break\">OOWOLF Localizador de llaves, inal\u00e1mbrico RF, localizador de art\u00edculos, alarma antip\u00e9rdida, localizador de art\u00edculos, sonido sonoro fuerte con 4 receptores recargables para llaves de coche, mando a distancia, cartera, tel\u00e9fono<\/span><\/h1>\n<ul class=\"a-unordered-list a-vertical a-spacing-mini\">\n<li>Muy util para personas con discapacidad visual para encontrar objetos mediante el sonido, y en discapacidad auditiva emite alerta visual con luz led.<\/li>\n<li><span class=\"a-list-item\">Buscador de llaves 4 en 1: 1 transmisor y 4 receptores, conecta los recibos a cualquier 4 art\u00edculos y simplemente presiona los botones de color del buscador de llaves en el transmisor para localizarlos. El sonido del receptor te llevar\u00e1 a encontrar tu art\u00edculo perdido, el pitido del rastreador de llaves te ayudar\u00e1 a resolver el peque\u00f1o problema en el trabajo o la vida. Este es un muy buen regalo de Navidad.<\/span><\/li>\n<li><span class=\"a-list-item\">2 maneras de alarma: hay 2 maneras de llevarte a tu art\u00edculo perdido al mismo tiempo. Al pulsar el bot\u00f3n remoto, el receptor emite un pitido y parpadea una luz para una mejor visibilidad nocturna al localizar los art\u00edculos.<\/span><\/li>\n<li><span class=\"a-list-item\">Recargable por USB: el receptor de este nuevo buscador de llaves est\u00e1 dise\u00f1ado para ser recargado por USB, no es necesario reemplazar la bater\u00eda. Con una sola carga, el tiempo de uso es de hasta 60 d\u00edas, y el tiempo de espera puede llegar a 180 d\u00edas, lo que es conveniente para el uso del producto. Empieza a utilizar este buscador de llaves recargable para localizar tus llaves, mandos a distancia, bolsos, gafas, bast\u00f3n y otros objetos f\u00e1cilmente perdidos r\u00e1pidamente.<\/span><\/li>\n<li><span class=\"a-list-item\">Rango de localizaci\u00f3n largo: dise\u00f1ado con tecnolog\u00eda de radiofrecuencia, este buscador de llaves puede rastrear tu art\u00edculo hasta 11.8\u00a0in de distancia. Lo suficientemente potente como para penetrar a trav\u00e9s de paredes, suelos, cojines, cuero, etc.<\/span><\/li>\n<li><span class=\"a-list-item\">Cuidado de la salud: un gran regalo para personas olvidadas, ancianos, amigos, etc. Pegatina de doble cara y llaveros, lo que significa que se puede fijar a tu mando a distancia de TV o fijarlo a tu localizador de llaves con los anillos que vienen con. Tambi\u00e9n puedes fijarlo para encontrar a tu beb\u00e9 gatos y perros en casa si quieres. No m\u00e1s esconderse y buscar.<\/span><\/li>\n<\/ul>\n<p>&nbsp;<\/p>\n<ul class=\"a-unordered-list a-vertical a-spacing-mini\">\n<li>Desde Ayudas para TODOS, estamos trabajando para ofrecerles el mayor Marketplace inclusivo a nivel mundial. Reuniendo en 1 solo sitio todos los productos que puedan necesitar, m\u00e1s de 5.000 referencias de art\u00edculos especializados que puedan necesitar instituciones y personas con o sin discapacidad, para apoyar procesos de inclusi\u00f3n, ayudando a superar las barreras que se pueden presentar al momento de estudiar, de trabajar, y en las dem\u00e1s actividades de la vida diaria.<\/li>\n<li>\u00bfNo est\u00e1 seguro sobre qu\u00e9 tipo de dispositivo o producto de apoyo debe comprar? Contamos con expertos para estudiar sus necesidades y asesorarlo recomend\u00e1ndole la ayuda o el conjunto de ayudas m\u00e1s adecuadas \u00bfNecesitas un producto y no lo encuentras en nuestro catalogo online? Cont\u00e1ctanos para ayudarte a conseguirlo. \u00bfEres emprendedor y tienes un gran producto inclusivo que quisieras promocionar en nuestra plataforma? <a href=\"https:\/\/ayudasparatodos.com\/index.php\/contact\/\">Cont\u00e1ctanos<\/a><\/li>\n<li>Visita la secci\u00f3n sobre <a href=\"https:\/\/ayudasparatodos.com\/index.php\/como-comprar-faq\/\">\u00bfC\u00f3mo Comprar? FAQ<\/a>, en la cual encontraras de forma m\u00e1s detallada las instrucciones de como comprar, servicio de asesor\u00eda y cotizaciones, formas de pago, env\u00edos a nivel nacional e internacional, garant\u00eda y otros temas relacionados.<\/li>\n<li><span style=\"font-size: 11.5pt; font-family: Roboto; color: #626262;\">Asesor\u00eda, cotizaciones dudas y comentarios: Si tiene cualquier duda o comentario, nos puede escribir o llamar via WhatsApp agregando el numero +57 3006000144 o directamente desde este <a href=\"https:\/\/wa.me\/+573006000144\">enlace<\/a>\u00a0 <\/span><a href=\"https:\/\/wa.me\/+573006000144\"><span style=\"font-size: 11.5pt; font-family: Roboto; color: #626262;\">https:\/\/wa.me\/+573006000144<\/span><\/a><span style=\"font-size: 11.5pt; font-family: Roboto; color: #626262;\">\u00a0 \u00a0 Tambi\u00e9n puede enviarnos un correo electr\u00f3nico a la direcci\u00f3n <a href=\"mailto:ventas@ayudasparatodos.com\">ventas@ayudasparatodos.com<\/a><\/span><\/li>\n<\/ul>\n","protected":false},"excerpt":{"rendered":"<h5 id=\"title\" class=\"a-size-large a-spacing-none\">si eres de los que pierdes tus llaves y objetos personales constantemente, este dispositivo te ayudara<\/h5>\n<p><b>Articulo en venta bajo pedido, tiempo de entrega de 15-30 d\u00edas h\u00e1biles. Precio en d\u00f3lares americanos USD. Favor contactarnos al correo ventas@ayudasparatodos.com para generarle un enlace de pago personalizado por el valor de los art\u00edculos + el valor del envi\u00f3 seg\u00fan su ubicaci\u00f3n y con su moneda local. Despachos a nivel nacional e internacional desde Medell\u00edn &#8211; Colombia.<\/b><\/p>\n","protected":false},"featured_media":0,"template":"","meta":[],"product_cat":[148,49,52],"product_tag":[103,102,101],"class_list":["post-50668","product","type-product","status-publish","hentry","product_cat-ayudas-para-la-vida-diaria-discapacidad-visual","product_cat-topfisicatienda","product_cat-topcognitivatienda","product_tag-alarma-para-objetos-perdidos","product_tag-ayuda-para-encontrar-llaves-y-objetos-perdidos","product_tag-ayuda-para-encontrar-objetos-perdidos","description-off"],"_links":{"self":[{"href":"https:\/\/ayudasparatodos.com\/index.php\/wp-json\/wp\/v3\/product\/50668"}],"collection":[{"href":"https:\/\/ayudasparatodos.com\/index.php\/wp-json\/wp\/v3\/product"}],"about":[{"href":"https:\/\/ayudasparatodos.com\/index.php\/wp-json\/wp\/v2\/types\/product"}],"wp:attachment":[{"href":"https:\/\/ayudasparatodos.com\/index.php\/wp-json\/wp\/v2\/media?parent=50668"}],"wp:term":[{"taxonomy":"product_cat","embeddable":true,"href":"https:\/\/ayudasparatodos.com\/index.php\/wp-json\/wp\/v2\/product_cat?post=50668"},{"taxonomy":"product_tag","embeddable":true,"href":"https:\/\/ayudasparatodos.com\/index.php\/wp-json\/wp\/v2\/product_tag?post=50668"}],"curies":[{"name":"wp","href":"https:\/\/api.w.org\/{rel}","templated":true}]}}