{"id":50677,"date":"2022-08-11T20:11:07","date_gmt":"2022-08-11T20:11:07","guid":{"rendered":"https:\/\/ayudasparatodos.com\/?post_type=product&#038;p=50677"},"modified":"2023-11-23T01:26:56","modified_gmt":"2023-11-23T01:26:56","slug":"localizadorllavessimjar","status":"publish","type":"product","link":"https:\/\/ayudasparatodos.com\/index.php\/producto\/localizadorllavessimjar\/","title":{"rendered":"Buscador de llaves con receptores m\u00e1s delgados y control remoto avanzado de tela, Simjar 80dB+ localizador de art\u00edculos RF con rango de trabajo de 131 pies, 1 transmisor RF y 6 receptores"},"content":{"rendered":"<h1 id=\"title\" class=\"a-size-large a-spacing-none\"><span id=\"productTitle\" class=\"a-size-large product-title-word-break\">Buscador de llaves con receptores m\u00e1s delgados y control remoto avanzado de tela, Simjar 80dB+ localizador de art\u00edculos RF con rango de trabajo de 131 pies, 1 transmisor RF y 6 receptores<\/span><\/h1>\n<ul class=\"a-unordered-list a-vertical a-spacing-mini\">\n<li>Muy util para personas con discapacidad visual para encontrar objetos mediante el sonido, y en discapacidad auditiva emite alerta visual con luz led.<\/li>\n<li><span class=\"a-list-item\">Dise\u00f1o port\u00e1til con receptor m\u00e1s delgado: con solo 0.14 pulgadas de grosor, estos 6 receptores se pueden conectar a controles remotos de TV, tel\u00e9fonos m\u00f3viles, caja de gafas, carteras, mascotas, equipaje y mucho m\u00e1s<\/span><\/li>\n<li><span class=\"a-list-item\">Transmisor avanzado de tela y linterna integrada: \u00bfEst\u00e1s cansado de material pl\u00e1stico barato? El transmisor de este buscador de llaves Simjar est\u00e1 hecho de tela calificada, lo que hace que este sea un mejor regalo. Mientras tanto, la linterna integrada ayuda a localizar art\u00edculos por la noche<\/span><\/li>\n<li><span class=\"a-list-item\">Sonido fuerte de 80 db+: encontrar tus art\u00edculos es simple. Solo tienes que seguir el sonido. Una vez que presiones el bot\u00f3n codificado por colores correspondiente en el control remoto, el dispositivo emitir\u00e1 un sonido fuerte de 80 dB + cuando los art\u00edculos est\u00e9n cerca<\/span><\/li>\n<li><span class=\"a-list-item\">F\u00e1cil y r\u00e1pido de localizar: no necesita tel\u00e9fono ni aplicaci\u00f3n. Simplemente presiona los botones codificados por colores relacionados. Sonidos\/pitidos del receptor, lo que te lleva a rastrear tu art\u00edculo perdido dentro de 131.2\u00a0ft\/131 pies (paredes y otros obst\u00e1culos reducir\u00e1n el nivel de sonido)<\/span><\/li>\n<li><span class=\"a-list-item\">Ahorra tiempo: la vida est\u00e1 muy ocupada. El buscador de teclas es ser m\u00e1s refinado, para hacer tu vida m\u00e1s inteligente y para ayudarte a resolver peque\u00f1os problemas en el trabajo o en la vida<\/span><\/li>\n<\/ul>\n<p>&nbsp;<\/p>\n<ul class=\"a-unordered-list a-vertical a-spacing-mini\">\n<li>Desde Ayudas para TODOS, estamos trabajando para ofrecerles el mayor Marketplace inclusivo a nivel mundial. Reuniendo en 1 solo sitio todos los productos que puedan necesitar, m\u00e1s de 5.000 referencias de art\u00edculos especializados que puedan necesitar instituciones y personas con o sin discapacidad, para apoyar procesos de inclusi\u00f3n, ayudando a superar las barreras que se pueden presentar al momento de estudiar, de trabajar, y en las dem\u00e1s actividades de la vida diaria.<\/li>\n<li>\u00bfNo est\u00e1 seguro sobre qu\u00e9 tipo de dispositivo o producto de apoyo debe comprar? Contamos con expertos para estudiar sus necesidades y asesorarlo recomend\u00e1ndole la ayuda o el conjunto de ayudas m\u00e1s adecuadas \u00bfNecesitas un producto y no lo encuentras en nuestro catalogo online? Cont\u00e1ctanos para ayudarte a conseguirlo. \u00bfEres emprendedor y tienes un gran producto inclusivo que quisieras promocionar en nuestra plataforma? <a href=\"https:\/\/ayudasparatodos.com\/index.php\/contact\/\">Cont\u00e1ctanos<\/a><\/li>\n<li>Visita la secci\u00f3n sobre <a href=\"https:\/\/ayudasparatodos.com\/index.php\/como-comprar-faq\/\">\u00bfC\u00f3mo Comprar? FAQ<\/a>, en la cual encontraras de forma m\u00e1s detallada las instrucciones de como comprar, servicio de asesor\u00eda y cotizaciones, formas de pago, env\u00edos a nivel nacional e internacional, garant\u00eda y otros temas relacionados.<\/li>\n<li><span style=\"font-size: 11.5pt; font-family: Roboto; color: #626262;\">Asesor\u00eda, cotizaciones dudas y comentarios: Si tiene cualquier duda o comentario, nos puede escribir o llamar via WhatsApp agregando el numero +57 3006000144 o directamente desde este <a href=\"https:\/\/wa.me\/+573006000144\">enlace<\/a>\u00a0 <\/span><a href=\"https:\/\/wa.me\/+573006000144\"><span style=\"font-size: 11.5pt; font-family: Roboto; color: #626262;\">https:\/\/wa.me\/+573006000144<\/span><\/a><span style=\"font-size: 11.5pt; font-family: Roboto; color: #626262;\">\u00a0 \u00a0 Tambi\u00e9n puede enviarnos un correo electr\u00f3nico a la direcci\u00f3n <a href=\"mailto:ventas@ayudasparatodos.com\">ventas@ayudasparatodos.com<\/a><\/span><\/li>\n<\/ul>\n","protected":false},"excerpt":{"rendered":"<h5 id=\"title\" class=\"a-size-large a-spacing-none\">si eres de los que pierdes tus llaves y objetos personales constantemente, este dispositivo te ayudara<\/h5>\n<p><b>Articulo en venta bajo pedido, tiempo de entrega de 15-30 d\u00edas h\u00e1biles. Precio en d\u00f3lares americanos USD. Favor contactarnos al correo ventas@ayudasparatodos.com para generarle un enlace de pago personalizado por el valor de los art\u00edculos + el valor del envi\u00f3 seg\u00fan su ubicaci\u00f3n y con su moneda local. Despachos a nivel nacional e internacional desde Medell\u00edn &#8211; Colombia.<\/b><\/p>\n","protected":false},"featured_media":50680,"template":"","meta":[],"product_cat":[148,49,52],"product_tag":[103,102,101],"class_list":["post-50677","product","type-product","status-publish","has-post-thumbnail","hentry","product_cat-ayudas-para-la-vida-diaria-discapacidad-visual","product_cat-topfisicatienda","product_cat-topcognitivatienda","product_tag-alarma-para-objetos-perdidos","product_tag-ayuda-para-encontrar-llaves-y-objetos-perdidos","product_tag-ayuda-para-encontrar-objetos-perdidos","description-off"],"_links":{"self":[{"href":"https:\/\/ayudasparatodos.com\/index.php\/wp-json\/wp\/v3\/product\/50677"}],"collection":[{"href":"https:\/\/ayudasparatodos.com\/index.php\/wp-json\/wp\/v3\/product"}],"about":[{"href":"https:\/\/ayudasparatodos.com\/index.php\/wp-json\/wp\/v2\/types\/product"}],"wp:featuredmedia":[{"embeddable":true,"href":"https:\/\/ayudasparatodos.com\/index.php\/wp-json\/wp\/v2\/media\/50680"}],"wp:attachment":[{"href":"https:\/\/ayudasparatodos.com\/index.php\/wp-json\/wp\/v2\/media?parent=50677"}],"wp:term":[{"taxonomy":"product_cat","embeddable":true,"href":"https:\/\/ayudasparatodos.com\/index.php\/wp-json\/wp\/v2\/product_cat?post=50677"},{"taxonomy":"product_tag","embeddable":true,"href":"https:\/\/ayudasparatodos.com\/index.php\/wp-json\/wp\/v2\/product_tag?post=50677"}],"curies":[{"name":"wp","href":"https:\/\/api.w.org\/{rel}","templated":true}]}}