{"id":50708,"date":"2023-02-20T20:52:37","date_gmt":"2023-02-20T20:52:37","guid":{"rendered":"https:\/\/ayudasparatodos.com\/?post_type=product&#038;p=50708"},"modified":"2024-01-25T23:29:51","modified_gmt":"2024-01-25T23:29:51","slug":"balongoalball7","status":"publish","type":"product","link":"https:\/\/ayudasparatodos.com\/index.php\/producto\/balongoalball7\/","title":{"rendered":"Bal\u00f3n de Goalball Sonoro Oficial Regulaci\u00f3n IBSA Tama\u00f1o 7 Sonoro Deporte Paral\u00edmpico Discapacidad Visual Ciegos"},"content":{"rendered":"<h1 id=\"title\" class=\"a-size-large a-spacing-none\">Bal\u00f3n de Goalball Oficial Regulaci\u00f3n IBSA Tama\u00f1o 7 Sonoro Deporte paral\u00edmpico Discapacidad Visual Ciegos<\/h1>\n<ul class=\"a-unordered-list a-vertical a-spacing-mini\">\n<li>Este bal\u00f3n de Goalball cumple con todas las especificaciones\u00a0 oficiales para practica de goalball en torneos profesionales y tambi\u00e9n para entrenamientos. Medidas, tama\u00f1o,peso y todo cumple con los requerimientos oficiales.<\/li>\n<li>El rendimiento nos importa tanto como a usted. Por lo tanto, nuestra selecci\u00f3n de compuestos de bolas y pruebas de materiales est\u00e1n en el centro de nuestro proceso de fabricaci\u00f3n.<br \/>\nEstamos orgullosos de ofrecerle el \u00fanico Goalball basado en comentarios de todo el mundo y una filosof\u00eda de \u00abprimero el deporte\u00bb.<br \/>\nEl Goalball EVOLVE 7 es el primer y \u00fanico Goalball que ha superado con \u00e9xito los criterios de calidad de IBSA.Especificaciones:Sanci\u00f3n IBSA: S\u00ed<br \/>\nColor: Azul<br \/>\nPeso: 1250g<br \/>\nCircunferencia: 76cm<br \/>\nCampanas contenidas: 2<br \/>\nCompuesto: Caucho<\/li>\n<li>Producto importado, venta bajo pedido con pago previo por el valor total del articulo.<\/li>\n<li>FAVOR ANTES DE OFERTAR, confirmar precio actual (por variaciones del valor del d\u00f3lar) y tambi\u00e9n CONFIRMAR QUE PUEDE ESPERAR LOS TIEMPOS DE ENTREGA\u00a0 que normalmente son entre 2-4 semanas.<\/li>\n<li>Cuando recibamos el pedido en nuestra oficina en Medell\u00edn-Colombia, le enviaremos un mensaje al comprador, si se encuentra en Medell\u00edn puede pasar a recogerlo personalmente en nuestra oficina, o tambi\u00e9n podemos hacer el envios a nivel nacional o internacional (Valor del envio cargo del comprador).<\/li>\n<li>Desde Ayudas para TODOS, estamos trabajando para ofrecerles el mayor Marketplace inclusivo a nivel mundial. Reuniendo en 1 solo sitio todos los productos que puedan necesitar, m\u00e1s de 5.000 referencias de art\u00edculos especializados que puedan necesitar instituciones y personas con o sin discapacidad, para apoyar procesos de inclusi\u00f3n, ayudando a superar las barreras que se pueden presentar al momento de estudiar, de trabajar, y en las dem\u00e1s actividades de la vida diaria.<\/li>\n<li>\u00bfNo est\u00e1 seguro sobre qu\u00e9 tipo de dispositivo o producto de apoyo debe comprar? Contamos con expertos para estudiar sus necesidades y asesorarlo recomend\u00e1ndole la ayuda o el conjunto de ayudas m\u00e1s adecuadas \u00bfNecesitas un producto y no lo encuentras en nuestro catalogo online? Cont\u00e1ctanos para ayudarte a conseguirlo. \u00bfEres emprendedor y tienes un gran producto inclusivo que quisieras promocionar en nuestra plataforma? <a href=\"https:\/\/ayudasparatodos.com\/index.php\/contact\/\">Cont\u00e1ctanos<\/a><\/li>\n<li>Visita la secci\u00f3n sobre <a href=\"https:\/\/ayudasparatodos.com\/index.php\/como-comprar-faq\/\">\u00bfC\u00f3mo Comprar? FAQ<\/a>, en la cual encontraras de forma m\u00e1s detallada las instrucciones de como comprar, servicio de asesor\u00eda y cotizaciones, formas de pago, env\u00edos a nivel nacional e internacional, garant\u00eda y otros temas relacionados.<\/li>\n<li><span style=\"font-size: 11.5pt; font-family: Roboto; color: #626262;\">Asesor\u00eda, cotizaciones dudas y comentarios: Si tiene cualquier duda o comentario, nos puede escribir o llamar via WhatsApp agregando el numero +57 3006000144 o directamente desde este <a href=\"https:\/\/wa.me\/+573006000144\">enlace<\/a>\u00a0 <\/span><a href=\"https:\/\/wa.me\/+573006000144\"><span style=\"font-size: 11.5pt; font-family: Roboto; color: #626262;\">https:\/\/wa.me\/+573006000144<\/span><\/a><span style=\"font-size: 11.5pt; font-family: Roboto; color: #626262;\">\u00a0 \u00a0 Tambi\u00e9n puede enviarnos un correo electr\u00f3nico a la direcci\u00f3n <a href=\"mailto:ventas@ayudasparatodos.com\">ventas@ayudasparatodos.com<\/a><\/span><\/li>\n<li><\/li>\n<li><strong>Pagos en Colombia por transferencia Bancolombia o Nequi. Tambi\u00e9n recibimos pagos por tarjeta cr\u00e9dito o debito. Si la alternativa de pago no esta disponible en su pa\u00eds, tambi\u00e9n puede pagar por Giro en western Union o Paypal. Favor contactarnos al correo ventas@ayudasparatodos.com para generarle un enlace de pago personalizado por el valor de los art\u00edculos + el valor del envi\u00f3 seg\u00fan su ubicaci\u00f3n y con su moneda local. Despachos a nivel nacional e internacional desde Medell\u00edn &#8211; Colombia.<\/strong><\/li>\n<li><\/li>\n<\/ul>\n","protected":false},"excerpt":{"rendered":"<h5 id=\"title\" class=\"a-size-large a-spacing-none\">Bal\u00f3n Goalball Sonoro oficial, deporte paralimpico jugado pro eprsonas con discapacidad visual<\/h5>\n<p><b>Articulo en venta bajo pedido, tiempo de entrega de 15-30 d\u00edas h\u00e1biles. Precio en d\u00f3lares americanos USD. Favor contactarnos al correo ventas@ayudasparatodos.com para generarle un enlace de pago personalizado por el valor de los art\u00edculos + el valor del envi\u00f3 seg\u00fan su ubicaci\u00f3n y con su moneda local. Despachos a nivel nacional e internacional desde Medell\u00edn &#8211; Colombia.<\/b><\/p>\n","protected":false},"featured_media":50710,"template":"","meta":[],"product_cat":[100],"product_tag":[105,104,107,109,108,106,110],"class_list":["post-50708","product","type-product","status-publish","has-post-thumbnail","hentry","product_cat-discapacidad-visual-deporte","product_tag-balon-goalball-medellin-colombia","product_tag-balon-goalball-oficial","product_tag-balones-para-discaapcidad-visual","product_tag-distribuidor-de-balones-goalball-y-accesorios-colombia","product_tag-goalball-deporte-paralimpico","product_tag-venta-de-balones-de-goalball-sonoros","product_tag-venta-de-balones-goalball-sonoros-reglamentarios-oficiales","description-off"],"_links":{"self":[{"href":"https:\/\/ayudasparatodos.com\/index.php\/wp-json\/wp\/v3\/product\/50708"}],"collection":[{"href":"https:\/\/ayudasparatodos.com\/index.php\/wp-json\/wp\/v3\/product"}],"about":[{"href":"https:\/\/ayudasparatodos.com\/index.php\/wp-json\/wp\/v2\/types\/product"}],"wp:featuredmedia":[{"embeddable":true,"href":"https:\/\/ayudasparatodos.com\/index.php\/wp-json\/wp\/v2\/media\/50710"}],"wp:attachment":[{"href":"https:\/\/ayudasparatodos.com\/index.php\/wp-json\/wp\/v2\/media?parent=50708"}],"wp:term":[{"taxonomy":"product_cat","embeddable":true,"href":"https:\/\/ayudasparatodos.com\/index.php\/wp-json\/wp\/v2\/product_cat?post=50708"},{"taxonomy":"product_tag","embeddable":true,"href":"https:\/\/ayudasparatodos.com\/index.php\/wp-json\/wp\/v2\/product_tag?post=50708"}],"curies":[{"name":"wp","href":"https:\/\/api.w.org\/{rel}","templated":true}]}}