{"id":50717,"date":"2023-02-21T01:13:43","date_gmt":"2023-02-21T01:13:43","guid":{"rendered":"https:\/\/ayudasparatodos.com\/?post_type=product&#038;p=50717"},"modified":"2024-04-02T02:45:48","modified_gmt":"2024-04-02T02:45:48","slug":"regleta-escritura-braille-metalica-aluminio-4x28-celdas-con-punzon-discapacidad-visual-ciegos-2","status":"publish","type":"product","link":"https:\/\/ayudasparatodos.com\/index.php\/producto\/regleta-escritura-braille-metalica-aluminio-4x28-celdas-con-punzon-discapacidad-visual-ciegos-2\/","title":{"rendered":"Regleta Escritura Braille Met\u00e1lica aluminio 4&#215;28 celdas con punz\u00f3n Discapacidad Visual Ciegos"},"content":{"rendered":"<p>4 l\u00edneas, 28 celdas: tama\u00f1o universal, pero port\u00e1til<\/p>\n<p>&nbsp;<\/p>\n<p>Caracter\u00edsticas del producto<\/p>\n<p>Construcci\u00f3n robusta totalmente met\u00e1lica.<\/p>\n<p>Fabricado en aluminio, compacto y port\u00e1til.<\/p>\n<p>Cabe f\u00e1cilmente en un bolso o mochila.<\/p>\n<p>Le permite usar Braille en una hoja de papel normal de 8,5&#8243; por 11&#8243;.<\/p>\n<p>Tiene ranuras en la parte superior que le permiten escribir en Braille en cinta de etiquetado.<\/p>\n<p>La pizarra, que mide 9 \u00abpor 2&#8243;, le permite escribir cuatro l\u00edneas a la vez.<\/p>\n<p>Elija entre pines hacia arriba (est\u00e1ndar) o pines hacia abajo (para principiantes).<\/p>\n<p>Viene con un l\u00e1piz \u00f3ptico cl\u00e1sico duradero.<\/p>\n<p>Mide alrededor de 9 por 2 pulgadas.<\/p>\n<p>Peso del paquete: aproximadamente 2,1 onzas.<\/p>\n<p>&nbsp;<\/p>\n<p>Descripci\u00f3n del Producto<\/p>\n<p>Esta pizarra de aluminio de cuatro l\u00edneas y veintiocho celdas es bonita y compacta, lo que significa que puede caber f\u00e1cilmente en un bolso o mochila para que pueda tomar notas o memorandos dondequiera que vaya. Pero lo usar\u00e1 con mayor frecuencia para escribir cartas, informes o cualquier otra cosa que desee en Braille en una hoja de papel normal de 8,5&#8243; por 11\u00bb. Nuestra pizarra est\u00e1ndar tambi\u00e9n tiene ranuras en la parte superior que le permiten escribir en Braille en cinta de etiquetado. Adem\u00e1s, la construcci\u00f3n robusta y totalmente met\u00e1lica de esta pizarra le ha valido el estatus de m\u00e1s vendida entre todos los art\u00edculos de nuestra l\u00ednea completa de productos de equipos de escritura Braille.<\/p>\n<p>Debido a que nuestra pizarra est\u00e1ndar le permite escribir solo cuatro l\u00edneas a la vez, debe abrirla para moverla hacia abajo en la p\u00e1gina cada pocas l\u00edneas. Pero seguro que no hay nada mejor que el peque\u00f1o tama\u00f1o de esta pizarra, \u00a1lo que la hace maravillosamente port\u00e1til!<\/p>\n<p>&nbsp;<\/p>\n<p>Conseguir un lapicero\/esfero para escribir en papel es muy simple y econ\u00f3mico, pero conseguir la regleta para que las personas ciegas escriban en braille es muy dif\u00edcil en Colombia y en otros pa\u00edses de Am\u00e9rica Latina. Por eso desde Ayudas para Todos les traemos adem\u00e1s de regletas, tambi\u00e9n una gran variedad de productos y accesorios para ayudar a personas con discapacidad visual en su vida diaria, elementos para el estudio, trabajo, vida diaria, deporte, ocio, uso de tecnolog\u00eda y m\u00e1s.<\/p>\n<p>&nbsp;<\/p>\n<ul>\n<li>Producto importado, venta bajo pedido con pago previo por el valor total del articulo.<\/li>\n<li>FAVOR ANTES DE OFERTAR, confirmar precio actual (por variaciones del valor del d\u00f3lar) y tambi\u00e9n CONFIRMAR QUE PUEDE ESPERAR LOS TIEMPOS DE ENTREGA\u00a0 que normalmente son entre 2-4 semanas.<\/li>\n<li>Cuando recibamos el pedido en nuestra oficina en Medell\u00edn-Colombia, le enviaremos un mensaje al comprador, si se encuentra en Medell\u00edn puede pasar a recogerlo personalmente en nuestra oficina, o tambi\u00e9n podemos hacer el envios a nivel nacional o internacional (Valor del envio cargo del comprador).<\/li>\n<li>Desde Ayudas para TODOS, estamos trabajando para ofrecerles el mayor Marketplace inclusivo a nivel mundial. Reuniendo en 1 solo sitio todos los productos que puedan necesitar, m\u00e1s de 5.000 referencias de art\u00edculos especializados que puedan necesitar instituciones y personas con o sin discapacidad, para apoyar procesos de inclusi\u00f3n, ayudando a superar las barreras que se pueden presentar al momento de estudiar, de trabajar, y en las dem\u00e1s actividades de la vida diaria.<\/li>\n<li>\u00bfNo est\u00e1 seguro sobre qu\u00e9 tipo de dispositivo o producto de apoyo debe comprar? Contamos con expertos para estudiar sus necesidades y asesorarlo recomend\u00e1ndole la ayuda o el conjunto de ayudas m\u00e1s adecuadas \u00bfNecesitas un producto y no lo encuentras en nuestro catalogo online? Cont\u00e1ctanos para ayudarte a conseguirlo. \u00bfEres emprendedor y tienes un gran producto inclusivo que quisieras promocionar en nuestra plataforma? <a href=\"https:\/\/ayudasparatodos.com\/index.php\/contact\/\">Cont\u00e1ctanos<\/a><\/li>\n<li>Visita la secci\u00f3n sobre <a href=\"https:\/\/ayudasparatodos.com\/index.php\/como-comprar-faq\/\">\u00bfC\u00f3mo Comprar? FAQ<\/a>, en la cual encontraras de forma m\u00e1s detallada las instrucciones de como comprar, servicio de asesor\u00eda y cotizaciones, formas de pago, env\u00edos a nivel nacional e internacional, garant\u00eda y otros temas relacionados.<\/li>\n<li><span style=\"font-size: 11.5pt; font-family: Roboto; color: #626262;\">Asesor\u00eda, cotizaciones dudas y comentarios: Si tiene cualquier duda o comentario, nos puede escribir o llamar via WhatsApp agregando el numero +57 3006000144 o directamente desde este <a href=\"https:\/\/wa.me\/+573006000144\">enlace<\/a>\u00a0 <\/span><a href=\"https:\/\/wa.me\/+573006000144\"><span style=\"font-size: 11.5pt; font-family: Roboto; color: #626262;\">https:\/\/wa.me\/+573006000144<\/span><\/a><span style=\"font-size: 11.5pt; font-family: Roboto; color: #626262;\">\u00a0 \u00a0 Tambi\u00e9n puede enviarnos un correo electr\u00f3nico a la direcci\u00f3n <a href=\"mailto:ventas@ayudasparatodos.com\">ventas@ayudasparatodos.com<\/a><\/span><\/li>\n<li><strong>Pagos en Colombia por transferencia Bancolombia o Nequi. Tambi\u00e9n recibimos pagos por tarjeta cr\u00e9dito o debito. Si la alternativa de pago no esta disponible en su pa\u00eds, tambi\u00e9n puede pagar por Giro en western Union o Paypal. Favor contactarnos al correo ventas@ayudasparatodos.com para generarle un enlace de pago personalizado por el valor de los art\u00edculos + el valor del envi\u00f3 seg\u00fan su ubicaci\u00f3n y con su moneda local. Despachos a nivel nacional e internacional desde Medell\u00edn &#8211; Colombia.<\/strong><\/li>\n<\/ul>\n","protected":false},"excerpt":{"rendered":"<h5 id=\"title\" class=\"a-size-large a-spacing-none\">4 l\u00edneas, 28 celdas: tama\u00f1o universal, pero port\u00e1til<\/h5>\n","protected":false},"featured_media":50719,"template":"","meta":[],"product_cat":[147],"product_tag":[112,530,528,115,121,117,120,119,111,116,113,114,529],"class_list":["post-50717","product","type-product","status-publish","has-post-thumbnail","hentry","product_cat-escritura-braille-regletas-y-punzones","product_tag-distribuidor-ayudas-para-discapacidad-visual","product_tag-gleta-escritura-braille-metalica-aluminio-4x28-celdas-con-punzon-discapacidad-visual-ciegos","product_tag-regleta-braille-escribir-ciegos-baja-vision","product_tag-regleta-braille-metalica","product_tag-regleta-y-punzon-braille-aluminio-medellin","product_tag-tienda-tiflologica-colombia","product_tag-tiflologo","product_tag-tiflotecnologia","product_tag-venta-de-productos-para-ciegos","product_tag-venta-de-regleta-braille-en-aluminio","product_tag-venta-productos-escritura-en-braille-ciegos-y-baja-vision","product_tag-venta-regleta-aluminio-para-escritura-ciegos-braille","product_tag-venta-regleta-y-punzon-para-escritura-sistema-braille","description-off"],"_links":{"self":[{"href":"https:\/\/ayudasparatodos.com\/index.php\/wp-json\/wp\/v3\/product\/50717"}],"collection":[{"href":"https:\/\/ayudasparatodos.com\/index.php\/wp-json\/wp\/v3\/product"}],"about":[{"href":"https:\/\/ayudasparatodos.com\/index.php\/wp-json\/wp\/v2\/types\/product"}],"wp:featuredmedia":[{"embeddable":true,"href":"https:\/\/ayudasparatodos.com\/index.php\/wp-json\/wp\/v2\/media\/50719"}],"wp:attachment":[{"href":"https:\/\/ayudasparatodos.com\/index.php\/wp-json\/wp\/v2\/media?parent=50717"}],"wp:term":[{"taxonomy":"product_cat","embeddable":true,"href":"https:\/\/ayudasparatodos.com\/index.php\/wp-json\/wp\/v2\/product_cat?post=50717"},{"taxonomy":"product_tag","embeddable":true,"href":"https:\/\/ayudasparatodos.com\/index.php\/wp-json\/wp\/v2\/product_tag?post=50717"}],"curies":[{"name":"wp","href":"https:\/\/api.w.org\/{rel}","templated":true}]}}