{"id":50722,"date":"2023-02-22T01:47:34","date_gmt":"2023-02-22T01:47:34","guid":{"rendered":"https:\/\/ayudasparatodos.com\/?post_type=product&#038;p=50722"},"modified":"2024-04-02T23:46:59","modified_gmt":"2024-04-02T23:46:59","slug":"versaslate-2","status":"publish","type":"product","link":"https:\/\/ayudasparatodos.com\/index.php\/producto\/versaslate-2\/","title":{"rendered":"Versa Slate Regleta Braille permite leer y escribir sin papel,tomar notas,aprendizaje Discapacidad Visual Ciegos"},"content":{"rendered":"<p>4 L\u00edneas, 20 Celdas &#8211; Escribe Braille Sin Papel<\/p>\n<p>&nbsp;<\/p>\n<p>Caracter\u00edsticas del producto<\/p>\n<p>4 l\u00edneas de 20 celdas, incluye stylus.<\/p>\n<p>Dise\u00f1o mec\u00e1nico sin papel; No desperdicies papel al escribir notas o aprender Braille.<\/p>\n<p>Totalmente borrable; escribe y reescribe tantas veces como quieras.<\/p>\n<p>Valioso material did\u00e1ctico; no es necesario alinear el papel, los puntos son m\u00e1s f\u00e1ciles de presionar.<\/p>\n<p>No utilice pilas ni papel; ideal para consumidores preocupados por el medio ambiente o los costos.<\/p>\n<p>Peso del paquete: aproximadamente 7,3 onzas.<\/p>\n<p>&nbsp;<\/p>\n<p>Descripci\u00f3n del Producto<\/p>\n<p>Una forma innovadora de practicar braille o tomar notas r\u00e1pidas, Versa Slate funciona como una pizarra y un l\u00e1piz ordinarios, sin papel. Cuenta con cuatro l\u00edneas, cada una con 20 celdas. Usando el l\u00e1piz magn\u00e9tico incorporado, escriba en braille como de costumbre. Dale la vuelta a la pizarra para leer lo que has escrito. Presione cualquiera de los botones Restablecer sobre cada grupo de cinco celdas para borrar y comenzar de nuevo, o presione suavemente los puntos individuales en su lugar con la yema del dedo.<\/p>\n<p>Para la educaci\u00f3n, Versa Slate es una gran victoria. Es una excelente manera de ense\u00f1ar Braille, as\u00ed como habilidades con la pizarra y el l\u00e1piz. Gracias a su dise\u00f1o borrable y sin papel, los estudiantes pueden practicar todo lo que quieran sin desperdiciar toneladas de costoso papel Braille. Adem\u00e1s, no es necesario alinear el papel en la pizarra y los puntos se presionan con menos presi\u00f3n que en una pizarra tradicional.<\/p>\n<p>&nbsp;<\/p>\n<p>Si viaja con frecuencia, Versa Slate es una forma pr\u00e1ctica y conveniente de tomar notas r\u00e1pidas y n\u00fameros de tel\u00e9fono. Es pr\u00e1cticamente silencioso y, por lo tanto, es un m\u00e9todo discreto para tomar notas breves en clase o reuniones. O bien, mantenga un Versa Slate junto al tel\u00e9fono y nunca m\u00e1s lo pillen desprevenido sin un m\u00e9todo para recibir un mensaje.<\/p>\n<p>&nbsp;<\/p>\n<p>Los clientes llevan mucho tiempo solicitando un dispositivo que pueda leer y escribir en braille sin papel; por lo tanto, esta pizarra y l\u00e1piz sin papel se ajustan perfectamente a sus necesidades. La unidad es aut\u00f3noma porque el l\u00e1piz se engancha en el lateral de la pizarra. No se requieren bater\u00edas; no se requiere papel; \u00a1\u00daselo en cualquier momento y en cualquier lugar!<\/p>\n<p>Conseguir un lapicero\/esfero para escribir en papel es muy simple y econ\u00f3mico, pero conseguir la regleta para que las personas ciegas escriban en braille es muy dif\u00edcil en Colombia y en otros pa\u00edses de Am\u00e9rica Latina. Por eso desde Ayudas para Todos les traemos adem\u00e1s de regletas, tambi\u00e9n una gran variedad de productos y accesorios para ayudar a personas con discapacidad visual en su vida diaria, elementos para el estudio, trabajo, vida diaria, deporte, ocio, uso de tecnolog\u00eda y m\u00e1s.<\/p>\n<ul class=\"a-unordered-list a-vertical a-spacing-mini\">\n<li>Conseguir un lapicero\/esfero para escribir en papel es muy simple y econ\u00f3mico, pero conseguir la regleta para que las personas ciegas escriban en braille es muy dif\u00edcil en Colombia y en otros pa\u00edses de Am\u00e9rica Latina. Por eso desde Ayudas para Todos les traemos adem\u00e1s de regletas, tambi\u00e9n una gran variedad de productos y accesorios para ayudar a personas con discapacidad visual en su vida diaria, elementos para el estudio, trabajo, vida diaria, deporte, ocio, uso de tecnolog\u00eda y m\u00e1s.\n<p>&nbsp;<\/p>\n<ul>\n<li>Producto importado, venta bajo pedido con pago previo por el valor total del articulo.<\/li>\n<li>FAVOR ANTES DE OFERTAR, confirmar precio actual (por variaciones del valor del d\u00f3lar) y tambi\u00e9n CONFIRMAR QUE PUEDE ESPERAR LOS TIEMPOS DE ENTREGA\u00a0 que normalmente son entre 2-4 semanas.<\/li>\n<li>Cuando recibamos el pedido en nuestra oficina en Medell\u00edn-Colombia, le enviaremos un mensaje al comprador, si se encuentra en Medell\u00edn puede pasar a recogerlo personalmente en nuestra oficina, o tambi\u00e9n podemos hacer el envios a nivel nacional o internacional (Valor del envio cargo del comprador).<\/li>\n<li>Desde Ayudas para TODOS, estamos trabajando para ofrecerles el mayor Marketplace inclusivo a nivel mundial. Reuniendo en 1 solo sitio todos los productos que puedan necesitar, m\u00e1s de 5.000 referencias de art\u00edculos especializados que puedan necesitar instituciones y personas con o sin discapacidad, para apoyar procesos de inclusi\u00f3n, ayudando a superar las barreras que se pueden presentar al momento de estudiar, de trabajar, y en las dem\u00e1s actividades de la vida diaria.<\/li>\n<li>\u00bfNo est\u00e1 seguro sobre qu\u00e9 tipo de dispositivo o producto de apoyo debe comprar? Contamos con expertos para estudiar sus necesidades y asesorarlo recomend\u00e1ndole la ayuda o el conjunto de ayudas m\u00e1s adecuadas \u00bfNecesitas un producto y no lo encuentras en nuestro catalogo online? Cont\u00e1ctanos para ayudarte a conseguirlo. \u00bfEres emprendedor y tienes un gran producto inclusivo que quisieras promocionar en nuestra plataforma? <a href=\"https:\/\/ayudasparatodos.com\/index.php\/contact\/\">Cont\u00e1ctanos<\/a><\/li>\n<li>Visita la secci\u00f3n sobre <a href=\"https:\/\/ayudasparatodos.com\/index.php\/como-comprar-faq\/\">\u00bfC\u00f3mo Comprar? FAQ<\/a>, en la cual encontraras de forma m\u00e1s detallada las instrucciones de como comprar, servicio de asesor\u00eda y cotizaciones, formas de pago, env\u00edos a nivel nacional e internacional, garant\u00eda y otros temas relacionados.<\/li>\n<li><span style=\"font-size: 11.5pt; font-family: Roboto; color: #626262;\">Asesor\u00eda, cotizaciones dudas y comentarios: Si tiene cualquier duda o comentario, nos puede escribir o llamar via WhatsApp agregando el numero +57 3006000144 o directamente desde este <a href=\"https:\/\/wa.me\/+573006000144\">enlace<\/a>\u00a0 <\/span><a href=\"https:\/\/wa.me\/+573006000144\"><span style=\"font-size: 11.5pt; font-family: Roboto; color: #626262;\">https:\/\/wa.me\/+573006000144<\/span><\/a><span style=\"font-size: 11.5pt; font-family: Roboto; color: #626262;\">\u00a0 \u00a0 Tambi\u00e9n puede enviarnos un correo electr\u00f3nico a la direcci\u00f3n <a href=\"mailto:ventas@ayudasparatodos.com\">ventas@ayudasparatodos.com<\/a><\/span><\/li>\n<li><strong>Pagos en Colombia por transferencia Bancolombia o Nequi. Tambi\u00e9n recibimos pagos por tarjeta cr\u00e9dito o debito. Si la alternativa de pago no esta disponible en su pa\u00eds, tambi\u00e9n puede pagar por Giro en western Union o Paypal. Favor contactarnos al correo ventas@ayudasparatodos.com para generarle un enlace de pago personalizado por el valor de los art\u00edculos + el valor del envi\u00f3 seg\u00fan su ubicaci\u00f3n y con su moneda local. Despachos a nivel nacional e internacional desde Medell\u00edn &#8211; Colombia.<\/strong><\/li>\n<\/ul>\n<\/li>\n<\/ul>\n","protected":false},"excerpt":{"rendered":"<p>4 L\u00edneas, 20 Celdas &#8211; Escribe Braille Sin Papel<\/p>\n<p>&nbsp;<\/p>\n","protected":false},"featured_media":0,"template":"","meta":[],"product_cat":[147],"product_tag":[123,112,124,115,121,117,120,119,122,118,111,116,113,114,531],"class_list":["post-50722","product","type-product","status-publish","hentry","product_cat-escritura-braille-regletas-y-punzones","product_tag-agenda-ciegos","product_tag-distribuidor-ayudas-para-discapacidad-visual","product_tag-productos-de-apoyo-colegio-y-estudio-ninos-jovenes-con-discapacidad-visual","product_tag-regleta-braille-metalica","product_tag-regleta-y-punzon-braille-aluminio-medellin","product_tag-tienda-tiflologica-colombia","product_tag-tiflologo","product_tag-tiflotecnologia","product_tag-tomar-notas-en-braille","product_tag-venta-de-ayduas-para-ciegos-colombia","product_tag-venta-de-productos-para-ciegos","product_tag-venta-de-regleta-braille-en-aluminio","product_tag-venta-productos-escritura-en-braille-ciegos-y-baja-vision","product_tag-venta-regleta-aluminio-para-escritura-ciegos-braille","product_tag-versa-slate-regleta-ciegos-braille","description-off"],"_links":{"self":[{"href":"https:\/\/ayudasparatodos.com\/index.php\/wp-json\/wp\/v3\/product\/50722"}],"collection":[{"href":"https:\/\/ayudasparatodos.com\/index.php\/wp-json\/wp\/v3\/product"}],"about":[{"href":"https:\/\/ayudasparatodos.com\/index.php\/wp-json\/wp\/v2\/types\/product"}],"wp:attachment":[{"href":"https:\/\/ayudasparatodos.com\/index.php\/wp-json\/wp\/v2\/media?parent=50722"}],"wp:term":[{"taxonomy":"product_cat","embeddable":true,"href":"https:\/\/ayudasparatodos.com\/index.php\/wp-json\/wp\/v2\/product_cat?post=50722"},{"taxonomy":"product_tag","embeddable":true,"href":"https:\/\/ayudasparatodos.com\/index.php\/wp-json\/wp\/v2\/product_tag?post=50722"}],"curies":[{"name":"wp","href":"https:\/\/api.w.org\/{rel}","templated":true}]}}