{"id":50728,"date":"2023-02-22T17:18:36","date_gmt":"2023-02-22T17:18:36","guid":{"rendered":"https:\/\/ayudasparatodos.com\/?post_type=product&#038;p=50728"},"modified":"2024-01-24T20:51:09","modified_gmt":"2024-01-24T20:51:09","slug":"balongoalball5","status":"publish","type":"product","link":"https:\/\/ayudasparatodos.com\/index.php\/producto\/balongoalball5\/","title":{"rendered":"Bal\u00f3n de Goalball Sonoro Oficial Regulaci\u00f3n IBSA Tama\u00f1o 5 Sonoro discapacidad visual Deporte Paral\u00edmpico"},"content":{"rendered":"<h1 id=\"title\" class=\"a-size-large a-spacing-none\">Bal\u00f3n de Goalball Sonoro Oficial Regulaci\u00f3n IBSA Tama\u00f1o 5 Sonoro discapacidad visual Deporte Paralimpico<\/h1>\n<ul class=\"a-unordered-list a-vertical a-spacing-mini\">\n<li>Este bal\u00f3n de Goalball cumple con todas las especificaciones oficiales para practica de goalball\u00a0 con una menor medida, es tama\u00f1o 5 y el qeu se usa en competiciones oficiales es el tama\u00f1o mayor numero 7.<\/li>\n<li>Tus j\u00f3venes jugadores de goalball estar\u00e1n encantados de tener en sus manitas EVOLVE 5.&nbsp;<\/li>\n<li>Dise\u00f1amos EVOLVE 5 como un bal\u00f3n de portero adecuado para ni\u00f1os y ni\u00f1as de 12 a\u00f1os o menos.&nbsp;<\/li>\n<li>El EVOLVE 5 est\u00e1 dise\u00f1ado en consulta con los deportes de manejo de pelota m\u00e1s populares del mundo. Est\u00e1 claro a partir de esta investigaci\u00f3n que el desarrollo de habilidades y el disfrute est\u00e1n relacionados con el tama\u00f1o adecuado de la pelota.&nbsp;<\/li>\n<li>Sencillamente: las manos m\u00e1s peque\u00f1as necesitan una pelota m\u00e1s peque\u00f1a para el control, el disfrute y el rendimiento de la pelota.Profesionales implicados en la fisioterapia adaptada. edici\u00f3n y los programas paral\u00edmpicos bien estructurados saben que todo comienza con los fundamentos. Esto significa el simple disfrute de participar en actividades que son seguras y apropiadas para su edad.\n<p>Los programas de Goalball enfocados en el \u00e9xito a largo plazo deben saber que los futuros atletas paral\u00edmpicos actualmente son solo ni\u00f1os enfocados en la simple alegr\u00eda de un juego.<\/p>\n<p>Los educadores comprometidos con programas exitosos de educaci\u00f3n f\u00edsica adaptada saben que los ni\u00f1os disfrutan y aprenden de la actividad f\u00edsica cuando el equipo se adapta a sus necesidades.<\/p>\n<p>Ambos objetivos significan que la seguridad y la mec\u00e1nica corporal adecuada son fundamentales para la misi\u00f3n.<\/p>\n<p>El goalball juvenil EVOLVE 5 permite que todos los ni\u00f1os aprendan las habilidades adecuadas que necesitan para disfrutar del juego ahora y tener \u00e9xito en el futuro.<\/p>\n<p>Adelante. Dales lo que necesitan.<\/p>\n<p>Especificaciones<\/p>\n<p>Color: Azul<br \/>\nPeso: 910g<br \/>\nCircunferencia: 70cm<br \/>\nCampanas contenidas: 2<br \/>\nCompuesto: Caucho<\/p>\n<p>: 2<br \/>\nCompuesto: Caucho<\/li>\n<li>Precio de cada unidad: 193USD (D\u00f3lares Americanos) En el carrito de compras su suma el 19% del IVA para generar factura oficial.<\/li>\n<li>Para compras en Colombia, el precio aproximado en pesos seria $962.000, el precio exacto en pesos se calcula seg\u00fan la TRM del d\u00eda que desee realizar la compra.<\/li>\n<li>Podemos ofrecerle paquetes con tapaojos en diferentes calidades y buenos descuentos por la compra de 6 unidades o m\u00e1s.<\/li>\n<\/ul>\n<p>&nbsp;<\/p>\n<ul class=\"a-unordered-list a-vertical a-spacing-mini\">\n<li>Desde Ayudas para TODOS, estamos trabajando para ofrecerles el mayor Marketplace inclusivo a nivel mundial. Reuniendo en 1 solo sitio todos los productos que puedan necesitar, m\u00e1s de 5.000 referencias de art\u00edculos especializados que puedan necesitar instituciones y personas con o sin discapacidad, para apoyar procesos de inclusi\u00f3n, ayudando a superar las barreras que se pueden presentar al momento de estudiar, de trabajar, y en las dem\u00e1s actividades de la vida diaria.<\/li>\n<li>\u00bfNo est\u00e1 seguro sobre qu\u00e9 tipo de dispositivo o producto de apoyo debe comprar? Contamos con expertos para estudiar sus necesidades y asesorarlo recomend\u00e1ndole la ayuda o el conjunto de ayudas m\u00e1s adecuadas \u00bfNecesitas un producto y no lo encuentras en nuestro catalogo online? Cont\u00e1ctanos para ayudarte a conseguirlo. \u00bfEres emprendedor y tienes un gran producto inclusivo que quisieras promocionar en nuestra plataforma? <a href=\"https:\/\/ayudasparatodos.com\/index.php\/contact\/\">Cont\u00e1ctanos<\/a><\/li>\n<li>Visita la secci\u00f3n sobre <a href=\"https:\/\/ayudasparatodos.com\/index.php\/como-comprar-faq\/\">\u00bfC\u00f3mo Comprar? FAQ<\/a>, en la cual encontraras de forma m\u00e1s detallada las instrucciones de como comprar, servicio de asesor\u00eda y cotizaciones, formas de pago, env\u00edos a nivel nacional e internacional, garant\u00eda y otros temas relacionados.<\/li>\n<li><span style=\"font-size: 11.5pt; font-family: Roboto; color: #626262;\">Asesor\u00eda, cotizaciones dudas y comentarios: Si tiene cualquier duda o comentario, nos puede escribir o llamar via WhatsApp agregando el numero +57 3006000144 o directamente desde este <a href=\"https:\/\/wa.me\/+573006000144\">enlace<\/a>\u00a0 <\/span><a href=\"https:\/\/wa.me\/+573006000144\"><span style=\"font-size: 11.5pt; font-family: Roboto; color: #626262;\">https:\/\/wa.me\/+573006000144<\/span><\/a><span style=\"font-size: 11.5pt; font-family: Roboto; color: #626262;\">\u00a0 \u00a0 Tambi\u00e9n puede enviarnos un correo electr\u00f3nico a la direcci\u00f3n <a href=\"mailto:ventas@ayudasparatodos.com\">ventas@ayudasparatodos.com<\/a><\/span><\/li>\n<\/ul>\n","protected":false},"excerpt":{"rendered":"<h5 id=\"title\" class=\"a-size-large a-spacing-none\">Bal\u00f3n Goalball Sonoro oficial, tama\u00f1o #5 deporte paralimpico jugado por personas con discapacidad visual<\/h5>\n<p><b>Articulo en venta bajo pedido, tiempo de entrega de 15-30 d\u00edas h\u00e1biles. Precio en d\u00f3lares americanos USD. Favor contactarnos al correo ventas@ayudasparatodos.com para generarle un enlace de pago personalizado por el valor de los art\u00edculos + el valor del envi\u00f3 seg\u00fan su ubicaci\u00f3n y con su moneda local. Despachos a nivel nacional e internacional desde Medell\u00edn &#8211; Colombia.<\/b><\/p>\n","protected":false},"featured_media":0,"template":"","meta":[],"product_cat":[100],"product_tag":[127,105,104,107,109,108,125,126,106,110],"class_list":["post-50728","product","type-product","status-publish","hentry","product_cat-discapacidad-visual-deporte","product_tag-balon-de-goalball-para-ninos","product_tag-balon-goalball-medellin-colombia","product_tag-balon-goalball-oficial","product_tag-balones-para-discaapcidad-visual","product_tag-distribuidor-de-balones-goalball-y-accesorios-colombia","product_tag-goalball-deporte-paralimpico","product_tag-goalball-numero-5","product_tag-goalball-tamano-pequeno","product_tag-venta-de-balones-de-goalball-sonoros","product_tag-venta-de-balones-goalball-sonoros-reglamentarios-oficiales","description-off"],"_links":{"self":[{"href":"https:\/\/ayudasparatodos.com\/index.php\/wp-json\/wp\/v3\/product\/50728"}],"collection":[{"href":"https:\/\/ayudasparatodos.com\/index.php\/wp-json\/wp\/v3\/product"}],"about":[{"href":"https:\/\/ayudasparatodos.com\/index.php\/wp-json\/wp\/v2\/types\/product"}],"wp:attachment":[{"href":"https:\/\/ayudasparatodos.com\/index.php\/wp-json\/wp\/v2\/media?parent=50728"}],"wp:term":[{"taxonomy":"product_cat","embeddable":true,"href":"https:\/\/ayudasparatodos.com\/index.php\/wp-json\/wp\/v2\/product_cat?post=50728"},{"taxonomy":"product_tag","embeddable":true,"href":"https:\/\/ayudasparatodos.com\/index.php\/wp-json\/wp\/v2\/product_tag?post=50728"}],"curies":[{"name":"wp","href":"https:\/\/api.w.org\/{rel}","templated":true}]}}