{"id":50731,"date":"2023-02-22T21:35:09","date_gmt":"2023-02-22T21:35:09","guid":{"rendered":"https:\/\/ayudasparatodos.com\/?post_type=product&#038;p=50731"},"modified":"2024-01-24T20:53:58","modified_gmt":"2024-01-24T20:53:58","slug":"tapaojosphantom","status":"publish","type":"product","link":"https:\/\/ayudasparatodos.com\/index.php\/producto\/tapaojosphantom\/","title":{"rendered":"Tapa ojos Visor Goalball Phantom Profesional discapacidad visual Deporte Paralimpico"},"content":{"rendered":"<h1 id=\"title\" class=\"a-size-large a-spacing-none\">Tapa ojos Visor Goalball Phantom Profesional discapacidad visual Deporte Paralimpico<\/h1>\n<ul class=\"a-unordered-list a-vertical a-spacing-mini\">\n<li>Los tapa ojos de protecci\u00f3n, son un lelemento obligatorio al jugar goalball, tanto por fairplay al estar todos en igualdad de no poder ver, como para protecci\u00f3n.<\/li>\n<li><strong>Safety<\/strong>Seguridad\n<p>Antes de la creaci\u00f3n de Phantom Visor en 2005, los atletas de nuestro deporte sufr\u00edan lesiones debido a equipos que no estaban dise\u00f1ados para el estr\u00e9s del gol. consultamos a m\u00e1s de 100 atletas, entrenadores y oficiales en dos continentes. A partir de estos comentarios, se dise\u00f1\u00f3 la visera deportiva Phantom Visor para abordar las necesidades espec\u00edficas del gol.<\/p>\n<p>&nbsp;<\/li>\n<li>Comodidad\n<p>El ajuste moldeado de la placa frontal flexible, la almohadilla de espuma higi\u00e9nica y la correa ajustable le permiten concentrarse en su juego. Ya no tendr\u00e1s que preocuparte por las modificaciones improvisadas de tus gafas de esqu\u00ed cuando un gol se acerque a toda velocidad.<\/p>\n<p>&nbsp;<\/li>\n<li>Juego limpio\n<p>Los campeonatos mundiales y los juegos paral\u00edmpicos conf\u00edan en la visera deportiva Phantom Visor para restringir la visi\u00f3n de todos los atletas. Los oficiales, administradores y entrenadores saben que el dise\u00f1o y ajuste del Phantom Visor significa que todos los atletas tienen su visi\u00f3n completamente restringida durante el juego.<\/li>\n<li>Precio de cada unidad: <strong>117USD (D\u00f3lares Americanos)<\/strong> En el carrito de compras su suma el 19% del IVA para generar factura oficial.<\/li>\n<li>Para compras en Colombia, el precio aproximado en pesos seria <strong>$585.000<\/strong>, el precio exacto en pesos se calcula seg\u00fan la TRM del d\u00eda que desee realizar la compra.<\/li>\n<li>Podemos ofrecerle paquetes con tapaojos en diferentes calidades y buenos descuentos por la compra de 6 unidades o m\u00e1s.<\/li>\n<\/ul>\n<p>&nbsp;<\/p>\n<ul class=\"a-unordered-list a-vertical a-spacing-mini\">\n<li>Desde Ayudas para TODOS, estamos trabajando para ofrecerles el mayor Marketplace inclusivo a nivel mundial. Reuniendo en 1 solo sitio todos los productos que puedan necesitar, m\u00e1s de 5.000 referencias de art\u00edculos especializados que puedan necesitar instituciones y personas con o sin discapacidad, para apoyar procesos de inclusi\u00f3n, ayudando a superar las barreras que se pueden presentar al momento de estudiar, de trabajar, y en las dem\u00e1s actividades de la vida diaria.<\/li>\n<li>\u00bfNo est\u00e1 seguro sobre qu\u00e9 tipo de dispositivo o producto de apoyo debe comprar? Contamos con expertos para estudiar sus necesidades y asesorarlo recomend\u00e1ndole la ayuda o el conjunto de ayudas m\u00e1s adecuadas \u00bfNecesitas un producto y no lo encuentras en nuestro catalogo online? Cont\u00e1ctanos para ayudarte a conseguirlo. \u00bfEres emprendedor y tienes un gran producto inclusivo que quisieras promocionar en nuestra plataforma? <a href=\"https:\/\/ayudasparatodos.com\/index.php\/contact\/\">Cont\u00e1ctanos<\/a><\/li>\n<li>Visita la secci\u00f3n sobre <a href=\"https:\/\/ayudasparatodos.com\/index.php\/como-comprar-faq\/\">\u00bfC\u00f3mo Comprar? FAQ<\/a>, en la cual encontraras de forma m\u00e1s detallada las instrucciones de como comprar, servicio de asesor\u00eda y cotizaciones, formas de pago, env\u00edos a nivel nacional e internacional, garant\u00eda y otros temas relacionados.<\/li>\n<li><span style=\"font-size: 11.5pt; font-family: Roboto; color: #626262;\">Asesor\u00eda, cotizaciones dudas y comentarios: Si tiene cualquier duda o comentario, nos puede escribir o llamar via WhatsApp agregando el numero +57 3006000144 o directamente desde este <a href=\"https:\/\/wa.me\/+573006000144\">enlace<\/a>\u00a0 <\/span><a href=\"https:\/\/wa.me\/+573006000144\"><span style=\"font-size: 11.5pt; font-family: Roboto; color: #626262;\">https:\/\/wa.me\/+573006000144<\/span><\/a><span style=\"font-size: 11.5pt; font-family: Roboto; color: #626262;\">\u00a0 \u00a0 Tambi\u00e9n puede enviarnos un correo electr\u00f3nico a la direcci\u00f3n <a href=\"mailto:ventas@ayudasparatodos.com\">ventas@ayudasparatodos.com<\/a><\/span><\/li>\n<\/ul>\n","protected":false},"excerpt":{"rendered":"<p><strong>Phantom Visor es el primer tapa ojos real del mundo; dise\u00f1ado para la seguridad, la comodidad y el juego limpio<\/strong><\/p>\n<p><b>Articulo en venta bajo pedido, tiempo de entrega de 15-30 d\u00edas h\u00e1biles. Precio en d\u00f3lares americanos USD. Favor contactarnos al correo ventas@ayudasparatodos.com para generarle un enlace de pago personalizado por el valor de los art\u00edculos + el valor del envi\u00f3 seg\u00fan su ubicaci\u00f3n y con su moneda local. Despachos a nivel nacional e internacional desde Medell\u00edn &#8211; Colombia.<\/b><\/p>\n","protected":false},"featured_media":50732,"template":"","meta":[],"product_cat":[100],"product_tag":[130,107,109,129,108,125,126,131,128,132,106,110],"class_list":["post-50731","product","type-product","status-publish","has-post-thumbnail","hentry","product_cat-discapacidad-visual-deporte","product_tag-antifaz-proteccion-deporte-goalball","product_tag-balones-para-discaapcidad-visual","product_tag-distribuidor-de-balones-goalball-y-accesorios-colombia","product_tag-gafas-de-proteccion-visual-goalball","product_tag-goalball-deporte-paralimpico","product_tag-goalball-numero-5","product_tag-goalball-tamano-pequeno","product_tag-tapaojos-deporte-ciegos","product_tag-tapaojos-goalball","product_tag-tapojos-profesional-deporte-ciegos-futbol-goalball","product_tag-venta-de-balones-de-goalball-sonoros","product_tag-venta-de-balones-goalball-sonoros-reglamentarios-oficiales","description-off"],"_links":{"self":[{"href":"https:\/\/ayudasparatodos.com\/index.php\/wp-json\/wp\/v3\/product\/50731"}],"collection":[{"href":"https:\/\/ayudasparatodos.com\/index.php\/wp-json\/wp\/v3\/product"}],"about":[{"href":"https:\/\/ayudasparatodos.com\/index.php\/wp-json\/wp\/v2\/types\/product"}],"wp:featuredmedia":[{"embeddable":true,"href":"https:\/\/ayudasparatodos.com\/index.php\/wp-json\/wp\/v2\/media\/50732"}],"wp:attachment":[{"href":"https:\/\/ayudasparatodos.com\/index.php\/wp-json\/wp\/v2\/media?parent=50731"}],"wp:term":[{"taxonomy":"product_cat","embeddable":true,"href":"https:\/\/ayudasparatodos.com\/index.php\/wp-json\/wp\/v2\/product_cat?post=50731"},{"taxonomy":"product_tag","embeddable":true,"href":"https:\/\/ayudasparatodos.com\/index.php\/wp-json\/wp\/v2\/product_tag?post=50731"}],"curies":[{"name":"wp","href":"https:\/\/api.w.org\/{rel}","templated":true}]}}