{"id":50736,"date":"2023-02-23T23:30:46","date_gmt":"2023-02-23T23:30:46","guid":{"rendered":"https:\/\/ayudasparatodos.com\/?post_type=product&#038;p=50736"},"modified":"2024-01-24T21:10:27","modified_gmt":"2024-01-24T21:10:27","slug":"frisbeesonoro","status":"publish","type":"product","link":"https:\/\/ayudasparatodos.com\/index.php\/producto\/frisbeesonoro\/","title":{"rendered":"Disco Volador Frisbee Sonoro y en espuma para discapacidad visual ciegos"},"content":{"rendered":"<p>Disco Volador Frisbee Sonoro y en espuma para discapacidad visual ciegos<\/p>\n<ul class=\"a-unordered-list a-vertical a-spacing-mini\">\n<li>Bueno, no hay nada tan divertido como disfrutar jugando en un campo abierto o dentro del gimnasio de la escuela. Ya sea que quieras jugar a atrapar con un grupo de amigos, disfrutar de un juego de correcciones o simplemente participar en un concurso para ver qui\u00e9n puede lanzar algo m\u00e1s lejos, estar\u00e1s encantado de c\u00f3mo nuestro disco de espuma con sonido hace posible que jugadores ciegos para unirse al juego!<\/li>\n<li>Beeper incorporado permite a los jugadores ciegos seguir el disco en todo momento.<\/li>\n<li>Mide 7-1\/2 pulgadas de di\u00e1metro.<\/li>\n<li>Hecho de espuma suave y cubierto con tela resistente.<\/li>\n<li>Compartimento con cierre de velcro en el centro que sujeta de forma segura el b\u00edper en su lugar.<\/li>\n<li>Rasgue la tapa y presione el interruptor para encender el \u00abbuscador\u00bb.<\/li>\n<li>\u00danase a todos esos juegos antes inaccesibles con facilidad.<\/li>\n<li>Utiliza 1 bater\u00eda AA (no incluida).<\/li>\n<li>Peso del paquete: alrededor de 2,8 onzas.<\/li>\n<li>Precio de cada unidad: <strong>42USD (D\u00f3lares Americanos)<\/strong> En el carrito de compras su suma el 19% del IVA para generar factura oficial.<\/li>\n<li>Para compras en Colombia, el precio aproximado en pesos seria <strong>$208.000<\/strong>, el precio exacto en pesos se calcula seg\u00fan la TRM del d\u00eda que desee realizar la compra.<\/li>\n<li>Podemos ofrecerle descuentos en por la compra de 6 unidades o m\u00e1s<\/li>\n<\/ul>\n<p>&nbsp;<\/p>\n<ul class=\"a-unordered-list a-vertical a-spacing-mini\">\n<li>Desde Ayudas para TODOS, estamos trabajando para ofrecerles el mayor Marketplace inclusivo a nivel mundial. Reuniendo en 1 solo sitio todos los productos que puedan necesitar, m\u00e1s de 5.000 referencias de art\u00edculos especializados que puedan necesitar instituciones y personas con o sin discapacidad, para apoyar procesos de inclusi\u00f3n, ayudando a superar las barreras que se pueden presentar al momento de estudiar, de trabajar, y en las dem\u00e1s actividades de la vida diaria.<\/li>\n<li>\u00bfNo est\u00e1 seguro sobre qu\u00e9 tipo de dispositivo o producto de apoyo debe comprar? Contamos con expertos para estudiar sus necesidades y asesorarlo recomend\u00e1ndole la ayuda o el conjunto de ayudas m\u00e1s adecuadas \u00bfNecesitas un producto y no lo encuentras en nuestro catalogo online? Cont\u00e1ctanos para ayudarte a conseguirlo. \u00bfEres emprendedor y tienes un gran producto inclusivo que quisieras promocionar en nuestra plataforma? <a href=\"https:\/\/ayudasparatodos.com\/index.php\/contact\/\">Cont\u00e1ctanos<\/a><\/li>\n<li>Visita la secci\u00f3n sobre <a href=\"https:\/\/ayudasparatodos.com\/index.php\/como-comprar-faq\/\">\u00bfC\u00f3mo Comprar? FAQ<\/a>, en la cual encontraras de forma m\u00e1s detallada las instrucciones de como comprar, servicio de asesor\u00eda y cotizaciones, formas de pago, env\u00edos a nivel nacional e internacional, garant\u00eda y otros temas relacionados.<\/li>\n<li><span style=\"font-size: 11.5pt; font-family: Roboto; color: #626262;\">Asesor\u00eda, cotizaciones dudas y comentarios: Si tiene cualquier duda o comentario, nos puede escribir o llamar via WhatsApp agregando el numero +57 3006000144 o directamente desde este <a href=\"https:\/\/wa.me\/+573006000144\">enlace<\/a>\u00a0 <\/span><a href=\"https:\/\/wa.me\/+573006000144\"><span style=\"font-size: 11.5pt; font-family: Roboto; color: #626262;\">https:\/\/wa.me\/+573006000144<\/span><\/a><span style=\"font-size: 11.5pt; font-family: Roboto; color: #626262;\">\u00a0 \u00a0 Tambi\u00e9n puede enviarnos un correo electr\u00f3nico a la direcci\u00f3n <a href=\"mailto:ventas@ayudasparatodos.com\">ventas@ayudasparatodos.com<\/a><\/span><\/li>\n<\/ul>\n","protected":false},"excerpt":{"rendered":"<p><strong>Encontraras la mayor variedad de productos especializados para apoyar al inclusi\u00f3n de personas con diferentes tipos de discapaciad, adultos mayores y todo el que pueda necestar ayuda apra realiar una tarea.<\/strong><\/p>\n<p><b>Articulo en venta bajo pedido, tiempo de entrega de 15-30 d\u00edas h\u00e1biles. Precio en d\u00f3lares americanos USD. Favor contactarnos al correo ventas@ayudasparatodos.com para generarle un enlace de pago personalizado por el valor de los art\u00edculos + el valor del envi\u00f3 seg\u00fan su ubicaci\u00f3n y con su moneda local. Despachos a nivel nacional e internacional desde Medell\u00edn &#8211; Colombia.<\/b><\/p>\n","protected":false},"featured_media":50745,"template":"","meta":[],"product_cat":[100],"product_tag":[136,134,138,137,135,150,149,140,139],"class_list":["post-50736","product","type-product","status-publish","has-post-thumbnail","hentry","product_cat-discapacidad-visual-deporte","product_tag-adaptar-juguetes-y-actividades-con-sonido-para-ciegos","product_tag-deporte-adaptado-para-ciegos","product_tag-disposistivo-sonoro-actividades-deportivas-discapacidad-visual","product_tag-dispositivo-para-ayudar-a-adaptar-actividades-para-ciegos-y-baja-vision","product_tag-elementos-deportivos-adaptados-para-ciegos","product_tag-frisbee-disco-volador-sonoro-para-ciegos-discapacidad-visual","product_tag-juguetes-adaptados-apra-ninos-con-discapacidad-visual","product_tag-tienda-discapcidad-visual-colombia-productos-accesibles","product_tag-venta-de-ayudas-para-ciegos","description-off"],"_links":{"self":[{"href":"https:\/\/ayudasparatodos.com\/index.php\/wp-json\/wp\/v3\/product\/50736"}],"collection":[{"href":"https:\/\/ayudasparatodos.com\/index.php\/wp-json\/wp\/v3\/product"}],"about":[{"href":"https:\/\/ayudasparatodos.com\/index.php\/wp-json\/wp\/v2\/types\/product"}],"wp:featuredmedia":[{"embeddable":true,"href":"https:\/\/ayudasparatodos.com\/index.php\/wp-json\/wp\/v2\/media\/50745"}],"wp:attachment":[{"href":"https:\/\/ayudasparatodos.com\/index.php\/wp-json\/wp\/v2\/media?parent=50736"}],"wp:term":[{"taxonomy":"product_cat","embeddable":true,"href":"https:\/\/ayudasparatodos.com\/index.php\/wp-json\/wp\/v2\/product_cat?post=50736"},{"taxonomy":"product_tag","embeddable":true,"href":"https:\/\/ayudasparatodos.com\/index.php\/wp-json\/wp\/v2\/product_tag?post=50736"}],"curies":[{"name":"wp","href":"https:\/\/api.w.org\/{rel}","templated":true}]}}