{"id":50750,"date":"2023-02-24T00:54:22","date_gmt":"2023-02-24T00:54:22","guid":{"rendered":"https:\/\/ayudasparatodos.com\/?post_type=product&#038;p=50750"},"modified":"2024-01-24T21:08:04","modified_gmt":"2024-01-24T21:08:04","slug":"futbolibsasonoro","status":"publish","type":"product","link":"https:\/\/ayudasparatodos.com\/index.php\/producto\/futbolibsasonoro\/","title":{"rendered":"Bal\u00f3n de Futbol 4 Sonoro Profesional Certificado ciegos discapacidad visual"},"content":{"rendered":"<p>Bal\u00f3n de Futbol 4 Sonoro Profesional Certificado ciegos discapacidad visual<\/p>\n<p>&nbsp;<\/p>\n<ul>\n<li>Aprobado por IBSA (Federaci\u00f3n Internacional de Deportes para Ciegos), este bal\u00f3n oficial se utiliza en campeonatos de f\u00fatbol para ciegos en Europa, Am\u00e9rica y el mundo. La capa exterior est\u00e1 hecha de microfibra japonesa que le da una sensaci\u00f3n de primera calidad. Su superficie texturizada ofrece un control \u00f3ptimo del bal\u00f3n durante el juego. La pelota en s\u00ed est\u00e1 hecha de cuero PU con una c\u00e1mara de l\u00e1tex.<\/li>\n<li>El avanzado sistema de sonido del bal\u00f3n de f\u00fatbol Stryker le proporciona un sonido de traqueteo alto y claro (seg\u00fan los est\u00e1ndares de IBSA). Los dispositivos de sonido de traqueteo en el interior est\u00e1n hechos de acero no magn\u00e9tico para un rendimiento duradero y a prueba de herrumbre.<\/li>\n<li>Este bal\u00f3n de f\u00fatbol tama\u00f1o 4 mide 8 pulgadas de di\u00e1metro y es blanco con marcas negras, naranjas y plateadas. Es nuestro bal\u00f3n de f\u00fatbol m\u00e1s duradero, ideal para partidos de alto nivel y entrenamientos profesionales. Si est\u00e1 destinado a los campeonatos, o sue\u00f1a con llegar all\u00ed, juegue con esta pelota para vivir la experiencia m\u00e1s aut\u00e9ntica.<\/li>\n<li>Mide alrededor de 8 pulgadas de di\u00e1metro.<\/li>\n<li>Peso del paquete: alrededor de 1,1 libras.<\/li>\n<li>Precio de cada unidad: <strong>91 USD (D\u00f3lares Americanos)<\/strong> En el carrito de compras su suma el 19% del IVA para generar factura oficial.<\/li>\n<li>Para compras en Colombia, el precio aproximado en pesos seria <strong>$455.000<\/strong>, el precio exacto en pesos se calcula seg\u00fan la TRM del d\u00eda que desee realizar la compra.<\/li>\n<li>Podemos ofrecerle descuentos en por la compra de 6 unidades o m\u00e1s<\/li>\n<\/ul>\n<p>&nbsp;<\/p>\n<ul class=\"a-unordered-list a-vertical a-spacing-mini\">\n<li>Desde Ayudas para TODOS, estamos trabajando para ofrecerles el mayor Marketplace inclusivo a nivel mundial. Reuniendo en 1 solo sitio todos los productos que puedan necesitar, m\u00e1s de 5.000 referencias de art\u00edculos especializados que puedan necesitar instituciones y personas con o sin discapacidad, para apoyar procesos de inclusi\u00f3n, ayudando a superar las barreras que se pueden presentar al momento de estudiar, de trabajar, y en las dem\u00e1s actividades de la vida diaria.<\/li>\n<li>\u00bfNo est\u00e1 seguro sobre qu\u00e9 tipo de dispositivo o producto de apoyo debe comprar? Contamos con expertos para estudiar sus necesidades y asesorarlo recomend\u00e1ndole la ayuda o el conjunto de ayudas m\u00e1s adecuadas \u00bfNecesitas un producto y no lo encuentras en nuestro catalogo online? Cont\u00e1ctanos para ayudarte a conseguirlo. \u00bfEres emprendedor y tienes un gran producto inclusivo que quisieras promocionar en nuestra plataforma? <a href=\"https:\/\/ayudasparatodos.com\/index.php\/contact\/\">Cont\u00e1ctanos<\/a><\/li>\n<li>Visita la secci\u00f3n sobre <a href=\"https:\/\/ayudasparatodos.com\/index.php\/como-comprar-faq\/\">\u00bfC\u00f3mo Comprar? FAQ<\/a>, en la cual encontraras de forma m\u00e1s detallada las instrucciones de como comprar, servicio de asesor\u00eda y cotizaciones, formas de pago, env\u00edos a nivel nacional e internacional, garant\u00eda y otros temas relacionados.<\/li>\n<li><span style=\"font-size: 11.5pt; font-family: Roboto; color: #626262;\">Asesor\u00eda, cotizaciones dudas y comentarios: Si tiene cualquier duda o comentario, nos puede escribir o llamar via WhatsApp agregando el numero +57 3006000144 o directamente desde este <a href=\"https:\/\/wa.me\/+573006000144\">enlace<\/a>\u00a0 <\/span><a href=\"https:\/\/wa.me\/+573006000144\"><span style=\"font-size: 11.5pt; font-family: Roboto; color: #626262;\">https:\/\/wa.me\/+573006000144<\/span><\/a><span style=\"font-size: 11.5pt; font-family: Roboto; color: #626262;\">\u00a0 \u00a0 Tambi\u00e9n puede enviarnos un correo electr\u00f3nico a la direcci\u00f3n <a href=\"mailto:ventas@ayudasparatodos.com\">ventas@ayudasparatodos.com<\/a><\/span><\/li>\n<\/ul>\n","protected":false},"excerpt":{"rendered":"<p><strong>Encontraras la mayor variedad de productos especializados para apoyar al inclusi\u00f3n de personas con diferentes tipos de discapaciad, adultos mayores y todo el que pueda necestar ayuda apra realiar una tarea.<\/strong><\/p>\n<p><b>Articulo en venta bajo pedido, tiempo de entrega de 15-30 d\u00edas h\u00e1biles. Precio en d\u00f3lares americanos USD. Favor contactarnos al correo ventas@ayudasparatodos.com para generarle un enlace de pago personalizado por el valor de los art\u00edculos + el valor del envi\u00f3 seg\u00fan su ubicaci\u00f3n y con su moneda local. Despachos a nivel nacional e internacional desde Medell\u00edn &#8211; Colombia.<\/b><\/p>\n","protected":false},"featured_media":50751,"template":"","meta":[],"product_cat":[100],"product_tag":[155,154,151,134,135,140,139,152],"class_list":["post-50750","product","type-product","status-publish","has-post-thumbnail","hentry","product_cat-discapacidad-visual-deporte","product_tag-balon-futbol-ciegos-sonoro-certificado-ibsa-ciegos","product_tag-balon-sonoro-con-cascabeles-venta-medellin-colombia","product_tag-balon-sonoro-de-futbol-soccer-para-ciegos","product_tag-deporte-adaptado-para-ciegos","product_tag-elementos-deportivos-adaptados-para-ciegos","product_tag-tienda-discapcidad-visual-colombia-productos-accesibles","product_tag-venta-de-ayudas-para-ciegos","product_tag-venta-de-balones-para-ciegos","description-off"],"_links":{"self":[{"href":"https:\/\/ayudasparatodos.com\/index.php\/wp-json\/wp\/v3\/product\/50750"}],"collection":[{"href":"https:\/\/ayudasparatodos.com\/index.php\/wp-json\/wp\/v3\/product"}],"about":[{"href":"https:\/\/ayudasparatodos.com\/index.php\/wp-json\/wp\/v2\/types\/product"}],"wp:featuredmedia":[{"embeddable":true,"href":"https:\/\/ayudasparatodos.com\/index.php\/wp-json\/wp\/v2\/media\/50751"}],"wp:attachment":[{"href":"https:\/\/ayudasparatodos.com\/index.php\/wp-json\/wp\/v2\/media?parent=50750"}],"wp:term":[{"taxonomy":"product_cat","embeddable":true,"href":"https:\/\/ayudasparatodos.com\/index.php\/wp-json\/wp\/v2\/product_cat?post=50750"},{"taxonomy":"product_tag","embeddable":true,"href":"https:\/\/ayudasparatodos.com\/index.php\/wp-json\/wp\/v2\/product_tag?post=50750"}],"curies":[{"name":"wp","href":"https:\/\/api.w.org\/{rel}","templated":true}]}}