{"id":50795,"date":"2023-03-01T02:44:27","date_gmt":"2023-03-01T02:44:27","guid":{"rendered":"https:\/\/ayudasparatodos.com\/?post_type=product&#038;p=50795"},"modified":"2024-02-19T18:49:03","modified_gmt":"2024-02-19T18:49:03","slug":"audifonososea4","status":"publish","type":"product","link":"https:\/\/ayudasparatodos.com\/index.php\/producto\/audifonososea4\/","title":{"rendered":"Aud\u00edfonos de conducci\u00f3n \u00f3sea ajustable ADULTO MAYOR\u00a0 P\u00c9RDIDA\u00a0AUDITIVA discapacidad \u00a0"},"content":{"rendered":"<h1>Aud\u00edfonos de conducci\u00f3n \u00f3sea ajustable ADULTO MAYOR\u00a0 P\u00c9RDIDA\u00a0AUDITIVA discapacidad<\/h1>\n<p>&nbsp;<\/p>\n<ul>\n<li>Aviso: los auriculares auditivos son principalmente adecuados para las personas mayores para ver la televisi\u00f3n o comunicarse, antes de comprar, a trav\u00e9s de la p\u00e1gina A+, por favor, entienda los detalles del producto y confirma que el producto es lo que necesitas.<\/li>\n<li>Disponible en 7 opciones de frecuencia diferentes, el amplificador de sonido es adecuado para personas con p\u00e9rdida de audici\u00f3n en diferentes rangos.<\/li>\n<li>Los auriculares de aud\u00edfono se pueden ajustar por separado para ambos o\u00eddos, y asegurar el equilibrio de audici\u00f3n binaural.<\/li>\n<li>Los aud\u00edfonos son m\u00e1s eficaces para las personas mayores con t\u00edmpano envejecido, pero menos eficaces para el envejecimiento del nervio auditivo; antes de comprar, por favor, confirma la situaci\u00f3n del usuario con un m\u00e9todo simple: deja que el usuario golpee suavemente los dientes superiores e inferiores para confirmar si puede escuchar el sonido de clic de los dientes. Si lo escucha, es eficaz; si no, no es eficaz.<\/li>\n<li>Los ancianos con p\u00e9rdida auditiva se deben principalmente al t\u00edmpano envejecido. Los aud\u00edfonos tradicionales de conducci\u00f3n de aire, principalmente para amplificar el sonido para que los ancianos puedan o\u00edr, pero provocar\u00e1n una p\u00e9rdida auditiva m\u00e1s grave. Nuestros auriculares auditivos no atraviesan el cr\u00e1neo. , que no agravar\u00e1 la p\u00e9rdida de audici\u00f3n de los ancianos. Mientras tanto, el producto no est\u00e1 en el o\u00eddo, por lo que es m\u00e1s c\u00f3modo de llevar para las personas mayores.<\/li>\n<\/ul>\n<p>&nbsp;<\/p>\n<ul>\n<li>Para las personas mayores, los auriculares auditivos pueden mejorar su vivacidad.<\/li>\n<li>Disfruta de la televisi\u00f3n<\/li>\n<\/ul>\n<p>Los aud\u00edfonos pueden ayudar a las personas mayores a disfrutar del programa de televisi\u00f3n.<\/p>\n<p>&nbsp;<\/p>\n<p>Disfruta en comunicarte<\/p>\n<p>Al comunicarse con amigos, los auriculares con sonido personal pueden ayudar a las personas mayores a escuchar con claridad.<\/p>\n<p>&nbsp;<\/p>\n<p>conectar el tel\u00e9fono<\/p>\n<p>Los auriculares auditivos est\u00e1n conectados al tel\u00e9fono a trav\u00e9s del cable de audio, las personas mayores pueden tener una llamada con su familia o amigos f\u00e1cilmente. Las personas mayores tambi\u00e9n pueden disfrutar de la m\u00fasica de los dispositivos electr\u00f3nicos.<\/p>\n<p>&nbsp;<\/p>\n<ul>\n<li style=\"list-style-type: none;\">\n<ul>\n<li>Precio de cada unidad: <strong>228 USD (D\u00f3lares Americanos)<\/strong> En el carrito de compras su suma el 19% del IVA para generar factura oficial.<\/li>\n<li>Para compras en Colombia, el precio aproximado en pesos seria <strong>$1.138.000<\/strong>, el precio exacto en pesos se calcula seg\u00fan la TRM del d\u00eda que desee realizar la compra.<\/li>\n<li>Podemos ofrecerle descuentos en por la compra de 6 unidades o m\u00e1s<\/li>\n<\/ul>\n<\/li>\n<\/ul>\n<p>SKA AUDAUD4<\/p>\n<p>Muchas personas sufren por su p\u00e9rdida auditiva leve o moderada, escuchar mal les dificulta comprender conversaciones, ver televisi\u00f3n, estudiar, trabajar y muchas tareas del d\u00eda a d\u00eda. En muchos casos se podr\u00eda solucionar con algo tan sencillo como unos buenos aud\u00edfonos amplificadores de conducci\u00f3n \u00f3sea, que permiten escuchar por medio de vibraci\u00f3n del hueso y no por medio del canal auditivo como es tradicional con ondas de aire. Conseguir aud\u00edfonos de este tipo es muy dif\u00edcil en Colombia, y en otros pa\u00edses de Am\u00e9rica Latina. Por eso desde Ayudas para Todos les traemos varias opciones de aud\u00edfonos de conducci\u00f3n \u00f3sea para ayudar a personas con discapacidad auditiva, seleccione el m\u00e1s conveniente seg\u00fan sus intereses y presupuesto.<\/p>\n<p>Es importante aclarar que esta tecnolog\u00eda puede ayudar en algunos casos y en otros no, es responsabilidad del comprador asesorarse con un especialista que le confirme si esta tecnolog\u00eda es indicada para su uso, y que el modelo seleccionado sea el indicado. Un truco es cerrar la boca haciendo ruido entre los dientes, si lo escuchan es una prueba de que si puede escuchar mediante conducci\u00f3n \u00f3sea. Pero si el nervio auditivo est\u00e1 da\u00f1ado, esta tecnolog\u00eda no es para ese usuario. Por lo cual aclaramos que nosotros prestamos un servicio de importaci\u00f3n del producto que usted seleccione, el proveedor le realiza pruebas antes de enviarlo, m\u00e1s no podemos dar garant\u00eda sobre mal uso de este o que no le funcione de forma satisfactoria a causa de su p\u00e9rdida auditiva.<\/p>\n<ul class=\"a-unordered-list a-vertical a-spacing-mini\">\n<li>Desde Ayudas para TODOS, estamos trabajando para ofrecerles el mayor Marketplace inclusivo a nivel mundial. Reuniendo en 1 solo sitio todos los productos que puedan necesitar, m\u00e1s de 5.000 referencias de art\u00edculos especializados que puedan necesitar instituciones y personas con o sin discapacidad, para apoyar procesos de inclusi\u00f3n, ayudando a superar las barreras que se pueden presentar al momento de estudiar, de trabajar, y en las dem\u00e1s actividades de la vida diaria.<\/li>\n<li>\u00bfNo est\u00e1 seguro sobre qu\u00e9 tipo de dispositivo o producto de apoyo debe comprar? Contamos con expertos para estudiar sus necesidades y asesorarlo recomend\u00e1ndole la ayuda o el conjunto de ayudas m\u00e1s adecuadas \u00bfNecesitas un producto y no lo encuentras en nuestro catalogo online? Cont\u00e1ctanos para ayudarte a conseguirlo. \u00bfEres emprendedor y tienes un gran producto inclusivo que quisieras promocionar en nuestra plataforma? <a href=\"https:\/\/ayudasparatodos.com\/index.php\/contact\/\">Cont\u00e1ctanos<\/a><\/li>\n<li>Visita la secci\u00f3n sobre <a href=\"https:\/\/ayudasparatodos.com\/index.php\/como-comprar-faq\/\">\u00bfC\u00f3mo Comprar? FAQ<\/a>, en la cual encontraras de forma m\u00e1s detallada las instrucciones de como comprar, servicio de asesor\u00eda y cotizaciones, formas de pago, env\u00edos a nivel nacional e internacional, garant\u00eda y otros temas relacionados.<\/li>\n<li><span style=\"font-size: 11.5pt; font-family: Roboto; color: #626262;\">Asesor\u00eda, cotizaciones dudas y comentarios: Si tiene cualquier duda o comentario, nos puede escribir o llamar via WhatsApp agregando el numero +57 3006000144 o directamente desde este <a href=\"https:\/\/wa.me\/+573006000144\">enlace<\/a>\u00a0 <\/span><a href=\"https:\/\/wa.me\/+573006000144\"><span style=\"font-size: 11.5pt; font-family: Roboto; color: #626262;\">https:\/\/wa.me\/+573006000144<\/span><\/a><span style=\"font-size: 11.5pt; font-family: Roboto; color: #626262;\">\u00a0 \u00a0 Tambi\u00e9n puede enviarnos un correo electr\u00f3nico a la direcci\u00f3n <a href=\"mailto:ventas@ayudasparatodos.com\">ventas@ayudasparatodos.com<\/a><\/span><\/li>\n<\/ul>\n","protected":false},"excerpt":{"rendered":"<p><b>Encontrar\u00e1s\u00a0la mayor variedad de productos especializados para apoyar al inclusi\u00f3n de personas con diferentes tipos de discapacidad, adultos mayores y todo el que pueda necesitar\u00a0ayuda para realizar una tarea.<\/b><\/p>\n<p><b>Articulo en venta bajo pedido, tiempo de entrega de 15-30 d\u00edas h\u00e1biles. Precio en d\u00f3lares americanos USD. Favor contactarnos al correo ventas@ayudasparatodos.com para generarle un enlace de pago personalizado por el valor de los art\u00edculos + el valor del envi\u00f3 seg\u00fan su ubicaci\u00f3n y con su moneda local. Despachos a nivel nacional e internacional desde Medell\u00edn &#8211; Colombia.<\/b><\/p>\n","protected":false},"featured_media":50805,"template":"","meta":[],"product_cat":[217,51],"product_tag":[159,165,164,158,162,157,161,160,166,163],"class_list":["post-50795","product","type-product","status-publish","has-post-thumbnail","hentry","product_cat-audifonos-amplificadores-conduccion-osea","product_cat-ayudas-audicion-y-discapacidad-auditiva","product_tag-audifonos-amplificadores-de-sonido-con-conduccion-osea","product_tag-distribuidor-ayudas-audifonso-especialziados-apra-sordos-medellin-colombia","product_tag-tienda-ayduas-apra-dordos-medellin-colombia","product_tag-venta-audifonos-de-conduccion-osea-perdida-auditiva-amplificador","product_tag-venta-audifonos-hipoacusia","product_tag-venta-audifonos-para-sordos","product_tag-venta-audifonos-vibracion-ayuda-adulto-mayor-perdida-auditiva","product_tag-venta-de-audifonos-perdida-auditiva-conduccion-osea","product_tag-venta-distribucion-productos-audifonos-sordos-medellin-colombia","product_tag-vetna-audifonos-tecnologia-asistiva-sordos-discapacidad-auditiva","description-off"],"_links":{"self":[{"href":"https:\/\/ayudasparatodos.com\/index.php\/wp-json\/wp\/v3\/product\/50795"}],"collection":[{"href":"https:\/\/ayudasparatodos.com\/index.php\/wp-json\/wp\/v3\/product"}],"about":[{"href":"https:\/\/ayudasparatodos.com\/index.php\/wp-json\/wp\/v2\/types\/product"}],"wp:featuredmedia":[{"embeddable":true,"href":"https:\/\/ayudasparatodos.com\/index.php\/wp-json\/wp\/v2\/media\/50805"}],"wp:attachment":[{"href":"https:\/\/ayudasparatodos.com\/index.php\/wp-json\/wp\/v2\/media?parent=50795"}],"wp:term":[{"taxonomy":"product_cat","embeddable":true,"href":"https:\/\/ayudasparatodos.com\/index.php\/wp-json\/wp\/v2\/product_cat?post=50795"},{"taxonomy":"product_tag","embeddable":true,"href":"https:\/\/ayudasparatodos.com\/index.php\/wp-json\/wp\/v2\/product_tag?post=50795"}],"curies":[{"name":"wp","href":"https:\/\/api.w.org\/{rel}","templated":true}]}}