{"id":50797,"date":"2023-03-01T03:25:24","date_gmt":"2023-03-01T03:25:24","guid":{"rendered":"https:\/\/ayudasparatodos.com\/?post_type=product&#038;p=50797"},"modified":"2024-02-19T18:46:53","modified_gmt":"2024-02-19T18:46:53","slug":"audifonososea5","status":"publish","type":"product","link":"https:\/\/ayudasparatodos.com\/index.php\/producto\/audifonososea5\/","title":{"rendered":"Benexbedi Aud\u00edfonos de conducci\u00f3n \u00f3sea discapacidad auditiva adultos mayores"},"content":{"rendered":"<h1><strong>Benexbedi Aud\u00edfonos de conducci\u00f3n \u00f3sea discapacidad auditiva adultos mayores \u00a0<\/strong><\/h1>\n<p>&nbsp;<\/p>\n<ul>\n<li>Auriculares inal\u00e1mbricos para personas mayores: dise\u00f1ados para que las personas mayores disfruten de m\u00fasica y pel\u00edculas, ver la televisi\u00f3n, hacer llamadas telef\u00f3nicas y comunicarse. Si t\u00fa o tu miembro de la familia tienen problemas de envejecimiento o da\u00f1o del t\u00edmpano que causan discapacidad auditiva, no te pierdas este producto y tu mundo estar\u00eda lleno de risas.<\/li>\n<li>Auriculares de ayuda de TV de alto volumen para personas con discapacidad auditiva: utilizando cable de 0.138\u00a0in para conectar el transmisor con puerto de salida de audio de TV, puedes escuchar tus programas de televisi\u00f3n favoritos a tu propio volumen, sin necesidad de subir el volumen del altavoz de TV y molestar a tu familia o vecinos. Adem\u00e1s, utilizando cable de audio de 0.138\u00a0in para conectar el transmisor con dispositivos de audio con cable como DVD, MP3 y MP4, radio, puedes disfrutar de m\u00fasica, pel\u00edculas y transmisi\u00f3n de radio en modo inal\u00e1mbrico.<\/li>\n<li>F\u00e1cil de usar: 1) Tecnolog\u00eda de conducci\u00f3n \u00f3sea: transmite sonidos a trav\u00e9s de la vibraci\u00f3n \u00f3sea al sistema nervioso auditivo, las personas con discapacidad auditiva pueden disfrutar de m\u00fasica y pel\u00edculas; protege el t\u00edmpano de una mayor p\u00e9rdida auditiva. 2) Dise\u00f1o sin orejas: mant\u00e9n las orejas abiertas para ser conscientes de los sonidos ambientales importantes y los peligros potenciales mientras escuchas m\u00fasica; sin dolor de oreja; buena higiene. 3) Uso c\u00f3modo: diadema de titanio ligero y flexible, se ajusta bien a las orejas sin caer, bueno para deportes en interiores y exteriores.<\/li>\n<li>Audici\u00f3n c\u00f3modamente con ajustes de volumen separados: el transmisor del colector de sonido adopta una soluci\u00f3n de cancelaci\u00f3n de ruido de fondo, y ajustable en los vol\u00famenes de la izquierda y la derecha por separado, entonces puede equilibrar los sonidos si tienes diferentes niveles auditivos en ambos o\u00eddos.<\/li>\n<li>Larga duraci\u00f3n de funcionamiento: auriculares incorporados con bater\u00eda de 200 mAh y transmisor de 400 mAh. Adopta bajo consumo de tecnolog\u00eda inal\u00e1mbrica 5.0, se puede utilizar alrededor de 6-8 horas con una carga completa de 2-3 horas.<\/li>\n<\/ul>\n<p>&nbsp;<\/p>\n<p>Aud\u00edfonos para p\u00e9rdida auditiva conductiva<\/p>\n<p>Este es un auricular para personas con discapacidad auditiva de conducci\u00f3n \u00f3sea con colector de sonido. No es para todo tipo de p\u00e9rdida auditiva.<\/p>\n<p>&nbsp;<\/p>\n<p>La p\u00e9rdida auditiva para la mayor\u00eda de las personas mayores se debe a que el canal externo est\u00e1 bloqueado o los t\u00edmpanos est\u00e1n da\u00f1ados o envejecidos, lo que se denomina p\u00e9rdida auditiva conductiva. Este dispositivo auditivo adopta tecnolog\u00eda de conducci\u00f3n \u00f3sea que transmite sonidos por vibraci\u00f3n \u00f3sea directamente al o\u00eddo interno. Por lo tanto, este producto es adecuado para la p\u00e9rdida auditiva conductiva. Para aquellos con problemas de audici\u00f3n de los nervios y la c\u00f3clea (llamada p\u00e9rdida auditiva neurosensorial), este auricular es menos efectivo. As\u00ed que tenga cuidado antes de comprar.<\/p>\n<ul>\n<li style=\"list-style-type: none;\">\n<ul>\n<li>Precio de cada unidad: <strong>130 USD (D\u00f3lares Americanos)<\/strong> En el carrito de compras su suma el 19% del IVA para generar factura oficial.<\/li>\n<li>Para compras en Colombia, el precio aproximado en pesos seria <strong>$650.000<\/strong>, el precio exacto en pesos se calcula seg\u00fan la TRM del d\u00eda que desee realizar la compra.<\/li>\n<\/ul>\n<\/li>\n<\/ul>\n<p>SKA AUDAUD5<\/p>\n<p>Muchas personas sufren por su p\u00e9rdida auditiva leve o moderada, escuchar mal les dificulta comprender conversaciones, ver televisi\u00f3n, estudiar, trabajar y muchas tareas del d\u00eda a d\u00eda. En muchos casos se podr\u00eda solucionar con algo tan sencillo como unos buenos aud\u00edfonos amplificadores de conducci\u00f3n \u00f3sea, que permiten escuchar por medio de vibraci\u00f3n del hueso y no por medio del canal auditivo como es tradicional con ondas de aire. Conseguir aud\u00edfonos de este tipo es muy dif\u00edcil en Colombia, y en otros pa\u00edses de Am\u00e9rica Latina. Por eso desde Ayudas para Todos les traemos varias opciones de aud\u00edfonos de conducci\u00f3n \u00f3sea para ayudar a personas con discapacidad auditiva, seleccione el m\u00e1s conveniente seg\u00fan sus intereses y presupuesto.<\/p>\n<p>Es importante aclarar que esta tecnolog\u00eda puede ayudar en algunos casos y en otros no, es responsabilidad del comprador asesorarse con un especialista que le confirme si esta tecnolog\u00eda es indicada para su uso, y que el modelo seleccionado sea el indicado. Un truco es cerrar la boca haciendo ruido entre los dientes, si lo escuchan es una prueba de que si puede escuchar mediante conducci\u00f3n \u00f3sea. Pero si el nervio auditivo est\u00e1 da\u00f1ado, esta tecnolog\u00eda no es para ese usuario. Por lo cual aclaramos que nosotros prestamos un servicio de importaci\u00f3n del producto que usted seleccione, el proveedor le realiza pruebas antes de enviarlo, m\u00e1s no podemos dar garant\u00eda sobre mal uso de este o que no le funcione de forma satisfactoria a causa de su p\u00e9rdida auditiva.<\/p>\n<ul class=\"a-unordered-list a-vertical a-spacing-mini\">\n<li>Desde Ayudas para TODOS, estamos trabajando para ofrecerles el mayor Marketplace inclusivo a nivel mundial. Reuniendo en 1 solo sitio todos los productos que puedan necesitar, m\u00e1s de 5.000 referencias de art\u00edculos especializados que puedan necesitar instituciones y personas con o sin discapacidad, para apoyar procesos de inclusi\u00f3n, ayudando a superar las barreras que se pueden presentar al momento de estudiar, de trabajar, y en las dem\u00e1s actividades de la vida diaria.<\/li>\n<li>\u00bfNo est\u00e1 seguro sobre qu\u00e9 tipo de dispositivo o producto de apoyo debe comprar? Contamos con expertos para estudiar sus necesidades y asesorarlo recomend\u00e1ndole la ayuda o el conjunto de ayudas m\u00e1s adecuadas \u00bfNecesitas un producto y no lo encuentras en nuestro catalogo online? Cont\u00e1ctanos para ayudarte a conseguirlo. \u00bfEres emprendedor y tienes un gran producto inclusivo que quisieras promocionar en nuestra plataforma? <a href=\"https:\/\/ayudasparatodos.com\/index.php\/contact\/\">Cont\u00e1ctanos<\/a><\/li>\n<li>Visita la secci\u00f3n sobre <a href=\"https:\/\/ayudasparatodos.com\/index.php\/como-comprar-faq\/\">\u00bfC\u00f3mo Comprar? FAQ<\/a>, en la cual encontraras de forma m\u00e1s detallada las instrucciones de como comprar, servicio de asesor\u00eda y cotizaciones, formas de pago, env\u00edos a nivel nacional e internacional, garant\u00eda y otros temas relacionados.<\/li>\n<li><span style=\"font-size: 11.5pt; font-family: Roboto; color: #626262;\">Asesor\u00eda, cotizaciones dudas y comentarios: Si tiene cualquier duda o comentario, nos puede escribir o llamar via WhatsApp agregando el numero +57 3006000144 o directamente desde este <a href=\"https:\/\/wa.me\/+573006000144\">enlace<\/a>\u00a0 <\/span><a href=\"https:\/\/wa.me\/+573006000144\"><span style=\"font-size: 11.5pt; font-family: Roboto; color: #626262;\">https:\/\/wa.me\/+573006000144<\/span><\/a><span style=\"font-size: 11.5pt; font-family: Roboto; color: #626262;\">\u00a0 \u00a0 Tambi\u00e9n puede enviarnos un correo electr\u00f3nico a la direcci\u00f3n <a href=\"mailto:ventas@ayudasparatodos.com\">ventas@ayudasparatodos.com<\/a><\/span><\/li>\n<\/ul>\n","protected":false},"excerpt":{"rendered":"<p><b>Encontrar\u00e1s\u00a0la mayor variedad de productos especializados para apoyar al inclusi\u00f3n de personas con diferentes tipos de discapacidad, adultos mayores y todo el que pueda necesitar\u00a0ayuda para realizar una tarea.<\/b><\/p>\n<p><b>Articulo en venta bajo pedido, tiempo de entrega de 15-30 d\u00edas h\u00e1biles. Precio en d\u00f3lares americanos USD. Favor contactarnos al correo ventas@ayudasparatodos.com para generarle un enlace de pago personalizado por el valor de los art\u00edculos + el valor del envi\u00f3 seg\u00fan su ubicaci\u00f3n y con su moneda local. Despachos a nivel nacional e internacional desde Medell\u00edn &#8211; Colombia.<\/b><\/p>\n","protected":false},"featured_media":50817,"template":"","meta":[],"product_cat":[217,51],"product_tag":[159,165,164,158,162,157,161,160,166,163],"class_list":["post-50797","product","type-product","status-publish","has-post-thumbnail","hentry","product_cat-audifonos-amplificadores-conduccion-osea","product_cat-ayudas-audicion-y-discapacidad-auditiva","product_tag-audifonos-amplificadores-de-sonido-con-conduccion-osea","product_tag-distribuidor-ayudas-audifonso-especialziados-apra-sordos-medellin-colombia","product_tag-tienda-ayduas-apra-dordos-medellin-colombia","product_tag-venta-audifonos-de-conduccion-osea-perdida-auditiva-amplificador","product_tag-venta-audifonos-hipoacusia","product_tag-venta-audifonos-para-sordos","product_tag-venta-audifonos-vibracion-ayuda-adulto-mayor-perdida-auditiva","product_tag-venta-de-audifonos-perdida-auditiva-conduccion-osea","product_tag-venta-distribucion-productos-audifonos-sordos-medellin-colombia","product_tag-vetna-audifonos-tecnologia-asistiva-sordos-discapacidad-auditiva","description-off"],"_links":{"self":[{"href":"https:\/\/ayudasparatodos.com\/index.php\/wp-json\/wp\/v3\/product\/50797"}],"collection":[{"href":"https:\/\/ayudasparatodos.com\/index.php\/wp-json\/wp\/v3\/product"}],"about":[{"href":"https:\/\/ayudasparatodos.com\/index.php\/wp-json\/wp\/v2\/types\/product"}],"wp:featuredmedia":[{"embeddable":true,"href":"https:\/\/ayudasparatodos.com\/index.php\/wp-json\/wp\/v2\/media\/50817"}],"wp:attachment":[{"href":"https:\/\/ayudasparatodos.com\/index.php\/wp-json\/wp\/v2\/media?parent=50797"}],"wp:term":[{"taxonomy":"product_cat","embeddable":true,"href":"https:\/\/ayudasparatodos.com\/index.php\/wp-json\/wp\/v2\/product_cat?post=50797"},{"taxonomy":"product_tag","embeddable":true,"href":"https:\/\/ayudasparatodos.com\/index.php\/wp-json\/wp\/v2\/product_tag?post=50797"}],"curies":[{"name":"wp","href":"https:\/\/api.w.org\/{rel}","templated":true}]}}