{"id":50849,"date":"2023-03-01T23:47:35","date_gmt":"2023-03-01T23:47:35","guid":{"rendered":"https:\/\/ayudasparatodos.com\/?post_type=product&#038;p=50849"},"modified":"2023-11-22T18:41:45","modified_gmt":"2023-11-22T18:41:45","slug":"audifonososea8","status":"publish","type":"product","link":"https:\/\/ayudasparatodos.com\/index.php\/producto\/audifonososea8\/","title":{"rendered":"Ayuda auditiva discreta recargable AMPLIFICADOR de sonidos perdida auditiva adulto mayor AUDAUD7 #2"},"content":{"rendered":"<p>Aud\u00edfonos Bluetooth recargables, amplificador de sonido Digital de alta potencia para sordera, auriculares para ancianos, audifonos AUDAUD8<\/p>\n<p><strong>Caracter\u00edsticas:<\/strong><\/p>\n<p>* 12 canales<\/p>\n<p>*USB recargable<\/p>\n<p>*Reducci\u00f3n de ruido<\/p>\n<p>*Funci\u00f3n Bluetooth (hacer llamadas y m\u00fasica)<\/p>\n<p>* 4\u00a0Niveles de volumen para ajustar &#8212; pulsar brevemente el bot\u00f3n t\u00e1ctil<\/p>\n<p>* 1,5-2 horas de tiempo de carga, 8 horas de tiempo de trabajo<\/p>\n<p>* Ajuste el volumen por separado para ambas orejas<\/p>\n<p>* Toque 1 segundo para responder la llamada<\/p>\n<p>2 segundos para colgar la llamada<\/p>\n<p>2 segundos rechazar el tel\u00e9fono<\/p>\n<p>&nbsp;<\/p>\n<p><strong>Especificaciones t\u00e9cnicas:<\/strong><\/p>\n<ol>\n<li>Salida. OSPL90 Max.\u2264 105dB<\/li>\n<li>FOG50 ganancia m\u00e1xima \u2264 33dB<\/li>\n<li>Ruido de entrada EQ \u2264 22dB<\/li>\n<li>Rango de frecuencia (no m\u00e1s estrecho que): 200Hz-4500Hz<\/li>\n<li>Corriente de funcionamiento \u2264 8mA\/<\/li>\n<li>Distorsi\u00f3n arm\u00f3nica Total &lt;3%<\/li>\n<li>Voltaje de funcionamiento DC 3,7 V<\/li>\n<li>Tiempo de reproducci\u00f3n:&gt; 3,5 horas<\/li>\n<li>Tiempo de uso integral: &gt;15 horas<\/li>\n<li>Tiempo en espera:&gt; hasta 120 horas<\/li>\n<\/ol>\n<p>&nbsp;<\/p>\n<ul>\n<li style=\"list-style-type: none;\">\n<ul>\n<li>Para compras en Colombia, el precio aproximado en pesos seria <strong>$282.000<\/strong>, el precio exacto en pesos se calcula seg\u00fan la TRM del d\u00eda que desee realizar la compra.<\/li>\n<li>Precio de cada unidad: <strong>57 USD (D\u00f3lares Americanos) <\/strong>\u00a0En el carrito de compras su suma el 19% del IVA para generar factura oficial.<\/li>\n<\/ul>\n<\/li>\n<\/ul>\n<p>SKA AUDAUD7<\/p>\n<p>Muchas personas sufren por su p\u00e9rdida auditiva leve o moderada, escuchar mal les dificulta comprender conversaciones, ver televisi\u00f3n, estudiar, trabajar y muchas tareas del d\u00eda a d\u00eda. En muchos casos se podr\u00eda solucionar con algo tan sencillo como unos buenos aud\u00edfonos con amplificaci\u00f3n de sonido. Conseguir aud\u00edfonos de este tipo es muy dif\u00edcil en Colombia, y en otros pa\u00edses de Am\u00e9rica Latina. Por eso desde Ayudas para Todos les traemos varias opciones de aud\u00edfonos amplificadores, para ayudar a personas con discapacidad auditiva, seleccione el m\u00e1s conveniente seg\u00fan sus intereses y presupuesto.<\/p>\n<ul class=\"a-unordered-list a-vertical a-spacing-mini\">\n<li>Desde Ayudas para TODOS, estamos trabajando para ofrecerles el mayor Marketplace inclusivo a nivel mundial. Reuniendo en 1 solo sitio todos los productos que puedan necesitar, m\u00e1s de 5.000 referencias de art\u00edculos especializados que puedan necesitar instituciones y personas con o sin discapacidad, para apoyar procesos de inclusi\u00f3n, ayudando a superar las barreras que se pueden presentar al momento de estudiar, de trabajar, y en las dem\u00e1s actividades de la vida diaria.<\/li>\n<li>\u00bfNo est\u00e1 seguro sobre qu\u00e9 tipo de dispositivo o producto de apoyo debe comprar? Contamos con expertos para estudiar sus necesidades y asesorarlo recomend\u00e1ndole la ayuda o el conjunto de ayudas m\u00e1s adecuadas \u00bfNecesitas un producto y no lo encuentras en nuestro catalogo online? Cont\u00e1ctanos para ayudarte a conseguirlo. \u00bfEres emprendedor y tienes un gran producto inclusivo que quisieras promocionar en nuestra plataforma? <a href=\"https:\/\/ayudasparatodos.com\/index.php\/contact\/\">Cont\u00e1ctanos<\/a><\/li>\n<li>Visita la secci\u00f3n sobre <a href=\"https:\/\/ayudasparatodos.com\/index.php\/como-comprar-faq\/\">\u00bfC\u00f3mo Comprar? FAQ<\/a>, en la cual encontraras de forma m\u00e1s detallada las instrucciones de como comprar, servicio de asesor\u00eda y cotizaciones, formas de pago, env\u00edos a nivel nacional e internacional, garant\u00eda y otros temas relacionados.<\/li>\n<li><span style=\"font-size: 11.5pt; font-family: Roboto; color: #626262;\">Asesor\u00eda, cotizaciones dudas y comentarios: Si tiene cualquier duda o comentario, nos puede escribir o llamar via WhatsApp agregando el numero +57 3006000144 o directamente desde este <a href=\"https:\/\/wa.me\/+573006000144\">enlace<\/a>\u00a0 <\/span><a href=\"https:\/\/wa.me\/+573006000144\"><span style=\"font-size: 11.5pt; font-family: Roboto; color: #626262;\">https:\/\/wa.me\/+573006000144<\/span><\/a><span style=\"font-size: 11.5pt; font-family: Roboto; color: #626262;\">\u00a0 \u00a0 Tambi\u00e9n puede enviarnos un correo electr\u00f3nico a la direcci\u00f3n <a href=\"mailto:ventas@ayudasparatodos.com\">ventas@ayudasparatodos.com<\/a><\/span><\/li>\n<\/ul>\n","protected":false},"excerpt":{"rendered":"<p><b>Encontrar\u00e1s\u00a0la mayor variedad de productos especializados para apoyar al inclusi\u00f3n de personas con diferentes tipos de discapacidad, adultos mayores y todo el que pueda necesitar\u00a0ayuda para realizar una tarea.<\/b><\/p>\n<p><b>Articulo en venta bajo pedido, tiempo de entrega de 15-30 d\u00edas h\u00e1biles. Precio en d\u00f3lares americanos USD. Favor contactarnos al correo ventas@ayudasparatodos.com para generarle un enlace de pago personalizado por el valor de los art\u00edculos + el valor del envi\u00f3 seg\u00fan su ubicaci\u00f3n y con su moneda local. Despachos a nivel nacional e internacional desde Medell\u00edn &#8211; Colombia.<\/b><\/p>\n","protected":false},"featured_media":50854,"template":"","meta":[],"product_cat":[219],"product_tag":[172,168,169,170,173,175,171,174,176,167],"class_list":["post-50849","product","type-product","status-publish","has-post-thumbnail","hentry","product_cat-audifonos-amplificadores-intrauriculares","product_tag-audifono-con-amplifiacion-de-sonido-ancianos-adultos-mayores","product_tag-audifono-perdida-auditiva-leve","product_tag-audifono-perdida-auditiva-moderada","product_tag-audifono-perdida-auditiva-severa","product_tag-audifonos-ayuda-problemas-auditivos-discapacidad","product_tag-ayduas-para-todos-venta-ayduas-personas-con-discapacidad-y-adultos-mayores","product_tag-distribuidor-ayduas-personas-con-sordera-sordas","product_tag-distribuidor-venta-audifonos-sordos-perdida-auditiva-medellin-colomnia","product_tag-venta-de-ayudas-para-personas-con-perdida-auditiva-problemas-de-audicion","product_tag-venta-de-ayudas-para-sordos","description-off"],"_links":{"self":[{"href":"https:\/\/ayudasparatodos.com\/index.php\/wp-json\/wp\/v3\/product\/50849"}],"collection":[{"href":"https:\/\/ayudasparatodos.com\/index.php\/wp-json\/wp\/v3\/product"}],"about":[{"href":"https:\/\/ayudasparatodos.com\/index.php\/wp-json\/wp\/v2\/types\/product"}],"wp:featuredmedia":[{"embeddable":true,"href":"https:\/\/ayudasparatodos.com\/index.php\/wp-json\/wp\/v2\/media\/50854"}],"wp:attachment":[{"href":"https:\/\/ayudasparatodos.com\/index.php\/wp-json\/wp\/v2\/media?parent=50849"}],"wp:term":[{"taxonomy":"product_cat","embeddable":true,"href":"https:\/\/ayudasparatodos.com\/index.php\/wp-json\/wp\/v2\/product_cat?post=50849"},{"taxonomy":"product_tag","embeddable":true,"href":"https:\/\/ayudasparatodos.com\/index.php\/wp-json\/wp\/v2\/product_tag?post=50849"}],"curies":[{"name":"wp","href":"https:\/\/api.w.org\/{rel}","templated":true}]}}