{"id":50902,"date":"2023-03-02T03:53:45","date_gmt":"2023-03-02T03:53:45","guid":{"rendered":"https:\/\/ayudasparatodos.com\/?post_type=product&#038;p=50902"},"modified":"2023-11-22T18:24:32","modified_gmt":"2023-11-22T18:24:32","slug":"audifonososea14","status":"publish","type":"product","link":"https:\/\/ayudasparatodos.com\/index.php\/producto\/audifonososea14\/","title":{"rendered":"Aud\u00edfonos conducci\u00f3n \u00f3sea IP68 Nataci\u00f3n Piscina Nadar, Ayuda auditiva AUDAUD14"},"content":{"rendered":"<p>Aud\u00edfonos conducci\u00f3n \u00f3sea IP68 Nataci\u00f3n Piscina Nadar, memoria Interna 16GB AUDAUD14<\/p>\n<p><strong>Introducci\u00f3n del producto<\/strong><\/p>\n<p>Estos aud\u00edfonos de conducci\u00f3n \u00f3sea se pueden usar perfectamente para nadar en piscina gracias a su certificaci\u00f3n IP68, muy \u00fatil para personas que aman la nataci\u00f3n, peor tambi\u00e9n para los que lo hacen como terapia, la m\u00fasica puede ayudar con concentraci\u00f3n, autismo y, adultos mayores y otros casos para motivar en la practica deportiva. Tambi\u00e9n sirven perfectamente como aud\u00edfonos comunes, para correr, llamadas, escuchar m\u00fasica, videos.<\/p>\n<p>&nbsp;<\/p>\n<p>Si usted sufre de p\u00e9rdida auditiva leve-moderada, los audi\u00f3fono amplificadores comunes no son compatibles con el agua, este se puede configurar v\u00eda bluetooth con su tel\u00e9fono, para que el tel\u00e9fono funcione como micr\u00f3fono receptor por ejemplo que este cerca al instructor en clase de hidroaerobicos, y el telefono enviar la se\u00f1al con el sonido amplificado a estos audifonos, por lo cual usted podr\u00e1 escuchar desde el agua las instrucciones o conversaciones con los dem\u00e1s, sin miedo de da\u00f1ar su ayuda auditiva tradicional.<\/p>\n<p>Ya que este sistema usa conducci\u00f3n \u00f3sea, mejora mucho la audici\u00f3n para personas con p\u00e9rdida auditiva, disfrute mejor de su m\u00fasica,de llamadas y de las conversaciones, hasta en espacios de piscina, donde otros productos especializados se da\u00f1ar\u00edan por el agua.<\/p>\n<p><strong>\u00a0<\/strong><\/p>\n<p><strong>Caracter\u00edsticas:<\/strong><\/p>\n<ol>\n<li>Tecnolog\u00eda negra de conducci\u00f3n \u00f3sea Real.<\/li>\n<li>Dise\u00f1o colgante para la oreja, m\u00e1s c\u00f3modo.<\/li>\n<li>Nivel impermeable IPX8<\/li>\n<li>Aleaci\u00f3n de titanio de alta resistencia, se puede doblar a voluntad.<\/li>\n<li>Mayor resistencia, 6-8 horas de duraci\u00f3n de la bater\u00eda.<\/li>\n<li>Con memoria de 16G.<\/li>\n<\/ol>\n<p>&nbsp;<\/p>\n<ul>\n<li style=\"list-style-type: none;\">\n<ul>\n<li>Para compras en Colombia, el precio aproximado en pesos seria <strong>$392.000<\/strong>, el precio exacto en pesos se calcula seg\u00fan la TRM del d\u00eda que desee realizar la compra.<\/li>\n<li>Precio de cada unidad: 79<strong> USD (D\u00f3lares Americanos) <\/strong>\u00a0En el carrito de compras su suma el 19% del IVA para generar factura oficial.<\/li>\n<\/ul>\n<\/li>\n<\/ul>\n<p>SKA AUDAUD7<\/p>\n<p>Muchas personas sufren por su p\u00e9rdida auditiva leve o moderada, escuchar mal les dificulta comprender conversaciones, ver televisi\u00f3n, estudiar, trabajar y muchas tareas del d\u00eda a d\u00eda. En muchos casos se podr\u00eda solucionar con algo tan sencillo como unos buenos aud\u00edfonos con amplificaci\u00f3n de sonido. Conseguir aud\u00edfonos de este tipo es muy dif\u00edcil en Colombia, y en otros pa\u00edses de Am\u00e9rica Latina. Por eso desde Ayudas para Todos les traemos varias opciones de aud\u00edfonos amplificadores, para ayudar a personas con discapacidad auditiva, seleccione el m\u00e1s conveniente seg\u00fan sus intereses y presupuesto.<\/p>\n<ul class=\"a-unordered-list a-vertical a-spacing-mini\">\n<li>Desde Ayudas para TODOS, estamos trabajando para ofrecerles el mayor Marketplace inclusivo a nivel mundial. Reuniendo en 1 solo sitio todos los productos que puedan necesitar, m\u00e1s de 5.000 referencias de art\u00edculos especializados que puedan necesitar instituciones y personas con o sin discapacidad, para apoyar procesos de inclusi\u00f3n, ayudando a superar las barreras que se pueden presentar al momento de estudiar, de trabajar, y en las dem\u00e1s actividades de la vida diaria.<\/li>\n<li>\u00bfNo est\u00e1 seguro sobre qu\u00e9 tipo de dispositivo o producto de apoyo debe comprar? Contamos con expertos para estudiar sus necesidades y asesorarlo recomend\u00e1ndole la ayuda o el conjunto de ayudas m\u00e1s adecuadas \u00bfNecesitas un producto y no lo encuentras en nuestro catalogo online? Cont\u00e1ctanos para ayudarte a conseguirlo. \u00bfEres emprendedor y tienes un gran producto inclusivo que quisieras promocionar en nuestra plataforma? <a href=\"https:\/\/ayudasparatodos.com\/index.php\/contact\/\">Cont\u00e1ctanos<\/a><\/li>\n<li>Visita la secci\u00f3n sobre <a href=\"https:\/\/ayudasparatodos.com\/index.php\/como-comprar-faq\/\">\u00bfC\u00f3mo Comprar? FAQ<\/a>, en la cual encontraras de forma m\u00e1s detallada las instrucciones de como comprar, servicio de asesor\u00eda y cotizaciones, formas de pago, env\u00edos a nivel nacional e internacional, garant\u00eda y otros temas relacionados.<\/li>\n<li><span style=\"font-size: 11.5pt; font-family: Roboto; color: #626262;\">Asesor\u00eda, cotizaciones dudas y comentarios: Si tiene cualquier duda o comentario, nos puede escribir o llamar via WhatsApp agregando el numero +57 3006000144 o directamente desde este <a href=\"https:\/\/wa.me\/+573006000144\">enlace<\/a>\u00a0 <\/span><a href=\"https:\/\/wa.me\/+573006000144\"><span style=\"font-size: 11.5pt; font-family: Roboto; color: #626262;\">https:\/\/wa.me\/+573006000144<\/span><\/a><span style=\"font-size: 11.5pt; font-family: Roboto; color: #626262;\">\u00a0 \u00a0 Tambi\u00e9n puede enviarnos un correo electr\u00f3nico a la direcci\u00f3n <a href=\"mailto:ventas@ayudasparatodos.com\">ventas@ayudasparatodos.com<\/a><\/span><\/li>\n<\/ul>\n","protected":false},"excerpt":{"rendered":"<p><b>Encontrar\u00e1s\u00a0la mayor variedad de productos especializados para apoyar al inclusi\u00f3n de personas con diferentes tipos de discapacidad, adultos mayores y todo el que pueda necesitar\u00a0ayuda para realizar una tarea.<\/b><\/p>\n<p><b>Articulo en venta bajo pedido, tiempo de entrega de 15-30 d\u00edas h\u00e1biles. Precio en d\u00f3lares americanos USD. Favor contactarnos al correo ventas@ayudasparatodos.com para generarle un enlace de pago personalizado por el valor de los art\u00edculos + el valor del envi\u00f3 seg\u00fan su ubicaci\u00f3n y con su moneda local. Despachos a nivel nacional e internacional desde Medell\u00edn &#8211; Colombia.<\/b><\/p>\n","protected":false},"featured_media":50914,"template":"","meta":[],"product_cat":[218],"product_tag":[178,172,168,169,170,173,189,187,186,83,175,171,174,179,180,176,167,188],"class_list":["post-50902","product","type-product","status-publish","has-post-thumbnail","hentry","product_cat-otros-sistemas-amplificadores-de-sonido","product_tag-audifono-adulto-mayor-conduccion-osea","product_tag-audifono-con-amplifiacion-de-sonido-ancianos-adultos-mayores","product_tag-audifono-perdida-auditiva-leve","product_tag-audifono-perdida-auditiva-moderada","product_tag-audifono-perdida-auditiva-severa","product_tag-audifonos-ayuda-problemas-auditivos-discapacidad","product_tag-audifonos-conduccion-osea-ip68-natacion-pisicina-agua-nadar","product_tag-audifonos-conduccion-osea-para-andar-en-piscina","product_tag-audifonos-especiales-apra-nadar","product_tag-aydua-auditiva-conduccion-osea","product_tag-ayduas-para-todos-venta-ayduas-personas-con-discapacidad-y-adultos-mayores","product_tag-distribuidor-ayduas-personas-con-sordera-sordas","product_tag-distribuidor-venta-audifonos-sordos-perdida-auditiva-medellin-colomnia","product_tag-proveedor-de-audifonos-conduccion-osea-para-adultos-mayores","product_tag-venta-ayduas-auditivas-conduccion-osea-audifonos-discapacidad","product_tag-venta-de-ayudas-para-personas-con-perdida-auditiva-problemas-de-audicion","product_tag-venta-de-ayudas-para-sordos","product_tag-vetna-de-audifonos-especiales-para-natacion","description-off"],"_links":{"self":[{"href":"https:\/\/ayudasparatodos.com\/index.php\/wp-json\/wp\/v3\/product\/50902"}],"collection":[{"href":"https:\/\/ayudasparatodos.com\/index.php\/wp-json\/wp\/v3\/product"}],"about":[{"href":"https:\/\/ayudasparatodos.com\/index.php\/wp-json\/wp\/v2\/types\/product"}],"wp:featuredmedia":[{"embeddable":true,"href":"https:\/\/ayudasparatodos.com\/index.php\/wp-json\/wp\/v2\/media\/50914"}],"wp:attachment":[{"href":"https:\/\/ayudasparatodos.com\/index.php\/wp-json\/wp\/v2\/media?parent=50902"}],"wp:term":[{"taxonomy":"product_cat","embeddable":true,"href":"https:\/\/ayudasparatodos.com\/index.php\/wp-json\/wp\/v2\/product_cat?post=50902"},{"taxonomy":"product_tag","embeddable":true,"href":"https:\/\/ayudasparatodos.com\/index.php\/wp-json\/wp\/v2\/product_tag?post=50902"}],"curies":[{"name":"wp","href":"https:\/\/api.w.org\/{rel}","templated":true}]}}