{"id":50924,"date":"2023-03-03T01:36:45","date_gmt":"2023-03-03T01:36:45","guid":{"rendered":"https:\/\/ayudasparatodos.com\/?post_type=product&#038;p=50924"},"modified":"2024-04-03T01:30:11","modified_gmt":"2024-04-03T01:30:11","slug":"regletaaluminio2en1firmabolsillo","status":"publish","type":"product","link":"https:\/\/ayudasparatodos.com\/index.php\/producto\/regletaaluminio2en1firmabolsillo\/","title":{"rendered":"Regleta Braille 4&#215;12 Tama\u00f1o Carnet y Gu\u00eda de Firmar de bolsillo en Aluminio Ciegos escritura discapacidad visual"},"content":{"rendered":"<p>4 l\u00edneas, 12 celdas: con ranura para gu\u00eda de firmas<\/p>\n<p>&nbsp;<\/p>\n<p>Caracter\u00edsticas del producto<\/p>\n<p>Pizarra de aluminio ultrafina con gu\u00eda de firma incorporada.<\/p>\n<p>Realce 4 l\u00edneas (12 celdas por l\u00ednea) en tarjetas de visita o etiquetas de contenedores en Braille.<\/p>\n<p>Excelente pizarra inicial para notas o demostraciones de Braille.<\/p>\n<p>Escriba en Braille o firme su nombre perfectamente.<\/p>\n<p>Viene con un l\u00e1piz \u00f3ptico cl\u00e1sico duradero.<\/p>\n<p>Mide alrededor de 4 pulgadas por 2-1\/2 pulgadas.<\/p>\n<p>Peso del paquete: aproximadamente 1,4 onzas.<\/p>\n<p>&nbsp;<\/p>\n<p>Descripci\u00f3n del Producto<\/p>\n<p>Esta es una gran lista de inicio. Si eres nuevo en Braille y quieres escribir peque\u00f1as notas r\u00e1pidas, o simplemente te apetece tener una peque\u00f1a pizarra que quepa f\u00e1cilmente en el bolsillo de tu camisa, acabas de encontrarla. Adem\u00e1s, si est\u00e1 realizando un proyecto en Braille, le recomendamos esta peque\u00f1a pizarra, porque cada estudiante puede intentar escribir en Braille su nombre en una tarjeta de presentaci\u00f3n de bolsillo, en lugar de en una hoja de tama\u00f1o completo. papel.<\/p>\n<p>Esta pizarra de aluminio ultradelgada grabar\u00e1 cuatro l\u00edneas (doce celdas por l\u00ednea) en tarjetas de presentaci\u00f3n de tama\u00f1o normal. Tambi\u00e9n puede crear etiquetas Braille grandes de varias l\u00edneas con esta pizarra si la usa junto con nuestras etiquetas de contenedor Braille.<\/p>\n<p>&nbsp;<\/p>\n<p>Encima de la pizarra hay una peque\u00f1a ventana con la gu\u00eda de firmas, para ayudarle a mantenerse derecho al firmar cheques, cartas, recibos, etc. (A los ni\u00f1os tambi\u00e9n les encanta la ranura para la gu\u00eda de firmas; \u00a1la usan como asa de tama\u00f1o infantil!). Dispositivo dos en uno (te permite escribir en Braille y te ayuda a firmar tu nombre impreso): \u00a1seguro que te resultar\u00e1 \u00fatil cada vez que est\u00e9s fuera de casa!<\/p>\n<p>&nbsp;<\/p>\n<p>Conseguir un lapicero\/esfero para escribir en papel es muy simple y econ\u00f3mico, pero conseguir la regleta para que las personas ciegas escriban en braille es muy dif\u00edcil en Colombia y en otros pa\u00edses de Am\u00e9rica Latina. Por eso desde Ayudas para Todos les traemos adem\u00e1s de regletas, tambi\u00e9n una gran variedad de productos y accesorios para ayudar a personas con discapacidad visual en su vida diaria, elementos para el estudio, trabajo, vida diaria, deporte, ocio, uso de tecnolog\u00eda y m\u00e1s.<\/p>\n<p>&nbsp;<\/p>\n<ul>\n<li>Producto importado, venta bajo pedido con pago previo por el valor total del articulo.<\/li>\n<li>FAVOR ANTES DE OFERTAR, confirmar precio actual (por variaciones del valor del d\u00f3lar) y tambi\u00e9n CONFIRMAR QUE PUEDE ESPERAR LOS TIEMPOS DE ENTREGA\u00a0 que normalmente son entre 2-4 semanas.<\/li>\n<li>Cuando recibamos el pedido en nuestra oficina en Medell\u00edn-Colombia, le enviaremos un mensaje al comprador, si se encuentra en Medell\u00edn puede pasar a recogerlo personalmente en nuestra oficina, o tambi\u00e9n podemos hacer el envios a nivel nacional o internacional (Valor del envio cargo del comprador).<\/li>\n<li>Desde Ayudas para TODOS, estamos trabajando para ofrecerles el mayor Marketplace inclusivo a nivel mundial. Reuniendo en 1 solo sitio todos los productos que puedan necesitar, m\u00e1s de 5.000 referencias de art\u00edculos especializados que puedan necesitar instituciones y personas con o sin discapacidad, para apoyar procesos de inclusi\u00f3n, ayudando a superar las barreras que se pueden presentar al momento de estudiar, de trabajar, y en las dem\u00e1s actividades de la vida diaria.<\/li>\n<li>\u00bfNo est\u00e1 seguro sobre qu\u00e9 tipo de dispositivo o producto de apoyo debe comprar? Contamos con expertos para estudiar sus necesidades y asesorarlo recomend\u00e1ndole la ayuda o el conjunto de ayudas m\u00e1s adecuadas \u00bfNecesitas un producto y no lo encuentras en nuestro catalogo online? Cont\u00e1ctanos para ayudarte a conseguirlo. \u00bfEres emprendedor y tienes un gran producto inclusivo que quisieras promocionar en nuestra plataforma? <a href=\"https:\/\/ayudasparatodos.com\/index.php\/contact\/\">Cont\u00e1ctanos<\/a><\/li>\n<li>Visita la secci\u00f3n sobre <a href=\"https:\/\/ayudasparatodos.com\/index.php\/como-comprar-faq\/\">\u00bfC\u00f3mo Comprar? FAQ<\/a>, en la cual encontraras de forma m\u00e1s detallada las instrucciones de como comprar, servicio de asesor\u00eda y cotizaciones, formas de pago, env\u00edos a nivel nacional e internacional, garant\u00eda y otros temas relacionados.<\/li>\n<li><span style=\"font-size: 11.5pt; font-family: Roboto; color: #626262;\">Asesor\u00eda, cotizaciones dudas y comentarios: Si tiene cualquier duda o comentario, nos puede escribir o llamar via WhatsApp agregando el numero +57 3006000144 o directamente desde este <a href=\"https:\/\/wa.me\/+573006000144\">enlace<\/a>\u00a0 <\/span><a href=\"https:\/\/wa.me\/+573006000144\"><span style=\"font-size: 11.5pt; font-family: Roboto; color: #626262;\">https:\/\/wa.me\/+573006000144<\/span><\/a><span style=\"font-size: 11.5pt; font-family: Roboto; color: #626262;\">\u00a0 \u00a0 Tambi\u00e9n puede enviarnos un correo electr\u00f3nico a la direcci\u00f3n <a href=\"mailto:ventas@ayudasparatodos.com\">ventas@ayudasparatodos.com<\/a><\/span><\/li>\n<li><strong>Pagos en Colombia por transferencia Bancolombia o Nequi. Tambi\u00e9n recibimos pagos por tarjeta cr\u00e9dito o debito. Si la alternativa de pago no esta disponible en su pa\u00eds, tambi\u00e9n puede pagar por Giro en western Union o Paypal. Favor contactarnos al correo ventas@ayudasparatodos.com para generarle un enlace de pago personalizado por el valor de los art\u00edculos + el valor del envi\u00f3 seg\u00fan su ubicaci\u00f3n y con su moneda local. Despachos a nivel nacional e internacional desde Medell\u00edn &#8211; Colombia.<\/strong><\/li>\n<\/ul>\n","protected":false},"excerpt":{"rendered":"<p>4 l\u00edneas, 12 celdas: con ranura para gu\u00eda de firmas &nbsp; Caracter\u00edsticas del producto Pizarra de aluminio ultrafina con gu\u00eda de firma incorporada. Realce 4 l\u00edneas (12 celdas por l\u00ednea) en tarjetas de visita o etiquetas de contenedores en Braille. Excelente pizarra inicial para notas o demostraciones de Braille. Escriba en Braille o firme su&hellip;<\/p>\n","protected":false},"featured_media":0,"template":"","meta":[],"product_cat":[147],"product_tag":[112,193,124,115,190,533,121,117,120,119,118,111,116,191,113],"class_list":["post-50924","product","type-product","status-publish","hentry","product_cat-escritura-braille-regletas-y-punzones","product_tag-distribuidor-ayudas-para-discapacidad-visual","product_tag-guia-firmar-ciegos-de-bolsillo-venta","product_tag-productos-de-apoyo-colegio-y-estudio-ninos-jovenes-con-discapacidad-visual","product_tag-regleta-braille-metalica","product_tag-regleta-plastica-pasta-escitura-braille-ciegos-baja-vision","product_tag-regleta-tamano-carnet-de-bolsillo-y-guia-de-formar-en-aluminio","product_tag-regleta-y-punzon-braille-aluminio-medellin","product_tag-tienda-tiflologica-colombia","product_tag-tiflologo","product_tag-tiflotecnologia","product_tag-venta-de-ayduas-para-ciegos-colombia","product_tag-venta-de-productos-para-ciegos","product_tag-venta-de-regleta-braille-en-aluminio","product_tag-venta-de-regletas-para-ciegos-medellin-colombia","product_tag-venta-productos-escritura-en-braille-ciegos-y-baja-vision","description-off"],"_links":{"self":[{"href":"https:\/\/ayudasparatodos.com\/index.php\/wp-json\/wp\/v3\/product\/50924"}],"collection":[{"href":"https:\/\/ayudasparatodos.com\/index.php\/wp-json\/wp\/v3\/product"}],"about":[{"href":"https:\/\/ayudasparatodos.com\/index.php\/wp-json\/wp\/v2\/types\/product"}],"wp:attachment":[{"href":"https:\/\/ayudasparatodos.com\/index.php\/wp-json\/wp\/v2\/media?parent=50924"}],"wp:term":[{"taxonomy":"product_cat","embeddable":true,"href":"https:\/\/ayudasparatodos.com\/index.php\/wp-json\/wp\/v2\/product_cat?post=50924"},{"taxonomy":"product_tag","embeddable":true,"href":"https:\/\/ayudasparatodos.com\/index.php\/wp-json\/wp\/v2\/product_tag?post=50924"}],"curies":[{"name":"wp","href":"https:\/\/api.w.org\/{rel}","templated":true}]}}