{"id":50925,"date":"2023-03-03T00:56:08","date_gmt":"2023-03-03T00:56:08","guid":{"rendered":"https:\/\/ayudasparatodos.com\/?post_type=product&#038;p=50925"},"modified":"2024-04-03T00:45:38","modified_gmt":"2024-04-03T00:45:38","slug":"regletaaluminiojumbo4x18","status":"publish","type":"product","link":"https:\/\/ayudasparatodos.com\/index.php\/producto\/regletaaluminiojumbo4x18\/","title":{"rendered":"Regleta escritura Braille 4&#215;18 Jumbo Aluminio Ciegos con punz\u00f3n  discapacidad visual"},"content":{"rendered":"<p>Hace 4 l\u00edneas, 18 celdas de braille jumbo<\/p>\n<p>&nbsp;<\/p>\n<p>Caracter\u00edsticas del producto<\/p>\n<p>Una excelente herramienta de aprendizaje para principiantes.<\/p>\n<p>Presenta caracteres braille m\u00e1s grandes que el Braille est\u00e1ndar.<\/p>\n<p>Fabricado en aluminio; cuenta con braille jumbo.<\/p>\n<p>Presenta celdas f\u00e1ciles de leer con puntos que est\u00e1n m\u00e1s separados.<\/p>\n<p>M\u00e1s f\u00e1cil de usar con ventanas de celdas m\u00e1s grandes.<\/p>\n<p>Tiene ranuras para cinta de etiquetado para crear etiquetas Jumbo Braille.<\/p>\n<p>Viene con un l\u00e1piz \u00f3ptico cl\u00e1sico duradero.<\/p>\n<p>Peso del paquete: aproximadamente 2,5 onzas.<\/p>\n<p>&nbsp;<\/p>\n<p>Descripci\u00f3n del Producto<\/p>\n<p>Jumbo Braille es exactamente eso: caracteres Braille normales que son m\u00e1s grandes de lo normal. La cuesti\u00f3n es que a muchos lectores principiantes les resulta dif\u00edcil distinguir las c\u00e9lulas de tama\u00f1o est\u00e1ndar entre s\u00ed, porque se necesita tiempo para desarrollar la sensibilidad en las yemas de los dedos para reconocer todos esos puntos m\u00e1s peque\u00f1os.<\/p>\n<p>Entonces, aqu\u00ed hay una pizarra de aluminio que escribe 4 l\u00edneas, 18 celdas de caracteres Braille gigantes y m\u00e1s grandes. Estas celdas son m\u00e1s f\u00e1ciles de leer porque los puntos en cada celda est\u00e1n m\u00e1s separados. Tambi\u00e9n es m\u00e1s f\u00e1cil escribir con esta pizarra porque las ventanas de las celdas son m\u00e1s grandes; es menos dif\u00edcil para los principiantes colocar el l\u00e1piz correctamente. Esta pizarra tambi\u00e9n tiene ranuras para cinta de etiquetado, lo que significa que puede usarla para crear etiquetas Jumbo Braille para electrodom\u00e9sticos de cocina o art\u00edculos para el hogar.<\/p>\n<p>&nbsp;<\/p>\n<p>Sin embargo, recuerde que Jumbo Braille no se usa mucho y pocos (si es que hay alguno) libros se producen en este formato m\u00e1s grande. El braille ya es mucho m\u00e1s grande que el impreso, por lo que, aunque esta pizarra es una excelente herramienta de aprendizaje, querr\u00e1s pasar a utilizar una pizarra Braille de tama\u00f1o est\u00e1ndar despu\u00e9s de poco tiempo.<\/p>\n<p>&nbsp;<\/p>\n<p>Conseguir un lapicero\/esfero para escribir en papel es muy simple y econ\u00f3mico, pero conseguir la regleta para que las personas ciegas escriban en braille es muy dif\u00edcil en Colombia y en otros pa\u00edses de Am\u00e9rica Latina. Por eso desde Ayudas para Todos les traemos adem\u00e1s de regletas, tambi\u00e9n una gran variedad de productos y accesorios para ayudar a personas con discapacidad visual en su vida diaria, elementos para el estudio, trabajo, vida diaria, deporte, ocio, uso de tecnolog\u00eda y m\u00e1s.<\/p>\n<p>&nbsp;<\/p>\n<ul>\n<li>Producto importado, venta bajo pedido con pago previo por el valor total del articulo.<\/li>\n<li>FAVOR ANTES DE OFERTAR, confirmar precio actual (por variaciones del valor del d\u00f3lar) y tambi\u00e9n CONFIRMAR QUE PUEDE ESPERAR LOS TIEMPOS DE ENTREGA\u00a0 que normalmente son entre 2-4 semanas.<\/li>\n<li>Cuando recibamos el pedido en nuestra oficina en Medell\u00edn-Colombia, le enviaremos un mensaje al comprador, si se encuentra en Medell\u00edn puede pasar a recogerlo personalmente en nuestra oficina, o tambi\u00e9n podemos hacer el envios a nivel nacional o internacional (Valor del envio cargo del comprador).<\/li>\n<li>Desde Ayudas para TODOS, estamos trabajando para ofrecerles el mayor Marketplace inclusivo a nivel mundial. Reuniendo en 1 solo sitio todos los productos que puedan necesitar, m\u00e1s de 5.000 referencias de art\u00edculos especializados que puedan necesitar instituciones y personas con o sin discapacidad, para apoyar procesos de inclusi\u00f3n, ayudando a superar las barreras que se pueden presentar al momento de estudiar, de trabajar, y en las dem\u00e1s actividades de la vida diaria.<\/li>\n<li>\u00bfNo est\u00e1 seguro sobre qu\u00e9 tipo de dispositivo o producto de apoyo debe comprar? Contamos con expertos para estudiar sus necesidades y asesorarlo recomend\u00e1ndole la ayuda o el conjunto de ayudas m\u00e1s adecuadas \u00bfNecesitas un producto y no lo encuentras en nuestro catalogo online? Cont\u00e1ctanos para ayudarte a conseguirlo. \u00bfEres emprendedor y tienes un gran producto inclusivo que quisieras promocionar en nuestra plataforma? <a href=\"https:\/\/ayudasparatodos.com\/index.php\/contact\/\">Cont\u00e1ctanos<\/a><\/li>\n<li>Visita la secci\u00f3n sobre <a href=\"https:\/\/ayudasparatodos.com\/index.php\/como-comprar-faq\/\">\u00bfC\u00f3mo Comprar? FAQ<\/a>, en la cual encontraras de forma m\u00e1s detallada las instrucciones de como comprar, servicio de asesor\u00eda y cotizaciones, formas de pago, env\u00edos a nivel nacional e internacional, garant\u00eda y otros temas relacionados.<\/li>\n<li><span style=\"font-size: 11.5pt; font-family: Roboto; color: #626262;\">Asesor\u00eda, cotizaciones dudas y comentarios: Si tiene cualquier duda o comentario, nos puede escribir o llamar via WhatsApp agregando el numero +57 3006000144 o directamente desde este <a href=\"https:\/\/wa.me\/+573006000144\">enlace<\/a>\u00a0 <\/span><a href=\"https:\/\/wa.me\/+573006000144\"><span style=\"font-size: 11.5pt; font-family: Roboto; color: #626262;\">https:\/\/wa.me\/+573006000144<\/span><\/a><span style=\"font-size: 11.5pt; font-family: Roboto; color: #626262;\">\u00a0 \u00a0 Tambi\u00e9n puede enviarnos un correo electr\u00f3nico a la direcci\u00f3n <a href=\"mailto:ventas@ayudasparatodos.com\">ventas@ayudasparatodos.com<\/a><\/span><\/li>\n<li><strong>Pagos en Colombia por transferencia Bancolombia o Nequi. Tambi\u00e9n recibimos pagos por tarjeta cr\u00e9dito o debito. Si la alternativa de pago no esta disponible en su pa\u00eds, tambi\u00e9n puede pagar por Giro en western Union o Paypal. Favor contactarnos al correo ventas@ayudasparatodos.com para generarle un enlace de pago personalizado por el valor de los art\u00edculos + el valor del envi\u00f3 seg\u00fan su ubicaci\u00f3n y con su moneda local. Despachos a nivel nacional e internacional desde Medell\u00edn &#8211; Colombia.<\/strong><\/li>\n<\/ul>\n","protected":false},"excerpt":{"rendered":"<p>Hace 4 l\u00edneas, 18 celdas de braille jumbo<\/p>\n","protected":false},"featured_media":50929,"template":"","meta":[],"product_cat":[147],"product_tag":[112,124,115,192,190,121,117,120,119,118,111,116,191,113],"class_list":["post-50925","product","type-product","status-publish","has-post-thumbnail","hentry","product_cat-escritura-braille-regletas-y-punzones","product_tag-distribuidor-ayudas-para-discapacidad-visual","product_tag-productos-de-apoyo-colegio-y-estudio-ninos-jovenes-con-discapacidad-visual","product_tag-regleta-braille-metalica","product_tag-regleta-jumbo-aprendizaje-escritura-braille-aluminio-metalica","product_tag-regleta-plastica-pasta-escitura-braille-ciegos-baja-vision","product_tag-regleta-y-punzon-braille-aluminio-medellin","product_tag-tienda-tiflologica-colombia","product_tag-tiflologo","product_tag-tiflotecnologia","product_tag-venta-de-ayduas-para-ciegos-colombia","product_tag-venta-de-productos-para-ciegos","product_tag-venta-de-regleta-braille-en-aluminio","product_tag-venta-de-regletas-para-ciegos-medellin-colombia","product_tag-venta-productos-escritura-en-braille-ciegos-y-baja-vision","description-off"],"_links":{"self":[{"href":"https:\/\/ayudasparatodos.com\/index.php\/wp-json\/wp\/v3\/product\/50925"}],"collection":[{"href":"https:\/\/ayudasparatodos.com\/index.php\/wp-json\/wp\/v3\/product"}],"about":[{"href":"https:\/\/ayudasparatodos.com\/index.php\/wp-json\/wp\/v2\/types\/product"}],"wp:featuredmedia":[{"embeddable":true,"href":"https:\/\/ayudasparatodos.com\/index.php\/wp-json\/wp\/v2\/media\/50929"}],"wp:attachment":[{"href":"https:\/\/ayudasparatodos.com\/index.php\/wp-json\/wp\/v2\/media?parent=50925"}],"wp:term":[{"taxonomy":"product_cat","embeddable":true,"href":"https:\/\/ayudasparatodos.com\/index.php\/wp-json\/wp\/v2\/product_cat?post=50925"},{"taxonomy":"product_tag","embeddable":true,"href":"https:\/\/ayudasparatodos.com\/index.php\/wp-json\/wp\/v2\/product_tag?post=50925"}],"curies":[{"name":"wp","href":"https:\/\/api.w.org\/{rel}","templated":true}]}}