{"id":50927,"date":"2023-03-03T03:48:54","date_gmt":"2023-03-03T03:48:54","guid":{"rendered":"https:\/\/ayudasparatodos.com\/?post_type=product&#038;p=50927"},"modified":"2024-04-03T01:31:11","modified_gmt":"2024-04-03T01:31:11","slug":"kitpizarrapaginaregleta","status":"publish","type":"product","link":"https:\/\/ayudasparatodos.com\/index.php\/producto\/kitpizarrapaginaregleta\/","title":{"rendered":"Kit Pizarra Braille Aluminio 2&#215;29 \u00a0y tabla pisapapeles gu\u00eda escritura discapacidad visual"},"content":{"rendered":"<p>2 l\u00edneas, 29 celdas, con portapapeles de madera y bolsa<\/p>\n<p>&nbsp;<\/p>\n<p>Caracter\u00edsticas del producto<\/p>\n<p>El portapapeles de madera mantiene la pizarra met\u00e1lica en su lugar.<\/p>\n<p>Cuenta con un clip en la parte superior del tablero que sujeta la hoja de papel de forma segura.<\/p>\n<p>El tablero tiene varios conjuntos de agujeros; ayuda a guiar los pies de la pizarra a medida que avanza por la p\u00e1gina.<\/p>\n<p>Ligero y duradero, le servir\u00e1 durante muchos a\u00f1os.<\/p>\n<p>El portapapeles act\u00faa como una superficie s\u00f3lida, por lo que no necesitas una mesa para trabajar.<\/p>\n<p>Port\u00e1til, vers\u00e1til y eficiente para quienes toman notas en serio.<\/p>\n<p>Viene con un l\u00e1piz \u00f3ptico cl\u00e1sico duradero.<\/p>\n<p>Incluye una bolsa para guardar de forma segura pizarra, l\u00e1piz, portapapeles y papel.<\/p>\n<p>Peso del paquete: alrededor de 1,4 libras.<\/p>\n<p>&nbsp;<\/p>\n<p>Descripci\u00f3n del Producto<\/p>\n<p>Bueno, si realmente quieres tomarte en serio la escritura en Braille, \u00a1te enamorar\u00e1s de nuestra pizarra portapapeles! Este paquete no solo viene con una pizarra met\u00e1lica de dos l\u00edneas y veintinueve celdas, sino que tambi\u00e9n incluye una tabla de madera que mantiene la pizarra en su lugar en todo momento.<\/p>\n<p>Mover la pizarra por el papel se vuelve muy f\u00e1cil por dos razones. Primero, hay un clip en la parte superior del tablero que sujeta la hoja de papel en su lugar. Y segundo: el tablero tiene una serie de agujeros que van hasta abajo dise\u00f1ados para que los pies de la pizarra encajen c\u00f3modamente. Por lo tanto, nunca tendr\u00e1 que preocuparse por asegurarse de que el papel quede perfectamente recto cuando utilice la pizarra portapapeles.<\/p>\n<p>&nbsp;<\/p>\n<p>Es m\u00e1s, esta es la m\u00e1s duradera de todas nuestras pizarras, por lo que puede contar con que su pizarra Portapapeles resistir\u00e1 durante a\u00f1os sus necesidades diarias de Braille. Y, debido a que viene con una tabla de madera (que funciona de la misma manera que lo har\u00eda un portapapeles normal), r\u00e1pidamente descubrir\u00e1 que ser\u00e1 f\u00e1cil perforar p\u00e1gina tras p\u00e1gina en Braille, independientemente de si est\u00e1 escribiendo en su regazo o usando un escritorio. Por \u00faltimo, se incluye una bolsa de almacenamiento que contiene la pizarra, el l\u00e1piz \u00f3ptico, el portapapeles y algunas hojas de papel.<\/p>\n<p>&nbsp;<\/p>\n<p>Conseguir un lapicero\/esfero para escribir en papel es muy simple y econ\u00f3mico, pero conseguir la regleta para que las personas ciegas escriban en braille es muy dif\u00edcil en Colombia y en otros pa\u00edses de Am\u00e9rica Latina. Por eso desde Ayudas para Todos les traemos adem\u00e1s de regletas, tambi\u00e9n una gran variedad de productos y accesorios para ayudar a personas con discapacidad visual en su vida diaria, elementos para el estudio, trabajo, vida diaria, deporte, ocio, uso de tecnolog\u00eda y m\u00e1s.<\/p>\n<p>&nbsp;<\/p>\n<ul>\n<li>Producto importado, venta bajo pedido con pago previo por el valor total del articulo.<\/li>\n<li>FAVOR ANTES DE OFERTAR, confirmar precio actual (por variaciones del valor del d\u00f3lar) y tambi\u00e9n CONFIRMAR QUE PUEDE ESPERAR LOS TIEMPOS DE ENTREGA\u00a0 que normalmente son entre 2-4 semanas.<\/li>\n<li>Cuando recibamos el pedido en nuestra oficina en Medell\u00edn-Colombia, le enviaremos un mensaje al comprador, si se encuentra en Medell\u00edn puede pasar a recogerlo personalmente en nuestra oficina, o tambi\u00e9n podemos hacer el envios a nivel nacional o internacional (Valor del envio cargo del comprador).<\/li>\n<li>Desde Ayudas para TODOS, estamos trabajando para ofrecerles el mayor Marketplace inclusivo a nivel mundial. Reuniendo en 1 solo sitio todos los productos que puedan necesitar, m\u00e1s de 5.000 referencias de art\u00edculos especializados que puedan necesitar instituciones y personas con o sin discapacidad, para apoyar procesos de inclusi\u00f3n, ayudando a superar las barreras que se pueden presentar al momento de estudiar, de trabajar, y en las dem\u00e1s actividades de la vida diaria.<\/li>\n<li>\u00bfNo est\u00e1 seguro sobre qu\u00e9 tipo de dispositivo o producto de apoyo debe comprar? Contamos con expertos para estudiar sus necesidades y asesorarlo recomend\u00e1ndole la ayuda o el conjunto de ayudas m\u00e1s adecuadas \u00bfNecesitas un producto y no lo encuentras en nuestro catalogo online? Cont\u00e1ctanos para ayudarte a conseguirlo. \u00bfEres emprendedor y tienes un gran producto inclusivo que quisieras promocionar en nuestra plataforma? <a href=\"https:\/\/ayudasparatodos.com\/index.php\/contact\/\">Cont\u00e1ctanos<\/a><\/li>\n<li>Visita la secci\u00f3n sobre <a href=\"https:\/\/ayudasparatodos.com\/index.php\/como-comprar-faq\/\">\u00bfC\u00f3mo Comprar? FAQ<\/a>, en la cual encontraras de forma m\u00e1s detallada las instrucciones de como comprar, servicio de asesor\u00eda y cotizaciones, formas de pago, env\u00edos a nivel nacional e internacional, garant\u00eda y otros temas relacionados.<\/li>\n<li><span style=\"font-size: 11.5pt; font-family: Roboto; color: #626262;\">Asesor\u00eda, cotizaciones dudas y comentarios: Si tiene cualquier duda o comentario, nos puede escribir o llamar via WhatsApp agregando el numero +57 3006000144 o directamente desde este <a href=\"https:\/\/wa.me\/+573006000144\">enlace<\/a>\u00a0 <\/span><a href=\"https:\/\/wa.me\/+573006000144\"><span style=\"font-size: 11.5pt; font-family: Roboto; color: #626262;\">https:\/\/wa.me\/+573006000144<\/span><\/a><span style=\"font-size: 11.5pt; font-family: Roboto; color: #626262;\">\u00a0 \u00a0 Tambi\u00e9n puede enviarnos un correo electr\u00f3nico a la direcci\u00f3n <a href=\"mailto:ventas@ayudasparatodos.com\">ventas@ayudasparatodos.com<\/a><\/span><\/li>\n<li><strong>Pagos en Colombia por transferencia Bancolombia o Nequi. Tambi\u00e9n recibimos pagos por tarjeta cr\u00e9dito o debito. Si la alternativa de pago no esta disponible en su pa\u00eds, tambi\u00e9n puede pagar por Giro en western Union o Paypal. Favor contactarnos al correo ventas@ayudasparatodos.com para generarle un enlace de pago personalizado por el valor de los art\u00edculos + el valor del envi\u00f3 seg\u00fan su ubicaci\u00f3n y con su moneda local. Despachos a nivel nacional e internacional desde Medell\u00edn &#8211; Colombia.<\/strong><\/li>\n<\/ul>\n<p>&nbsp;<\/p>\n","protected":false},"excerpt":{"rendered":"<p>2 l\u00edneas, 29 celdas, con portapapeles de madera y bolsa<\/p>\n","protected":false},"featured_media":50932,"template":"","meta":[],"product_cat":[147],"product_tag":[112,535,197,124,115,190,121,117,120,119,118,111,116,191,113],"class_list":["post-50927","product","type-product","status-publish","has-post-thumbnail","hentry","product_cat-escritura-braille-regletas-y-punzones","product_tag-distribuidor-ayudas-para-discapacidad-visual","product_tag-escritura-braille-regleta","product_tag-pizarra-regleta-braille-pagina-completa","product_tag-productos-de-apoyo-colegio-y-estudio-ninos-jovenes-con-discapacidad-visual","product_tag-regleta-braille-metalica","product_tag-regleta-plastica-pasta-escitura-braille-ciegos-baja-vision","product_tag-regleta-y-punzon-braille-aluminio-medellin","product_tag-tienda-tiflologica-colombia","product_tag-tiflologo","product_tag-tiflotecnologia","product_tag-venta-de-ayduas-para-ciegos-colombia","product_tag-venta-de-productos-para-ciegos","product_tag-venta-de-regleta-braille-en-aluminio","product_tag-venta-de-regletas-para-ciegos-medellin-colombia","product_tag-venta-productos-escritura-en-braille-ciegos-y-baja-vision","description-off"],"_links":{"self":[{"href":"https:\/\/ayudasparatodos.com\/index.php\/wp-json\/wp\/v3\/product\/50927"}],"collection":[{"href":"https:\/\/ayudasparatodos.com\/index.php\/wp-json\/wp\/v3\/product"}],"about":[{"href":"https:\/\/ayudasparatodos.com\/index.php\/wp-json\/wp\/v2\/types\/product"}],"wp:featuredmedia":[{"embeddable":true,"href":"https:\/\/ayudasparatodos.com\/index.php\/wp-json\/wp\/v2\/media\/50932"}],"wp:attachment":[{"href":"https:\/\/ayudasparatodos.com\/index.php\/wp-json\/wp\/v2\/media?parent=50927"}],"wp:term":[{"taxonomy":"product_cat","embeddable":true,"href":"https:\/\/ayudasparatodos.com\/index.php\/wp-json\/wp\/v2\/product_cat?post=50927"},{"taxonomy":"product_tag","embeddable":true,"href":"https:\/\/ayudasparatodos.com\/index.php\/wp-json\/wp\/v2\/product_tag?post=50927"}],"curies":[{"name":"wp","href":"https:\/\/api.w.org\/{rel}","templated":true}]}}