{"id":50933,"date":"2023-03-06T20:34:40","date_gmt":"2023-03-06T20:34:40","guid":{"rendered":"https:\/\/ayudasparatodos.com\/?post_type=product&#038;p=50933"},"modified":"2024-02-16T16:15:51","modified_gmt":"2024-02-16T16:15:51","slug":"rastreador_gps_1","status":"publish","type":"product","link":"https:\/\/ayudasparatodos.com\/index.php\/producto\/rastreador_gps_1\/","title":{"rendered":"Pulsera rastreador GPS Tracker tipo reloj Bot\u00f3n SOS Emergencias Adulto Mayor Demencia Discapacidad"},"content":{"rendered":"<p>Pulsera rastreador GPS Tracker tipo reloj Bot\u00f3n SOS Emergencias Adulto Mayor Demencia Discapacidad<\/p>\n<p>Uno de los miedos m\u00e1s grandes en las familias, es que pueda sucederle algo a las personas que aman. Con temas de inseguridad y todo lo que puede suceder en el d\u00eda a d\u00eda, esto es un riesgo para todos, pero a\u00fan m\u00e1s para personas con discapacidad, adultos mayores, ni\u00f1os y mujeres. Por lo cual tenemos una completa l\u00ednea de productos especializados con rastreadores GPS incorporados, que facilitaran desde tener control de donde se encuentra ese familiar, hasta posiblemente salvar su vida.<\/p>\n<h1>Sobre este art\u00edculo<\/h1>\n<ul>\n<li>4G LTE + 3G WCDMA + 2G GSM<\/li>\n<li>GPS + Beidou + WiFi + LBS posicionways<\/li>\n<li>Detecci\u00f3n de frecuencia card\u00edaca, presi\u00f3n arterial y temperatura<\/li>\n<li>Recordatorio de p\u00edldoras, contador<\/li>\n<\/ul>\n<h2>Descripci\u00f3n del Producto<\/h2>\n<p>Rastreador inteligente con GPS 4G y rastreador de alarma antip\u00e9rdida, buscador de llaves para ni\u00f1os, buscador de billeteras, registro de GPS y alarma antip\u00e9rdida. Caracter\u00edsticas principales: L4G LTE + 3G WCDMA + 2G GSM lGPS + Beidou + WIFI+LBS positionways lHeart rate, presi\u00f3n arterial y detecci\u00f3n de temperatura lPill recordatorio, recuento de pasos y gesti\u00f3n de salud. Nivel impermeable: IPX7 lWeb. Bot\u00f3n SOS para ayuda ll Un clics para una llamada r\u00e1pida lTalking reloj lLow bater\u00eda alarma lRingtone para encontrar la pulsera Accesorios: 1* pulsera GPS1* cable de carga USB 1* controlador de tornillo1* manual de usuario 2* tornillos de repuesto1* Sim Card Ejector Pin Especificaci\u00f3n del producto: 4G FDD: Banda 1\/2\/3\/5\/7\/8\/20 4G TDD: Banda 38\/39\/40 \/41 3 G WCDMA: Banda 1\/2\/5\/8 2G GSM: Banda 2\/3\/5\/8 Tiempo de localizaci\u00f3n GPS: 30 segundos con arranque fr\u00edo (cielo abierto) 29 segundos con arranque caliente (cielo abierto) 5 segundos con arranque caliente (cielo abierto). Precisi\u00f3n GPS: 16.4-49.2\u00a0ft (cielo abierto). Temperatura: -4.0\u00a0\u00b0F ~ +158.0\u00a0\u00b0F Humedad de trabajo: 5% ~ 95% RH Tama\u00f1o del anfitri\u00f3n: 2.559* 1.654* 0.787\u00a0in Peso neto del dispositivo: Capacidad de la bater\u00eda: 1000mA<\/p>\n<ul>\n<li style=\"list-style-type: none;\"><\/li>\n<\/ul>\n<p>&nbsp;<\/p>\n<ul class=\"a-unordered-list a-vertical a-spacing-mini\">\n<li>Algunos perfiles y situaciones reales de clientes que nos compran estos dispositivos:<strong>El peligro de perderse al salir de la casa<\/strong> Estos productos se venden mucho para adultos mayores, personas con demencia o discapacidad cognitiva. Los cuidadores sienten mucho miedo que esa persona pueda salir de su casa, y realmente perderse, montarse a un bus y llegar a otro barrio o hasta otra ciudad. Con un dispositivo de rastreo, el familiar puede marcar una zona segura, por ejemplo, 100metros alrededor de su casa, y si sale de ah\u00ed, que el sistema de forma autom\u00e1tica le envi\u00e9 una alarma a su tel\u00e9fono. Dependiendo el modelo del dispositivo, usted hasta estar\u00e1 en capacidad de llamar a esa persona y preguntar si esta bien, o si no contesta, salir a buscarla y ubicarla m\u00e1s f\u00e1cilmente gracias al rastreador.&nbsp;\n<p><strong>Ca\u00eddas y solicitud llamado de auxilio por temas de salud: <\/strong>Otro uso para el cual lo solicitan mucho tambi\u00e9n es por el tema de seguridad con personas mayores o con discapacidad, en casi de ca\u00eddas y estar solos, que puedan presionar un simple bot\u00f3n de llamado de emergencia SOS Enel dispositivo, este llamara a los n\u00fameros programados para casos de emergencia, y as\u00ed los familiares o cuidados vengan al rescate.<\/p>\n<p>&nbsp;<\/p>\n<p><strong>Inseguridad y protecci\u00f3n ante situaciones de alto riesgo:<\/strong> Otra de las funciones pro las cuales solicitan mucho estos equipos, es por el tema de inseguridad en las ciudades, el peligro de un robo o un secuestro entre otros. Por lo cual ni\u00f1os, mujeres, empresarios, llevan un tracker por situaciones de emergencia como media de seguridad.<\/p>\n<p>&nbsp;<\/p>\n<p>&nbsp;<\/p>\n<ul>\n<li>Producto importado, venta bajo pedido con pago previo por el valor total del art\u00edculo.<\/li>\n<li>FAVOR ANTES DE OFERTAR, confirmar precio actual (por variaciones del valor del d\u00f3lar) y tambi\u00e9n CONFIRMAR QUE PUEDE ESPERAR LOS TIEMPOS DE ENTREGA\u00a0 que normalmente son entre 2-4 semanas.<\/li>\n<li>Cuando recibamos el pedido en nuestra oficina en Medell\u00edn-Colombia, le enviaremos un mensaje al comprador, si se encuentra en Medell\u00edn puede pasar a recogerlo personalmente en nuestra oficina, o tambi\u00e9n podemos hacer el envios a nivel nacional o internacional (Valor del envio cargo del comprador).<\/li>\n<li>Desde Ayudas para TODOS, estamos trabajando para ofrecerles el mayor Marketplace inclusivo a nivel mundial. Reuniendo en 1 solo sitio todos los productos que puedan necesitar, m\u00e1s de 5.000 referencias de art\u00edculos especializados que puedan necesitar instituciones y personas con o sin discapacidad, para apoyar procesos de inclusi\u00f3n, ayudando a superar las barreras que se pueden presentar al momento de estudiar, de trabajar, y en las dem\u00e1s actividades de la vida diaria.<\/li>\n<li>\u00bfNo est\u00e1 seguro sobre qu\u00e9 tipo de dispositivo o producto de apoyo debe comprar? Contamos con expertos para estudiar sus necesidades y asesorarlo recomend\u00e1ndole la ayuda o el conjunto de ayudas m\u00e1s adecuadas \u00bfNecesitas un producto y no lo encuentras en nuestro catalogo online? Cont\u00e1ctanos para ayudarte a conseguirlo. \u00bfEres emprendedor y tienes un gran producto inclusivo que quisieras promocionar en nuestra plataforma? <a href=\"https:\/\/ayudasparatodos.com\/index.php\/contact\/\">Cont\u00e1ctanos<\/a><\/li>\n<li>Visita la secci\u00f3n sobre <a href=\"https:\/\/ayudasparatodos.com\/index.php\/como-comprar-faq\/\">\u00bfC\u00f3mo Comprar? FAQ<\/a>, en la cual encontraras de forma m\u00e1s detallada las instrucciones de como comprar, servicio de asesor\u00eda y cotizaciones, formas de pago, env\u00edos a nivel nacional e internacional, garant\u00eda y otros temas relacionados.<\/li>\n<li><span style=\"font-size: 11.5pt; font-family: Roboto; color: #626262;\">Asesor\u00eda, cotizaciones dudas y comentarios: Si tiene cualquier duda o comentario, nos puede escribir o llamar via WhatsApp agregando el numero +57 3006000144 o directamente desde este <a href=\"https:\/\/wa.me\/+573006000144\">enlace<\/a>\u00a0 <\/span><a href=\"https:\/\/wa.me\/+573006000144\"><span style=\"font-size: 11.5pt; font-family: Roboto; color: #626262;\">https:\/\/wa.me\/+573006000144<\/span><\/a><span style=\"font-size: 11.5pt; font-family: Roboto; color: #626262;\">\u00a0 \u00a0 Tambi\u00e9n puede enviarnos un correo electr\u00f3nico a la direcci\u00f3n <a href=\"mailto:ventas@ayudasparatodos.com\">ventas@ayudasparatodos.com<\/a><\/span><\/li>\n<li><strong>Pagos en Colombia por transferencia Bancolombia o Nequi. Tambi\u00e9n recibimos pagos por tarjeta cr\u00e9dito o debito. Si la alternativa de pago no esta disponible en su pa\u00eds, tambi\u00e9n puede pagar por Giro en western Union o Paypal. Favor contactarnos al correo ventas@ayudasparatodos.com para generarle un enlace de pago personalizado por el valor de los art\u00edculos + el valor del envi\u00f3 seg\u00fan su ubicaci\u00f3n y con su moneda local. Despachos a nivel nacional e internacional desde Medell\u00edn &#8211; Colombia.<\/strong><\/li>\n<\/ul>\n<\/li>\n<li><\/li>\n<\/ul>\n","protected":false},"excerpt":{"rendered":"<p>Pulsera rastreador GPS Tracker tipo reloj Bot\u00f3n SOS Emergencias Adulto Mayor Demencia Discapacidad<\/p>\n<p>&nbsp;<\/p>\n","protected":false},"featured_media":50934,"template":"","meta":[],"product_cat":[156],"product_tag":[207,200,198,199,201,202,203,325,204],"class_list":["post-50933","product","type-product","status-publish","has-post-thumbnail","hentry","product_cat-gps-sos-tracker-localizadores-de-emergencia","product_tag-brazalete-seguridad-gps-rastreador-localizador-adulto-mayor-discapacidad-ninos-mujeres","product_tag-reloj-gps-adultos-amyores-rastreador-localizador","product_tag-reloj-gps-localizador-rastreador","product_tag-reloj-gps-personas-con-discapacidad-rastreador-localizador","product_tag-reloj-gps-rastreador-personas-con-demencia-alzheimer-localizador-rastreador","product_tag-reloj-gps-rastreador-personas-con-discapacidad-cognitiva","product_tag-reloj-gps-sos-emergencias-caidas-accidentes-paciente-discapacidad","product_tag-sistema-llamada-de-emergencia-sos-auxilio-emergencia-discapacidad-adulto-mayor-demencia","product_tag-sistema-rastreador-localizador-gps-ninos-discapacidad-adulto-mayores","description-off"],"_links":{"self":[{"href":"https:\/\/ayudasparatodos.com\/index.php\/wp-json\/wp\/v3\/product\/50933"}],"collection":[{"href":"https:\/\/ayudasparatodos.com\/index.php\/wp-json\/wp\/v3\/product"}],"about":[{"href":"https:\/\/ayudasparatodos.com\/index.php\/wp-json\/wp\/v2\/types\/product"}],"wp:featuredmedia":[{"embeddable":true,"href":"https:\/\/ayudasparatodos.com\/index.php\/wp-json\/wp\/v2\/media\/50934"}],"wp:attachment":[{"href":"https:\/\/ayudasparatodos.com\/index.php\/wp-json\/wp\/v2\/media?parent=50933"}],"wp:term":[{"taxonomy":"product_cat","embeddable":true,"href":"https:\/\/ayudasparatodos.com\/index.php\/wp-json\/wp\/v2\/product_cat?post=50933"},{"taxonomy":"product_tag","embeddable":true,"href":"https:\/\/ayudasparatodos.com\/index.php\/wp-json\/wp\/v2\/product_tag?post=50933"}],"curies":[{"name":"wp","href":"https:\/\/api.w.org\/{rel}","templated":true}]}}