{"id":50942,"date":"2023-03-07T00:45:12","date_gmt":"2023-03-07T00:45:12","guid":{"rendered":"https:\/\/ayudasparatodos.com\/?post_type=product&#038;p=50942"},"modified":"2024-02-16T16:47:41","modified_gmt":"2024-02-16T16:47:41","slug":"rastreador_gps_2","status":"publish","type":"product","link":"https:\/\/ayudasparatodos.com\/index.php\/producto\/rastreador_gps_2\/","title":{"rendered":"Rastreador GPS Personal tipo pulsera reloj Tracker Bot\u00f3n SOS Llamada Emergencias Adulto Mayor Demencia Discapacidad"},"content":{"rendered":"<p>Rastreador de ejercicios para personas mayores con detecci\u00f3n de alarma de ca\u00edda y reloj inteligente con ubicaci\u00f3n GPS<\/p>\n<p>Uno de los miedos m\u00e1s grandes en las familias, es que pueda sucederle algo a las personas que aman. Con temas de inseguridad y todo lo que puede suceder en el d\u00eda a d\u00eda, esto es un riesgo para todos, pero a\u00fan m\u00e1s para personas con discapacidad, adultos mayores, ni\u00f1os y mujeres. Por lo cual tenemos una completa l\u00ednea de productos especializados con rastreadores GPS incorporados, que facilitaran desde tener control de donde se encuentra ese familiar, hasta posiblemente salvar su vida.<\/p>\n<p>&nbsp;<\/p>\n<p>Uno de los miedos m\u00e1s grandes en las familias, es que pueda sucederle algo a las personas que aman. Con temas de inseguridad y todo lo que puede suceder en el d\u00eda a d\u00eda, esto es un riesgo para todos, pero a\u00fan m\u00e1s para personas con discapacidad, adultos mayores, ni\u00f1os y mujeres. Por lo cual tenemos una completa l\u00ednea de productos especializados con rastreadores GPS incorporados, que facilitaran desde tener control de donde se encuentra ese familiar, hasta posiblemente salvar su vida.<\/p>\n<p>&nbsp;<\/p>\n<ul>\n<li>Posicionamiento preciso GPS: GPS + LBS + AGPS + WIFI m\u00faltiples posicionamiento, abre la aplicaci\u00f3n m\u00f3vil, puedes ver la posici\u00f3n del reloj en cualquier momento, en cualquier lugar y encontrar al anciano en poco tiempo.<\/li>\n<li>Llamada independiente: al posicionar el reloj, puedes establecer n\u00fameros de familia, conversaci\u00f3n mutua, el reloj soporta el de \u00abMicro SIM\u00bb. Utiliza el tel\u00e9fono m\u00f3vil (Android\/iOS) para guardar el c\u00f3digo QR en el manual para escanear la aplicaci\u00f3n. Conecta este producto para desbloquear otras funciones.<\/li>\n<li>Rastreador: con esta pulsera inteligente puedes realizar un seguimiento de tus actividades a tiempo completo. La pulsera pod\u00f3metro puede mostrar los pasos tomados y la distancia recorrida. Utiliza estos datos relevantes para entender mejor tu nivel de fitness y ver el historial en tiempo real o la historia de ancianos en cualquier momento.<\/li>\n<li>Regalo ideal: la pulsera SOS es el regalo ideal para ancianos y ni\u00f1os. Se puede utilizar para pedir ayuda y encontrar su ubicaci\u00f3n r\u00e1pidamente si se pierden o est\u00e1n en peligro.<\/li>\n<li>Valla electr\u00f3nica segura: el rango de seguridad del medidor se puede ajustar. Cuando el tiempo est\u00e1 fuera de este rango, la aplicaci\u00f3n m\u00f3vil te advierte autom\u00e1ticamente para evitar varios accidentes con antelaci\u00f3n. El tel\u00e9fono tambi\u00e9n puede configurar un reloj despertador para recordarle a los ancianos que tomen medicamentos, descansen, etc.<\/li>\n<\/ul>\n<p>&nbsp;<\/p>\n<h2>Descripci\u00f3n del producto<\/h2>\n<p>Descripci\u00f3n:<br \/>\nLos usuarios pueden detectar el estado de movimiento y salud de los padres en tiempo real. Tiene funciones de reloj deportivo, consumo de calor\u00edas, pod\u00f3metro, control de calidad del sue\u00f1o. Este reloj es profundamente impermeable, lavado diario, clima lluvioso. Hay una funci\u00f3n muy \u00fatil: si tus padres son demasiado mayores para presionar el bot\u00f3n SOS para marcar, los hijos y hijas pueden enviar SMS al GPS, entonces el GPS llama a tus padres para que se pasen y hablen autom\u00e1ticamente.<\/p>\n<p>&nbsp;<\/p>\n<p>Algunos perfiles y situaciones reales de clientes que nos compran estos dispositivos:<\/p>\n<p>&nbsp;<\/p>\n<p><strong>El peligro de perderse al salir de la casa<\/strong> Estos productos se venden mucho para adultos mayores, personas con demencia o discapacidad cognitiva. Los cuidadores sienten mucho miedo que esa persona pueda salir de su casa, y realmente perderse, montarse a un bus y llegar a otro barrio o hasta otra ciudad. Con un dispositivo de rastreo, el familiar puede marcar una zona segura, por ejemplo, 100metros alrededor de su casa, y si sale de ah\u00ed, que el sistema de forma autom\u00e1tica le envi\u00e9 una alarma a su tel\u00e9fono. Dependiendo el modelo del dispositivo, usted hasta estar\u00e1 en capacidad de llamar a esa persona y preguntar si esta bien, o si no contesta, salir a buscarla y ubicarla m\u00e1s f\u00e1cilmente gracias al rastreador.<\/p>\n<p>&nbsp;<\/p>\n<p><strong>Ca\u00eddas y solicitud llamado de auxilio por temas de salud: <\/strong>Otro uso para el cual lo solicitan mucho tambi\u00e9n es por el tema de seguridad con personas mayores o con discapacidad, en casi de ca\u00eddas y estar solos, que puedan presionar un simple bot\u00f3n de llamado de emergencia SOS Enel dispositivo, este llamara a los n\u00fameros programados para casos de emergencia, y as\u00ed los familiares o cuidados vengan al rescate.<\/p>\n<p>&nbsp;<\/p>\n<p><strong>Inseguridad y protecci\u00f3n ante situaciones de alto riesgo:<\/strong> Otra de las funciones pro las cuales solicitan mucho estos equipos, es por el tema de inseguridad en las ciudades, el peligro de un robo o un secuestro entre otros. Por lo cual ni\u00f1os, mujeres, empresarios, llevan un tracker por situaciones de emergencia como media de seguridad.<\/p>\n<p>&nbsp;<\/p>\n<ul class=\"a-unordered-list a-vertical a-spacing-mini\">\n<li>Producto importado, venta bajo pedido con pago previo por el valor total del art\u00edculo.<\/li>\n<li>FAVOR ANTES DE OFERTAR, confirmar precio actual (por variaciones del valor del d\u00f3lar) y tambi\u00e9n CONFIRMAR QUE PUEDE ESPERAR LOS TIEMPOS DE ENTREGA\u00a0 que normalmente son entre 2-4 semanas.<\/li>\n<li>Cuando recibamos el pedido en nuestra oficina en Medell\u00edn-Colombia, le enviaremos un mensaje al comprador, si se encuentra en Medell\u00edn puede pasar a recogerlo personalmente en nuestra oficina, o tambi\u00e9n podemos hacer el envios a nivel nacional o internacional (Valor del envio cargo del comprador).<\/li>\n<li>Desde Ayudas para TODOS, estamos trabajando para ofrecerles el mayor Marketplace inclusivo a nivel mundial. Reuniendo en 1 solo sitio todos los productos que puedan necesitar, m\u00e1s de 5.000 referencias de art\u00edculos especializados que puedan necesitar instituciones y personas con o sin discapacidad, para apoyar procesos de inclusi\u00f3n, ayudando a superar las barreras que se pueden presentar al momento de estudiar, de trabajar, y en las dem\u00e1s actividades de la vida diaria.<\/li>\n<li>\u00bfNo est\u00e1 seguro sobre qu\u00e9 tipo de dispositivo o producto de apoyo debe comprar? Contamos con expertos para estudiar sus necesidades y asesorarlo recomend\u00e1ndole la ayuda o el conjunto de ayudas m\u00e1s adecuadas \u00bfNecesitas un producto y no lo encuentras en nuestro catalogo online? Cont\u00e1ctanos para ayudarte a conseguirlo. \u00bfEres emprendedor y tienes un gran producto inclusivo que quisieras promocionar en nuestra plataforma? <a href=\"https:\/\/ayudasparatodos.com\/index.php\/contact\/\">Cont\u00e1ctanos<\/a><\/li>\n<li>Visita la secci\u00f3n sobre <a href=\"https:\/\/ayudasparatodos.com\/index.php\/como-comprar-faq\/\">\u00bfC\u00f3mo Comprar? FAQ<\/a>, en la cual encontraras de forma m\u00e1s detallada las instrucciones de como comprar, servicio de asesor\u00eda y cotizaciones, formas de pago, env\u00edos a nivel nacional e internacional, garant\u00eda y otros temas relacionados.<\/li>\n<li><span style=\"font-size: 11.5pt; font-family: Roboto; color: #626262;\">Asesor\u00eda, cotizaciones dudas y comentarios: Si tiene cualquier duda o comentario, nos puede escribir o llamar via WhatsApp agregando el numero +57 3006000144 o directamente desde este <a href=\"https:\/\/wa.me\/+573006000144\">enlace<\/a>\u00a0 <\/span><a href=\"https:\/\/wa.me\/+573006000144\"><span style=\"font-size: 11.5pt; font-family: Roboto; color: #626262;\">https:\/\/wa.me\/+573006000144<\/span><\/a><span style=\"font-size: 11.5pt; font-family: Roboto; color: #626262;\">\u00a0 \u00a0 Tambi\u00e9n puede enviarnos un correo electr\u00f3nico a la direcci\u00f3n <a href=\"mailto:ventas@ayudasparatodos.com\">ventas@ayudasparatodos.com<\/a><\/span><\/li>\n<li><strong>Pagos en Colombia por transferencia Bancolombia o Nequi. Tambi\u00e9n recibimos pagos por tarjeta cr\u00e9dito o debito. Si la alternativa de pago no esta disponible en su pa\u00eds, tambi\u00e9n puede pagar por Giro en western Union o Paypal. Favor contactarnos al correo ventas@ayudasparatodos.com para generarle un enlace de pago personalizado por el valor de los art\u00edculos + el valor del envi\u00f3 seg\u00fan su ubicaci\u00f3n y con su moneda local. Despachos a nivel nacional e internacional desde Medell\u00edn &#8211; Colombia.<\/strong><\/li>\n<\/ul>\n","protected":false},"excerpt":{"rendered":"<p>Rastreador de ejercicios para personas mayores con detecci\u00f3n de alarma de ca\u00edda y reloj inteligente con ubicaci\u00f3n GPS<\/p>\n","protected":false},"featured_media":50944,"template":"","meta":[],"product_cat":[156],"product_tag":[207,200,198,199,201,202,203,206,204,205],"class_list":["post-50942","product","type-product","status-publish","has-post-thumbnail","hentry","product_cat-gps-sos-tracker-localizadores-de-emergencia","product_tag-brazalete-seguridad-gps-rastreador-localizador-adulto-mayor-discapacidad-ninos-mujeres","product_tag-reloj-gps-adultos-amyores-rastreador-localizador","product_tag-reloj-gps-localizador-rastreador","product_tag-reloj-gps-personas-con-discapacidad-rastreador-localizador","product_tag-reloj-gps-rastreador-personas-con-demencia-alzheimer-localizador-rastreador","product_tag-reloj-gps-rastreador-personas-con-discapacidad-cognitiva","product_tag-reloj-gps-sos-emergencias-caidas-accidentes-paciente-discapacidad","product_tag-sistema-llamada-de-emergenia-discapacidad-adulto-mayor-ninos-mujeres-accidentes-gps-rastreador-boton-de-panico","product_tag-sistema-rastreador-localizador-gps-ninos-discapacidad-adulto-mayores","product_tag-venta-reloj-dispositovs-rastreo-seguridad-persoans-con-discaapcidad-ninos-adultos-mayores-secuestro-robos","description-off"],"_links":{"self":[{"href":"https:\/\/ayudasparatodos.com\/index.php\/wp-json\/wp\/v3\/product\/50942"}],"collection":[{"href":"https:\/\/ayudasparatodos.com\/index.php\/wp-json\/wp\/v3\/product"}],"about":[{"href":"https:\/\/ayudasparatodos.com\/index.php\/wp-json\/wp\/v2\/types\/product"}],"wp:featuredmedia":[{"embeddable":true,"href":"https:\/\/ayudasparatodos.com\/index.php\/wp-json\/wp\/v2\/media\/50944"}],"wp:attachment":[{"href":"https:\/\/ayudasparatodos.com\/index.php\/wp-json\/wp\/v2\/media?parent=50942"}],"wp:term":[{"taxonomy":"product_cat","embeddable":true,"href":"https:\/\/ayudasparatodos.com\/index.php\/wp-json\/wp\/v2\/product_cat?post=50942"},{"taxonomy":"product_tag","embeddable":true,"href":"https:\/\/ayudasparatodos.com\/index.php\/wp-json\/wp\/v2\/product_tag?post=50942"}],"curies":[{"name":"wp","href":"https:\/\/api.w.org\/{rel}","templated":true}]}}