{"id":51571,"date":"2024-01-23T20:23:14","date_gmt":"2024-01-23T20:23:14","guid":{"rendered":"https:\/\/ayudasparatodos.com\/?post_type=product&#038;p=51571"},"modified":"2025-06-06T14:51:34","modified_gmt":"2025-06-06T14:51:34","slug":"kit-boccia-profesional","status":"publish","type":"product","link":"https:\/\/ayudasparatodos.com\/index.php\/producto\/kit-boccia-profesional\/","title":{"rendered":"Kit Juego Boccia Profesionales BISFED certificadas BC1 BC2 BC3 BC4 Deporte Adaptado paral\u00edmpico"},"content":{"rendered":"<p>Kit Juego Boccia Profesionales BISFED certificadas BC1 BC2 BC3 BC4 Deporte Adaptado paral\u00edmpico<\/p>\n<p>Tenemos disponible kits en mediana suave y mediana duro.<\/p>\n<h2>Descripci\u00f3n del Producto<\/h2>\n<p>Kit Juego de Boccia Cl\u00e1sica Superior Profesionales para Interiores con 13 Bolas de Boccia Cosidas a Mano Medianas Suaves, Deporte Adaptado paral\u00edmpico<\/p>\n<ul>\n<li>Calidad danesa: el juego cl\u00e1sico de Boccia superior consta de 13 bolas cosidas a mano hechas de microfibra suave y fuerte. Cada juego consta de 6 bolas de boccia rojas, 6 azules y una blanca. El peso y el tama\u00f1o de las bolas de boccia cumplen con los est\u00e1ndares internacionales de competencia. El juego de boccia se entrega en un estuche azul Superior Boccia con una correa para el hombro.<\/li>\n<li>\ud83d\udd25 INCLUSIVIDAD \u2013 Boccia es un deporte paral\u00edmpico \u2013 y tambi\u00e9n un deporte para que todos disfruten. Boccia se cree que es el deporte m\u00e1s inclusivo: Jugado en clubes, empresas, escuelas, centros de vacaciones, etc. Boccia es un gran deporte para personas mayores, y una actividad fant\u00e1stica para la rehabilitaci\u00f3n divertida.<\/li>\n<li>Productos de calidad: Handi Life Sport es una empresa internacional de 30 a\u00f1os especializada en el desarrollo y fabricaci\u00f3n de productos de calidad para deportes, recreaci\u00f3n y rehabilitaci\u00f3n. Nuestro objetivo era desarrollar una pelota consistente y de alta calidad para este nuevo deporte que sali\u00f3 porque el deporte de la boccia solo pod\u00eda tener \u00e9xito con equipos confiables y de primera clase.<\/li>\n<li>Diversi\u00f3n para todos: este es un fant\u00e1stico juego de boccia para todos los jugadores de boccia, con una funda que soporta muy bien el tocadiscos. Boccia se juega principalmente en interiores. Boccia es uno de los deportes m\u00e1s inclusivos del mundo: todos pueden jugar boccia<\/li>\n<li>Experiencia personal: como ex jugador de portero paral\u00edmpico y ex vicepresidente del Comit\u00e9 Paral\u00edmpico Internacional, el presidente Jens Bromann aporta una profunda visi\u00f3n personal para comprender la necesidad de eliminar las barreras para que los discapacitados participen en un estilo de vida activo.<\/li>\n<\/ul>\n<ul>\n<li>Producto importado, venta bajo pedido con pago previo por el valor total del art\u00edculo.<\/li>\n<li>FAVOR ANTES DE OFERTAR, confirmar precio actual (por variaciones del valor del d\u00f3lar) y tambi\u00e9n CONFIRMAR QUE PUEDE ESPERAR LOS TIEMPOS DE ENTREGA\u00a0 que normalmente son entre 2-4 semanas.<\/li>\n<li>Cuando recibamos el pedido en nuestra oficina en Medell\u00edn-Colombia, le enviaremos un mensaje al comprador, si se encuentra en Medell\u00edn puede pasar a recogerlo personalmente en nuestra oficina, o tambi\u00e9n podemos hacer el envios a nivel nacional o internacional (Valor del envio cargo del comprador).<\/li>\n<li>Desde Ayudas para TODOS, estamos trabajando para ofrecerles el mayor Marketplace inclusivo a nivel mundial. Reuniendo en 1 solo sitio todos los productos que puedan necesitar, m\u00e1s de 5.000 referencias de art\u00edculos especializados que puedan necesitar instituciones y personas con o sin discapacidad, para apoyar procesos de inclusi\u00f3n, ayudando a superar las barreras que se pueden presentar al momento de estudiar, de trabajar, y en las dem\u00e1s actividades de la vida diaria.<\/li>\n<li>\u00bfNo est\u00e1 seguro sobre qu\u00e9 tipo de dispositivo o producto de apoyo debe comprar? Contamos con expertos para estudiar sus necesidades y asesorarlo recomend\u00e1ndole la ayuda o el conjunto de ayudas m\u00e1s adecuadas \u00bfNecesitas un producto y no lo encuentras en nuestro catalogo online? Cont\u00e1ctanos para ayudarte a conseguirlo. \u00bfEres emprendedor y tienes un gran producto inclusivo que quisieras promocionar en nuestra plataforma? <a href=\"https:\/\/ayudasparatodos.com\/index.php\/contact\/\">Cont\u00e1ctanos<\/a><\/li>\n<li>Visita la secci\u00f3n sobre <a href=\"https:\/\/ayudasparatodos.com\/index.php\/como-comprar-faq\/\">\u00bfC\u00f3mo Comprar? FAQ<\/a>, en la cual encontraras de forma m\u00e1s detallada las instrucciones de como comprar, servicio de asesor\u00eda y cotizaciones, formas de pago, env\u00edos a nivel nacional e internacional, garant\u00eda y otros temas relacionados.<\/li>\n<li><span style=\"font-size: 11.5pt; font-family: Roboto; color: #626262;\">Asesor\u00eda, cotizaciones dudas y comentarios: Si tiene cualquier duda o comentario, nos puede escribir o llamar via WhatsApp agregando el numero +57 3006000144 o directamente desde este <a href=\"https:\/\/wa.me\/+573006000144\">enlace<\/a>\u00a0 <\/span><a href=\"https:\/\/wa.me\/+573006000144\"><span style=\"font-size: 11.5pt; font-family: Roboto; color: #626262;\">https:\/\/wa.me\/+573006000144<\/span><\/a><span style=\"font-size: 11.5pt; font-family: Roboto; color: #626262;\">\u00a0 \u00a0 Tambi\u00e9n puede enviarnos un correo electr\u00f3nico a la direcci\u00f3n <a href=\"mailto:ventas@ayudasparatodos.com\">ventas@ayudasparatodos.com<\/a><\/span><\/li>\n<li><\/li>\n<li><strong>Pagos en Colombia por transferencia Bancolombia o Nequi. Tambi\u00e9n recibimos pagos por tarjeta cr\u00e9dito o debito. Si la alternativa de pago no esta disponible en su pa\u00eds, tambi\u00e9n puede pagar por Giro en western Union o Paypal. Favor contactarnos al correo ventas@ayudasparatodos.com para generarle un enlace de pago personalizado por el valor de los art\u00edculos + el valor del envi\u00f3 seg\u00fan su ubicaci\u00f3n y con su moneda local. Despachos a nivel nacional e internacional desde Medell\u00edn &#8211; Colombia.<\/strong><\/li>\n<\/ul>\n","protected":false},"excerpt":{"rendered":"<p>Kit Juego de Boccia Cl\u00e1sica Superior Profesionales para Interiores con 13 Bolas de Boccia Cosidas a Mano Medianas Suaves, Deporte Adaptado paral\u00edmpico<\/p>\n","protected":false},"featured_media":0,"template":"","meta":[],"product_cat":[232],"product_tag":[234,874,235,236,233],"class_list":["post-51571","product","type-product","status-publish","hentry","product_cat-deporte_fisica","product_tag-deporte-paralimpico-boccia","product_tag-kit-bolas-boccia-bochia-kit-profesional-bisfed-bc1-bc2-bc3-bc4","product_tag-venta-de-bolas-boccia","product_tag-venta-de-material-adaptado-deporte-discapacidad","product_tag-venta-kit-boccia-maletin-profesional-bolas","description-off"],"_links":{"self":[{"href":"https:\/\/ayudasparatodos.com\/index.php\/wp-json\/wp\/v3\/product\/51571"}],"collection":[{"href":"https:\/\/ayudasparatodos.com\/index.php\/wp-json\/wp\/v3\/product"}],"about":[{"href":"https:\/\/ayudasparatodos.com\/index.php\/wp-json\/wp\/v2\/types\/product"}],"wp:attachment":[{"href":"https:\/\/ayudasparatodos.com\/index.php\/wp-json\/wp\/v2\/media?parent=51571"}],"wp:term":[{"taxonomy":"product_cat","embeddable":true,"href":"https:\/\/ayudasparatodos.com\/index.php\/wp-json\/wp\/v2\/product_cat?post=51571"},{"taxonomy":"product_tag","embeddable":true,"href":"https:\/\/ayudasparatodos.com\/index.php\/wp-json\/wp\/v2\/product_tag?post=51571"}],"curies":[{"name":"wp","href":"https:\/\/api.w.org\/{rel}","templated":true}]}}