{"id":51589,"date":"2024-01-24T14:29:39","date_gmt":"2024-01-24T14:29:39","guid":{"rendered":"https:\/\/ayudasparatodos.com\/?post_type=product&#038;p=51589"},"modified":"2024-01-24T14:57:25","modified_gmt":"2024-01-24T14:57:25","slug":"balon-sonoro-inflable-textura","status":"publish","type":"product","link":"https:\/\/ayudasparatodos.com\/index.php\/producto\/balon-sonoro-inflable-textura\/","title":{"rendered":"Bal\u00f3n sonoro inflable Pelota con sonido y textura discapacidad visual terapia rehabilitaci\u00f3n"},"content":{"rendered":"<p>Bal\u00f3n sonoro inflable Pelota con sonido y textura discapacidad visual terapia rehabilitaci\u00f3n<\/p>\n<h2>Descripci\u00f3n del Producto<\/h2>\n<ul>\n<li>Bal\u00f3n sonoro: esta bola tiene un color amarillo brillante con un bonito patr\u00f3n de p\u00e1jaros, flores y mariposas. Es una bola suave y amigable con un buen sonido de tintineo. La bola de mariposa ligera y flexible es excelente para m\u00faltiples tipos de juego y deportes, tambi\u00e9n est\u00e1 bien para jugar en piscinas.<\/li>\n<li>Dimensiones \u2013 Tama\u00f1o de la bola de sonido ligero 5. Goma inflable con agarre t\u00e1ctil y campana en el interior. 15.9 onzas<\/li>\n<li>Buena diversi\u00f3n: la bola de campana de mariposa es una bola inflable ligera y suave con sonido de tintineo y un buen agarre. Bueno para divertirse, entrenar y jugar, \u00a1tambi\u00e9n en el agua! Tenga en cuenta que el sonido proviene de una campana dentro de la pelota: la pelota hace sonido cuando agita la pelota o cuando est\u00e1 rebotando, rodando, etc. No es un dispositivo electr\u00f3nico de sonido.<\/li>\n<li>Experiencia personal: el presidente de Handi Life Sport Jens Bromann es un ex jugador de portero paral\u00edmpico y ex vicepresidente del Comit\u00e9 Paral\u00edmpico Internacional. El presidente Jens Bromann aporta una profunda visi\u00f3n personal para comprender la necesidad de eliminar las barreras para que las personas con discapacidad participen en un estilo de vida activo<\/li>\n<\/ul>\n<ul>\n<li>Producto importado, venta bajo pedido con pago previo por el valor total del articulo.<\/li>\n<li>FAVOR ANTES DE OFERTAR, confirmar precio actual (por variaciones del valor del d\u00f3lar) y tambi\u00e9n CONFIRMAR QUE PUEDE ESPERAR LOS TIEMPOS DE ENTREGA\u00a0 que normalmente son entre 2-4 semanas.<\/li>\n<li>Cuando recibamos el pedido en nuestra oficina en Medell\u00edn-Colombia, le enviaremos un mensaje al comprador, si se encuentra en Medell\u00edn puede pasar a recogerlo personalmente en nuestra oficina, o tambi\u00e9n podemos hacer el envios a nivel nacional o internacional (Valor del envio cargo del comprador).<\/li>\n<li>Desde Ayudas para TODOS, estamos trabajando para ofrecerles el mayor Marketplace inclusivo a nivel mundial. Reuniendo en 1 solo sitio todos los productos que puedan necesitar, m\u00e1s de 5.000 referencias de art\u00edculos especializados que puedan necesitar instituciones y personas con o sin discapacidad, para apoyar procesos de inclusi\u00f3n, ayudando a superar las barreras que se pueden presentar al momento de estudiar, de trabajar, y en las dem\u00e1s actividades de la vida diaria.<\/li>\n<li>\u00bfNo est\u00e1 seguro sobre qu\u00e9 tipo de dispositivo o producto de apoyo debe comprar? Contamos con expertos para estudiar sus necesidades y asesorarlo recomend\u00e1ndole la ayuda o el conjunto de ayudas m\u00e1s adecuadas \u00bfNecesitas un producto y no lo encuentras en nuestro catalogo online? Cont\u00e1ctanos para ayudarte a conseguirlo. \u00bfEres emprendedor y tienes un gran producto inclusivo que quisieras promocionar en nuestra plataforma? <a href=\"https:\/\/ayudasparatodos.com\/index.php\/contact\/\">Cont\u00e1ctanos<\/a><\/li>\n<li>Visita la secci\u00f3n sobre <a href=\"https:\/\/ayudasparatodos.com\/index.php\/como-comprar-faq\/\">\u00bfC\u00f3mo Comprar? FAQ<\/a>, en la cual encontraras de forma m\u00e1s detallada las instrucciones de como comprar, servicio de asesor\u00eda y cotizaciones, formas de pago, env\u00edos a nivel nacional e internacional, garant\u00eda y otros temas relacionados.<\/li>\n<li><span style=\"font-size: 11.5pt; font-family: Roboto; color: #626262;\">Asesor\u00eda, cotizaciones dudas y comentarios: Si tiene cualquier duda o comentario, nos puede escribir o llamar via WhatsApp agregando el numero +57 3006000144 o directamente desde este <a href=\"https:\/\/wa.me\/+573006000144\">enlace<\/a>\u00a0 <\/span><a href=\"https:\/\/wa.me\/+573006000144\"><span style=\"font-size: 11.5pt; font-family: Roboto; color: #626262;\">https:\/\/wa.me\/+573006000144<\/span><\/a><span style=\"font-size: 11.5pt; font-family: Roboto; color: #626262;\">\u00a0 \u00a0 Tambi\u00e9n puede enviarnos un correo electr\u00f3nico a la direcci\u00f3n <a href=\"mailto:ventas@ayudasparatodos.com\">ventas@ayudasparatodos.com<\/a><\/span><\/li>\n<li><\/li>\n<li><strong>Pagos en Colombia por transferencia Bancolombia o Nequi. Tambi\u00e9n recibimos pagos por tarjeta cr\u00e9dito o debito. Si la alternativa de pago no esta disponible en su pa\u00eds, tambi\u00e9n puede pagar por Giro en western Union o Paypal. Favor contactarnos al correo ventas@ayudasparatodos.com para generarle un enlace de pago personalizado por el valor de los art\u00edculos + el valor del envi\u00f3 seg\u00fan su ubicaci\u00f3n y con su moneda local. Despachos a nivel nacional e internacional desde Medell\u00edn &#8211; Colombia.<\/strong><\/li>\n<\/ul>\n","protected":false},"excerpt":{"rendered":"<ul>\n<li>Bal\u00f3n sonoro: esta bola tiene un color amarillo brillante con un bonito patr\u00f3n de p\u00e1jaros, flores y mariposas. Es una bola suave y amigable con un buen sonido de tintineo. La bola de mariposa ligera y flexible es excelente para m\u00faltiples tipos de juego y deportes, tambi\u00e9n est\u00e1 bien para jugar en piscinas.<\/li>\n<\/ul>\n","protected":false},"featured_media":51594,"template":"","meta":[],"product_cat":[100],"product_tag":[229,226,228,225,237,227],"class_list":["post-51589","product","type-product","status-publish","has-post-thumbnail","hentry","product_cat-discapacidad-visual-deporte","product_tag-balon-numero-5-sonoro-ciegos","product_tag-balon-sonoro-adulto-mayor","product_tag-balon-sonoro-ciegos","product_tag-balon-sonoro-discapacidad-visual","product_tag-pelota-balon-rehabilitacion-terapia","product_tag-pelota-sonora-rehabilitacion","description-off"],"_links":{"self":[{"href":"https:\/\/ayudasparatodos.com\/index.php\/wp-json\/wp\/v3\/product\/51589"}],"collection":[{"href":"https:\/\/ayudasparatodos.com\/index.php\/wp-json\/wp\/v3\/product"}],"about":[{"href":"https:\/\/ayudasparatodos.com\/index.php\/wp-json\/wp\/v2\/types\/product"}],"wp:featuredmedia":[{"embeddable":true,"href":"https:\/\/ayudasparatodos.com\/index.php\/wp-json\/wp\/v2\/media\/51594"}],"wp:attachment":[{"href":"https:\/\/ayudasparatodos.com\/index.php\/wp-json\/wp\/v2\/media?parent=51589"}],"wp:term":[{"taxonomy":"product_cat","embeddable":true,"href":"https:\/\/ayudasparatodos.com\/index.php\/wp-json\/wp\/v2\/product_cat?post=51589"},{"taxonomy":"product_tag","embeddable":true,"href":"https:\/\/ayudasparatodos.com\/index.php\/wp-json\/wp\/v2\/product_tag?post=51589"}],"curies":[{"name":"wp","href":"https:\/\/api.w.org\/{rel}","templated":true}]}}