{"id":51603,"date":"2024-01-24T18:43:21","date_gmt":"2024-01-24T18:43:21","guid":{"rendered":"https:\/\/ayudasparatodos.com\/?post_type=product&#038;p=51603"},"modified":"2024-01-24T18:43:22","modified_gmt":"2024-01-24T18:43:22","slug":"rodilleras-de-proteccio","status":"publish","type":"product","link":"https:\/\/ayudasparatodos.com\/index.php\/producto\/rodilleras-de-proteccio\/","title":{"rendered":"Rodilleras de protecci\u00f3n deportes discapacidad Futbol Goalball, con esponja gruesa antiderrapante, manga para rodilla para evitar colisiones"},"content":{"rendered":"<h2>Descripci\u00f3n del Producto<\/h2>\n<ul>\n<li>Rodilleras de protecci\u00f3n, con esponja gruesa antiderrapante, manga para rodilla para evitar colisiones\n<p>No ocupa toda la pierna. Su acolchado duradero proporciona resistencia a los golpes. Su tela flexible te permite moverte con libertad. Es c\u00f3modo de llevar para usar todo el d\u00eda.<\/p>\n<p>&nbsp;<\/p>\n<p>No creemos en una talla para todos, por lo que tenemos dos tama\u00f1os diferentes entre los que puedes elegir. Simplemente se adapta muy bien y se siente genial. Su m\u00e1xima comodidad y protecci\u00f3n es lo que Bodyprox siempre busca.<\/p>\n<p>Su m\u00e1xima comodidad y protecci\u00f3n es lo que Bodyprox siempre busca.<\/p>\n<p>No creemos en una talla para todos, por lo que tenemos dos tama\u00f1os diferentes entre los que puedes elegir. Simplemente se adapta muy bien y se siente genial.<\/p>\n<p>&nbsp;<\/p>\n<p>Rodilleras protectoras Bodyprox vienen en dos (2) tama\u00f1os:<\/p>\n<p>Peque\u00f1o\/Mediano: 13.4 \u2013 17.3 in. Grande: 17.5-20.5 in.<\/p>\n<p>Bucea por esa pelota. Lanzar por ese objetivo.<\/p>\n<p>Nos aseguramos de que nuestras rodilleras est\u00e1n acolchadas a la perfecci\u00f3n para que puedas trabajar o jugar sin dudar de ca\u00eddas o impactos desprevenidos que pueden afectar a esa forma de moverte.<\/p>\n<p>&nbsp;<\/p>\n<p>Es resistente a los golpes y absorbe los golpes para proporcionar a tus rodillas la mejor protecci\u00f3n posible contra ca\u00eddas repentinas que podr\u00edan provocar lesiones graves.<\/p>\n<p>&nbsp;<\/p>\n<p>Las rodilleras protectoras Bodyprox son para todos los entusiastas de los deportes o fitness que est\u00e1n listos para alcanzar su objetivo.<\/p>\n<p>EVA, poli\u00e9ster<\/p>\n<p>1 par de rodilleras (izquierda y derecha); dise\u00f1o unisex; dos tama\u00f1os disponibles.<\/p>\n<p>Est\u00e1n fabricadas de espuma resistente de alta densidad, buena elasticidad y tela transpirable, lo cual mantiene la piel seca y m\u00e1s a gusto.<\/p>\n<p>Dise\u00f1o ergon\u00f3mico, superligero: proporciona libertad de movimiento. Un protector de la rodilla ideal para deportes al aire libre.<\/p>\n<p>Protege y evita lesiones en las rodillas durante el ejercicio. Mantener caliente; prevenci\u00f3n y reducci\u00f3n de calambres en m\u00fasculos y articulaciones. Resistencia eficaz al impacto, aumenta la circulaci\u00f3n de la sangre.<\/p>\n<p>&#8211; Bodyprox no produce ning\u00fan riesgo.<\/li>\n<\/ul>\n<ul>\n<li>Producto importado, venta bajo pedido con pago previo por el valor total del art\u00edculo.<\/li>\n<li>FAVOR ANTES DE OFERTAR, confirmar precio actual (por variaciones del valor del d\u00f3lar) y tambi\u00e9n CONFIRMAR QUE PUEDE ESPERAR LOS TIEMPOS DE ENTREGA\u00a0 que normalmente son entre 2-4 semanas.<\/li>\n<li>Cuando recibamos el pedido en nuestra oficina en Medell\u00edn-Colombia, le enviaremos un mensaje al comprador, si se encuentra en Medell\u00edn puede pasar a recogerlo personalmente en nuestra oficina, o tambi\u00e9n podemos hacer el envios a nivel nacional o internacional (Valor del envio cargo del comprador).<\/li>\n<li>Desde Ayudas para TODOS, estamos trabajando para ofrecerles el mayor Marketplace inclusivo a nivel mundial. Reuniendo en 1 solo sitio todos los productos que puedan necesitar, m\u00e1s de 5.000 referencias de art\u00edculos especializados que puedan necesitar instituciones y personas con o sin discapacidad, para apoyar procesos de inclusi\u00f3n, ayudando a superar las barreras que se pueden presentar al momento de estudiar, de trabajar, y en las dem\u00e1s actividades de la vida diaria.<\/li>\n<li>\u00bfNo est\u00e1 seguro sobre qu\u00e9 tipo de dispositivo o producto de apoyo debe comprar? Contamos con expertos para estudiar sus necesidades y asesorarlo recomend\u00e1ndole la ayuda o el conjunto de ayudas m\u00e1s adecuadas \u00bfNecesitas un producto y no lo encuentras en nuestro catalogo online? Cont\u00e1ctanos para ayudarte a conseguirlo. \u00bfEres emprendedor y tienes un gran producto inclusivo que quisieras promocionar en nuestra plataforma? <a href=\"https:\/\/ayudasparatodos.com\/index.php\/contact\/\">Cont\u00e1ctanos<\/a><\/li>\n<li>Visita la secci\u00f3n sobre <a href=\"https:\/\/ayudasparatodos.com\/index.php\/como-comprar-faq\/\">\u00bfC\u00f3mo Comprar? FAQ<\/a>, en la cual encontraras de forma m\u00e1s detallada las instrucciones de como comprar, servicio de asesor\u00eda y cotizaciones, formas de pago, env\u00edos a nivel nacional e internacional, garant\u00eda y otros temas relacionados.<\/li>\n<li><span style=\"font-size: 11.5pt; font-family: Roboto; color: #626262;\">Asesor\u00eda, cotizaciones dudas y comentarios: Si tiene cualquier duda o comentario, nos puede escribir o llamar via WhatsApp agregando el numero +57 3006000144 o directamente desde este <a href=\"https:\/\/wa.me\/+573006000144\">enlace<\/a>\u00a0 <\/span><a href=\"https:\/\/wa.me\/+573006000144\"><span style=\"font-size: 11.5pt; font-family: Roboto; color: #626262;\">https:\/\/wa.me\/+573006000144<\/span><\/a><span style=\"font-size: 11.5pt; font-family: Roboto; color: #626262;\">\u00a0 \u00a0 Tambi\u00e9n puede enviarnos un correo electr\u00f3nico a la direcci\u00f3n <a href=\"mailto:ventas@ayudasparatodos.com\">ventas@ayudasparatodos.com<\/a><\/span><\/li>\n<li><\/li>\n<li><strong>Pagos en Colombia por transferencia Bancolombia o Nequi. Tambi\u00e9n recibimos pagos por tarjeta cr\u00e9dito o debito. Si la alternativa de pago no esta disponible en su pa\u00eds, tambi\u00e9n puede pagar por Giro en western Union o Paypal. Favor contactarnos al correo ventas@ayudasparatodos.com para generarle un enlace de pago personalizado por el valor de los art\u00edculos + el valor del envi\u00f3 seg\u00fan su ubicaci\u00f3n y con su moneda local. Despachos a nivel nacional e internacional desde Medell\u00edn &#8211; Colombia.<\/strong><\/li>\n<\/ul>\n","protected":false},"excerpt":{"rendered":"<p>Rodilleras de protecci\u00f3n deportes discapacidad visual Goalball, con esponja gruesa antiderrapante, manga para rodilla para evitar colisiones<\/p>\n","protected":false},"featured_media":0,"template":"","meta":[],"product_cat":[232,100],"product_tag":[244,245,246],"class_list":["post-51603","product","type-product","status-publish","hentry","product_cat-deporte_fisica","product_cat-discapacidad-visual-deporte","product_tag-elementos-de-proteccion-deporte-discapacidad","product_tag-rodilleras-de-proteccion-discapacidad-visual","product_tag-rodilleras-proteccion-goalball-ciegos","description-off"],"_links":{"self":[{"href":"https:\/\/ayudasparatodos.com\/index.php\/wp-json\/wp\/v3\/product\/51603"}],"collection":[{"href":"https:\/\/ayudasparatodos.com\/index.php\/wp-json\/wp\/v3\/product"}],"about":[{"href":"https:\/\/ayudasparatodos.com\/index.php\/wp-json\/wp\/v2\/types\/product"}],"wp:attachment":[{"href":"https:\/\/ayudasparatodos.com\/index.php\/wp-json\/wp\/v2\/media?parent=51603"}],"wp:term":[{"taxonomy":"product_cat","embeddable":true,"href":"https:\/\/ayudasparatodos.com\/index.php\/wp-json\/wp\/v2\/product_cat?post=51603"},{"taxonomy":"product_tag","embeddable":true,"href":"https:\/\/ayudasparatodos.com\/index.php\/wp-json\/wp\/v2\/product_tag?post=51603"}],"curies":[{"name":"wp","href":"https:\/\/api.w.org\/{rel}","templated":true}]}}