{"id":51613,"date":"2024-01-25T02:11:09","date_gmt":"2024-01-25T02:11:09","guid":{"rendered":"https:\/\/ayudasparatodos.com\/?post_type=product&#038;p=51613"},"modified":"2024-01-25T02:11:10","modified_gmt":"2024-01-25T02:11:10","slug":"balon-de-futbol-sonoro-stryker-ibsa","status":"publish","type":"product","link":"https:\/\/ayudasparatodos.com\/index.php\/producto\/balon-de-futbol-sonoro-stryker-ibsa\/","title":{"rendered":"Bal\u00f3n de F\u00fatbol sonoro Stryker Profesional aprobado IBSA tama\u00f1o 4 discapacidad visual"},"content":{"rendered":"<h2>Descripci\u00f3n del Producto<\/h2>\n<p>Aprobado por la IBSA (Federaci\u00f3n Internacional de Deportes para Ciegos), este bal\u00f3n oficial se utiliza en campeonatos de f\u00fatbol para ciegos en toda Europa, Am\u00e9rica y todo el mundo.\u00a0La capa exterior est\u00e1 hecha de microfibra japonesa que le da una sensaci\u00f3n de primera calidad.\u00a0Su superficie texturizada ofrece un control \u00f3ptimo del bal\u00f3n durante el juego.\u00a0La pelota en s\u00ed est\u00e1 hecha de cuero PU con una vejiga de l\u00e1tex.<\/p>\n<p>El avanzado sistema de sonido del bal\u00f3n de f\u00fatbol Stryker le proporciona un ruido fuerte y claro (de acuerdo con los est\u00e1ndares IBSA).\u00a0Los dispositivos de sonido de cascabel en el interior est\u00e1n hechos de acero no magn\u00e9tico para un rendimiento duradero y resistente a la oxidaci\u00f3n.<\/p>\n<p>Este bal\u00f3n de f\u00fatbol de tama\u00f1o 4 mide 8 pulgadas de di\u00e1metro y es blanco con marcas negras, naranjas y plateadas.\u00a0Es nuestro bal\u00f3n de f\u00fatbol m\u00e1s duradero, ideal para partidos de primer nivel y entrenamientos profesionales.\u00a0Si est\u00e1s destinado a participar en el campeonato, o sue\u00f1as con llegar all\u00ed, juega con este bal\u00f3n para vivir la experiencia m\u00e1s aut\u00e9ntica.<\/p>\n<p>&nbsp;<\/p>\n<h2>Caracter\u00edsticas del producto<\/h2>\n<ul>\n<li>Color: Blanco con marcas negras, naranjas y plateadas.<\/li>\n<li>Bal\u00f3n de f\u00fatbol homologado por IBSA, muy utilizado en campeonatos internacionales.<\/li>\n<li>La capa exterior est\u00e1 hecha de microfibra japonesa para una sensaci\u00f3n superior.<\/li>\n<li>La superficie texturizada ofrece un control \u00f3ptimo del bal\u00f3n durante el juego.<\/li>\n<li>Hecho de cuero PU con vejiga de l\u00e1tex.<\/li>\n<li>Bal\u00f3n de f\u00fatbol tama\u00f1o 4, que mide 8&#8243; de di\u00e1metro.<\/li>\n<li>El sistema de sonido avanzado produce un ruido fuerte y claro.<\/li>\n<li>Nuestro bal\u00f3n de f\u00fatbol m\u00e1s duradero, ideal para partidos de primer nivel y entrenamientos profesionales.<\/li>\n<li>Mide alrededor de 8 pulgadas de di\u00e1metro.<\/li>\n<li>Peso del paquete: alrededor de 1,2 libras.<\/li>\n<\/ul>\n<ul>\n<li>Producto importado, venta bajo pedido con pago previo por el valor total del articulo.<\/li>\n<li>FAVOR ANTES DE OFERTAR, confirmar precio actual (por variaciones del valor del d\u00f3lar) y tambi\u00e9n CONFIRMAR QUE PUEDE ESPERAR LOS TIEMPOS DE ENTREGA\u00a0 que normalmente son entre 2-4 semanas.<\/li>\n<li>Cuando recibamos el pedido en nuestra oficina en Medell\u00edn-Colombia, le enviaremos un mensaje al comprador, si se encuentra en Medell\u00edn puede pasar a recogerlo personalmente en nuestra oficina, o tambi\u00e9n podemos hacer el envios a nivel nacional o internacional (Valor del envio cargo del comprador).<\/li>\n<li>Desde Ayudas para TODOS, estamos trabajando para ofrecerles el mayor Marketplace inclusivo a nivel mundial. Reuniendo en 1 solo sitio todos los productos que puedan necesitar, m\u00e1s de 5.000 referencias de art\u00edculos especializados que puedan necesitar instituciones y personas con o sin discapacidad, para apoyar procesos de inclusi\u00f3n, ayudando a superar las barreras que se pueden presentar al momento de estudiar, de trabajar, y en las dem\u00e1s actividades de la vida diaria.<\/li>\n<li>\u00bfNo est\u00e1 seguro sobre qu\u00e9 tipo de dispositivo o producto de apoyo debe comprar? Contamos con expertos para estudiar sus necesidades y asesorarlo recomend\u00e1ndole la ayuda o el conjunto de ayudas m\u00e1s adecuadas \u00bfNecesitas un producto y no lo encuentras en nuestro catalogo online? Cont\u00e1ctanos para ayudarte a conseguirlo. \u00bfEres emprendedor y tienes un gran producto inclusivo que quisieras promocionar en nuestra plataforma? <a href=\"https:\/\/ayudasparatodos.com\/index.php\/contact\/\">Cont\u00e1ctanos<\/a><\/li>\n<li>Visita la secci\u00f3n sobre <a href=\"https:\/\/ayudasparatodos.com\/index.php\/como-comprar-faq\/\">\u00bfC\u00f3mo Comprar? FAQ<\/a>, en la cual encontraras de forma m\u00e1s detallada las instrucciones de como comprar, servicio de asesor\u00eda y cotizaciones, formas de pago, env\u00edos a nivel nacional e internacional, garant\u00eda y otros temas relacionados.<\/li>\n<li><span style=\"font-size: 11.5pt; font-family: Roboto; color: #626262;\">Asesor\u00eda, cotizaciones dudas y comentarios: Si tiene cualquier duda o comentario, nos puede escribir o llamar via WhatsApp agregando el numero +57 3006000144 o directamente desde este <a href=\"https:\/\/wa.me\/+573006000144\">enlace<\/a>\u00a0 <\/span><a href=\"https:\/\/wa.me\/+573006000144\"><span style=\"font-size: 11.5pt; font-family: Roboto; color: #626262;\">https:\/\/wa.me\/+573006000144<\/span><\/a><span style=\"font-size: 11.5pt; font-family: Roboto; color: #626262;\">\u00a0 \u00a0 Tambi\u00e9n puede enviarnos un correo electr\u00f3nico a la direcci\u00f3n <a href=\"mailto:ventas@ayudasparatodos.com\">ventas@ayudasparatodos.com<\/a><\/span><\/li>\n<li><\/li>\n<li><strong>Pagos en Colombia por transferencia Bancolombia o Nequi. Tambi\u00e9n recibimos pagos por tarjeta cr\u00e9dito o debito. Si la alternativa de pago no esta disponible en su pa\u00eds, tambi\u00e9n puede pagar por Giro en western Union o Paypal. Favor contactarnos al correo ventas@ayudasparatodos.com para generarle un enlace de pago personalizado por el valor de los art\u00edculos + el valor del envi\u00f3 seg\u00fan su ubicaci\u00f3n y con su moneda local. Despachos a nivel nacional e internacional desde Medell\u00edn &#8211; Colombia.<\/strong><\/li>\n<\/ul>\n","protected":false},"excerpt":{"rendered":"<p>Aprobado por la IBSA (Federaci\u00f3n Internacional de Deportes para Ciegos), este bal\u00f3n oficial se utiliza en campeonatos de f\u00fatbol para ciegos en toda Europa, Am\u00e9rica y todo el mundo.\u00a0La capa exterior est\u00e1 hecha de microfibra japonesa que le da una sensaci\u00f3n de primera calidad.\u00a0Su superficie texturizada ofrece un control \u00f3ptimo del bal\u00f3n durante el juego<\/p>\n","protected":false},"featured_media":51614,"template":"","meta":[],"product_cat":[100],"product_tag":[248,226,228,225,247,227],"class_list":["post-51613","product","type-product","status-publish","has-post-thumbnail","hentry","product_cat-discapacidad-visual-deporte","product_tag-balon-futbol-ciegos-aprobado-ibsa","product_tag-balon-sonoro-adulto-mayor","product_tag-balon-sonoro-ciegos","product_tag-balon-sonoro-discapacidad-visual","product_tag-balon-sonoro-tamano-4-ciegos-baja-vision","product_tag-pelota-sonora-rehabilitacion","description-off"],"_links":{"self":[{"href":"https:\/\/ayudasparatodos.com\/index.php\/wp-json\/wp\/v3\/product\/51613"}],"collection":[{"href":"https:\/\/ayudasparatodos.com\/index.php\/wp-json\/wp\/v3\/product"}],"about":[{"href":"https:\/\/ayudasparatodos.com\/index.php\/wp-json\/wp\/v2\/types\/product"}],"wp:featuredmedia":[{"embeddable":true,"href":"https:\/\/ayudasparatodos.com\/index.php\/wp-json\/wp\/v2\/media\/51614"}],"wp:attachment":[{"href":"https:\/\/ayudasparatodos.com\/index.php\/wp-json\/wp\/v2\/media?parent=51613"}],"wp:term":[{"taxonomy":"product_cat","embeddable":true,"href":"https:\/\/ayudasparatodos.com\/index.php\/wp-json\/wp\/v2\/product_cat?post=51613"},{"taxonomy":"product_tag","embeddable":true,"href":"https:\/\/ayudasparatodos.com\/index.php\/wp-json\/wp\/v2\/product_tag?post=51613"}],"curies":[{"name":"wp","href":"https:\/\/api.w.org\/{rel}","templated":true}]}}