{"id":51620,"date":"2024-01-25T21:03:44","date_gmt":"2024-01-25T21:03:44","guid":{"rendered":"https:\/\/ayudasparatodos.com\/?post_type=product&#038;p=51620"},"modified":"2024-01-25T21:03:44","modified_gmt":"2024-01-25T21:03:44","slug":"balon-de-volieball-pelota-sonora-multiusos","status":"publish","type":"product","link":"https:\/\/ayudasparatodos.com\/index.php\/producto\/balon-de-volieball-pelota-sonora-multiusos\/","title":{"rendered":"Bal\u00f3n de Voleibol Volleyball sonoro con cascabeles deporte ciegos Pelota sonora multiusos"},"content":{"rendered":"<h2>Descripci\u00f3n del Producto<\/h2>\n<p><strong>Una pelota de voleibol multiusos bien hecha, con campanas en el interior para ayudar en la pr\u00e1ctica del deporte a personas con discapacidad visual\u00a0<\/strong><\/p>\n<p>\u00a1Aqu\u00ed hay una novedad para los entusiastas de los deportes para ciegos!\u00a0Nunca antes se hab\u00eda comercializado una pelota de voleibol audible y nunca antes un nuevo tipo de pelota hab\u00eda generado tanto inter\u00e9s entre nuestros clientes.<\/p>\n<p>Si tuvieras que elegir solo una pelota deportiva para tenerla rodando en tu gimnasio o jard\u00edn, \u00a1\u00e9sta podr\u00eda ser!\u00a0Al ser casi exactamente del mismo tama\u00f1o que un bal\u00f3n de f\u00fatbol, \u200b\u200bun bal\u00f3n de voleibol audible podr\u00eda sustituirse f\u00e1cilmente por un bal\u00f3n de f\u00fatbol en un partido de f\u00fatbol en el patio trasero (o f\u00fatbol, \u200b\u200bcomo llaman al juego nuestros amigos europeos).\u00a0Sin embargo, el peso m\u00e1s ligero de una pelota de voleibol se adapta perfectamente a otros juegos improvisados \u200b\u200bo informales, como kickball, balonmano o incluso para su uso en la piscina o la playa.\u00a0De hecho, el deporte oficial del voleibol requiere una pelota que sea resistente y bien hecha, pero que sea m\u00e1s liviana que una pelota de f\u00fatbol.\u00a0\u00bfLa raz\u00f3n?\u00a0El voleibol se juega casi exclusivamente con las manos.<\/p>\n<p>Esta pelota de voleibol azul y amarilla tiene algunas campanillas en su interior.\u00a0Ya sea que haya lanzado la pelota por el jard\u00edn o est\u00e9 esperando mientras rueda hacia usted sobre el c\u00e9sped, estas campanas emiten un tintineo suave pero completamente audible durante todo el tiempo que la pelota est\u00e1 en movimiento.<\/p>\n<p>Hecha de cuero PU con vejiga de l\u00e1tex, la pelota mide 8,1 pulgadas de di\u00e1metro.\u00a0Es realmente una pelota multiuso que seguramente tendr\u00e1 el mismo uso en el patio de la escuela y en los Juegos Ol\u00edmpicos, y en todos los lugares intermedios.<\/p>\n<p>&nbsp;<\/p>\n<h2>Caracter\u00edsticas del producto<\/h2>\n<ul>\n<li>Color: Azul y Amarillo.<\/li>\n<li>Tama\u00f1o y peso reglamentario de una pelota profesional.<\/li>\n<li>El bal\u00f3n de voleibol est\u00e1ndar mide 8,1&#8243; de di\u00e1metro.<\/li>\n<li>Las grandes campanas de metal del interior hacen ruido cuando la bola est\u00e1 en movimiento.<\/li>\n<li>Hecho de cuero PU con vejiga de l\u00e1tex.<\/li>\n<li>Bola tintineante vers\u00e1til y multiusos.<\/li>\n<li>Mide aproximadamente 8-1\/4 de di\u00e1metro.<\/li>\n<li>Peso del paquete: aproximadamente 9,1 onzas.<\/li>\n<\/ul>\n<ul>\n<li>Producto importado, venta bajo pedido con pago previo por el valor total del articulo.<\/li>\n<li>FAVOR ANTES DE OFERTAR, confirmar precio actual (por variaciones del valor del d\u00f3lar) y tambi\u00e9n CONFIRMAR QUE PUEDE ESPERAR LOS TIEMPOS DE ENTREGA\u00a0 que normalmente son entre 2-4 semanas.<\/li>\n<li>Cuando recibamos el pedido en nuestra oficina en Medell\u00edn-Colombia, le enviaremos un mensaje al comprador, si se encuentra en Medell\u00edn puede pasar a recogerlo personalmente en nuestra oficina, o tambi\u00e9n podemos hacer el envios a nivel nacional o internacional (Valor del envio cargo del comprador).<\/li>\n<li>Desde Ayudas para TODOS, estamos trabajando para ofrecerles el mayor Marketplace inclusivo a nivel mundial. Reuniendo en 1 solo sitio todos los productos que puedan necesitar, m\u00e1s de 5.000 referencias de art\u00edculos especializados que puedan necesitar instituciones y personas con o sin discapacidad, para apoyar procesos de inclusi\u00f3n, ayudando a superar las barreras que se pueden presentar al momento de estudiar, de trabajar, y en las dem\u00e1s actividades de la vida diaria.<\/li>\n<li>\u00bfNo est\u00e1 seguro sobre qu\u00e9 tipo de dispositivo o producto de apoyo debe comprar? Contamos con expertos para estudiar sus necesidades y asesorarlo recomend\u00e1ndole la ayuda o el conjunto de ayudas m\u00e1s adecuadas \u00bfNecesitas un producto y no lo encuentras en nuestro catalogo online? Cont\u00e1ctanos para ayudarte a conseguirlo. \u00bfEres emprendedor y tienes un gran producto inclusivo que quisieras promocionar en nuestra plataforma? <a href=\"https:\/\/ayudasparatodos.com\/index.php\/contact\/\">Cont\u00e1ctanos<\/a><\/li>\n<li>Visita la secci\u00f3n sobre <a href=\"https:\/\/ayudasparatodos.com\/index.php\/como-comprar-faq\/\">\u00bfC\u00f3mo Comprar? FAQ<\/a>, en la cual encontraras de forma m\u00e1s detallada las instrucciones de como comprar, servicio de asesor\u00eda y cotizaciones, formas de pago, env\u00edos a nivel nacional e internacional, garant\u00eda y otros temas relacionados.<\/li>\n<li><span style=\"font-size: 11.5pt; font-family: Roboto; color: #626262;\">Asesor\u00eda, cotizaciones dudas y comentarios: Si tiene cualquier duda o comentario, nos puede escribir o llamar via WhatsApp agregando el numero +57 3006000144 o directamente desde este <a href=\"https:\/\/wa.me\/+573006000144\">enlace<\/a>\u00a0 <\/span><a href=\"https:\/\/wa.me\/+573006000144\"><span style=\"font-size: 11.5pt; font-family: Roboto; color: #626262;\">https:\/\/wa.me\/+573006000144<\/span><\/a><span style=\"font-size: 11.5pt; font-family: Roboto; color: #626262;\">\u00a0 \u00a0 Tambi\u00e9n puede enviarnos un correo electr\u00f3nico a la direcci\u00f3n <a href=\"mailto:ventas@ayudasparatodos.com\">ventas@ayudasparatodos.com<\/a><\/span><\/li>\n<li><\/li>\n<li><strong>Pagos en Colombia por transferencia Bancolombia o Nequi. Tambi\u00e9n recibimos pagos por tarjeta cr\u00e9dito o debito. Si la alternativa de pago no esta disponible en su pa\u00eds, tambi\u00e9n puede pagar por Giro en western Union o Paypal. Favor contactarnos al correo ventas@ayudasparatodos.com para generarle un enlace de pago personalizado por el valor de los art\u00edculos + el valor del envi\u00f3 seg\u00fan su ubicaci\u00f3n y con su moneda local. Despachos a nivel nacional e internacional desde Medell\u00edn &#8211; Colombia.<\/strong><\/li>\n<\/ul>\n","protected":false},"excerpt":{"rendered":"<p><strong>Una pelota de voleibol multiusos bien hecha, con campanas en el interior para ayudar en la pr\u00e1ctica del deporte a personas con discapacidad visual\u00a0<\/strong><\/p>\n","protected":false},"featured_media":51625,"template":"","meta":[],"product_cat":[100],"product_tag":[252,225,253,227],"class_list":["post-51620","product","type-product","status-publish","has-post-thumbnail","hentry","product_cat-discapacidad-visual-deporte","product_tag-balon-pelota-sonora-voleibol-para-ciegos","product_tag-balon-sonoro-discapacidad-visual","product_tag-balon-sonoro-voleyball-para-ciegos","product_tag-pelota-sonora-rehabilitacion","description-off"],"_links":{"self":[{"href":"https:\/\/ayudasparatodos.com\/index.php\/wp-json\/wp\/v3\/product\/51620"}],"collection":[{"href":"https:\/\/ayudasparatodos.com\/index.php\/wp-json\/wp\/v3\/product"}],"about":[{"href":"https:\/\/ayudasparatodos.com\/index.php\/wp-json\/wp\/v2\/types\/product"}],"wp:featuredmedia":[{"embeddable":true,"href":"https:\/\/ayudasparatodos.com\/index.php\/wp-json\/wp\/v2\/media\/51625"}],"wp:attachment":[{"href":"https:\/\/ayudasparatodos.com\/index.php\/wp-json\/wp\/v2\/media?parent=51620"}],"wp:term":[{"taxonomy":"product_cat","embeddable":true,"href":"https:\/\/ayudasparatodos.com\/index.php\/wp-json\/wp\/v2\/product_cat?post=51620"},{"taxonomy":"product_tag","embeddable":true,"href":"https:\/\/ayudasparatodos.com\/index.php\/wp-json\/wp\/v2\/product_tag?post=51620"}],"curies":[{"name":"wp","href":"https:\/\/api.w.org\/{rel}","templated":true}]}}