{"id":51621,"date":"2024-01-26T17:11:31","date_gmt":"2024-01-26T17:11:31","guid":{"rendered":"https:\/\/ayudasparatodos.com\/?post_type=product&#038;p=51621"},"modified":"2024-01-26T18:53:49","modified_gmt":"2024-01-26T18:53:49","slug":"pelotas-de-tenis-sonoras-para-ciegos","status":"publish","type":"product","link":"https:\/\/ayudasparatodos.com\/index.php\/producto\/pelotas-de-tenis-sonoras-para-ciegos\/","title":{"rendered":"Pelotas de tenis con cascabeles sonoras para deporte y juguete perros ciegos"},"content":{"rendered":"<h2>Descripci\u00f3n del Producto<\/h2>\n<p><strong>La oferta incluye 2 paquetes de 3 unidades, en total recibes 6 unidades. Para practicar tenis con pelotas sonora, terapia y muy \u00fatil tambi\u00e9n para jugar con perros ciegos.<\/strong><\/p>\n<p>Por fin, aqu\u00ed tienes pelotas de tenis con las que puedes jugar, ya sea que puedas verlas o no.\u00a0Estas resistentes pelotas de color verde lima tienen el mismo tama\u00f1o, peso y textura que las pelotas de tenis normales; la \u00fanica diferencia es&#8230; lo has adivinado&#8230; insertamos un par de pelotas ruidosas y tintineantes dentro de cada una durante el proceso de fabricaci\u00f3n. .\u00a0Y s\u00ed, estas pelotas todav\u00eda rebotan como pelotas de tenis normales.<\/p>\n<p>\u00bfEl resultado?\u00a0Puedes golpear, lanzar o hacer rodar una pelota y, mientras se mueve, emite un ruido distintivo que es f\u00e1cil de seguir de forma audible.\u00a0Estas pelotas son geniales para que los ni\u00f1os jueguen y rueden con ellas y, por supuesto, es muy divertido celebrar un partido de tenis real.\u00a0\u00a1Incluso hemos o\u00eddo hablar de algunas personas emprendedoras que compraron estas ruidosas pelotas de tenis para que sus perros ciegos las usen mientras juegan a atraparla!<\/p>\n<p>Si una (o incluso un par) de estas bolas rueda debajo de un sof\u00e1 o se pierde en la hierba alta, \u00a1no te desesperes!\u00a0Recuerde: este contenedor incluye tres pelotas de tenis Bell, \u00a1todo por un precio reducido!\u00a0Cada bola mide 2,6 pulgadas de di\u00e1metro y est\u00e1 hecha de caucho con un revestimiento de gamuza.<\/p>\n<h2><\/h2>\n<h2>Caracter\u00edsticas del producto<\/h2>\n<ul>\n<li>Color: Verde Lima.<\/li>\n<li>Pelotas de tenis resistentes con cascabeles de metal en el interior.<\/li>\n<li>Mismo tama\u00f1o, peso y textura que las pelotas de tenis normales.<\/li>\n<li>Siga el tintineo mientras golpea, lanza o hace rodar la pelota.<\/li>\n<li>Incluso juega a buscar con tu perro ciego.<\/li>\n<li>Lata de tres pelotas de tenis de tama\u00f1o est\u00e1ndar.<\/li>\n<li>Cada bola mide 2,6&#8243; de di\u00e1metro.<\/li>\n<li>Fabricado en caucho con revestimiento de ante.<\/li>\n<li>Mide alrededor de 2-1\/2 pulgadas de di\u00e1metro.<\/li>\n<li>Peso del paquete: aproximadamente 9,6 onzas.<\/li>\n<\/ul>\n<ul>\n<li>Producto importado, venta bajo pedido con pago previo por el valor total del articulo.<\/li>\n<li>FAVOR ANTES DE OFERTAR, confirmar precio actual (por variaciones del valor del d\u00f3lar) y tambi\u00e9n CONFIRMAR QUE PUEDE ESPERAR LOS TIEMPOS DE ENTREGA\u00a0 que normalmente son entre 2-4 semanas.<\/li>\n<li>Cuando recibamos el pedido en nuestra oficina en Medell\u00edn-Colombia, le enviaremos un mensaje al comprador, si se encuentra en Medell\u00edn puede pasar a recogerlo personalmente en nuestra oficina, o tambi\u00e9n podemos hacer el envios a nivel nacional o internacional (Valor del envio cargo del comprador).<\/li>\n<li>Desde Ayudas para TODOS, estamos trabajando para ofrecerles el mayor Marketplace inclusivo a nivel mundial. Reuniendo en 1 solo sitio todos los productos que puedan necesitar, m\u00e1s de 5.000 referencias de art\u00edculos especializados que puedan necesitar instituciones y personas con o sin discapacidad, para apoyar procesos de inclusi\u00f3n, ayudando a superar las barreras que se pueden presentar al momento de estudiar, de trabajar, y en las dem\u00e1s actividades de la vida diaria.<\/li>\n<li>\u00bfNo est\u00e1 seguro sobre qu\u00e9 tipo de dispositivo o producto de apoyo debe comprar? Contamos con expertos para estudiar sus necesidades y asesorarlo recomend\u00e1ndole la ayuda o el conjunto de ayudas m\u00e1s adecuadas \u00bfNecesitas un producto y no lo encuentras en nuestro catalogo online? Cont\u00e1ctanos para ayudarte a conseguirlo. \u00bfEres emprendedor y tienes un gran producto inclusivo que quisieras promocionar en nuestra plataforma? <a href=\"https:\/\/ayudasparatodos.com\/index.php\/contact\/\">Cont\u00e1ctanos<\/a><\/li>\n<li>Visita la secci\u00f3n sobre <a href=\"https:\/\/ayudasparatodos.com\/index.php\/como-comprar-faq\/\">\u00bfC\u00f3mo Comprar? FAQ<\/a>, en la cual encontraras de forma m\u00e1s detallada las instrucciones de como comprar, servicio de asesor\u00eda y cotizaciones, formas de pago, env\u00edos a nivel nacional e internacional, garant\u00eda y otros temas relacionados.<\/li>\n<li><span style=\"font-size: 11.5pt; font-family: Roboto; color: #626262;\">Asesor\u00eda, cotizaciones dudas y comentarios: Si tiene cualquier duda o comentario, nos puede escribir o llamar via WhatsApp agregando el numero +57 3006000144 o directamente desde este <a href=\"https:\/\/wa.me\/+573006000144\">enlace<\/a>\u00a0 <\/span><a href=\"https:\/\/wa.me\/+573006000144\"><span style=\"font-size: 11.5pt; font-family: Roboto; color: #626262;\">https:\/\/wa.me\/+573006000144<\/span><\/a><span style=\"font-size: 11.5pt; font-family: Roboto; color: #626262;\">\u00a0 \u00a0 Tambi\u00e9n puede enviarnos un correo electr\u00f3nico a la direcci\u00f3n <a href=\"mailto:ventas@ayudasparatodos.com\">ventas@ayudasparatodos.com<\/a><\/span><\/li>\n<li><\/li>\n<li><strong>Pagos en Colombia por transferencia Bancolombia o Nequi. Tambi\u00e9n recibimos pagos por tarjeta cr\u00e9dito o debito. Si la alternativa de pago no esta disponible en su pa\u00eds, tambi\u00e9n puede pagar por Giro en western Union o Paypal. Favor contactarnos al correo ventas@ayudasparatodos.com para generarle un enlace de pago personalizado por el valor de los art\u00edculos + el valor del envi\u00f3 seg\u00fan su ubicaci\u00f3n y con su moneda local. Despachos a nivel nacional e internacional desde Medell\u00edn &#8211; Colombia.<\/strong><\/li>\n<\/ul>\n","protected":false},"excerpt":{"rendered":"<p><strong>La oferta incluye 2 paquetes de 3 unidades, en total recibes 6 unidades. Para practicar tenis con pelotas sonora, terapia y muy \u00fatil tambi\u00e9n para jugar con perros ciegos.<\/strong><\/p>\n","protected":false},"featured_media":51630,"template":"","meta":[],"product_cat":[100],"product_tag":[264,265,266,262,267],"class_list":["post-51621","product","type-product","status-publish","has-post-thumbnail","hentry","product_cat-discapacidad-visual-deporte","product_tag-blind-tennis","product_tag-bolas-de-tenis-con-sonido-discapacidad-visual","product_tag-juguete-pelota-sonora-perros-ciegos","product_tag-pelotas-de-tenis-sonoras","product_tag-tenis-para-ciegos","description-off"],"_links":{"self":[{"href":"https:\/\/ayudasparatodos.com\/index.php\/wp-json\/wp\/v3\/product\/51621"}],"collection":[{"href":"https:\/\/ayudasparatodos.com\/index.php\/wp-json\/wp\/v3\/product"}],"about":[{"href":"https:\/\/ayudasparatodos.com\/index.php\/wp-json\/wp\/v2\/types\/product"}],"wp:featuredmedia":[{"embeddable":true,"href":"https:\/\/ayudasparatodos.com\/index.php\/wp-json\/wp\/v2\/media\/51630"}],"wp:attachment":[{"href":"https:\/\/ayudasparatodos.com\/index.php\/wp-json\/wp\/v2\/media?parent=51621"}],"wp:term":[{"taxonomy":"product_cat","embeddable":true,"href":"https:\/\/ayudasparatodos.com\/index.php\/wp-json\/wp\/v2\/product_cat?post=51621"},{"taxonomy":"product_tag","embeddable":true,"href":"https:\/\/ayudasparatodos.com\/index.php\/wp-json\/wp\/v2\/product_tag?post=51621"}],"curies":[{"name":"wp","href":"https:\/\/api.w.org\/{rel}","templated":true}]}}