{"id":51622,"date":"2024-01-25T22:55:28","date_gmt":"2024-01-25T22:55:28","guid":{"rendered":"https:\/\/ayudasparatodos.com\/?post_type=product&#038;p=51622"},"modified":"2024-01-25T22:55:29","modified_gmt":"2024-01-25T22:55:29","slug":"balon-de-baloncesto-basquetbol-sonoro-con-cascabeles-deporte-ciegos-duplicate-3","status":"publish","type":"product","link":"https:\/\/ayudasparatodos.com\/index.php\/producto\/balon-de-baloncesto-basquetbol-sonoro-con-cascabeles-deporte-ciegos-duplicate-3\/","title":{"rendered":"Pelota Bal\u00f3n de Rugby sonoro con cascabeles para ciegos deporte inclusivo"},"content":{"rendered":"<h2>Descripci\u00f3n del Producto<\/h2>\n<p><strong>Una pelota de rugby normal, con campanas en el interior para ayudar en la pr\u00e1ctica del deporte a personas con discapacidad visual\u00a0<\/strong><\/p>\n<p><strong>\u00a0<\/strong><\/p>\n<p>El siguiente producto que debes agregar a tu clase de educaci\u00f3n f\u00edsica o a tu armario de parafernalia deportiva es nuestra pelota de rugby marr\u00f3n de calidad. Esta pelota no solo se ve y se siente como si fuera real (\u00a1porque lo es!), sino que tambi\u00e9n tiene una serie de cascabeles en su interior que hacen que la pelota emita un agradable tintineo cada vez que est\u00e1 en movimiento.<\/p>\n<p>Como probablemente ya sepas, el deporte del Rugby es el precursor del F\u00fatbol Americano. Una pelota de rugby, como una pelota de f\u00fatbol, \u200b\u200btiene forma ovalada, simplemente es m\u00e1s grande y gorda. Por esta raz\u00f3n, es popular entre ni\u00f1os y adultos que son nuevos en la idea de correr detr\u00e1s de una pelota audible, simplemente debido a su gran tama\u00f1o. Y, por supuesto, ya seas una vieja estrella que juega en una Liga de Rugby o un principiante que aspira a unirse a una Uni\u00f3n de Rugby, nuestra pelota de rugby tintineante cumple con todos los criterios para tener el mismo tama\u00f1o y peso que una pelota de rugby normal. Lo recoger\u00edas en tu tienda local de art\u00edculos deportivos.<\/p>\n<p>&nbsp;<\/p>\n<p>Esta es una pelota de rugby de tama\u00f1o nueve de alto rendimiento y tiene un precio econ\u00f3mico. Hecho de cuero PU con una vejiga de l\u00e1tex duradera, es adecuado para juegos y actividades recreativas en interiores y exteriores.<\/p>\n<h2>Caracter\u00edsticas del producto<\/h2>\n<ul>\n<li>Color marr\u00f3n.<\/li>\n<li>Bal\u00f3n de rugby tama\u00f1o reglamentario 9.<\/li>\n<li>Tiene cascabeles en el interior.<\/li>\n<li>Hecho de cuero PU con una vejiga de l\u00e1tex duradera.<\/li>\n<li>El deporte del rugby fue el precursor del f\u00fatbol americano.<\/li>\n<li>Al igual que una pelota de f\u00fatbol, \u200b\u200buna pelota de rugby tiene forma ovalada, s\u00f3lo que m\u00e1s grande y gorda.<\/li>\n<li>Peso del paquete: aproximadamente 9,7 onzas.<\/li>\n<\/ul>\n<ul>\n<li>Producto importado, venta bajo pedido con pago previo por el valor total del articulo.<\/li>\n<li>FAVOR ANTES DE OFERTAR, confirmar precio actual (por variaciones del valor del d\u00f3lar) y tambi\u00e9n CONFIRMAR QUE PUEDE ESPERAR LOS TIEMPOS DE ENTREGA\u00a0 que normalmente son entre 2-4 semanas.<\/li>\n<li>Cuando recibamos el pedido en nuestra oficina en Medell\u00edn-Colombia, le enviaremos un mensaje al comprador, si se encuentra en Medell\u00edn puede pasar a recogerlo personalmente en nuestra oficina, o tambi\u00e9n podemos hacer el envios a nivel nacional o internacional (Valor del envio cargo del comprador).<\/li>\n<li>Desde Ayudas para TODOS, estamos trabajando para ofrecerles el mayor Marketplace inclusivo a nivel mundial. Reuniendo en 1 solo sitio todos los productos que puedan necesitar, m\u00e1s de 5.000 referencias de art\u00edculos especializados que puedan necesitar instituciones y personas con o sin discapacidad, para apoyar procesos de inclusi\u00f3n, ayudando a superar las barreras que se pueden presentar al momento de estudiar, de trabajar, y en las dem\u00e1s actividades de la vida diaria.<\/li>\n<li>\u00bfNo est\u00e1 seguro sobre qu\u00e9 tipo de dispositivo o producto de apoyo debe comprar? Contamos con expertos para estudiar sus necesidades y asesorarlo recomend\u00e1ndole la ayuda o el conjunto de ayudas m\u00e1s adecuadas \u00bfNecesitas un producto y no lo encuentras en nuestro catalogo online? Cont\u00e1ctanos para ayudarte a conseguirlo. \u00bfEres emprendedor y tienes un gran producto inclusivo que quisieras promocionar en nuestra plataforma? <a href=\"https:\/\/ayudasparatodos.com\/index.php\/contact\/\">Cont\u00e1ctanos<\/a><\/li>\n<li>Visita la secci\u00f3n sobre <a href=\"https:\/\/ayudasparatodos.com\/index.php\/como-comprar-faq\/\">\u00bfC\u00f3mo Comprar? FAQ<\/a>, en la cual encontraras de forma m\u00e1s detallada las instrucciones de como comprar, servicio de asesor\u00eda y cotizaciones, formas de pago, env\u00edos a nivel nacional e internacional, garant\u00eda y otros temas relacionados.<\/li>\n<li><span style=\"font-size: 11.5pt; font-family: Roboto; color: #626262;\">Asesor\u00eda, cotizaciones dudas y comentarios: Si tiene cualquier duda o comentario, nos puede escribir o llamar via WhatsApp agregando el numero +57 3006000144 o directamente desde este <a href=\"https:\/\/wa.me\/+573006000144\">enlace<\/a>\u00a0 <\/span><a href=\"https:\/\/wa.me\/+573006000144\"><span style=\"font-size: 11.5pt; font-family: Roboto; color: #626262;\">https:\/\/wa.me\/+573006000144<\/span><\/a><span style=\"font-size: 11.5pt; font-family: Roboto; color: #626262;\">\u00a0 \u00a0 Tambi\u00e9n puede enviarnos un correo electr\u00f3nico a la direcci\u00f3n <a href=\"mailto:ventas@ayudasparatodos.com\">ventas@ayudasparatodos.com<\/a><\/span><\/li>\n<li><\/li>\n<li><strong>Pagos en Colombia por transferencia Bancolombia o Nequi. Tambi\u00e9n recibimos pagos por tarjeta cr\u00e9dito o debito. Si la alternativa de pago no esta disponible en su pa\u00eds, tambi\u00e9n puede pagar por Giro en western Union o Paypal. Favor contactarnos al correo ventas@ayudasparatodos.com para generarle un enlace de pago personalizado por el valor de los art\u00edculos + el valor del envi\u00f3 seg\u00fan su ubicaci\u00f3n y con su moneda local. Despachos a nivel nacional e internacional desde Medell\u00edn &#8211; Colombia.<\/strong><\/li>\n<\/ul>\n","protected":false},"excerpt":{"rendered":"<p><strong>Una pelota de rugby normal, con campanas en el interior para ayudar en la pr\u00e1ctica del deporte a personas con discapacidad visual\u00a0<\/strong><\/p>\n","protected":false},"featured_media":51626,"template":"","meta":[],"product_cat":[100],"product_tag":[254,225,255,256],"class_list":["post-51622","product","type-product","status-publish","has-post-thumbnail","hentry","product_cat-discapacidad-visual-deporte","product_tag-balon-de-rugby-sonoro-para-ciegos","product_tag-balon-sonoro-discapacidad-visual","product_tag-pelota-de-rugby-sonora-para-ciegos","product_tag-rugby-personas-con-discapacidad","description-off"],"_links":{"self":[{"href":"https:\/\/ayudasparatodos.com\/index.php\/wp-json\/wp\/v3\/product\/51622"}],"collection":[{"href":"https:\/\/ayudasparatodos.com\/index.php\/wp-json\/wp\/v3\/product"}],"about":[{"href":"https:\/\/ayudasparatodos.com\/index.php\/wp-json\/wp\/v2\/types\/product"}],"wp:featuredmedia":[{"embeddable":true,"href":"https:\/\/ayudasparatodos.com\/index.php\/wp-json\/wp\/v2\/media\/51626"}],"wp:attachment":[{"href":"https:\/\/ayudasparatodos.com\/index.php\/wp-json\/wp\/v2\/media?parent=51622"}],"wp:term":[{"taxonomy":"product_cat","embeddable":true,"href":"https:\/\/ayudasparatodos.com\/index.php\/wp-json\/wp\/v2\/product_cat?post=51622"},{"taxonomy":"product_tag","embeddable":true,"href":"https:\/\/ayudasparatodos.com\/index.php\/wp-json\/wp\/v2\/product_tag?post=51622"}],"curies":[{"name":"wp","href":"https:\/\/api.w.org\/{rel}","templated":true}]}}