{"id":51623,"date":"2024-01-26T19:27:07","date_gmt":"2024-01-26T19:27:07","guid":{"rendered":"https:\/\/ayudasparatodos.com\/?post_type=product&#038;p=51623"},"modified":"2024-01-26T19:27:07","modified_gmt":"2024-01-26T19:27:07","slug":"pelotas-de-criquet-sonoras","status":"publish","type":"product","link":"https:\/\/ayudasparatodos.com\/index.php\/producto\/pelotas-de-criquet-sonoras\/","title":{"rendered":"Pelotas de Criquet pl\u00e1stica de 3 pulgadas sonora con cascabeles sonoras para deporte y juguete ni\u00f1os o perros ciegos"},"content":{"rendered":"<p><strong>Pelota de pl\u00e1stico duro de 3 pulgadas: un \u00e9xito entre los ni\u00f1os peque\u00f1os con discapacidad visual, se puede usar como pelota independiente o tambi\u00e9n para jugar cricket accesible (La oferta incluye 3 unidades)<\/strong><\/p>\n<p><strong>\u00a0<\/strong><\/p>\n<p>Aqu\u00ed tienes una bola resistente de pl\u00e1stico duro que suena constantemente mientras se mueve.\u00a0Con un di\u00e1metro de 3&#8243;, nuestra\u00a0<strong>pelota de cr\u00edquet sonajero<\/strong>\u00a0es perfecta para empujar y rodar por el suelo con ni\u00f1os peque\u00f1os. Tambi\u00e9n se puede utilizar como mini pelota de b\u00e9isbol a medida que los ni\u00f1os crecen. Por supuesto, esta pelota de cr\u00edquet audible de tama\u00f1o reglamentario tambi\u00e9n es \u00fatil para el juego de cricket, que se disfruta en las naciones actuales y anteriores de la Commonwealth en todo el mundo, desde Inglaterra hasta Nueva Zelanda y desde la India hasta Sri Lanka.<\/p>\n<p>Debido al dise\u00f1o de pl\u00e1stico duro de esta pelota, el fuerte ruido que hace mientras est\u00e1 en movimiento es quiz\u00e1s el m\u00e1s distintivo y f\u00e1cil de escuchar de cualquiera de nuestras pelotas audibles.\u00a0Esto la convierte en una opci\u00f3n ideal incluso para ni\u00f1os peque\u00f1os (ciegos o videntes), ya que es una buena \u00abprimera pelota\u00bb para iniciar a los m\u00e1s peque\u00f1os en el seguimiento de una pelota mediante el sonido.\u00a0Solo recuerda lo obvio: dado que se trata de una pelota dura y pesada, simplemente brilla cuando rueda por el suelo, pero solo debe rodarse hacia adentro, \u00a1nunca arrojarse ni patearse!<\/p>\n<h2><\/h2>\n<h2>Caracter\u00edsticas del producto<\/h2>\n<ul>\n<li>Dise\u00f1o perfecto para empujar y rodar por el suelo.<\/li>\n<li>La oferta incluye 3 unidades.<\/li>\n<li>Gran sonajero ruidoso;\u00a0f\u00e1cil de encontrar cuando est\u00e1 en movimiento.<\/li>\n<li>Los ni\u00f1os ciegos se divertir\u00e1n much\u00edsimo jugando todo tipo de juegos de pelota con sus amigos.<\/li>\n<li>Se puede utilizar como mini pelota de b\u00e9isbol a medida que los ni\u00f1os crecen.<\/li>\n<li>Pelota de cr\u00edquet audible de tama\u00f1o reglamentario para usar en este popular deporte de equipo.<\/li>\n<li>Ideal para ni\u00f1os peque\u00f1os, ciegos o videntes.<\/li>\n<li>Mide alrededor de 3 pulgadas de di\u00e1metro.<\/li>\n<li>Peso del paquete: alrededor de 2,7 onzas.<\/li>\n<\/ul>\n<ul>\n<li>Producto importado, venta bajo pedido con pago previo por el valor total del articulo.<\/li>\n<li>FAVOR ANTES DE OFERTAR, confirmar precio actual (por variaciones del valor del d\u00f3lar) y tambi\u00e9n CONFIRMAR QUE PUEDE ESPERAR LOS TIEMPOS DE ENTREGA\u00a0 que normalmente son entre 2-4 semanas.<\/li>\n<li>Cuando recibamos el pedido en nuestra oficina en Medell\u00edn-Colombia, le enviaremos un mensaje al comprador, si se encuentra en Medell\u00edn puede pasar a recogerlo personalmente en nuestra oficina, o tambi\u00e9n podemos hacer el envios a nivel nacional o internacional (Valor del envio cargo del comprador).<\/li>\n<li>Desde Ayudas para TODOS, estamos trabajando para ofrecerles el mayor Marketplace inclusivo a nivel mundial. Reuniendo en 1 solo sitio todos los productos que puedan necesitar, m\u00e1s de 5.000 referencias de art\u00edculos especializados que puedan necesitar instituciones y personas con o sin discapacidad, para apoyar procesos de inclusi\u00f3n, ayudando a superar las barreras que se pueden presentar al momento de estudiar, de trabajar, y en las dem\u00e1s actividades de la vida diaria.<\/li>\n<li>\u00bfNo est\u00e1 seguro sobre qu\u00e9 tipo de dispositivo o producto de apoyo debe comprar? Contamos con expertos para estudiar sus necesidades y asesorarlo recomend\u00e1ndole la ayuda o el conjunto de ayudas m\u00e1s adecuadas \u00bfNecesitas un producto y no lo encuentras en nuestro catalogo online? Cont\u00e1ctanos para ayudarte a conseguirlo. \u00bfEres emprendedor y tienes un gran producto inclusivo que quisieras promocionar en nuestra plataforma? <a href=\"https:\/\/ayudasparatodos.com\/index.php\/contact\/\">Cont\u00e1ctanos<\/a><\/li>\n<li>Visita la secci\u00f3n sobre <a href=\"https:\/\/ayudasparatodos.com\/index.php\/como-comprar-faq\/\">\u00bfC\u00f3mo Comprar? FAQ<\/a>, en la cual encontraras de forma m\u00e1s detallada las instrucciones de como comprar, servicio de asesor\u00eda y cotizaciones, formas de pago, env\u00edos a nivel nacional e internacional, garant\u00eda y otros temas relacionados.<\/li>\n<li><span style=\"font-size: 11.5pt; font-family: Roboto; color: #626262;\">Asesor\u00eda, cotizaciones dudas y comentarios: Si tiene cualquier duda o comentario, nos puede escribir o llamar via WhatsApp agregando el numero +57 3006000144 o directamente desde este <a href=\"https:\/\/wa.me\/+573006000144\">enlace<\/a>\u00a0 <\/span><a href=\"https:\/\/wa.me\/+573006000144\"><span style=\"font-size: 11.5pt; font-family: Roboto; color: #626262;\">https:\/\/wa.me\/+573006000144<\/span><\/a><span style=\"font-size: 11.5pt; font-family: Roboto; color: #626262;\">\u00a0 \u00a0 Tambi\u00e9n puede enviarnos un correo electr\u00f3nico a la direcci\u00f3n <a href=\"mailto:ventas@ayudasparatodos.com\">ventas@ayudasparatodos.com<\/a><\/span><\/li>\n<li><\/li>\n<li><strong>Pagos en Colombia por transferencia Bancolombia o Nequi. Tambi\u00e9n recibimos pagos por tarjeta cr\u00e9dito o debito. Si la alternativa de pago no esta disponible en su pa\u00eds, tambi\u00e9n puede pagar por Giro en western Union o Paypal. Favor contactarnos al correo ventas@ayudasparatodos.com para generarle un enlace de pago personalizado por el valor de los art\u00edculos + el valor del envi\u00f3 seg\u00fan su ubicaci\u00f3n y con su moneda local. Despachos a nivel nacional e internacional desde Medell\u00edn &#8211; Colombia.<\/strong><\/li>\n<\/ul>\n","protected":false},"excerpt":{"rendered":"<p><strong>Pelota de pl\u00e1stico duro de 3 pulgadas: un \u00e9xito entre los ni\u00f1os peque\u00f1os con discapacidad visual, se puede usar como pelota independiente o tambi\u00e9n para jugar cricket accesible (La oferta incluye 3 unidades)<\/strong><\/p>\n","protected":false},"featured_media":51631,"template":"","meta":[],"product_cat":[100],"product_tag":[268,270,271,269],"class_list":["post-51623","product","type-product","status-publish","has-post-thumbnail","hentry","product_cat-discapacidad-visual-deporte","product_tag-pelota-de-criquet-con-cascabeles-sonora-ciegos-baja-vision","product_tag-pelota-plastica-con-sonido-para-ciegos","product_tag-pelota-sonora-juguete-perros","product_tag-pelota-terapia-rehabilitacion-ciegos","description-off"],"_links":{"self":[{"href":"https:\/\/ayudasparatodos.com\/index.php\/wp-json\/wp\/v3\/product\/51623"}],"collection":[{"href":"https:\/\/ayudasparatodos.com\/index.php\/wp-json\/wp\/v3\/product"}],"about":[{"href":"https:\/\/ayudasparatodos.com\/index.php\/wp-json\/wp\/v2\/types\/product"}],"wp:featuredmedia":[{"embeddable":true,"href":"https:\/\/ayudasparatodos.com\/index.php\/wp-json\/wp\/v2\/media\/51631"}],"wp:attachment":[{"href":"https:\/\/ayudasparatodos.com\/index.php\/wp-json\/wp\/v2\/media?parent=51623"}],"wp:term":[{"taxonomy":"product_cat","embeddable":true,"href":"https:\/\/ayudasparatodos.com\/index.php\/wp-json\/wp\/v2\/product_cat?post=51623"},{"taxonomy":"product_tag","embeddable":true,"href":"https:\/\/ayudasparatodos.com\/index.php\/wp-json\/wp\/v2\/product_tag?post=51623"}],"curies":[{"name":"wp","href":"https:\/\/api.w.org\/{rel}","templated":true}]}}