{"id":51646,"date":"2024-01-29T16:45:20","date_gmt":"2024-01-29T16:45:20","guid":{"rendered":"https:\/\/ayudasparatodos.com\/?post_type=product&#038;p=51646"},"modified":"2024-02-19T18:46:34","modified_gmt":"2024-02-19T18:46:34","slug":"diadema-conduccion-osea-huhd","status":"publish","type":"product","link":"https:\/\/ayudasparatodos.com\/index.php\/producto\/diadema-conduccion-osea-huhd\/","title":{"rendered":"Diadema Conducci\u00f3n \u00d3sea Micr\u00f3fono Inal\u00e1mbrico amplificador ayuda p\u00e9rdida auditiva adulto mayor HUHD"},"content":{"rendered":"<p>Esta innovadora ayuda auditiva es muy \u00fatil para mejorar la calidad de vida de adultos mayores y personas con p\u00e9rdida auditiva, que se les dificulta ya sostener conversaciones y escuchar los sonidos de forma clara. Utiliza el sistema de conducci\u00f3n \u00f3sea para amplificar el sonido, cuenta con micr\u00f3fono HD incorporado, el cual recibe los sonidos y los amplifica y los transmite no de forma com\u00fan mediante ondas de sonido como aud\u00edfonos tradicionales que van dentro del o\u00eddo, sino mediante vibraci\u00f3n gracias a su sistema de conducci\u00f3n \u00f3sea que transmite el sonido desde el hueso por fuera del o\u00eddo.<\/p>\n<p>Esta diadema es una ayuda auditiva que amplifica el sonido de conversaciones, televisi\u00f3n, conferencias, la m\u00fasica y todo lo que desee escuchar de forma mas clara si tiene una perdida auditiva leve. Adem\u00e1s, tambi\u00e9n funciona como aud\u00edfono bluetooth para conectarse a su tel\u00e9fono y escuchar mejor las llamadas, audios de mensajer\u00eda, videollamadas, series y cualquier contenido en audio de tel\u00e9fonos, celulares, computadores y televisores con conexi\u00f3n bluetooth.<\/p>\n<p>Importante aclarar que esta soluci\u00f3n esta pensada para personas con una p\u00e9rdida auditiva leve, para perdidas moderadas o altas tambi\u00e9n puede ayudar, pero depende mucho de cada caso y no podemos darle garant\u00eda, por lo cual previo a la compra se le recomienda al usuario visitar un especialista y que el confirme si este tipo de ayuda auditiva de conducci\u00f3n \u00f3sea podr\u00eda servir o no seg\u00fan su caso real.<\/p>\n<ul>\n<li>Compa\u00f1ero ideal para ancianos: si tienes mala audici\u00f3n o tu familiar lo hace, nunca debes perderte esta audici\u00f3n y auriculares de conducci\u00f3n \u00f3sea. Simplemente conecta el altavoz auditivo en tu tela en una direcci\u00f3n hacia la parte delantera, luego usa los auriculares de conducci\u00f3n \u00f3sea, tu mundo ya no estar\u00e1 en silencio, sino lleno de m\u00fasica y risas<\/li>\n<li>Conexi\u00f3n Bluetooth 5.0 y TV: equipados con Bluetooth 5.0 actualizado, los auriculares de conducci\u00f3n \u00f3sea transfieren sonido y m\u00fasica sin problemas sin demoras ni interrupciones, ofreciendo una experiencia auditiva verdaderamente inal\u00e1mbrica. Tambi\u00e9n puede ver programas de televisi\u00f3n con su familia conectando el transmisor de sonido al televisor u otros dispositivos de reproducci\u00f3n a trav\u00e9s de los cables adaptadores proporcionados, disfrute de horas familiares relajantes.<\/li>\n<li>8 horas de tiempo de trabajo extra largo: \u00bfte preocupa cambiar las bater\u00edas de los auriculares viejos con frecuencia? Puedes estar libre de tales problemas con los auriculares auditivos recargables HUHD USB. Una carga completa tarda solo 2 horas, despu\u00e9s de eso, puedes usar estos auriculares de oreja abierta hasta 8 horas sin parar. \u00a1Adi\u00f3s a las bater\u00edas!<\/li>\n<li>Mant\u00e9n los o\u00eddos abiertos, ampliamente aplicables: estos auriculares Bluetooth de conducci\u00f3n \u00f3sea no solo son perfectos para personas que tienen mala audici\u00f3n, sino que tambi\u00e9n son adecuados para aquellos que quieren que sus o\u00eddos se abran para los sonidos circundantes mientras escuchan m\u00fasica o audiolibros. Estos auriculares de conducci\u00f3n \u00f3sea son perfectos para conductores, trabajadores, corredores y entusiastas de las actividades al aire libre.<\/li>\n<li>Compactos y plegables: construidos con alambre de metal flexible cubierto por material de silicona premium, los auriculares Bluetooth se pueden plegar en un tama\u00f1o compacto para un f\u00e1cil almacenamiento y transporte. Recibir\u00e1s 1 auricular auditivo de conducci\u00f3n \u00f3sea, 1 captaci\u00f3n de sonido, 2 cables adaptadores, 1 cable de carga y 1 manual de usuario (idioma espa\u00f1ol no garantizado). Si tienes alguna pregunta sobre el producto, no dudes en recurrir a nosotros, siempre estamos listos para ayudarte<\/li>\n<\/ul>\n<ul>\n<li>Producto importado, venta bajo pedido con pago previo por el valor total del articulo.<\/li>\n<li>FAVOR ANTES DE OFERTAR, confirmar precio actual (por variaciones del valor del d\u00f3lar) y tambi\u00e9n CONFIRMAR QUE PUEDE ESPERAR LOS TIEMPOS DE ENTREGA\u00a0 que normalmente son entre 2-4 semanas.<\/li>\n<li>Cuando recibamos el pedido en nuestra oficina en Medell\u00edn-Colombia, le enviaremos un mensaje al comprador, si se encuentra en Medell\u00edn puede pasar a recogerlo personalmente en nuestra oficina, o tambi\u00e9n podemos hacer el envios a nivel nacional o internacional (Valor del envio cargo del comprador).<\/li>\n<li>Desde Ayudas para TODOS, estamos trabajando para ofrecerles el mayor Marketplace inclusivo a nivel mundial. Reuniendo en 1 solo sitio todos los productos que puedan necesitar, m\u00e1s de 5.000 referencias de art\u00edculos especializados que puedan necesitar instituciones y personas con o sin discapacidad, para apoyar procesos de inclusi\u00f3n, ayudando a superar las barreras que se pueden presentar al momento de estudiar, de trabajar, y en las dem\u00e1s actividades de la vida diaria.<\/li>\n<li>\u00bfNo est\u00e1 seguro sobre qu\u00e9 tipo de dispositivo o producto de apoyo debe comprar? Contamos con expertos para estudiar sus necesidades y asesorarlo recomend\u00e1ndole la ayuda o el conjunto de ayudas m\u00e1s adecuadas \u00bfNecesitas un producto y no lo encuentras en nuestro catalogo online? Cont\u00e1ctanos para ayudarte a conseguirlo. \u00bfEres emprendedor y tienes un gran producto inclusivo que quisieras promocionar en nuestra plataforma? <a href=\"https:\/\/ayudasparatodos.com\/index.php\/contact\/\">Cont\u00e1ctanos<\/a><\/li>\n<li>Visita la secci\u00f3n sobre <a href=\"https:\/\/ayudasparatodos.com\/index.php\/como-comprar-faq\/\">\u00bfC\u00f3mo Comprar? FAQ<\/a>, en la cual encontraras de forma m\u00e1s detallada las instrucciones de como comprar, servicio de asesor\u00eda y cotizaciones, formas de pago, env\u00edos a nivel nacional e internacional, garant\u00eda y otros temas relacionados.<\/li>\n<li><span style=\"font-size: 11.5pt; font-family: Roboto; color: #626262;\">Asesor\u00eda, cotizaciones dudas y comentarios: Si tiene cualquier duda o comentario, nos puede escribir o llamar via WhatsApp agregando el numero +57 3006000144 o directamente desde este <a href=\"https:\/\/wa.me\/+573006000144\">enlace<\/a>\u00a0 <\/span><a href=\"https:\/\/wa.me\/+573006000144\"><span style=\"font-size: 11.5pt; font-family: Roboto; color: #626262;\">https:\/\/wa.me\/+573006000144<\/span><\/a><span style=\"font-size: 11.5pt; font-family: Roboto; color: #626262;\">\u00a0 \u00a0 Tambi\u00e9n puede enviarnos un correo electr\u00f3nico a la direcci\u00f3n <a href=\"mailto:ventas@ayudasparatodos.com\">ventas@ayudasparatodos.com<\/a><\/span><\/li>\n<li><\/li>\n<li><strong>Pagos en Colombia por transferencia Bancolombia o Nequi. Tambi\u00e9n recibimos pagos por tarjeta cr\u00e9dito o debito. Si la alternativa de pago no esta disponible en su pa\u00eds, tambi\u00e9n puede pagar por Giro en western Union o Paypal. Favor contactarnos al correo ventas@ayudasparatodos.com para generarle un enlace de pago personalizado por el valor de los art\u00edculos + el valor del envi\u00f3 seg\u00fan su ubicaci\u00f3n y con su moneda local. Despachos a nivel nacional e internacional desde Medell\u00edn &#8211; Colombia.<\/strong><\/li>\n<\/ul>\n","protected":false},"excerpt":{"rendered":"<p>Esta diadema es una ayuda auditiva que amplifica el sonido de conversaciones, televisi\u00f3n, conferencias, la m\u00fasica y todo lo que desee escuchar de forma mas clara si tiene una perdida auditiva leve. Adem\u00e1s, tambi\u00e9n funciona como aud\u00edfono bluetooth para conectarse a su tel\u00e9fono y escuchar mejor las llamadas, audios de mensajer\u00eda, videollamadas, series y cualquier contenido en audio de tel\u00e9fonos, celulares, computadores y televisores con conexi\u00f3n bluetooth.<\/p>\n","protected":false},"featured_media":51647,"template":"","meta":[],"product_cat":[217,51],"product_tag":[272,273,275,276,274],"class_list":["post-51646","product","type-product","status-publish","has-post-thumbnail","hentry","product_cat-audifonos-amplificadores-conduccion-osea","product_cat-ayudas-audicion-y-discapacidad-auditiva","product_tag-audifono-amplificador-perdida-auditiva-conduccion-osea","product_tag-audifono-conduccion-osea-perdida-auditiva","product_tag-audifonos-conduccion-osea-adulto-mayor-discapacidad","product_tag-ayuda-auditiva-conduccion-osea-sordo","product_tag-diadema-audifonos-amplificador-auditivo-adulto-mayor","description-off"],"_links":{"self":[{"href":"https:\/\/ayudasparatodos.com\/index.php\/wp-json\/wp\/v3\/product\/51646"}],"collection":[{"href":"https:\/\/ayudasparatodos.com\/index.php\/wp-json\/wp\/v3\/product"}],"about":[{"href":"https:\/\/ayudasparatodos.com\/index.php\/wp-json\/wp\/v2\/types\/product"}],"wp:featuredmedia":[{"embeddable":true,"href":"https:\/\/ayudasparatodos.com\/index.php\/wp-json\/wp\/v2\/media\/51647"}],"wp:attachment":[{"href":"https:\/\/ayudasparatodos.com\/index.php\/wp-json\/wp\/v2\/media?parent=51646"}],"wp:term":[{"taxonomy":"product_cat","embeddable":true,"href":"https:\/\/ayudasparatodos.com\/index.php\/wp-json\/wp\/v2\/product_cat?post=51646"},{"taxonomy":"product_tag","embeddable":true,"href":"https:\/\/ayudasparatodos.com\/index.php\/wp-json\/wp\/v2\/product_tag?post=51646"}],"curies":[{"name":"wp","href":"https:\/\/api.w.org\/{rel}","templated":true}]}}