{"id":51666,"date":"2024-01-31T22:35:25","date_gmt":"2024-01-31T22:35:25","guid":{"rendered":"https:\/\/ayudasparatodos.com\/?post_type=product&#038;p=51666"},"modified":"2024-01-31T22:35:25","modified_gmt":"2024-01-31T22:35:25","slug":"reloj-lakxiul-metalico-parlante","status":"publish","type":"product","link":"https:\/\/ayudasparatodos.com\/index.php\/producto\/reloj-lakxiul-metalico-parlante\/","title":{"rendered":"Reloj LAKXIUL Parlante para ciegos Pulso metalico, adultos mayores y baja visi\u00f3n, n\u00fameros en alto contraste + dice la hora en voz alta"},"content":{"rendered":"<ul>\n<li>Reloj Parlante para ciegos, adultos mayores y baja visi\u00f3n, n\u00fameros en alto contraste + dice la hora en voz alta. \u00a0Especialmente dise\u00f1ado para personas mayores y con discapacidad visual. F\u00e1cil de usar con un solo bot\u00f3n, este reloj parlante es una alternativa elegante para personas con baja visi\u00f3n.<\/li>\n<li>Puede reproducir la hora, la fecha y el d\u00eda de la semana y puede configurar tres alarmas.<\/li>\n<li>Con tecnolog\u00eda de reloj parlante, f\u00e1cil de configurar y usar.\u00a0Regalo ideal para padre, madre, mayor, amigos.\u00a0Buena herramienta en la vida diaria.<\/li>\n<li>Movimiento: cuarzo japon\u00e9s.<\/li>\n<li>Material de la caja: aleaci\u00f3n.<\/li>\n<li>Dureza del vidrio: endurecido.<\/li>\n<li>Di\u00e1metro de la esfera: 38,5 mm.<\/li>\n<li>Grosor: 14 mm.<\/li>\n<li>Ancho de la correa del reloj: 20 mm.<\/li>\n<li>Color de la correa: acero inoxidable plateado.<\/li>\n<li>Resistente al agua: No resistente al agua;<\/li>\n<\/ul>\n<p>&nbsp;<\/p>\n<ul>\n<li>Producto importado, venta bajo pedido con pago previo por el valor total del articulo.<\/li>\n<li>FAVOR ANTES DE OFERTAR, confirmar precio actual (por variaciones del valor del d\u00f3lar) y tambi\u00e9n CONFIRMAR QUE PUEDE ESPERAR LOS TIEMPOS DE ENTREGA\u00a0 que normalmente son entre 2-4 semanas.<\/li>\n<li>Cuando recibamos el pedido en nuestra oficina en Medell\u00edn-Colombia, le enviaremos un mensaje al comprador, si se encuentra en Medell\u00edn puede pasar a recogerlo personalmente en nuestra oficina, o tambi\u00e9n podemos hacer el envios a nivel nacional o internacional (Valor del envio cargo del comprador).<\/li>\n<li>Desde Ayudas para TODOS, estamos trabajando para ofrecerles el mayor Marketplace inclusivo a nivel mundial. Reuniendo en 1 solo sitio todos los productos que puedan necesitar, m\u00e1s de 5.000 referencias de art\u00edculos especializados que puedan necesitar instituciones y personas con o sin discapacidad, para apoyar procesos de inclusi\u00f3n, ayudando a superar las barreras que se pueden presentar al momento de estudiar, de trabajar, y en las dem\u00e1s actividades de la vida diaria.<\/li>\n<li>\u00bfNo est\u00e1 seguro sobre qu\u00e9 tipo de dispositivo o producto de apoyo debe comprar? Contamos con expertos para estudiar sus necesidades y asesorarlo recomend\u00e1ndole la ayuda o el conjunto de ayudas m\u00e1s adecuadas \u00bfNecesitas un producto y no lo encuentras en nuestro catalogo online? Cont\u00e1ctanos para ayudarte a conseguirlo. \u00bfEres emprendedor y tienes un gran producto inclusivo que quisieras promocionar en nuestra plataforma? <a href=\"https:\/\/ayudasparatodos.com\/index.php\/contact\/\">Cont\u00e1ctanos<\/a><\/li>\n<li>Visita la secci\u00f3n sobre <a href=\"https:\/\/ayudasparatodos.com\/index.php\/como-comprar-faq\/\">\u00bfC\u00f3mo Comprar? FAQ<\/a>, en la cual encontraras de forma m\u00e1s detallada las instrucciones de como comprar, servicio de asesor\u00eda y cotizaciones, formas de pago, env\u00edos a nivel nacional e internacional, garant\u00eda y otros temas relacionados.<\/li>\n<li><span style=\"font-size: 11.5pt; font-family: Roboto; color: #626262;\">Asesor\u00eda, cotizaciones dudas y comentarios: Si tiene cualquier duda o comentario, nos puede escribir o llamar via WhatsApp agregando el numero +57 3006000144 o directamente desde este <a href=\"https:\/\/wa.me\/+573006000144\">enlace<\/a>\u00a0 <\/span><a href=\"https:\/\/wa.me\/+573006000144\"><span style=\"font-size: 11.5pt; font-family: Roboto; color: #626262;\">https:\/\/wa.me\/+573006000144<\/span><\/a><span style=\"font-size: 11.5pt; font-family: Roboto; color: #626262;\">\u00a0 \u00a0 Tambi\u00e9n puede enviarnos un correo electr\u00f3nico a la direcci\u00f3n <a href=\"mailto:ventas@ayudasparatodos.com\">ventas@ayudasparatodos.com<\/a><\/span><\/li>\n<li><strong>Pagos en Colombia por transferencia Bancolombia o Nequi. Tambi\u00e9n recibimos pagos por tarjeta cr\u00e9dito o debito. Si la alternativa de pago no esta disponible en su pa\u00eds, tambi\u00e9n puede pagar por Giro en western Union o Paypal. Favor contactarnos al correo ventas@ayudasparatodos.com para generarle un enlace de pago personalizado por el valor de los art\u00edculos + el valor del envi\u00f3 seg\u00fan su ubicaci\u00f3n y con su moneda local. Despachos a nivel nacional e internacional desde Medell\u00edn &#8211; Colombia.<\/strong><\/li>\n<\/ul>\n","protected":false},"excerpt":{"rendered":"<ul>\n<li>Reloj Parlante para ciegos, adultos mayores y baja visi\u00f3n, n\u00fameros en alto contraste + dice la hora en voz alta. \u00a0Especialmente dise\u00f1ado para personas mayores y con discapacidad visual. F\u00e1cil de usar con un solo bot\u00f3n, este reloj parlante es una alternativa elegante para personas con baja visi\u00f3n.<\/li>\n<\/ul>\n","protected":false},"featured_media":51695,"template":"","meta":[],"product_cat":[277],"product_tag":[278,280,282,281,284],"class_list":["post-51666","product","type-product","status-publish","has-post-thumbnail","hentry","product_cat-relojes-que-hablan-y-relojes-braille-discapacidad-visual","product_tag-reloj-de-pulso-para-ciegos","product_tag-reloj-de-pulso-parlante-ciegos-adulto-mayor","product_tag-reloj-para-adultos-mayores-habla-en-espanol-y-braille","product_tag-reloj-parlante-habla-dice-la-hroa-en-espanol","product_tag-tienda-ayudas-para-ciegos","description-off"],"_links":{"self":[{"href":"https:\/\/ayudasparatodos.com\/index.php\/wp-json\/wp\/v3\/product\/51666"}],"collection":[{"href":"https:\/\/ayudasparatodos.com\/index.php\/wp-json\/wp\/v3\/product"}],"about":[{"href":"https:\/\/ayudasparatodos.com\/index.php\/wp-json\/wp\/v2\/types\/product"}],"wp:featuredmedia":[{"embeddable":true,"href":"https:\/\/ayudasparatodos.com\/index.php\/wp-json\/wp\/v2\/media\/51695"}],"wp:attachment":[{"href":"https:\/\/ayudasparatodos.com\/index.php\/wp-json\/wp\/v2\/media?parent=51666"}],"wp:term":[{"taxonomy":"product_cat","embeddable":true,"href":"https:\/\/ayudasparatodos.com\/index.php\/wp-json\/wp\/v2\/product_cat?post=51666"},{"taxonomy":"product_tag","embeddable":true,"href":"https:\/\/ayudasparatodos.com\/index.php\/wp-json\/wp\/v2\/product_tag?post=51666"}],"curies":[{"name":"wp","href":"https:\/\/api.w.org\/{rel}","templated":true}]}}