{"id":51676,"date":"2024-01-30T01:57:31","date_gmt":"2024-01-30T01:57:31","guid":{"rendered":"https:\/\/ayudasparatodos.com\/?post_type=product&#038;p=51676"},"modified":"2024-01-30T01:57:31","modified_gmt":"2024-01-30T01:57:31","slug":"reloj-braille-de-hombre-para-ciegos-adultos-mayores-y-baja-vision-marca-jsj-duplicate-1","status":"publish","type":"product","link":"https:\/\/ayudasparatodos.com\/index.php\/producto\/reloj-braille-de-hombre-para-ciegos-adultos-mayores-y-baja-vision-marca-jsj-duplicate-1\/","title":{"rendered":"Reloj para hombre con Braille para ciegos, adultos mayores y baja visi\u00f3n Marca JSJ"},"content":{"rendered":"<p>Reloj Braille de mujer para ciegos, adultos mayores y baja visi\u00f3n Marca JSJ<\/p>\n<p>Este reloj t\u00e1ctil dice la hora al tacto, los puntos t\u00e1ctiles distinguen las marcas de hora.<\/p>\n<p>Cuenta con 3 puntos t\u00e1ctiles en la marca de las 12 en punto, 2 puntos en 3, 6, 9 y 1 punto en 1, 2, 4, 5, 7, 8, 10, 11.<\/p>\n<p>La cubierta se abre 180 grados para permitir un amplio acceso para el tiempo de lectura.<\/p>\n<p>&nbsp;<\/p>\n<p>G\u00e9nero: Femenino<\/p>\n<p>Color del esfera: Gris<\/p>\n<p>Color de la correa: Plata<\/p>\n<p>Movimiento: Cuarzo<\/p>\n<p>Caja del reloj: acero inoxidable<\/p>\n<p>Material de la correa: acero inoxidable<\/p>\n<p>Di\u00e1metro de la caja: 1.181 in (1,18 pulgadas)<\/p>\n<p>Ancho de la correa: 0.551 in.<\/p>\n<p>Peso: 1.98 oz<\/p>\n<p>Paquete: 1 pieza en una caja de regalo<\/p>\n<ul>\n<li>Producto importado, venta bajo pedido con pago previo por el valor total del articulo.<\/li>\n<li>FAVOR ANTES DE OFERTAR, confirmar precio actual (por variaciones del valor del d\u00f3lar) y tambi\u00e9n CONFIRMAR QUE PUEDE ESPERAR LOS TIEMPOS DE ENTREGA\u00a0 que normalmente son entre 2-4 semanas.<\/li>\n<li>Cuando recibamos el pedido en nuestra oficina en Medell\u00edn-Colombia, le enviaremos un mensaje al comprador, si se encuentra en Medell\u00edn puede pasar a recogerlo personalmente en nuestra oficina, o tambi\u00e9n podemos hacer el envios a nivel nacional o internacional (Valor del envio cargo del comprador).<\/li>\n<li>Desde Ayudas para TODOS, estamos trabajando para ofrecerles el mayor Marketplace inclusivo a nivel mundial. Reuniendo en 1 solo sitio todos los productos que puedan necesitar, m\u00e1s de 5.000 referencias de art\u00edculos especializados que puedan necesitar instituciones y personas con o sin discapacidad, para apoyar procesos de inclusi\u00f3n, ayudando a superar las barreras que se pueden presentar al momento de estudiar, de trabajar, y en las dem\u00e1s actividades de la vida diaria.<\/li>\n<li>\u00bfNo est\u00e1 seguro sobre qu\u00e9 tipo de dispositivo o producto de apoyo debe comprar? Contamos con expertos para estudiar sus necesidades y asesorarlo recomend\u00e1ndole la ayuda o el conjunto de ayudas m\u00e1s adecuadas \u00bfNecesitas un producto y no lo encuentras en nuestro catalogo online? Cont\u00e1ctanos para ayudarte a conseguirlo. \u00bfEres emprendedor y tienes un gran producto inclusivo que quisieras promocionar en nuestra plataforma? <a href=\"https:\/\/ayudasparatodos.com\/index.php\/contact\/\">Cont\u00e1ctanos<\/a><\/li>\n<li>Visita la secci\u00f3n sobre <a href=\"https:\/\/ayudasparatodos.com\/index.php\/como-comprar-faq\/\">\u00bfC\u00f3mo Comprar? FAQ<\/a>, en la cual encontraras de forma m\u00e1s detallada las instrucciones de como comprar, servicio de asesor\u00eda y cotizaciones, formas de pago, env\u00edos a nivel nacional e internacional, garant\u00eda y otros temas relacionados.<\/li>\n<li><span style=\"font-size: 11.5pt; font-family: Roboto; color: #626262;\">Asesor\u00eda, cotizaciones dudas y comentarios: Si tiene cualquier duda o comentario, nos puede escribir o llamar via WhatsApp agregando el numero +57 3006000144 o directamente desde este <a href=\"https:\/\/wa.me\/+573006000144\">enlace<\/a>\u00a0 <\/span><a href=\"https:\/\/wa.me\/+573006000144\"><span style=\"font-size: 11.5pt; font-family: Roboto; color: #626262;\">https:\/\/wa.me\/+573006000144<\/span><\/a><span style=\"font-size: 11.5pt; font-family: Roboto; color: #626262;\">\u00a0 \u00a0 Tambi\u00e9n puede enviarnos un correo electr\u00f3nico a la direcci\u00f3n <a href=\"mailto:ventas@ayudasparatodos.com\">ventas@ayudasparatodos.com<\/a><\/span><\/li>\n<li><strong>Pagos en Colombia por transferencia Bancolombia o Nequi. Tambi\u00e9n recibimos pagos por tarjeta cr\u00e9dito o debito. Si la alternativa de pago no esta disponible en su pa\u00eds, tambi\u00e9n puede pagar por Giro en western Union o Paypal. Favor contactarnos al correo ventas@ayudasparatodos.com para generarle un enlace de pago personalizado por el valor de los art\u00edculos + el valor del envi\u00f3 seg\u00fan su ubicaci\u00f3n y con su moneda local. Despachos a nivel nacional e internacional desde Medell\u00edn &#8211; Colombia.<\/strong><\/li>\n<\/ul>\n","protected":false},"excerpt":{"rendered":"<p>Reloj Braille de hombre para ciegos, adultos mayores y baja visi\u00f3n Marca JSJ<\/p>\n<p>Este reloj t\u00e1ctil dice la hora al tacto, los puntos t\u00e1ctiles distinguen las marcas de hora.<\/p>\n","protected":false},"featured_media":51677,"template":"","meta":[],"product_cat":[277],"product_tag":[278,280,282,281,284],"class_list":["post-51676","product","type-product","status-publish","has-post-thumbnail","hentry","product_cat-relojes-que-hablan-y-relojes-braille-discapacidad-visual","product_tag-reloj-de-pulso-para-ciegos","product_tag-reloj-de-pulso-parlante-ciegos-adulto-mayor","product_tag-reloj-para-adultos-mayores-habla-en-espanol-y-braille","product_tag-reloj-parlante-habla-dice-la-hroa-en-espanol","product_tag-tienda-ayudas-para-ciegos","description-off"],"_links":{"self":[{"href":"https:\/\/ayudasparatodos.com\/index.php\/wp-json\/wp\/v3\/product\/51676"}],"collection":[{"href":"https:\/\/ayudasparatodos.com\/index.php\/wp-json\/wp\/v3\/product"}],"about":[{"href":"https:\/\/ayudasparatodos.com\/index.php\/wp-json\/wp\/v2\/types\/product"}],"wp:featuredmedia":[{"embeddable":true,"href":"https:\/\/ayudasparatodos.com\/index.php\/wp-json\/wp\/v2\/media\/51677"}],"wp:attachment":[{"href":"https:\/\/ayudasparatodos.com\/index.php\/wp-json\/wp\/v2\/media?parent=51676"}],"wp:term":[{"taxonomy":"product_cat","embeddable":true,"href":"https:\/\/ayudasparatodos.com\/index.php\/wp-json\/wp\/v2\/product_cat?post=51676"},{"taxonomy":"product_tag","embeddable":true,"href":"https:\/\/ayudasparatodos.com\/index.php\/wp-json\/wp\/v2\/product_tag?post=51676"}],"curies":[{"name":"wp","href":"https:\/\/api.w.org\/{rel}","templated":true}]}}