{"id":51706,"date":"2024-02-01T01:20:47","date_gmt":"2024-02-01T01:20:47","guid":{"rendered":"https:\/\/ayudasparatodos.com\/?post_type=product&#038;p=51706"},"modified":"2024-02-01T01:20:47","modified_gmt":"2024-02-01T01:20:47","slug":"reloj-lmaujoy-pulso-metalico-parlante-para-ciegos-pulso-cuero-adultos-mayores-y-baja-vision-numeros-en-alto-contraste-dice-la-hora-en-voz","status":"publish","type":"product","link":"https:\/\/ayudasparatodos.com\/index.php\/producto\/reloj-lmaujoy-pulso-metalico-parlante-para-ciegos-pulso-cuero-adultos-mayores-y-baja-vision-numeros-en-alto-contraste-dice-la-hora-en-voz\/","title":{"rendered":"Reloj MAUJOY Parlante para ciegos Pulso met\u00e1lico, adultos mayores y baja visi\u00f3n, n\u00fameros en alto contraste + dice la hora en voz alta"},"content":{"rendered":"<ul>\n<li>Voz en espa\u00f1ol fuerte y clara: escucha claramente la hora, el d\u00eda y la fecha o la hora de alarma hablada con una voz masculina agradable y actualizada. Si est\u00e1s buscando relojes parlantes para ciegos, \u00a1este reloj parlante satisfar\u00e1 tus necesidades!<\/li>\n<li>Dise\u00f1o delgado y cl\u00e1sico: espejo de vidrio ultra fino, de alta dureza, resistente a los ara\u00f1azos, elegante corona grande, caja de metal pulido y correa de cuero genuino que proporcionan una experiencia de uso c\u00f3moda.<\/li>\n<li>F\u00e1cil de usar: nuestro reloj parlante ha sido especialmente impreso para permitir la facilidad de lectura para aquellos con baja visi\u00f3n. Manecillas audaces que terminan el look para dar un reloj atractivo pero funcional que es muy claro y f\u00e1cil de ver la esfera del reloj anal\u00f3gico.<\/li>\n<li>F\u00e1cil de configurar: men\u00fa del operador controlado por voz en cada paso. Haga clic en el bot\u00f3n para configurar con instrucciones de audio paso a paso. Instrucciones muy f\u00e1ciles de seguir para la hora, fecha y alarma.Establezca una alarma para notificarle de la ingesta de medicamentos, para despertarse o de citas importantes.<\/li>\n<li>Especificaciones: G\u00e9nero: Unisex Material de la caja: aleaci\u00f3n Material de la parte trasera: acero inoxidableEsfera: WhiteHands: BlackMirror: vidrio templado de alta dureza Corona: acero inoxidableMovimiento: Jap\u00f3n CuarzMiyota2035Medidas de la caja: 1.260 in de di\u00e1metro x 0.512 in de grosor. Ancho de la correa: 0.630 in. Peso: 2.54 oz. El paquete incluye: 1 reloj parlante para ni\u00f1os.<\/li>\n<li>1 x manual en ingl\u00e9s 1 x caja de regalo.<\/li>\n<li>Detalles del producto<\/li>\n<li>Dimensiones del paquete: 4.25 x 3.31 x 2.36 pulgadas; 3.25 onzas.<\/li>\n<li>Bater\u00edas: requiere 1 bater\u00eda de metal de litio. (incluido)<\/li>\n<li>Nuestro reloj parlante unisex que es f\u00e1cil de usar, todas las funciones que deseas y se ve genial. Presentamos la colecci\u00f3n de relojes parlantes de la serie premium de Maujoy. Escuche claramente la hora, el d\u00eda y la fecha, o la hora de alarma hablada con una voz masculina inglesa agradable y actualizada, adem\u00e1s de un movimiento avanzado de Jap\u00f3n Miyota 2035, vea claramente la hora en la cara grande y blanca con n\u00fameros negros en negrita. Espejo de cristal ultra fino, de alta dureza, resistente a los ara\u00f1azos, elegante corona grande, caja de metal pulido y correa de cuero genuino que proporciona una experiencia de uso c\u00f3moda.<\/li>\n<li>Si est\u00e1s buscando relojes parlantes para ciegos, \u00a1este reloj parlante satisfar\u00e1 tus necesidades! Establezca una alarma para notificarle sobre la ingesta de medicamentos, para despertarse o de citas importantes. El reloj parlante de baja visi\u00f3n MAUJOY es perfecto para ti o un ser querido.<\/li>\n<\/ul>\n<p>&nbsp;<\/p>\n<ul>\n<li>Producto importado, venta bajo pedido con pago previo por el valor total del articulo.<\/li>\n<li>FAVOR ANTES DE OFERTAR, confirmar precio actual (por variaciones del valor del d\u00f3lar) y tambi\u00e9n CONFIRMAR QUE PUEDE ESPERAR LOS TIEMPOS DE ENTREGA\u00a0 que normalmente son entre 2-4 semanas.<\/li>\n<li>Cuando recibamos el pedido en nuestra oficina en Medell\u00edn-Colombia, le enviaremos un mensaje al comprador, si se encuentra en Medell\u00edn puede pasar a recogerlo personalmente en nuestra oficina, o tambi\u00e9n podemos hacer el envios a nivel nacional o internacional (Valor del envio cargo del comprador).<\/li>\n<li>Desde Ayudas para TODOS, estamos trabajando para ofrecerles el mayor Marketplace inclusivo a nivel mundial. Reuniendo en 1 solo sitio todos los productos que puedan necesitar, m\u00e1s de 5.000 referencias de art\u00edculos especializados que puedan necesitar instituciones y personas con o sin discapacidad, para apoyar procesos de inclusi\u00f3n, ayudando a superar las barreras que se pueden presentar al momento de estudiar, de trabajar, y en las dem\u00e1s actividades de la vida diaria.<\/li>\n<li>\u00bfNo est\u00e1 seguro sobre qu\u00e9 tipo de dispositivo o producto de apoyo debe comprar? Contamos con expertos para estudiar sus necesidades y asesorarlo recomend\u00e1ndole la ayuda o el conjunto de ayudas m\u00e1s adecuadas \u00bfNecesitas un producto y no lo encuentras en nuestro catalogo online? Cont\u00e1ctanos para ayudarte a conseguirlo. \u00bfEres emprendedor y tienes un gran producto inclusivo que quisieras promocionar en nuestra plataforma? <a href=\"https:\/\/ayudasparatodos.com\/index.php\/contact\/\">Cont\u00e1ctanos<\/a><\/li>\n<li>Visita la secci\u00f3n sobre <a href=\"https:\/\/ayudasparatodos.com\/index.php\/como-comprar-faq\/\">\u00bfC\u00f3mo Comprar? FAQ<\/a>, en la cual encontraras de forma m\u00e1s detallada las instrucciones de como comprar, servicio de asesor\u00eda y cotizaciones, formas de pago, env\u00edos a nivel nacional e internacional, garant\u00eda y otros temas relacionados.<\/li>\n<li><span style=\"font-size: 11.5pt; font-family: Roboto; color: #626262;\">Asesor\u00eda, cotizaciones dudas y comentarios: Si tiene cualquier duda o comentario, nos puede escribir o llamar via WhatsApp agregando el numero +57 3006000144 o directamente desde este <a href=\"https:\/\/wa.me\/+573006000144\">enlace<\/a>\u00a0 <\/span><a href=\"https:\/\/wa.me\/+573006000144\"><span style=\"font-size: 11.5pt; font-family: Roboto; color: #626262;\">https:\/\/wa.me\/+573006000144<\/span><\/a><span style=\"font-size: 11.5pt; font-family: Roboto; color: #626262;\">\u00a0 \u00a0 Tambi\u00e9n puede enviarnos un correo electr\u00f3nico a la direcci\u00f3n <a href=\"mailto:ventas@ayudasparatodos.com\">ventas@ayudasparatodos.com<\/a><\/span><\/li>\n<li><strong>Pagos en Colombia por transferencia Bancolombia o Nequi. Tambi\u00e9n recibimos pagos por tarjeta cr\u00e9dito o debito. Si la alternativa de pago no esta disponible en su pa\u00eds, tambi\u00e9n puede pagar por Giro en western Union o Paypal. Favor contactarnos al correo ventas@ayudasparatodos.com para generarle un enlace de pago personalizado por el valor de los art\u00edculos + el valor del envi\u00f3 seg\u00fan su ubicaci\u00f3n y con su moneda local. Despachos a nivel nacional e internacional desde Medell\u00edn &#8211; Colombia.<\/strong><\/li>\n<\/ul>\n","protected":false},"excerpt":{"rendered":"<ul>\n<li>Voz en espa\u00f1ol fuerte y clara: escucha claramente la hora, el d\u00eda y la fecha o la hora de alarma hablada con una voz masculina agradable y actualizada. Si est\u00e1s buscando relojes parlantes para ciegos, \u00a1este reloj parlante satisfar\u00e1 tus necesidades!<\/li>\n<\/ul>\n","protected":false},"featured_media":51707,"template":"","meta":[],"product_cat":[277],"product_tag":[278,280,282,281,284],"class_list":["post-51706","product","type-product","status-publish","has-post-thumbnail","hentry","product_cat-relojes-que-hablan-y-relojes-braille-discapacidad-visual","product_tag-reloj-de-pulso-para-ciegos","product_tag-reloj-de-pulso-parlante-ciegos-adulto-mayor","product_tag-reloj-para-adultos-mayores-habla-en-espanol-y-braille","product_tag-reloj-parlante-habla-dice-la-hroa-en-espanol","product_tag-tienda-ayudas-para-ciegos","description-off"],"_links":{"self":[{"href":"https:\/\/ayudasparatodos.com\/index.php\/wp-json\/wp\/v3\/product\/51706"}],"collection":[{"href":"https:\/\/ayudasparatodos.com\/index.php\/wp-json\/wp\/v3\/product"}],"about":[{"href":"https:\/\/ayudasparatodos.com\/index.php\/wp-json\/wp\/v2\/types\/product"}],"wp:featuredmedia":[{"embeddable":true,"href":"https:\/\/ayudasparatodos.com\/index.php\/wp-json\/wp\/v2\/media\/51707"}],"wp:attachment":[{"href":"https:\/\/ayudasparatodos.com\/index.php\/wp-json\/wp\/v2\/media?parent=51706"}],"wp:term":[{"taxonomy":"product_cat","embeddable":true,"href":"https:\/\/ayudasparatodos.com\/index.php\/wp-json\/wp\/v2\/product_cat?post=51706"},{"taxonomy":"product_tag","embeddable":true,"href":"https:\/\/ayudasparatodos.com\/index.php\/wp-json\/wp\/v2\/product_tag?post=51706"}],"curies":[{"name":"wp","href":"https:\/\/api.w.org\/{rel}","templated":true}]}}