{"id":51776,"date":"2024-02-12T17:33:24","date_gmt":"2024-02-12T17:33:24","guid":{"rendered":"https:\/\/ayudasparatodos.com\/?post_type=product&#038;p=51776"},"modified":"2024-02-12T17:33:24","modified_gmt":"2024-02-12T17:33:24","slug":"reloj-de-pulso-jsj-de-lujo-para-ciegos","status":"publish","type":"product","link":"https:\/\/ayudasparatodos.com\/index.php\/producto\/reloj-de-pulso-jsj-de-lujo-para-ciegos\/","title":{"rendered":"Reloj de pulso habla en espa\u00f1ol de lujo para ciegos adultos mayores unisex JSJ rectangular"},"content":{"rendered":"<p>Mejora la calidad de vida con una funci\u00f3n tan importante como poder escuchar la hora cuando lo deseen, en espa\u00f1ol, cuidado con otros relojes m\u00e1s econ\u00f3micos que dan la hora en ingl\u00e9s. Somos el \u00fanico distribuidor que te ofrece una gran variedad de dise\u00f1os de relojes accesibles para personas con baja visi\u00f3n y adultos mayores.<\/p>\n<p>&#8212; Habla espa\u00f1ol. Reloj de cuarzo.<\/p>\n<p>&#8212; Con funci\u00f3n de alarma, 5 tipos de sonidos para elegir.<\/p>\n<p>&#8212; Puedes saber f\u00e1cilmente la hora pulsando un bot\u00f3n, incluso si no hay luz en la noche o no puedes ver.<\/p>\n<p>&#8212; Puede escuchar la hora anunciada en voz alta y clara. con una cara blanca y n\u00fameros negros f\u00e1ciles de ver.<\/p>\n<p>&#8212; El reloj es especialmente adecuado para personas ciegas o con discapacidad visual o personas mayores.<\/p>\n<p>Funciones del reloj:<\/p>\n<ol>\n<li>Tiempo de conversaci\u00f3n al presionar el bot\u00f3n.<\/li>\n<li>Alarma, 5 tipos de sonidos a elegir.<\/li>\n<li>Puedes elegir el modo de 12 o 24 horas.<\/li>\n<li>Puedes configurar el tiempo para hablar o no.<\/li>\n<\/ol>\n<p>&nbsp;<\/p>\n<p>Movimiento del reloj: Cuarzo<\/p>\n<p>Forma de la Caja: Cuadrada<\/p>\n<p>Material de la caja del reloj: acero inoxidable.<\/p>\n<p>Di\u00e1metro de la esfera: 40 mm (1,6 pulgadas)<\/p>\n<p>Grosor de la caja: 17 mm (0,7 pulgadas)<\/p>\n<p>Ancho de banda: 20 mm (0,8 pulgadas)<\/p>\n<p>Color de la esfera: Blanco<\/p>\n<p>Peso: 80 gramos<\/p>\n<p>1 caja de regalo.<\/p>\n<p>&nbsp;<\/p>\n<ul>\n<li>Producto importado, venta bajo pedido con pago previo por el valor total del articulo.<\/li>\n<li>FAVOR ANTES DE OFERTAR, confirmar precio actual (por variaciones del valor del d\u00f3lar) y tambi\u00e9n CONFIRMAR QUE PUEDE ESPERAR LOS TIEMPOS DE ENTREGA\u00a0 que normalmente son entre 2-4 semanas.<\/li>\n<li>Cuando recibamos el pedido en nuestra oficina en Medell\u00edn-Colombia, le enviaremos un mensaje al comprador, si se encuentra en Medell\u00edn puede pasar a recogerlo personalmente en nuestra oficina, o tambi\u00e9n podemos hacer el envios a nivel nacional o internacional (Valor del envio cargo del comprador).<\/li>\n<li>Desde Ayudas para TODOS, estamos trabajando para ofrecerles el mayor Marketplace inclusivo a nivel mundial. Reuniendo en 1 solo sitio todos los productos que puedan necesitar, m\u00e1s de 5.000 referencias de art\u00edculos especializados que puedan necesitar instituciones y personas con o sin discapacidad, para apoyar procesos de inclusi\u00f3n, ayudando a superar las barreras que se pueden presentar al momento de estudiar, de trabajar, y en las dem\u00e1s actividades de la vida diaria.<\/li>\n<li>\u00bfNo est\u00e1 seguro sobre qu\u00e9 tipo de dispositivo o producto de apoyo debe comprar? Contamos con expertos para estudiar sus necesidades y asesorarlo recomend\u00e1ndole la ayuda o el conjunto de ayudas m\u00e1s adecuadas \u00bfNecesitas un producto y no lo encuentras en nuestro catalogo online? Cont\u00e1ctanos para ayudarte a conseguirlo. \u00bfEres emprendedor y tienes un gran producto inclusivo que quisieras promocionar en nuestra plataforma? <a href=\"https:\/\/ayudasparatodos.com\/index.php\/contact\/\">Cont\u00e1ctanos<\/a><\/li>\n<li>Visita la secci\u00f3n sobre <a href=\"https:\/\/ayudasparatodos.com\/index.php\/como-comprar-faq\/\">\u00bfC\u00f3mo Comprar? FAQ<\/a>, en la cual encontraras de forma m\u00e1s detallada las instrucciones de como comprar, servicio de asesor\u00eda y cotizaciones, formas de pago, env\u00edos a nivel nacional e internacional, garant\u00eda y otros temas relacionados.<\/li>\n<li><span style=\"font-size: 11.5pt; font-family: Roboto; color: #626262;\">Asesor\u00eda, cotizaciones dudas y comentarios: Si tiene cualquier duda o comentario, nos puede escribir o llamar via WhatsApp agregando el numero +57 3006000144 o directamente desde este <a href=\"https:\/\/wa.me\/+573006000144\">enlace<\/a>\u00a0 <\/span><a href=\"https:\/\/wa.me\/+573006000144\"><span style=\"font-size: 11.5pt; font-family: Roboto; color: #626262;\">https:\/\/wa.me\/+573006000144<\/span><\/a><span style=\"font-size: 11.5pt; font-family: Roboto; color: #626262;\">\u00a0 \u00a0 Tambi\u00e9n puede enviarnos un correo electr\u00f3nico a la direcci\u00f3n <a href=\"mailto:ventas@ayudasparatodos.com\">ventas@ayudasparatodos.com<\/a><\/span><\/li>\n<li><strong>Pagos en Colombia por transferencia Bancolombia o Nequi. Tambi\u00e9n recibimos pagos por tarjeta cr\u00e9dito o debito. Si la alternativa de pago no esta disponible en su pa\u00eds, tambi\u00e9n puede pagar por Giro en western Union o Paypal. Favor contactarnos al correo ventas@ayudasparatodos.com para generarle un enlace de pago personalizado por el valor de los art\u00edculos + el valor del envi\u00f3 seg\u00fan su ubicaci\u00f3n y con su moneda local. Despachos a nivel nacional e internacional desde Medell\u00edn &#8211; Colombia.<\/strong><\/li>\n<\/ul>\n","protected":false},"excerpt":{"rendered":"<ul>\n<li>Somos el \u00fanico distribuidor que te ofrece una gran variedad de dise\u00f1os de relojes accesibles para personas con baja visi\u00f3n y adultos mayores.<\/li>\n<\/ul>\n","protected":false},"featured_media":51783,"template":"","meta":[],"product_cat":[277],"product_tag":[278,297,282,298,284],"class_list":["post-51776","product","type-product","status-publish","has-post-thumbnail","hentry","product_cat-relojes-que-hablan-y-relojes-braille-discapacidad-visual","product_tag-reloj-de-pulso-para-ciegos","product_tag-reloj-dice-la-hroa-en-espanol-para-ciegos-y-adultos-mayores","product_tag-reloj-para-adultos-mayores-habla-en-espanol-y-braille","product_tag-reloje-personas-con-discapacidad-visual","product_tag-tienda-ayudas-para-ciegos","description-off"],"_links":{"self":[{"href":"https:\/\/ayudasparatodos.com\/index.php\/wp-json\/wp\/v3\/product\/51776"}],"collection":[{"href":"https:\/\/ayudasparatodos.com\/index.php\/wp-json\/wp\/v3\/product"}],"about":[{"href":"https:\/\/ayudasparatodos.com\/index.php\/wp-json\/wp\/v2\/types\/product"}],"wp:featuredmedia":[{"embeddable":true,"href":"https:\/\/ayudasparatodos.com\/index.php\/wp-json\/wp\/v2\/media\/51783"}],"wp:attachment":[{"href":"https:\/\/ayudasparatodos.com\/index.php\/wp-json\/wp\/v2\/media?parent=51776"}],"wp:term":[{"taxonomy":"product_cat","embeddable":true,"href":"https:\/\/ayudasparatodos.com\/index.php\/wp-json\/wp\/v2\/product_cat?post=51776"},{"taxonomy":"product_tag","embeddable":true,"href":"https:\/\/ayudasparatodos.com\/index.php\/wp-json\/wp\/v2\/product_tag?post=51776"}],"curies":[{"name":"wp","href":"https:\/\/api.w.org\/{rel}","templated":true}]}}