{"id":51809,"date":"2024-02-13T02:56:48","date_gmt":"2024-02-13T02:56:48","guid":{"rendered":"https:\/\/ayudasparatodos.com\/?post_type=product&#038;p=51809"},"modified":"2024-02-13T02:56:49","modified_gmt":"2024-02-13T02:56:49","slug":"reloj-braille-para-ciegos-vostok","status":"publish","type":"product","link":"https:\/\/ayudasparatodos.com\/index.php\/producto\/reloj-braille-para-ciegos-vostok\/","title":{"rendered":"Reloj Braille para ciegos VOSTOK redondo baja visi\u00f3n adulto mayor"},"content":{"rendered":"<p>Somos el \u00fanico distribuidor que te ofrece una gran variedad de dise\u00f1os de relojes accesibles para personas con baja visi\u00f3n y adultos mayores.<\/p>\n<p>Vostok Reloj mec\u00e1nico especial de cuerda manual Braille<\/p>\n<p>Especificaci\u00f3n: Braille<\/p>\n<p>Caracter\u00edsticas:<\/p>\n<p>&#8211; Reloj de precisi\u00f3n con movimiento Vostok 2401<\/p>\n<p>&#8211; Equilibrio antichoque (resistente a los golpes)<\/p>\n<p>&#8211; Corona y fondo de caja atornillados<\/p>\n<p>&#8211; Caja de lat\u00f3n y correa de cuero.<\/p>\n<p>&#8211; Duraci\u00f3n media del servicio 10 a\u00f1os.<\/p>\n<p>&#8211; Esfera con signos superiores en relieve en forma de letras latinas en Braille: a. b. C.<\/p>\n<p>&#8211; Todos los relojes se prueban antes del env\u00edo.<\/p>\n<p>&#8211; Di\u00e1metro del bisel 40 mm<\/p>\n<p>&nbsp;<\/p>\n<ul>\n<li>Producto importado, venta bajo pedido con pago previo por el valor total del articulo.<\/li>\n<li>FAVOR ANTES DE OFERTAR, confirmar precio actual (por variaciones del valor del d\u00f3lar) y tambi\u00e9n CONFIRMAR QUE PUEDE ESPERAR LOS TIEMPOS DE ENTREGA\u00a0 que normalmente son entre 2-4 semanas.<\/li>\n<li>Cuando recibamos el pedido en nuestra oficina en Medell\u00edn-Colombia, le enviaremos un mensaje al comprador, si se encuentra en Medell\u00edn puede pasar a recogerlo personalmente en nuestra oficina, o tambi\u00e9n podemos hacer el envios a nivel nacional o internacional (Valor del envio cargo del comprador).<\/li>\n<li>Desde Ayudas para TODOS, estamos trabajando para ofrecerles el mayor Marketplace inclusivo a nivel mundial. Reuniendo en 1 solo sitio todos los productos que puedan necesitar, m\u00e1s de 5.000 referencias de art\u00edculos especializados que puedan necesitar instituciones y personas con o sin discapacidad, para apoyar procesos de inclusi\u00f3n, ayudando a superar las barreras que se pueden presentar al momento de estudiar, de trabajar, y en las dem\u00e1s actividades de la vida diaria.<\/li>\n<li>\u00bfNo est\u00e1 seguro sobre qu\u00e9 tipo de dispositivo o producto de apoyo debe comprar? Contamos con expertos para estudiar sus necesidades y asesorarlo recomend\u00e1ndole la ayuda o el conjunto de ayudas m\u00e1s adecuadas \u00bfNecesitas un producto y no lo encuentras en nuestro catalogo online? Cont\u00e1ctanos para ayudarte a conseguirlo. \u00bfEres emprendedor y tienes un gran producto inclusivo que quisieras promocionar en nuestra plataforma? <a href=\"https:\/\/ayudasparatodos.com\/index.php\/contact\/\">Cont\u00e1ctanos<\/a><\/li>\n<li>Visita la secci\u00f3n sobre <a href=\"https:\/\/ayudasparatodos.com\/index.php\/como-comprar-faq\/\">\u00bfC\u00f3mo Comprar? FAQ<\/a>, en la cual encontraras de forma m\u00e1s detallada las instrucciones de como comprar, servicio de asesor\u00eda y cotizaciones, formas de pago, env\u00edos a nivel nacional e internacional, garant\u00eda y otros temas relacionados.<\/li>\n<li><span style=\"font-size: 11.5pt; font-family: Roboto; color: #626262;\">Asesor\u00eda, cotizaciones dudas y comentarios: Si tiene cualquier duda o comentario, nos puede escribir o llamar via WhatsApp agregando el numero +57 3006000144 o directamente desde este <a href=\"https:\/\/wa.me\/+573006000144\">enlace<\/a>\u00a0 <\/span><a href=\"https:\/\/wa.me\/+573006000144\"><span style=\"font-size: 11.5pt; font-family: Roboto; color: #626262;\">https:\/\/wa.me\/+573006000144<\/span><\/a><span style=\"font-size: 11.5pt; font-family: Roboto; color: #626262;\">\u00a0 \u00a0 Tambi\u00e9n puede enviarnos un correo electr\u00f3nico a la direcci\u00f3n <a href=\"mailto:ventas@ayudasparatodos.com\">ventas@ayudasparatodos.com<\/a><\/span><\/li>\n<li><strong>Pagos en Colombia por transferencia Bancolombia o Nequi. Tambi\u00e9n recibimos pagos por tarjeta cr\u00e9dito o debito. Si la alternativa de pago no esta disponible en su pa\u00eds, tambi\u00e9n puede pagar por Giro en western Union o Paypal. Favor contactarnos al correo ventas@ayudasparatodos.com para generarle un enlace de pago personalizado por el valor de los art\u00edculos + el valor del envi\u00f3 seg\u00fan su ubicaci\u00f3n y con su moneda local. Despachos a nivel nacional e internacional desde Medell\u00edn &#8211; Colombia.<\/strong><\/li>\n<\/ul>\n","protected":false},"excerpt":{"rendered":"<ul>\n<li>Esta es una colecci\u00f3n dise\u00f1ada espec\u00edficamente para ayudar a una persona con discapacidad visual a leer la hora.<\/li>\n<\/ul>\n","protected":false},"featured_media":51819,"template":"","meta":[],"product_cat":[277],"product_tag":[301,302,278],"class_list":["post-51809","product","type-product","status-publish","has-post-thumbnail","hentry","product_cat-relojes-que-hablan-y-relojes-braille-discapacidad-visual","product_tag-reloj-braille-para-ciegos","product_tag-reloj-de-pulso-con-braille","product_tag-reloj-de-pulso-para-ciegos","description-off"],"_links":{"self":[{"href":"https:\/\/ayudasparatodos.com\/index.php\/wp-json\/wp\/v3\/product\/51809"}],"collection":[{"href":"https:\/\/ayudasparatodos.com\/index.php\/wp-json\/wp\/v3\/product"}],"about":[{"href":"https:\/\/ayudasparatodos.com\/index.php\/wp-json\/wp\/v2\/types\/product"}],"wp:featuredmedia":[{"embeddable":true,"href":"https:\/\/ayudasparatodos.com\/index.php\/wp-json\/wp\/v2\/media\/51819"}],"wp:attachment":[{"href":"https:\/\/ayudasparatodos.com\/index.php\/wp-json\/wp\/v2\/media?parent=51809"}],"wp:term":[{"taxonomy":"product_cat","embeddable":true,"href":"https:\/\/ayudasparatodos.com\/index.php\/wp-json\/wp\/v2\/product_cat?post=51809"},{"taxonomy":"product_tag","embeddable":true,"href":"https:\/\/ayudasparatodos.com\/index.php\/wp-json\/wp\/v2\/product_tag?post=51809"}],"curies":[{"name":"wp","href":"https:\/\/api.w.org\/{rel}","templated":true}]}}