{"id":51891,"date":"2024-02-14T04:24:59","date_gmt":"2024-02-14T04:24:59","guid":{"rendered":"https:\/\/ayudasparatodos.com\/?post_type=product&#038;p=51891"},"modified":"2024-02-14T15:59:55","modified_gmt":"2024-02-14T15:59:55","slug":"lupa-digital-portable-tipo-mouse-amplificador-de-textos-con-conexion-a-tv-baja-vision-adulto-mayor","status":"publish","type":"product","link":"https:\/\/ayudasparatodos.com\/index.php\/producto\/lupa-digital-portable-tipo-mouse-amplificador-de-textos-con-conexion-a-tv-baja-vision-adulto-mayor\/","title":{"rendered":"Lupa Digital portable tipo mouse amplificador de textos con conexi\u00f3n a tv baja visi\u00f3n adulto mayor"},"content":{"rendered":"<p>Ayuda electr\u00f3nica de lectura de baja visi\u00f3n, lupa digital port\u00e1til con 10 modos de color y congelaci\u00f3n de im\u00e1genes para personas con discapacidad visual, regalo para padres, plata<\/p>\n<p>Estos dispositivos facilitan que personas con baja visi\u00f3n puedan volver a leer un libro, una carta, una receta m\u00e9dica, cualquier texto impreso y hasta im\u00e1genes, lo cual ayuda a recuperar calidad de vida. Las lupas electr\u00f3nicas o magnificadores de im\u00e1genes, son dispositivos que ampl\u00edan el texto o las im\u00e1genes, para que las personas con baja visi\u00f3n puedan tener acceso a documentos impresos. Tambi\u00e9n ofrecen diferentes personalizaciones de colores en la letra y el fondo, para obtener un mayor contraste que se adapte a las necesidades del usuario.<\/p>\n<p>Un buen ayudante para personas con baja visi\u00f3n: Los ancianos son personas de alto riesgo con baja visi\u00f3n, a medida que envejecen, sus ojos degeneran gradualmente. Pueden utilizar ayudas visuales electr\u00f3nicas. Muy buena lectura auxiliar, escritura y otras actividades relacionadas.<\/p>\n<p>Lupa electr\u00f3nica de rat\u00f3n: esta ayuda visual electr\u00f3nica solo se puede utilizar cuando se conecta a un televisor, soporte para funci\u00f3n de congelaci\u00f3n de pantalla. Esta lupa de lectura tiene una forma de rat\u00f3n, forma \u00fanica, uso conveniente, f\u00e1cil lectura, amplio campo de visi\u00f3n y fuente clara<\/p>\n<p>F\u00c1CIL DE USAR: \u00a1F\u00e1cil de usar incluso para los no tan expertos en tecnolog\u00eda! Simplemente despl\u00e1cese el mouse sobre el texto que desea leer y se ampliar\u00e1 en su televisor o monitor. Tres modos de visualizaci\u00f3n incluyendo tipo negro en blanco, tipo blanco en negro y a todo color<\/p>\n<p>EL DISE\u00d1O DE ANGULO AMPLIO: Puede adaptarse a diferentes tama\u00f1os de texto y diferentes grupos de personas para mostrar m\u00e1s texto, haciendo que la lectura sea continua completa, la ayuda visual es alimentada por USB y no requiere energ\u00eda adicional.<\/p>\n<p>ADECUADO PARA: Catarata, glaucoma, atrofia \u00f3ptica, retinopat\u00eda, miop\u00eda alta, catarata cong\u00e9nita, nistagmo, albinismo, anciano que est\u00e1 en baja visi\u00f3n.<\/p>\n<p>Amplificaci\u00f3n: 1-4 veces el m\u00faltiplo de amplificaci\u00f3n original del auxiliar de lectura. La amplificaci\u00f3n real se extiende en el televisor o pantalla. Por ejemplo, el tama\u00f1o de la pantalla del televisor es de 20 pulgadas, luego su aumento es de 20-80 veces. Por lo tanto, cuanto m\u00e1s grande sea la pantalla del televisor, mayor ser\u00e1 el aumento.<\/p>\n<p>&nbsp;<\/p>\n<ul>\n<li>Producto importado, venta bajo pedido con pago previo por el valor total del articulo.<\/li>\n<li>FAVOR ANTES DE OFERTAR, confirmar precio actual (por variaciones del valor del d\u00f3lar) y tambi\u00e9n CONFIRMAR QUE PUEDE ESPERAR LOS TIEMPOS DE ENTREGA\u00a0 que normalmente son entre 2-4 semanas.<\/li>\n<li>Cuando recibamos el pedido en nuestra oficina en Medell\u00edn-Colombia, le enviaremos un mensaje al comprador, si se encuentra en Medell\u00edn puede pasar a recogerlo personalmente en nuestra oficina, o tambi\u00e9n podemos hacer el envios a nivel nacional o internacional (Valor del envio cargo del comprador).<\/li>\n<li>Desde Ayudas para TODOS, estamos trabajando para ofrecerles el mayor Marketplace inclusivo a nivel mundial. Reuniendo en 1 solo sitio todos los productos que puedan necesitar, m\u00e1s de 5.000 referencias de art\u00edculos especializados que puedan necesitar instituciones y personas con o sin discapacidad, para apoyar procesos de inclusi\u00f3n, ayudando a superar las barreras que se pueden presentar al momento de estudiar, de trabajar, y en las dem\u00e1s actividades de la vida diaria.<\/li>\n<li>\u00bfNo est\u00e1 seguro sobre qu\u00e9 tipo de dispositivo o producto de apoyo debe comprar? Contamos con expertos para estudiar sus necesidades y asesorarlo recomend\u00e1ndole la ayuda o el conjunto de ayudas m\u00e1s adecuadas \u00bfNecesitas un producto y no lo encuentras en nuestro catalogo online? Cont\u00e1ctanos para ayudarte a conseguirlo. \u00bfEres emprendedor y tienes un gran producto inclusivo que quisieras promocionar en nuestra plataforma? <a href=\"https:\/\/ayudasparatodos.com\/index.php\/contact\/\">Cont\u00e1ctanos<\/a><\/li>\n<li>Visita la secci\u00f3n sobre <a href=\"https:\/\/ayudasparatodos.com\/index.php\/como-comprar-faq\/\">\u00bfC\u00f3mo Comprar? FAQ<\/a>, en la cual encontraras de forma m\u00e1s detallada las instrucciones de como comprar, servicio de asesor\u00eda y cotizaciones, formas de pago, env\u00edos a nivel nacional e internacional, garant\u00eda y otros temas relacionados.<\/li>\n<li><span style=\"font-size: 11.5pt; font-family: Roboto; color: #626262;\">Asesor\u00eda, cotizaciones dudas y comentarios: Si tiene cualquier duda o comentario, nos puede escribir o llamar via WhatsApp agregando el numero +57 3006000144 o directamente desde este <a href=\"https:\/\/wa.me\/+573006000144\">enlace<\/a>\u00a0 <\/span><a href=\"https:\/\/wa.me\/+573006000144\"><span style=\"font-size: 11.5pt; font-family: Roboto; color: #626262;\">https:\/\/wa.me\/+573006000144<\/span><\/a><span style=\"font-size: 11.5pt; font-family: Roboto; color: #626262;\">\u00a0 \u00a0 Tambi\u00e9n puede enviarnos un correo electr\u00f3nico a la direcci\u00f3n <a href=\"mailto:ventas@ayudasparatodos.com\">ventas@ayudasparatodos.com<\/a><\/span><\/li>\n<li><strong>Pagos en Colombia por transferencia Bancolombia o Nequi. Tambi\u00e9n recibimos pagos por tarjeta cr\u00e9dito o debito. Si la alternativa de pago no esta disponible en su pa\u00eds, tambi\u00e9n puede pagar por Giro en western Union o Paypal. Favor contactarnos al correo ventas@ayudasparatodos.com para generarle un enlace de pago personalizado por el valor de los art\u00edculos + el valor del envi\u00f3 seg\u00fan su ubicaci\u00f3n y con su moneda local. Despachos a nivel nacional e internacional desde Medell\u00edn &#8211; Colombia.<\/strong><\/li>\n<\/ul>\n","protected":false},"excerpt":{"rendered":"<ul>\n<li>Ayuda electr\u00f3nica de lectura de baja visi\u00f3n, lupa digital port\u00e1til con 10 modos de color y congelaci\u00f3n de im\u00e1genes para personas con discapacidad visual, regalo para padres, plata<\/li>\n<\/ul>\n","protected":false},"featured_media":0,"template":"","meta":[],"product_cat":[303],"product_tag":[309,310,305,306,311,308,307,304],"class_list":["post-51891","product","type-product","status-publish","hentry","product_cat-lupas-y-magnificadores-baja-vision","product_tag-ayudas-para-lectura-baja-vision","product_tag-lupa-electronica-ayuda-leer-textos-impresos","product_tag-lupa-magnificadora-digital","product_tag-lupa-portable-magnificadora-baja-vision","product_tag-magnificador-digital-tipo-mouse-baja-vision-ayuda-para-lectura","product_tag-venta-de-productos-para-adultos-mayores","product_tag-venta-de-productos-para-personas-con-baja-vision","product_tag-videomagnificador-portable","description-off"],"_links":{"self":[{"href":"https:\/\/ayudasparatodos.com\/index.php\/wp-json\/wp\/v3\/product\/51891"}],"collection":[{"href":"https:\/\/ayudasparatodos.com\/index.php\/wp-json\/wp\/v3\/product"}],"about":[{"href":"https:\/\/ayudasparatodos.com\/index.php\/wp-json\/wp\/v2\/types\/product"}],"wp:attachment":[{"href":"https:\/\/ayudasparatodos.com\/index.php\/wp-json\/wp\/v2\/media?parent=51891"}],"wp:term":[{"taxonomy":"product_cat","embeddable":true,"href":"https:\/\/ayudasparatodos.com\/index.php\/wp-json\/wp\/v2\/product_cat?post=51891"},{"taxonomy":"product_tag","embeddable":true,"href":"https:\/\/ayudasparatodos.com\/index.php\/wp-json\/wp\/v2\/product_tag?post=51891"}],"curies":[{"name":"wp","href":"https:\/\/api.w.org\/{rel}","templated":true}]}}