{"id":51932,"date":"2024-02-16T20:03:15","date_gmt":"2024-02-16T20:03:15","guid":{"rendered":"https:\/\/ayudasparatodos.com\/?post_type=product&#038;p=51932"},"modified":"2024-02-16T20:06:16","modified_gmt":"2024-02-16T20:06:16","slug":"rrastreador-gps-sos-uso-multiple-04-alzheimer-adulto-mayor-demencia-discapacidad-emergencia-rastreador","status":"publish","type":"product","link":"https:\/\/ayudasparatodos.com\/index.php\/producto\/rrastreador-gps-sos-uso-multiple-04-alzheimer-adulto-mayor-demencia-discapacidad-emergencia-rastreador\/","title":{"rendered":"Rastreador GPS SOS uso m\u00faltiple 04 Alzheimer adulto mayor demencia Discapacidad Emergencia Rastreador"},"content":{"rendered":"<p>Reloj inteligente de salud con dispositivos de alerta de ca\u00edda, pod\u00f3metro, chat de voz de llamada de 2 v\u00edas, bot\u00f3n de alarma de emergencia SOS, reloj rastreador GPS 4G anciano, reloj de tel\u00e9fono<\/p>\n<ul>\n<li>Reloj inteligente multifunci\u00f3n para ancianos: el reloj inteligente Fajocru con rastreador GPS es la mejor opci\u00f3n de reemplazo de reloj tradicional para ancianos. Las funciones principales del reloj del tel\u00e9fono incluyen posici\u00f3n GPS en tiempo real, llamada telef\u00f3nica, llamada SOS, mensaje de voz, c\u00e1mara, \u00e1lbum de fotos, agenda telef\u00f3nica, reloj despertador, valla de seguridad, pod\u00f3metro, ruta hist\u00f3rica, etc. El reloj tambi\u00e9n tiene alertas de salud y la capacidad de medir datos de salud. Este reloj inteligente es un regalo perfecto de cumplea\u00f1os de Navidad para tu familia.<\/li>\n<li>Relojes inteligentes dise\u00f1ados para ancianos: el cuidador podr\u00eda descargar la aplicaci\u00f3n complementaria \u00abAnytracking\u00bb (para iOS y Android) y establecer una zona segura, cuando alguien que necesita su tutela abandone la zona de seguridad, se enviar\u00e1 una notificaci\u00f3n a su aplicaci\u00f3n para garantizar la seguridad de \u00e9l\/ella. Puede preestablecer 3 llamadas de emergencia en la aplicaci\u00f3n. Cuando tu familia se encuentra con una situaci\u00f3n peligrosa, puede presionar el bot\u00f3n de encendido del reloj durante 3 segundos para obtener ayuda.<\/li>\n<li>Llamada telef\u00f3nica bidireccional y chat de voz: puedes llamarlos de forma remota a trav\u00e9s de la funci\u00f3n de llamada del reloj de tel\u00e9fono inteligente. El chat de voz incorporado y las interacciones de chat de voz hacen que la comunicaci\u00f3n sea m\u00e1s divertida y conversadora. Este reloj de tel\u00e9fono inteligente 0.14 oz es sin duda una buena herramienta. Simplemente inserte la tarjeta SIM con una funci\u00f3n de llamada y una funci\u00f3n de red son necesarias. Soporte Verizon, AT&amp;T, Sprint, T-Mobile.<\/li>\n<li>Rastreador GPS y zona segura: el reloj rastreador GPS tiene posicionamiento inteligente GPS integrado, m\u00faltiples modos de posicionamiento, datos de posici\u00f3n del dispositivo que se cargan autom\u00e1ticamente en tiempo real. Las ubicaciones anteriores del reloj rastreador GPS en el \u00faltimo mes se almacenar\u00e1n en el sistema para su verificaci\u00f3n futura. Especialmente para adultos con demencia en etapa temprana y Alzheimer. Rastreador GPS hecho para personas vulnerables, por lo que es la mejor opci\u00f3n para tus seres queridos.<\/li>\n<li>Reloj inteligente impermeable y de alta calidad: este reloj m\u00f3vil para ancianos impermeable IP67 cuenta con una pantalla t\u00e1ctil de alta definici\u00f3n y una carcasa ABS ligera, la correa est\u00e1 hecha de silicona suave y es muy c\u00f3moda de llevar. Nuestros relojes tienen instrucciones detalladas (idioma espa\u00f1ol no garantizado). Si tiene alguna pregunta durante el per\u00edodo de garant\u00eda, puede ponerse en contacto con nuestro servicio de atenci\u00f3n al cliente posventa en cualquier momento. Y ofrece soporte al cliente disponible para guiarlo en su proceso de activaci\u00f3n y responder cualquier pregunta que pueda tener.<\/li>\n<\/ul>\n<ul>\n<li>Producto importado, venta bajo pedido con pago previo por el valor total del art\u00edculo.<\/li>\n<li>FAVOR ANTES DE OFERTAR, confirmar precio actual (por variaciones del valor del d\u00f3lar) y tambi\u00e9n CONFIRMAR QUE PUEDE ESPERAR LOS TIEMPOS DE ENTREGA\u00a0 que normalmente son entre 2-4 semanas.<\/li>\n<li>Cuando recibamos el pedido en nuestra oficina en Medell\u00edn-Colombia, le enviaremos un mensaje al comprador, si se encuentra en Medell\u00edn puede pasar a recogerlo personalmente en nuestra oficina, o tambi\u00e9n podemos hacer el envios a nivel nacional o internacional (Valor del envio cargo del comprador).<\/li>\n<li>Desde Ayudas para TODOS, estamos trabajando para ofrecerles el mayor Marketplace inclusivo a nivel mundial. Reuniendo en 1 solo sitio todos los productos que puedan necesitar, m\u00e1s de 5.000 referencias de art\u00edculos especializados que puedan necesitar instituciones y personas con o sin discapacidad, para apoyar procesos de inclusi\u00f3n, ayudando a superar las barreras que se pueden presentar al momento de estudiar, de trabajar, y en las dem\u00e1s actividades de la vida diaria.<\/li>\n<li>\u00bfNo est\u00e1 seguro sobre qu\u00e9 tipo de dispositivo o producto de apoyo debe comprar? Contamos con expertos para estudiar sus necesidades y asesorarlo recomend\u00e1ndole la ayuda o el conjunto de ayudas m\u00e1s adecuadas \u00bfNecesitas un producto y no lo encuentras en nuestro catalogo online? Cont\u00e1ctanos para ayudarte a conseguirlo. \u00bfEres emprendedor y tienes un gran producto inclusivo que quisieras promocionar en nuestra plataforma? <a href=\"https:\/\/ayudasparatodos.com\/index.php\/contact\/\">Cont\u00e1ctanos<\/a><\/li>\n<li>Visita la secci\u00f3n sobre <a href=\"https:\/\/ayudasparatodos.com\/index.php\/como-comprar-faq\/\">\u00bfC\u00f3mo Comprar? FAQ<\/a>, en la cual encontraras de forma m\u00e1s detallada las instrucciones de como comprar, servicio de asesor\u00eda y cotizaciones, formas de pago, env\u00edos a nivel nacional e internacional, garant\u00eda y otros temas relacionados.<\/li>\n<li><span style=\"font-size: 11.5pt; font-family: Roboto; color: #626262;\">Asesor\u00eda, cotizaciones dudas y comentarios: Si tiene cualquier duda o comentario, nos puede escribir o llamar via WhatsApp agregando el numero +57 3006000144 o directamente desde este <a href=\"https:\/\/wa.me\/+573006000144\">enlace<\/a>\u00a0 <\/span><a href=\"https:\/\/wa.me\/+573006000144\"><span style=\"font-size: 11.5pt; font-family: Roboto; color: #626262;\">https:\/\/wa.me\/+573006000144<\/span><\/a><span style=\"font-size: 11.5pt; font-family: Roboto; color: #626262;\">\u00a0 \u00a0 Tambi\u00e9n puede enviarnos un correo electr\u00f3nico a la direcci\u00f3n <a href=\"mailto:ventas@ayudasparatodos.com\">ventas@ayudasparatodos.com<\/a><\/span><\/li>\n<li><strong>Pagos en Colombia por transferencia Bancolombia o Nequi. Tambi\u00e9n recibimos pagos por tarjeta cr\u00e9dito o debito. Si la alternativa de pago no esta disponible en su pa\u00eds, tambi\u00e9n puede pagar por Giro en western Union o Paypal. Favor contactarnos al correo ventas@ayudasparatodos.com para generarle un enlace de pago personalizado por el valor de los art\u00edculos + el valor del envi\u00f3 seg\u00fan su ubicaci\u00f3n y con su moneda local. Despachos a nivel nacional e internacional desde Medell\u00edn &#8211; Colombia.<\/strong><\/li>\n<\/ul>\n<ul>\n<li style=\"list-style-type: none;\"><\/li>\n<\/ul>\n","protected":false},"excerpt":{"rendered":"<ul>\n<li>Rastreador GPS personal 4G para ni\u00f1os y ancianos Cord\u00f3n de seguimiento SOS en tiempo real. Es el \u00fanico que puede usarse como colgante, como llavero, como pulsera. Seg\u00fan sus necesidades<\/li>\n<\/ul>\n","protected":false},"featured_media":0,"template":"","meta":[],"product_cat":[156],"product_tag":[327,326,198,323,324,322],"class_list":["post-51932","product","type-product","status-publish","hentry","product_cat-gps-sos-tracker-localizadores-de-emergencia","product_tag-llavero-gps-rastreador-gps-localizador-de-bolsillo-discapacidad-adulto-mayor-alzheimer-demencia","product_tag-rastreador-gps-localizador-colgante-pendiente-collar-cuello-discapacidad-adulto-mayor-alzheimer-demencia-adulto-mayor","product_tag-reloj-gps-localizador-rastreador","product_tag-reloj-gps-rastreador-alzheimer-demencia-discapacidad-adulto-mayor-ninos-ubicacion","product_tag-reloj-llamadas-de-emergencia-sos-seguridad-alzheimer-caidas-adulto-mayor-demencia-discapacidad","product_tag-reloj-rastreador-gps-emergencia-sos-adulto-mayor","description-off"],"_links":{"self":[{"href":"https:\/\/ayudasparatodos.com\/index.php\/wp-json\/wp\/v3\/product\/51932"}],"collection":[{"href":"https:\/\/ayudasparatodos.com\/index.php\/wp-json\/wp\/v3\/product"}],"about":[{"href":"https:\/\/ayudasparatodos.com\/index.php\/wp-json\/wp\/v2\/types\/product"}],"wp:attachment":[{"href":"https:\/\/ayudasparatodos.com\/index.php\/wp-json\/wp\/v2\/media?parent=51932"}],"wp:term":[{"taxonomy":"product_cat","embeddable":true,"href":"https:\/\/ayudasparatodos.com\/index.php\/wp-json\/wp\/v2\/product_cat?post=51932"},{"taxonomy":"product_tag","embeddable":true,"href":"https:\/\/ayudasparatodos.com\/index.php\/wp-json\/wp\/v2\/product_tag?post=51932"}],"curies":[{"name":"wp","href":"https:\/\/api.w.org\/{rel}","templated":true}]}}