{"id":51945,"date":"2024-02-16T20:13:53","date_gmt":"2024-02-16T20:13:53","guid":{"rendered":"https:\/\/ayudasparatodos.com\/?post_type=product&#038;p=51945"},"modified":"2024-02-16T20:29:46","modified_gmt":"2024-02-16T20:29:46","slug":"smartwatch-reloj-rastreador-ninos-gps-sos-05-alzheimer-adulto-mayor-demencia-discapacidad-emergencia-rastreador","status":"publish","type":"product","link":"https:\/\/ayudasparatodos.com\/index.php\/producto\/smartwatch-reloj-rastreador-ninos-gps-sos-05-alzheimer-adulto-mayor-demencia-discapacidad-emergencia-rastreador\/","title":{"rendered":"Smartwatch reloj Rastreador Ni\u00f1os GPS SOS  05 Alzheimer adulto mayor demencia Discapacidad Emergencia Rastreador"},"content":{"rendered":"<ul>\n<li>Reloj inteligente para ni\u00f1os mayores 4G con rastreador GPS Reloj global para ni\u00f1os Seguimiento en tiempo real Video Llamada de tel\u00e9fono Texto Mensaje de voz Modo escolar SOS Emergencia Impermeable<\/li>\n<li>\u3010Reloj inteligente 0.14 oz gps mundial para ni\u00f1os\u3011Este reloj inteligente para llamadas y mensajes de texto para ni\u00f1os puede funcionar muy bien en todos los pa\u00edses. El reloj rastreador GPS para ni\u00f1os es resistente al agua compatible con ni\u00f1os y ni\u00f1as de 3 a 15 a\u00f1os. El reloj inteligente para ni\u00f1os 4G gps y llamadas soporte tarjeta SIM: Speedtalk, T-mobile, US Mobile\/etc.<\/li>\n<li>\u3010Reloj rastreador GPS 4G para ni\u00f1os\u3011 Adem\u00e1s del posicionamiento GPS y la funci\u00f3n SOS, este reloj inteligente GPS para ni\u00f1os tambi\u00e9n soporta llamadas, conteo de pasos, chat de voz\/video, c\u00e1mara y \u00e1lbum, reloj despertador, horario de clases, c\u00e1mara, grabadora, etc. Tambi\u00e9n puede usar aplicaciones sociales como WhatsApp, Line. El reloj inteligente para ni\u00f1os es tan completamente funcional como un tel\u00e9fono m\u00f3vil. Es un dispositivo GPS perfecto para padres que no quieren comprar un tel\u00e9fono m\u00f3vil para sus hijos.<\/li>\n<li>\u3010Llamada de emergencia SOS y reloj de l\u00ednea de WhatsApp\u3011El dise\u00f1o de bot\u00f3n SOS puede permitir que los ni\u00f1os notifiquen r\u00e1pidamente a sus padres cuando se encuentren con peligro. Pulsa el bot\u00f3n SOS, el reloj para ni\u00f1os marcar\u00e1 autom\u00e1ticamente el n\u00famero de contacto de emergencia. Este reloj inteligente para ni\u00f1os es sin duda una buena herramienta para proteger a los ni\u00f1os. A trav\u00e9s del reloj WhatsApp Line, los ni\u00f1os pueden chatear con los padres en cualquier lugar. Este reloj de tel\u00e9fono para ni\u00f1os 0.14 oz soporta posicionamiento GPS global y llamadas de voz.<\/li>\n<li>\u3010Videollamada y chat de voz\u3011El reloj de tel\u00e9fono para ni\u00f1os es la mejor alternativa de tel\u00e9fono celular para ni\u00f1os. Reloj de tel\u00e9fono inteligente 4G con funci\u00f3n de videollamada de 2 v\u00edas, video habla cara con tu hijo en cualquier momento y en cualquier lugar. El reloj GPS para ni\u00f1os con llamadas no solo tiene funci\u00f3n de chat de voz, sino que tambi\u00e9n puede enviar fotos. Las interacciones de video y chat de voz hacen que la comunicaci\u00f3n sea m\u00e1s interesante y habladora. Este reloj inteligente para ni\u00f1os es un gran regalo de Navidad para padres e hijos.<\/li>\n<li>\u3010Reloj 4G para ni\u00f1os con rastreador GPS\u3011Este reloj GPS para ni\u00f1os tiene posicionamiento inteligente GPS integrado, m\u00faltiples modos de posicionamiento, datos de posici\u00f3n del dispositivo que se cargan autom\u00e1ticamente en tiempo real. Las ubicaciones anteriores del reloj rastreador GPS para ni\u00f1os en el \u00faltimo 1 mes se almacenar\u00e1n en el sistema para su verificaci\u00f3n futura. Puede consultar la ubicaci\u00f3n de su familia en su tel\u00e9fono en cualquier momento. A trav\u00e9s de este reloj para ni\u00f1os, puedes conocer la ubicaci\u00f3n y la trayectoria de movimiento de tu familia en tiempo real.<\/li>\n<li>\u3010Configuraci\u00f3n APN\u3011Para lograr todas las funciones del tel\u00e9fono de reloj para ni\u00f1os, necesitas configurar el APN. Proporcionaremos a los clientes un servicio posventa las 24 horas para ayudar a los clientes a configurar APN. Si tiene problemas, puede contactarnos a tiempo. Este reloj inteligente para ni\u00f1os con rastreador GPS y llamadas es un regalo perfecto de Navidad, cumplea\u00f1os para ni\u00f1os, ni\u00f1as y estudiantes.<\/li>\n<\/ul>\n<ul>\n<li>Producto importado, venta bajo pedido con pago previo por el valor total del art\u00edculo.<\/li>\n<li>FAVOR ANTES DE OFERTAR, confirmar precio actual (por variaciones del valor del d\u00f3lar) y tambi\u00e9n CONFIRMAR QUE PUEDE ESPERAR LOS TIEMPOS DE ENTREGA\u00a0 que normalmente son entre 2-4 semanas.<\/li>\n<li>Cuando recibamos el pedido en nuestra oficina en Medell\u00edn-Colombia, le enviaremos un mensaje al comprador, si se encuentra en Medell\u00edn puede pasar a recogerlo personalmente en nuestra oficina, o tambi\u00e9n podemos hacer el envios a nivel nacional o internacional (Valor del envio cargo del comprador).<\/li>\n<li>Desde Ayudas para TODOS, estamos trabajando para ofrecerles el mayor Marketplace inclusivo a nivel mundial. Reuniendo en 1 solo sitio todos los productos que puedan necesitar, m\u00e1s de 5.000 referencias de art\u00edculos especializados que puedan necesitar instituciones y personas con o sin discapacidad, para apoyar procesos de inclusi\u00f3n, ayudando a superar las barreras que se pueden presentar al momento de estudiar, de trabajar, y en las dem\u00e1s actividades de la vida diaria.<\/li>\n<li>\u00bfNo est\u00e1 seguro sobre qu\u00e9 tipo de dispositivo o producto de apoyo debe comprar? Contamos con expertos para estudiar sus necesidades y asesorarlo recomend\u00e1ndole la ayuda o el conjunto de ayudas m\u00e1s adecuadas \u00bfNecesitas un producto y no lo encuentras en nuestro catalogo online? Cont\u00e1ctanos para ayudarte a conseguirlo. \u00bfEres emprendedor y tienes un gran producto inclusivo que quisieras promocionar en nuestra plataforma? <a href=\"https:\/\/ayudasparatodos.com\/index.php\/contact\/\">Cont\u00e1ctanos<\/a><\/li>\n<li>Visita la secci\u00f3n sobre <a href=\"https:\/\/ayudasparatodos.com\/index.php\/como-comprar-faq\/\">\u00bfC\u00f3mo Comprar? FAQ<\/a>, en la cual encontraras de forma m\u00e1s detallada las instrucciones de como comprar, servicio de asesor\u00eda y cotizaciones, formas de pago, env\u00edos a nivel nacional e internacional, garant\u00eda y otros temas relacionados.<\/li>\n<li><span style=\"font-size: 11.5pt; font-family: Roboto; color: #626262;\">Asesor\u00eda, cotizaciones dudas y comentarios: Si tiene cualquier duda o comentario, nos puede escribir o llamar via WhatsApp agregando el numero +57 3006000144 o directamente desde este <a href=\"https:\/\/wa.me\/+573006000144\">enlace<\/a>\u00a0 <\/span><a href=\"https:\/\/wa.me\/+573006000144\"><span style=\"font-size: 11.5pt; font-family: Roboto; color: #626262;\">https:\/\/wa.me\/+573006000144<\/span><\/a><span style=\"font-size: 11.5pt; font-family: Roboto; color: #626262;\">\u00a0 \u00a0 Tambi\u00e9n puede enviarnos un correo electr\u00f3nico a la direcci\u00f3n <a href=\"mailto:ventas@ayudasparatodos.com\">ventas@ayudasparatodos.com<\/a><\/span><\/li>\n<li><strong>Pagos en Colombia por transferencia Bancolombia o Nequi. Tambi\u00e9n recibimos pagos por tarjeta cr\u00e9dito o debito. Si la alternativa de pago no esta disponible en su pa\u00eds, tambi\u00e9n puede pagar por Giro en western Union o Paypal. Favor contactarnos al correo ventas@ayudasparatodos.com para generarle un enlace de pago personalizado por el valor de los art\u00edculos + el valor del envi\u00f3 seg\u00fan su ubicaci\u00f3n y con su moneda local. Despachos a nivel nacional e internacional desde Medell\u00edn &#8211; Colombia.<\/strong><\/li>\n<\/ul>\n<ul>\n<li style=\"list-style-type: none;\"><\/li>\n<\/ul>\n","protected":false},"excerpt":{"rendered":"<ul>\n<li>Reloj inteligente para ni\u00f1os mayores 4G con rastreador GPS Reloj global para ni\u00f1os Seguimiento en tiempo real Video Llamada de tel\u00e9fono Texto Mensaje de voz Modo escolar SOS Emergencia Impermeable<\/li>\n<\/ul>\n","protected":false},"featured_media":51946,"template":"","meta":[],"product_cat":[156],"product_tag":[198,328,323,324,322],"class_list":["post-51945","product","type-product","status-publish","has-post-thumbnail","hentry","product_cat-gps-sos-tracker-localizadores-de-emergencia","product_tag-reloj-gps-localizador-rastreador","product_tag-reloj-gps-localizador-rastreador-ninos-4g","product_tag-reloj-gps-rastreador-alzheimer-demencia-discapacidad-adulto-mayor-ninos-ubicacion","product_tag-reloj-llamadas-de-emergencia-sos-seguridad-alzheimer-caidas-adulto-mayor-demencia-discapacidad","product_tag-reloj-rastreador-gps-emergencia-sos-adulto-mayor","description-off"],"_links":{"self":[{"href":"https:\/\/ayudasparatodos.com\/index.php\/wp-json\/wp\/v3\/product\/51945"}],"collection":[{"href":"https:\/\/ayudasparatodos.com\/index.php\/wp-json\/wp\/v3\/product"}],"about":[{"href":"https:\/\/ayudasparatodos.com\/index.php\/wp-json\/wp\/v2\/types\/product"}],"wp:featuredmedia":[{"embeddable":true,"href":"https:\/\/ayudasparatodos.com\/index.php\/wp-json\/wp\/v2\/media\/51946"}],"wp:attachment":[{"href":"https:\/\/ayudasparatodos.com\/index.php\/wp-json\/wp\/v2\/media?parent=51945"}],"wp:term":[{"taxonomy":"product_cat","embeddable":true,"href":"https:\/\/ayudasparatodos.com\/index.php\/wp-json\/wp\/v2\/product_cat?post=51945"},{"taxonomy":"product_tag","embeddable":true,"href":"https:\/\/ayudasparatodos.com\/index.php\/wp-json\/wp\/v2\/product_tag?post=51945"}],"curies":[{"name":"wp","href":"https:\/\/api.w.org\/{rel}","templated":true}]}}